{"id":4407070,"date":"2024-06-15T07:02:25","date_gmt":"2024-06-15T05:02:25","guid":{"rendered":"https:\/\/test.bogensperk.si\/eventi\/"},"modified":"2025-04-29T09:38:51","modified_gmt":"2025-04-29T07:38:51","slug":"eventi","status":"publish","type":"page","link":"https:\/\/bogensperk.si\/it\/eventi\/","title":{"rendered":"Eventi"},"content":{"rendered":"<p>[et_pb_section fb_built=&#8221;1&#8243; custom_padding_last_edited=&#8221;off|desktop&#8221; admin_label=&#8221;Header&#8221; _builder_version=&#8221;4.27.4&#8243; _module_preset=&#8221;default&#8221; background_color=&#8221;#f6efe7&#8243; background_enable_color=&#8221;off&#8221; background_image=&#8221;https:\/\/bogensperk.si\/wp-content\/uploads\/2025\/02\/Oto-Pestner-Toni-Povse-6.jpg&#8221; min_height=&#8221;600px&#8221; overflow-x=&#8221;hidden&#8221; overflow-y=&#8221;hidden&#8221; custom_padding_tablet=&#8221;150px||150px||true|false&#8221; custom_padding_phone=&#8221;80px||80px||true|false&#8221; hover_enabled=&#8221;0&#8243; da_disable_devices=&#8221;off|off|off&#8221; global_colors_info=&#8221;{}&#8221; sticky_enabled=&#8221;0&#8243; title_text=&#8221;Oto-Pestner-Toni-Pov\u0161e-6&#8243; da_is_popup=&#8221;off&#8221; da_exit_intent=&#8221;off&#8221; da_has_close=&#8221;on&#8221; da_alt_close=&#8221;off&#8221; da_dark_close=&#8221;off&#8221; da_not_modal=&#8221;on&#8221; da_is_singular=&#8221;off&#8221; da_with_loader=&#8221;off&#8221; da_has_shadow=&#8221;on&#8221;][et_pb_row column_structure=&#8221;3_5,2_5&#8243; _builder_version=&#8221;4.27.0&#8243; _module_preset=&#8221;default&#8221; hover_enabled=&#8221;0&#8243; global_colors_info=&#8221;{}&#8221; sticky_enabled=&#8221;0&#8243;][et_pb_column type=&#8221;3_5&#8243; _builder_version=&#8221;4.16&#8243; _module_preset=&#8221;default&#8221; z_index=&#8221;10&#8243; global_colors_info=&#8221;{}&#8221;][et_pb_text _builder_version=&#8221;4.27.4&#8243; _module_preset=&#8221;d72c0383-6487-4f2c-ac5c-7d48a6376757&#8243; header_font=&#8221;&#8211;et_global_heading_font|300|||||||&#8221; header_text_color=&#8221;#FFFFFF&#8221; header_font_size=&#8221;100px&#8221; header_line_height=&#8221;1.1em&#8221; header_font_size_tablet=&#8221;60px&#8221; header_font_size_phone=&#8221;42px&#8221; header_font_size_last_edited=&#8221;on|phone&#8221; header_text_shadow_style=&#8221;preset1&#8243; locked=&#8221;off&#8221; global_colors_info=&#8221;{}&#8221;]<\/p>\n<h1 style=\"text-align: center;\">Eventi<\/h1>\n<p>[\/et_pb_text][\/et_pb_column][et_pb_column type=&#8221;2_5&#8243; _builder_version=&#8221;4.16&#8243; _module_preset=&#8221;default&#8221; global_colors_info=&#8221;{}&#8221;][\/et_pb_column][\/et_pb_row][\/et_pb_section][et_pb_section fb_built=&#8221;1&#8243; _builder_version=&#8221;4.27.0&#8243; background_color=&#8221;rgba(93,32,28,0.1)&#8221; custom_padding=&#8221;||0px||false|false&#8221; da_disable_devices=&#8221;off|off|off&#8221; locked=&#8221;off&#8221; global_colors_info=&#8221;{}&#8221; da_is_popup=&#8221;off&#8221; da_exit_intent=&#8221;off&#8221; da_has_close=&#8221;on&#8221; da_alt_close=&#8221;off&#8221; da_dark_close=&#8221;off&#8221; da_not_modal=&#8221;on&#8221; da_is_singular=&#8221;off&#8221; da_with_loader=&#8221;off&#8221; da_has_shadow=&#8221;on&#8221;][et_pb_row _builder_version=&#8221;4.16&#8243; global_colors_info=&#8221;{}&#8221;][et_pb_column type=&#8221;4_4&#8243; _builder_version=&#8221;4.16&#8243; global_colors_info=&#8221;{}&#8221;][et_pb_code admin_label=&#8221;CSS personalizzato&#8221; _builder_version=&#8221;4.27.0&#8243; custom_margin=&#8221;0px||0px||false|false&#8221; custom_padding=&#8221;0px||0px||false|false&#8221; global_colors_info=&#8221;{}&#8221;]<\/p>\n<style><!-- [et_pb_line_break_holder] -->.blogy-blog-layout-47 .et_pb_post:nth-child(odd) img {<!-- [et_pb_line_break_holder] -->    float: left;<!-- [et_pb_line_break_holder] -->    margin: -30px 0px 0 -30px;<!-- [et_pb_line_break_holder] -->    margin-bottom: 0px !important;<!-- [et_pb_line_break_holder] -->  \tpadding: 30px 0 0;<!-- [et_pb_line_break_holder] -->    width: calc(46% + 60px);<!-- [et_pb_line_break_holder] -->}<!-- [et_pb_line_break_holder] --><!-- [et_pb_line_break_holder] -->.blogy-blog-layout-47 .et_pb_post:nth-child(even) img {<!-- [et_pb_line_break_holder] -->    float: right;<!-- [et_pb_line_break_holder] -->    margin: -30px -30px -30px 0px;<!-- [et_pb_line_break_holder] -->  \tmargin-bottom: 0px !important;<!-- [et_pb_line_break_holder] -->  \tpadding: 30px 0 0;<!-- [et_pb_line_break_holder] -->    width: calc(46% + 60px);<!-- [et_pb_line_break_holder] -->}<!-- [et_pb_line_break_holder] --><!-- [et_pb_line_break_holder] -->.blogy-blog-layout-47 .et_pb_post {<!-- [et_pb_line_break_holder] -->  \tbackground: #f9f9f8;<!-- [et_pb_line_break_holder] -->  \tbox-shadow: 0px 2px 18px 0px rgba(0, 0, 0, 0.15);<!-- [et_pb_line_break_holder] -->    margin-bottom: 90px;<!-- [et_pb_line_break_holder] -->    margin-top: 0;<!-- [et_pb_line_break_holder] -->    padding: 0 30px;<!-- [et_pb_line_break_holder] -->}<!-- [et_pb_line_break_holder] -->  <!-- [et_pb_line_break_holder] -->.blogy-blog-layout-47 .et_pb_no_thumb {<!-- [et_pb_line_break_holder] -->    padding: 30px;<!-- [et_pb_line_break_holder] -->}<!-- [et_pb_line_break_holder] -->  <!-- [et_pb_line_break_holder] -->.blogy-blog-layout-47 .et_pb_post .entry-featured-image-url {<!-- [et_pb_line_break_holder] -->\t\ttransition: all 0.5s;<!-- [et_pb_line_break_holder] -->}<!-- [et_pb_line_break_holder] -->  <!-- [et_pb_line_break_holder] -->.blogy-blog-layout-47 .et_pb_post .entry-title {<!-- [et_pb_line_break_holder] -->    margin-top: 30px;<!-- [et_pb_line_break_holder] -->  \tpadding-top: 20px !important;<!-- [et_pb_line_break_holder] -->}<!-- [et_pb_line_break_holder] -->  <!-- [et_pb_line_break_holder] -->.blogy-blog-layout-47 .et_pb_post .entry-title, .blogy-blog-layout-47 .et_pb_post .post-meta, .blogy-blog-layout-47 .et_pb_post .post-content {<!-- [et_pb_line_break_holder] -->  \tbackground: #fff;<!-- [et_pb_line_break_holder] -->  \tdisplay: inline-block;<!-- [et_pb_line_break_holder] -->    position: relative;<!-- [et_pb_line_break_holder] -->  \tmargin-bottom: 0 !important;<!-- [et_pb_line_break_holder] -->    margin-left: -30px;<!-- [et_pb_line_break_holder] -->    padding: 10px 20px;<!-- [et_pb_line_break_holder] -->    width: 54%;<!-- [et_pb_line_break_holder] -->}<!-- [et_pb_line_break_holder] -->  <!-- [et_pb_line_break_holder] -->.blogy-blog-layout-47 .et_pb_post:nth-child(even) .entry-title, .blogy-blog-layout-47 .et_pb_post:nth-child(even) .post-meta, .blogy-blog-layout-47 .et_pb_post:nth-child(even) .post-content {<!-- [et_pb_line_break_holder] -->\t\tbox-shadow: -8px 8px 0 0 #eee;<!-- [et_pb_line_break_holder] -->    margin-right: -30px;<!-- [et_pb_line_break_holder] -->    margin-left: 0 !important;<!-- [et_pb_line_break_holder] -->}<!-- [et_pb_line_break_holder] -->  <!-- [et_pb_line_break_holder] -->.blogy-blog-layout-47 .et_pb_post:nth-child(odd) .entry-title, .blogy-blog-layout-47 .et_pb_post:nth-child(odd) .post-meta, .blogy-blog-layout-47 .et_pb_post:nth-child(odd) .post-content {<!-- [et_pb_line_break_holder] -->  \tbox-shadow: 8px 8px 0 0 #eee;<!-- [et_pb_line_break_holder] -->}<!-- [et_pb_line_break_holder] -->  <!-- [et_pb_line_break_holder] -->.blogy-blog-layout-47 .et_pb_post .post-content a.more-link {<!-- [et_pb_line_break_holder] -->    display: inline-block;<!-- [et_pb_line_break_holder] -->    float: right;<!-- [et_pb_line_break_holder] -->    margin: 20px 0 10px;<!-- [et_pb_line_break_holder] -->    text-transform: None;<!-- [et_pb_line_break_holder] -->  }<!-- [et_pb_line_break_holder] -->  <!-- [et_pb_line_break_holder] -->.blogy-blog-layout-47 .et_pb_post:nth-child(odd):hover .entry-featured-image-url {<!-- [et_pb_line_break_holder] -->    transform: translate(50px, -30px);<!-- [et_pb_line_break_holder] -->}<!-- [et_pb_line_break_holder] -->  <!-- [et_pb_line_break_holder] -->.blogy-blog-layout-47 .et_pb_post:nth-child(even):hover .entry-featured-image-url {<!-- [et_pb_line_break_holder] -->    transform: translate(-50px, -30px);<!-- [et_pb_line_break_holder] -->}<!-- [et_pb_line_break_holder] --><!-- [et_pb_line_break_holder] -->.blogy-blog-layout-47 .pagination.clearfix {<!-- [et_pb_line_break_holder] -->    padding: 30px;<!-- [et_pb_line_break_holder] -->}<!-- [et_pb_line_break_holder] --><!-- [et_pb_line_break_holder] -->.blogy-blog-layout-47 .et_pb_no_thumb:nth-child(even) .entry-title, .blogy-blog-layout-47 .et_pb_no_thumb:nth-child(even) .post-meta, .blogy-blog-layout-47 .et_pb_no_thumb:nth-child(even) .post-content,  .blogy-blog-layout-47 .et_pb_no_thumb:nth-child(odd) .entry-title, .blogy-blog-layout-47 .et_pb_no_thumb:nth-child(odd) .post-meta, .blogy-blog-layout-47 .et_pb_no_thumb:nth-child(odd) .post-content {<!-- [et_pb_line_break_holder] -->  \tmargin: 0 !important;<!-- [et_pb_line_break_holder] -->    width: 100% !important;  <!-- [et_pb_line_break_holder] -->  }<!-- [et_pb_line_break_holder] -->  <!-- [et_pb_line_break_holder] -->@media(max-width: 980px) {<!-- [et_pb_line_break_holder] -->  .blogy-blog-layout-47 .et_pb_post:nth-child(odd) img,<!-- [et_pb_line_break_holder] -->  .blogy-blog-layout-47 .et_pb_post:nth-child(even) img {<!-- [et_pb_line_break_holder] -->    float: inherit;<!-- [et_pb_line_break_holder] -->    margin: 0;<!-- [et_pb_line_break_holder] -->    padding: 0;<!-- [et_pb_line_break_holder] -->    width: 100%;<!-- [et_pb_line_break_holder] --> }<!-- [et_pb_line_break_holder] --><!-- [et_pb_line_break_holder] --> \t.blogy-blog-layout-47 .et_pb_post:nth-child(even) .entry-title, .blogy-blog-layout-47 .et_pb_post:nth-child(even) .post-meta, .blogy-blog-layout-47 .et_pb_post:nth-child(even) .post-content,  .blogy-blog-layout-47 .et_pb_post:nth-child(odd) .entry-title, .blogy-blog-layout-47 .et_pb_post:nth-child(odd) .post-meta, .blogy-blog-layout-47 .et_pb_post:nth-child(odd) .post-content{<!-- [et_pb_line_break_holder] -->   \tdisplay: inherit;<!-- [et_pb_line_break_holder] -->    margin: 0 auto !important;<!-- [et_pb_line_break_holder] -->    width: 90% !important;<!-- [et_pb_line_break_holder] -->  }<!-- [et_pb_line_break_holder] -->  <!-- [et_pb_line_break_holder] -->  .blogy-blog-layout-47 .et_pb_post {<!-- [et_pb_line_break_holder] -->    margin-bottom: 60px;<!-- [et_pb_line_break_holder] -->    padding: 0 0 40px;<!-- [et_pb_line_break_holder] -->  }<!-- [et_pb_line_break_holder] -->  <!-- [et_pb_line_break_holder] -->   .blogy-blog-layout-47 .et_pb_post .entry-title {<!-- [et_pb_line_break_holder] -->    margin-top: 0;<!-- [et_pb_line_break_holder] -->  }<!-- [et_pb_line_break_holder] -->  <!-- [et_pb_line_break_holder] -->   .blogy-blog-layout-47 .et_pb_post .post-content a.more-link {<!-- [et_pb_line_break_holder] -->    display: inline-block;<!-- [et_pb_line_break_holder] -->    float: none;<!-- [et_pb_line_break_holder] -->  }<!-- [et_pb_line_break_holder] -->  <!-- [et_pb_line_break_holder] --> \t .blogy-blog-layout-47 .et_pb_post .entry-featured-image-url {<!-- [et_pb_line_break_holder] -->    margin-bottom: 0;<!-- [et_pb_line_break_holder] -->  }<!-- [et_pb_line_break_holder] -->  <!-- [et_pb_line_break_holder] -->   .blogy-blog-layout-47 .et_pb_post:nth-child(odd):hover .entry-featured-image-url, .blogy-blog-layout-47 .et_pb_post:nth-child(even):hover .entry-featured-image-url {<!-- [et_pb_line_break_holder] -->    transform: translate(0, 30px);<!-- [et_pb_line_break_holder] -->\t}<!-- [et_pb_line_break_holder] -->}<!-- [et_pb_line_break_holder] -->  <!-- [et_pb_line_break_holder] -->@media (max-width: 767px) {<!-- [et_pb_line_break_holder] -->   .blogy-blog-layout-47 .et_pb_post {<!-- [et_pb_line_break_holder] -->    margin-bottom: 40px;<!-- [et_pb_line_break_holder] -->  }<!-- [et_pb_line_break_holder] -->\t<!-- [et_pb_line_break_holder] -->  .blogy-blog-layout-47 .et_pb_post:nth-child(even) .entry-title, .blogy-blog-layout-47 .et_pb_post:nth-child(even) .post-meta, .blogy-blog-layout-47 .et_pb_post:nth-child(even) .post-content,  .blogy-blog-layout-47 .et_pb_post:nth-child(odd) .entry-title, .blogy-blog-layout-47 .et_pb_post:nth-child(odd) .post-meta, .blogy-blog-layout-47 .et_pb_post:nth-child(odd) .post-content {<!-- [et_pb_line_break_holder] -->    width: 95% !important;<!-- [et_pb_line_break_holder] -->  }<!-- [et_pb_line_break_holder] -->  }<!-- [et_pb_line_break_holder] --><\/style>\n<p>[\/et_pb_code][et_pb_blog posts_number=&#8221;6&#8243; include_categories=&#8221;27,26&#8243; show_more=&#8221;on&#8221; show_author=&#8221;off&#8221; show_date=&#8221;off&#8221; module_class=&#8221;blogy-blog-layout-47&#8243; _builder_version=&#8221;4.27.4&#8243; header_font=&#8221;|300|||||||&#8221; header_font_size=&#8221;34px&#8221; header_line_height=&#8221;1.2em&#8221; body_line_height=&#8221;1.8em&#8221; meta_font=&#8221;|700|||||||&#8221; meta_text_color=&#8221;#9D8029&#8243; meta_font_size=&#8221;14px&#8221; read_more_font=&#8221;|600|||||||&#8221; read_more_text_color=&#8221;#9D8029&#8243; read_more_letter_spacing=&#8221;1px&#8221; read_more_line_height=&#8221;1.8em&#8221; pagination_font=&#8221;|&#8211;et_global_body_font_weight|||||||&#8221; pagination_text_color=&#8221;#9D8029&#8243; header_font_size_tablet=&#8221;26px&#8221; header_font_size_phone=&#8221;18px&#8221; header_font_size_last_edited=&#8221;on|tablet&#8221; meta_font_size_tablet=&#8221;16px&#8221; meta_font_size_phone=&#8221;14px&#8221; meta_font_size_last_edited=&#8221;on|phone&#8221; custom_css_pagenavi=&#8221;padding: 30px;&#8221; global_colors_info=&#8221;{}&#8221;][\/et_pb_blog][\/et_pb_column][\/et_pb_row][\/et_pb_section]<\/p>\n","protected":false},"excerpt":{"rendered":"<p>Eventi<\/p>\n","protected":false},"author":1,"featured_media":0,"parent":0,"menu_order":0,"comment_status":"closed","ping_status":"closed","template":"","meta":{"_et_pb_use_builder":"on","_et_pb_old_content":"","_et_gb_content_width":"","inline_featured_image":false,"footnotes":""},"class_list":["post-4407070","page","type-page","status-publish","hentry"],"yoast_head":"<!-- This site is optimized with the Yoast SEO plugin v27.4 - https:\/\/yoast.com\/product\/yoast-seo-wordpress\/ -->\n<title>Eventi - Grad Bogen\u0161perk<\/title>\n<meta name=\"robots\" content=\"index, follow, max-snippet:-1, max-image-preview:large, max-video-preview:-1\" \/>\n<link rel=\"canonical\" href=\"https:\/\/bogensperk.si\/it\/eventi\/\" \/>\n<meta property=\"og:locale\" content=\"it_IT\" \/>\n<meta property=\"og:type\" content=\"article\" \/>\n<meta property=\"og:title\" content=\"Eventi - Grad Bogen\u0161perk\" \/>\n<meta property=\"og:description\" content=\"Eventi\" \/>\n<meta property=\"og:url\" content=\"https:\/\/bogensperk.si\/it\/eventi\/\" \/>\n<meta property=\"og:site_name\" content=\"Grad Bogen\u0161perk\" \/>\n<meta property=\"article:modified_time\" content=\"2025-04-29T07:38:51+00:00\" \/>\n<meta name=\"twitter:card\" content=\"summary_large_image\" \/>\n<meta name=\"twitter:label1\" content=\"Tempo di lettura stimato\" \/>\n\t<meta name=\"twitter:data1\" content=\"2 minuti\" \/>\n<script type=\"application\/ld+json\" class=\"yoast-schema-graph\">{\"@context\":\"https:\\\/\\\/schema.org\",\"@graph\":[{\"@type\":\"WebPage\",\"@id\":\"https:\\\/\\\/bogensperk.si\\\/it\\\/eventi\\\/\",\"url\":\"https:\\\/\\\/bogensperk.si\\\/it\\\/eventi\\\/\",\"name\":\"Eventi - Grad Bogen\u0161perk\",\"isPartOf\":{\"@id\":\"https:\\\/\\\/bogensperk.si\\\/it\\\/#website\"},\"datePublished\":\"2024-06-15T05:02:25+00:00\",\"dateModified\":\"2025-04-29T07:38:51+00:00\",\"breadcrumb\":{\"@id\":\"https:\\\/\\\/bogensperk.si\\\/it\\\/eventi\\\/#breadcrumb\"},\"inLanguage\":\"it-IT\",\"potentialAction\":[{\"@type\":\"ReadAction\",\"target\":[\"https:\\\/\\\/bogensperk.si\\\/it\\\/eventi\\\/\"]}]},{\"@type\":\"BreadcrumbList\",\"@id\":\"https:\\\/\\\/bogensperk.si\\\/it\\\/eventi\\\/#breadcrumb\",\"itemListElement\":[{\"@type\":\"ListItem\",\"position\":1,\"name\":\"Home\",\"item\":\"https:\\\/\\\/bogensperk.si\\\/it\\\/\"},{\"@type\":\"ListItem\",\"position\":2,\"name\":\"Eventi\"}]},{\"@type\":\"WebSite\",\"@id\":\"https:\\\/\\\/bogensperk.si\\\/it\\\/#website\",\"url\":\"https:\\\/\\\/bogensperk.si\\\/it\\\/\",\"name\":\"Grad Bogen\u0161perk\",\"description\":\"Renesan\u010dni grad Bogen\u0161perk, prostor mnogih kulturnih dogodkov.\",\"potentialAction\":[{\"@type\":\"SearchAction\",\"target\":{\"@type\":\"EntryPoint\",\"urlTemplate\":\"https:\\\/\\\/bogensperk.si\\\/it\\\/?s={search_term_string}\"},\"query-input\":{\"@type\":\"PropertyValueSpecification\",\"valueRequired\":true,\"valueName\":\"search_term_string\"}}],\"inLanguage\":\"it-IT\"}]}<\/script>\n<!-- \/ Yoast SEO plugin. -->","yoast_head_json":{"title":"Eventi - Grad Bogen\u0161perk","robots":{"index":"index","follow":"follow","max-snippet":"max-snippet:-1","max-image-preview":"max-image-preview:large","max-video-preview":"max-video-preview:-1"},"canonical":"https:\/\/bogensperk.si\/it\/eventi\/","og_locale":"it_IT","og_type":"article","og_title":"Eventi - Grad Bogen\u0161perk","og_description":"Eventi","og_url":"https:\/\/bogensperk.si\/it\/eventi\/","og_site_name":"Grad Bogen\u0161perk","article_modified_time":"2025-04-29T07:38:51+00:00","twitter_card":"summary_large_image","twitter_misc":{"Tempo di lettura stimato":"2 minuti"},"schema":{"@context":"https:\/\/schema.org","@graph":[{"@type":"WebPage","@id":"https:\/\/bogensperk.si\/it\/eventi\/","url":"https:\/\/bogensperk.si\/it\/eventi\/","name":"Eventi - Grad Bogen\u0161perk","isPartOf":{"@id":"https:\/\/bogensperk.si\/it\/#website"},"datePublished":"2024-06-15T05:02:25+00:00","dateModified":"2025-04-29T07:38:51+00:00","breadcrumb":{"@id":"https:\/\/bogensperk.si\/it\/eventi\/#breadcrumb"},"inLanguage":"it-IT","potentialAction":[{"@type":"ReadAction","target":["https:\/\/bogensperk.si\/it\/eventi\/"]}]},{"@type":"BreadcrumbList","@id":"https:\/\/bogensperk.si\/it\/eventi\/#breadcrumb","itemListElement":[{"@type":"ListItem","position":1,"name":"Home","item":"https:\/\/bogensperk.si\/it\/"},{"@type":"ListItem","position":2,"name":"Eventi"}]},{"@type":"WebSite","@id":"https:\/\/bogensperk.si\/it\/#website","url":"https:\/\/bogensperk.si\/it\/","name":"Grad Bogen\u0161perk","description":"Renesan\u010dni grad Bogen\u0161perk, prostor mnogih kulturnih dogodkov.","potentialAction":[{"@type":"SearchAction","target":{"@type":"EntryPoint","urlTemplate":"https:\/\/bogensperk.si\/it\/?s={search_term_string}"},"query-input":{"@type":"PropertyValueSpecification","valueRequired":true,"valueName":"search_term_string"}}],"inLanguage":"it-IT"}]}},"_links":{"self":[{"href":"https:\/\/bogensperk.si\/it\/wp-json\/wp\/v2\/pages\/4407070","targetHints":{"allow":["GET"]}}],"collection":[{"href":"https:\/\/bogensperk.si\/it\/wp-json\/wp\/v2\/pages"}],"about":[{"href":"https:\/\/bogensperk.si\/it\/wp-json\/wp\/v2\/types\/page"}],"author":[{"embeddable":true,"href":"https:\/\/bogensperk.si\/it\/wp-json\/wp\/v2\/users\/1"}],"replies":[{"embeddable":true,"href":"https:\/\/bogensperk.si\/it\/wp-json\/wp\/v2\/comments?post=4407070"}],"version-history":[{"count":4,"href":"https:\/\/bogensperk.si\/it\/wp-json\/wp\/v2\/pages\/4407070\/revisions"}],"predecessor-version":[{"id":4407329,"href":"https:\/\/bogensperk.si\/it\/wp-json\/wp\/v2\/pages\/4407070\/revisions\/4407329"}],"wp:attachment":[{"href":"https:\/\/bogensperk.si\/it\/wp-json\/wp\/v2\/media?parent=4407070"}],"curies":[{"name":"wp","href":"https:\/\/api.w.org\/{rel}","templated":true}]}}