{"id":4407040,"date":"2024-07-22T11:12:23","date_gmt":"2024-07-22T09:12:23","guid":{"rendered":"https:\/\/test.bogensperk.si\/notizie\/"},"modified":"2025-03-21T18:32:03","modified_gmt":"2025-03-21T17:32:03","slug":"notizie","status":"publish","type":"page","link":"https:\/\/bogensperk.si\/it\/notizie\/","title":{"rendered":"Notizie"},"content":{"rendered":"<p>[et_pb_section fb_built=&#8221;1&#8243; fullwidth=&#8221;on&#8221; admin_label=&#8221;Section&#8221; _builder_version=&#8221;4.27.0&#8243; _module_preset=&#8221;default&#8221; global_colors_info=&#8221;{}&#8221; da_is_popup=&#8221;off&#8221; da_exit_intent=&#8221;off&#8221; da_has_close=&#8221;on&#8221; da_alt_close=&#8221;off&#8221; da_dark_close=&#8221;off&#8221; da_not_modal=&#8221;on&#8221; da_is_singular=&#8221;off&#8221; da_with_loader=&#8221;off&#8221; da_has_shadow=&#8221;on&#8221; da_disable_devices=&#8221;off|off|off&#8221;][et_pb_fullwidth_header title=&#8221;Notizie&#8221; subhead=&#8221;Siete invitati agli eventi che si tengono durante tutto l&apos;anno al Castello di Bogen\u0161perk o a \u0160martno pri Litija.&#8221; _builder_version=&#8221;4.27.4&#8243; _module_preset=&#8221;default&#8221; title_text_color=&#8221;#5D201C&#8221; content_text_color=&#8221;#000000&#8243; subhead_text_color=&#8221;#000000&#8243; background_color=&#8221;rgba(93,32,28,0.15)&#8221; background_enable_image=&#8221;off&#8221; background_size=&#8221;custom&#8221; background_image_height=&#8221;20%&#8221; background_position=&#8221;bottom_center&#8221; background_vertical_offset=&#8221;10%&#8221; background_repeat=&#8221;repeat-x&#8221; hover_enabled=&#8221;0&#8243; global_colors_info=&#8221;{}&#8221; title_font=&#8221;|300|||||||&#8221; sticky_enabled=&#8221;0&#8243;][\/et_pb_fullwidth_header][\/et_pb_section][et_pb_section fb_built=&#8221;1&#8243; disabled_on=&#8221;off|off|off&#8221; _builder_version=&#8221;4.16&#8243; _module_preset=&#8221;default&#8221; locked=&#8221;off&#8221; global_colors_info=&#8221;{}&#8221; da_is_popup=&#8221;off&#8221; da_exit_intent=&#8221;off&#8221; da_has_close=&#8221;on&#8221; da_alt_close=&#8221;off&#8221; da_dark_close=&#8221;off&#8221; da_not_modal=&#8221;on&#8221; da_is_singular=&#8221;off&#8221; da_with_loader=&#8221;off&#8221; da_has_shadow=&#8221;on&#8221; da_disable_devices=&#8221;off|off|off&#8221;][et_pb_row use_custom_gutter=&#8221;on&#8221; gutter_width=&#8221;2&#8243; _builder_version=&#8221;4.16&#8243; _module_preset=&#8221;default&#8221; custom_padding=&#8221;0px||0px||true|false&#8221; global_colors_info=&#8221;{}&#8221;][et_pb_column type=&#8221;4_4&#8243; _builder_version=&#8221;4.16&#8243; _module_preset=&#8221;default&#8221; global_colors_info=&#8221;{}&#8221;][et_pb_code admin_label=&#8221;Css personalizzato&#8221; _builder_version=&#8221;4.27.4&#8243; _module_preset=&#8221;default&#8221; hover_enabled=&#8221;0&#8243; locked=&#8221;off&#8221; global_colors_info=&#8221;{}&#8221; sticky_enabled=&#8221;0&#8243;]<\/p>\n<style><!-- [et_pb_line_break_holder] -->.blogy-blog-layout-45 .et_pb_post{<!-- [et_pb_line_break_holder] -->    background: #f7f7f7;<!-- [et_pb_line_break_holder] -->    border: 2px solid #f0f0f0 !important;<!-- [et_pb_line_break_holder] -->    box-shadow: 0px 6px 18px -6px rgba(0, 0, 0, 0.18);<!-- [et_pb_line_break_holder] -->    display: flex;<!-- [et_pb_line_break_holder] -->    flex-wrap: wrap;<!-- [et_pb_line_break_holder] -->    padding: 30px;<!-- [et_pb_line_break_holder] -->    position: relative;<!-- [et_pb_line_break_holder] -->    -moz-transition: 0.5s;<!-- [et_pb_line_break_holder] -->    -webkit-transition: 05s;<!-- [et_pb_line_break_holder] -->    transition: 0.5s;<!-- [et_pb_line_break_holder] -->}<!-- [et_pb_line_break_holder] -->  <!-- [et_pb_line_break_holder] -->.blogy-blog-layout-45 .et_pb_post .entry-title {<!-- [et_pb_line_break_holder] -->    order: 0;<!-- [et_pb_line_break_holder] -->    z-index: 1;<!-- [et_pb_line_break_holder] -->}<!-- [et_pb_line_break_holder] -->  <!-- [et_pb_line_break_holder] -->.blogy-blog-layout-45 .et_pb_post:before {<!-- [et_pb_line_break_holder] -->    position: absolute;<!-- [et_pb_line_break_holder] -->    content: \"\";<!-- [et_pb_line_break_holder] -->    width: 100%;<!-- [et_pb_line_break_holder] -->    top: -100%;<!-- [et_pb_line_break_holder] -->    left: 0;<!-- [et_pb_line_break_holder] -->    right: 0;<!-- [et_pb_line_break_holder] -->    bottom: 0;<!-- [et_pb_line_break_holder] -->    height: 100%;<!-- [et_pb_line_break_holder] -->    background: #eee8e8;<!-- [et_pb_line_break_holder] -->    opacity: 0;<!-- [et_pb_line_break_holder] -->    -moz-transition: 1.2s;<!-- [et_pb_line_break_holder] -->    -webkit-transition: 1.2s;<!-- [et_pb_line_break_holder] -->    transition: all 1.2s;<!-- [et_pb_line_break_holder] -->}<!-- [et_pb_line_break_holder] -->  <!-- [et_pb_line_break_holder] -->.blogy-blog-layout-45 .et_pb_post:hover::before {<!-- [et_pb_line_break_holder] -->    opacity: 1;<!-- [et_pb_line_break_holder] -->    top: 0;<!-- [et_pb_line_break_holder] -->}<!-- [et_pb_line_break_holder] -->  <!-- [et_pb_line_break_holder] -->.blogy-blog-layout-45 .et_pb_post .et_pb_image_container {<!-- [et_pb_line_break_holder] -->    margin: 0;<!-- [et_pb_line_break_holder] -->    order: 1;<!-- [et_pb_line_break_holder] -->    padding: 20px 0;<!-- [et_pb_line_break_holder] -->    width: 100%;<!-- [et_pb_line_break_holder] -->}<!-- [et_pb_line_break_holder] -->  <!-- [et_pb_line_break_holder] -->.blogy-blog-layout-45 .et_pb_post .et_pb_image_container img {<!-- [et_pb_line_break_holder] -->    -moz-transition: 0.5s;<!-- [et_pb_line_break_holder] -->    -webkit-transition: 05s;<!-- [et_pb_line_break_holder] -->    transition: 0.5s;<!-- [et_pb_line_break_holder] -->}<!-- [et_pb_line_break_holder] -->  <!-- [et_pb_line_break_holder] -->.blogy-blog-layout-45 .et_pb_post:hover img {<!-- [et_pb_line_break_holder] -->      transform: scale(0.95);<!-- [et_pb_line_break_holder] -->}<!-- [et_pb_line_break_holder] -->  <!-- [et_pb_line_break_holder] -->.blogy-blog-layout-45 .et_pb_post .post-meta {<!-- [et_pb_line_break_holder] -->    order: 2;<!-- [et_pb_line_break_holder] -->    position: relative;<!-- [et_pb_line_break_holder] -->    width: 100%;<!-- [et_pb_line_break_holder] -->}<!-- [et_pb_line_break_holder] -->  <!-- [et_pb_line_break_holder] -->.blogy-blog-layout-45 .et_pb_post .post-content {<!-- [et_pb_line_break_holder] -->    order: 3;<!-- [et_pb_line_break_holder] -->    position: relative;<!-- [et_pb_line_break_holder] -->}<!-- [et_pb_line_break_holder] -->  <!-- [et_pb_line_break_holder] -->.blogy-blog-layout-45 .et_pb_post .entry-featured-image-url {<!-- [et_pb_line_break_holder] -->    margin-bottom: 10px;<!-- [et_pb_line_break_holder] -->}<!-- [et_pb_line_break_holder] -->  <!-- [et_pb_line_break_holder] -->.blogy-blog-layout-45 .et_pb_post a.more-link {<!-- [et_pb_line_break_holder] -->    background-color: #f4e8d6;<!-- [et_pb_line_break_holder] -->    border-radius: 50px;<!-- [et_pb_line_break_holder] -->    display: inline-block;<!-- [et_pb_line_break_holder] -->    margin-top: 10px;<!-- [et_pb_line_break_holder] -->    padding: 8px 15px;<!-- [et_pb_line_break_holder] -->    text-transform: none;<!-- [et_pb_line_break_holder] -->}<!-- [et_pb_line_break_holder] -->  <!-- [et_pb_line_break_holder] --><\/style>\n<p>[\/et_pb_code][et_pb_blog fullwidth=&#8221;off&#8221; posts_number=&#8221;9&#8243; include_categories=&#8221;114&#8243; excerpt_length=&#8221;120&#8243; show_more=&#8221;on&#8221; show_author=&#8221;off&#8221; show_date=&#8221;off&#8221; module_class=&#8221;blogy-blog-layout-45&#8243; _builder_version=&#8221;4.27.4&#8243; _module_preset=&#8221;default&#8221; header_font=&#8221;|300|||||||&#8221; header_text_color=&#8221;#000000&#8243; header_font_size=&#8221;22px&#8221; header_line_height=&#8221;1.2em&#8221; body_text_color=&#8221;#000000&#8243; body_font_size=&#8221;16px&#8221; body_letter_spacing=&#8221;1px&#8221; meta_font=&#8221;|600|||||||&#8221; meta_text_color=&#8221;#5D201C&#8221; meta_font_size=&#8221;13px&#8221; meta_line_height=&#8221;1.8em&#8221; read_more_font=&#8221;||||||||&#8221; read_more_text_color=&#8221;#9D8029&#8243; read_more_line_height=&#8221;1.8em&#8221; pagination_font=&#8221;|300|||||||&#8221; pagination_text_color=&#8221;#602024&#8243; hover_enabled=&#8221;0&#8243; header_font_size_tablet=&#8221;&#8221; header_font_size_phone=&#8221;20px&#8221; header_font_size_last_edited=&#8221;on|phone&#8221; border_radii=&#8221;on|5px|5px|5px|5px&#8221; border_width_all=&#8221;0px&#8221; locked=&#8221;off&#8221; global_colors_info=&#8221;{}&#8221; read_more_font_size=&#8221;12px&#8221; sticky_enabled=&#8221;0&#8243;][\/et_pb_blog][\/et_pb_column][\/et_pb_row][\/et_pb_section]<\/p>\n","protected":false},"excerpt":{"rendered":"","protected":false},"author":1,"featured_media":0,"parent":0,"menu_order":0,"comment_status":"closed","ping_status":"closed","template":"","meta":{"_et_pb_use_builder":"on","_et_pb_old_content":"","_et_gb_content_width":"","inline_featured_image":false,"footnotes":""},"class_list":["post-4407040","page","type-page","status-publish","hentry"],"yoast_head":"<!-- This site is optimized with the Yoast SEO plugin v27.4 - https:\/\/yoast.com\/product\/yoast-seo-wordpress\/ -->\n<title>Notizie - Grad Bogen\u0161perk<\/title>\n<meta name=\"description\" content=\"Notizie dal Castello di Bogen\u0161perk, annunci di eventi al castello e al Festival di Bogen\u0161perk. C&#039;\u00e8 sempre qualcosa in corso, non perdetevi nulla.\" \/>\n<meta name=\"robots\" content=\"index, follow, max-snippet:-1, max-image-preview:large, max-video-preview:-1\" \/>\n<link rel=\"canonical\" href=\"https:\/\/bogensperk.si\/it\/notizie\/\" \/>\n<meta property=\"og:locale\" content=\"it_IT\" \/>\n<meta property=\"og:type\" content=\"article\" \/>\n<meta property=\"og:title\" content=\"Notizie - Grad Bogen\u0161perk\" \/>\n<meta property=\"og:description\" content=\"Notizie dal Castello di Bogen\u0161perk, annunci di eventi al castello e al Festival di Bogen\u0161perk. C&#039;\u00e8 sempre qualcosa in corso, non perdetevi nulla.\" \/>\n<meta property=\"og:url\" content=\"https:\/\/bogensperk.si\/it\/notizie\/\" \/>\n<meta property=\"og:site_name\" content=\"Grad Bogen\u0161perk\" \/>\n<meta property=\"article:modified_time\" content=\"2025-03-21T17:32:03+00:00\" \/>\n<meta name=\"twitter:card\" content=\"summary_large_image\" \/>\n<meta name=\"twitter:label1\" content=\"Tempo di lettura stimato\" \/>\n\t<meta name=\"twitter:data1\" content=\"2 minuti\" \/>\n<script type=\"application\/ld+json\" class=\"yoast-schema-graph\">{\"@context\":\"https:\\\/\\\/schema.org\",\"@graph\":[{\"@type\":\"WebPage\",\"@id\":\"https:\\\/\\\/bogensperk.si\\\/it\\\/notizie\\\/\",\"url\":\"https:\\\/\\\/bogensperk.si\\\/it\\\/notizie\\\/\",\"name\":\"Notizie - Grad Bogen\u0161perk\",\"isPartOf\":{\"@id\":\"https:\\\/\\\/bogensperk.si\\\/it\\\/#website\"},\"datePublished\":\"2024-07-22T09:12:23+00:00\",\"dateModified\":\"2025-03-21T17:32:03+00:00\",\"description\":\"Notizie dal Castello di Bogen\u0161perk, annunci di eventi al castello e al Festival di Bogen\u0161perk. C'\u00e8 sempre qualcosa in corso, non perdetevi nulla.\",\"breadcrumb\":{\"@id\":\"https:\\\/\\\/bogensperk.si\\\/it\\\/notizie\\\/#breadcrumb\"},\"inLanguage\":\"it-IT\",\"potentialAction\":[{\"@type\":\"ReadAction\",\"target\":[\"https:\\\/\\\/bogensperk.si\\\/it\\\/notizie\\\/\"]}]},{\"@type\":\"BreadcrumbList\",\"@id\":\"https:\\\/\\\/bogensperk.si\\\/it\\\/notizie\\\/#breadcrumb\",\"itemListElement\":[{\"@type\":\"ListItem\",\"position\":1,\"name\":\"Home\",\"item\":\"https:\\\/\\\/bogensperk.si\\\/it\\\/\"},{\"@type\":\"ListItem\",\"position\":2,\"name\":\"Notizie\"}]},{\"@type\":\"WebSite\",\"@id\":\"https:\\\/\\\/bogensperk.si\\\/it\\\/#website\",\"url\":\"https:\\\/\\\/bogensperk.si\\\/it\\\/\",\"name\":\"Grad Bogen\u0161perk\",\"description\":\"Renesan\u010dni grad Bogen\u0161perk, prostor mnogih kulturnih dogodkov.\",\"potentialAction\":[{\"@type\":\"SearchAction\",\"target\":{\"@type\":\"EntryPoint\",\"urlTemplate\":\"https:\\\/\\\/bogensperk.si\\\/it\\\/?s={search_term_string}\"},\"query-input\":{\"@type\":\"PropertyValueSpecification\",\"valueRequired\":true,\"valueName\":\"search_term_string\"}}],\"inLanguage\":\"it-IT\"}]}<\/script>\n<!-- \/ Yoast SEO plugin. -->","yoast_head_json":{"title":"Notizie - Grad Bogen\u0161perk","description":"Notizie dal Castello di Bogen\u0161perk, annunci di eventi al castello e al Festival di Bogen\u0161perk. C'\u00e8 sempre qualcosa in corso, non perdetevi nulla.","robots":{"index":"index","follow":"follow","max-snippet":"max-snippet:-1","max-image-preview":"max-image-preview:large","max-video-preview":"max-video-preview:-1"},"canonical":"https:\/\/bogensperk.si\/it\/notizie\/","og_locale":"it_IT","og_type":"article","og_title":"Notizie - Grad Bogen\u0161perk","og_description":"Notizie dal Castello di Bogen\u0161perk, annunci di eventi al castello e al Festival di Bogen\u0161perk. C'\u00e8 sempre qualcosa in corso, non perdetevi nulla.","og_url":"https:\/\/bogensperk.si\/it\/notizie\/","og_site_name":"Grad Bogen\u0161perk","article_modified_time":"2025-03-21T17:32:03+00:00","twitter_card":"summary_large_image","twitter_misc":{"Tempo di lettura stimato":"2 minuti"},"schema":{"@context":"https:\/\/schema.org","@graph":[{"@type":"WebPage","@id":"https:\/\/bogensperk.si\/it\/notizie\/","url":"https:\/\/bogensperk.si\/it\/notizie\/","name":"Notizie - Grad Bogen\u0161perk","isPartOf":{"@id":"https:\/\/bogensperk.si\/it\/#website"},"datePublished":"2024-07-22T09:12:23+00:00","dateModified":"2025-03-21T17:32:03+00:00","description":"Notizie dal Castello di Bogen\u0161perk, annunci di eventi al castello e al Festival di Bogen\u0161perk. C'\u00e8 sempre qualcosa in corso, non perdetevi nulla.","breadcrumb":{"@id":"https:\/\/bogensperk.si\/it\/notizie\/#breadcrumb"},"inLanguage":"it-IT","potentialAction":[{"@type":"ReadAction","target":["https:\/\/bogensperk.si\/it\/notizie\/"]}]},{"@type":"BreadcrumbList","@id":"https:\/\/bogensperk.si\/it\/notizie\/#breadcrumb","itemListElement":[{"@type":"ListItem","position":1,"name":"Home","item":"https:\/\/bogensperk.si\/it\/"},{"@type":"ListItem","position":2,"name":"Notizie"}]},{"@type":"WebSite","@id":"https:\/\/bogensperk.si\/it\/#website","url":"https:\/\/bogensperk.si\/it\/","name":"Grad Bogen\u0161perk","description":"Renesan\u010dni grad Bogen\u0161perk, prostor mnogih kulturnih dogodkov.","potentialAction":[{"@type":"SearchAction","target":{"@type":"EntryPoint","urlTemplate":"https:\/\/bogensperk.si\/it\/?s={search_term_string}"},"query-input":{"@type":"PropertyValueSpecification","valueRequired":true,"valueName":"search_term_string"}}],"inLanguage":"it-IT"}]}},"_links":{"self":[{"href":"https:\/\/bogensperk.si\/it\/wp-json\/wp\/v2\/pages\/4407040","targetHints":{"allow":["GET"]}}],"collection":[{"href":"https:\/\/bogensperk.si\/it\/wp-json\/wp\/v2\/pages"}],"about":[{"href":"https:\/\/bogensperk.si\/it\/wp-json\/wp\/v2\/types\/page"}],"author":[{"embeddable":true,"href":"https:\/\/bogensperk.si\/it\/wp-json\/wp\/v2\/users\/1"}],"replies":[{"embeddable":true,"href":"https:\/\/bogensperk.si\/it\/wp-json\/wp\/v2\/comments?post=4407040"}],"version-history":[{"count":2,"href":"https:\/\/bogensperk.si\/it\/wp-json\/wp\/v2\/pages\/4407040\/revisions"}],"predecessor-version":[{"id":4407042,"href":"https:\/\/bogensperk.si\/it\/wp-json\/wp\/v2\/pages\/4407040\/revisions\/4407042"}],"wp:attachment":[{"href":"https:\/\/bogensperk.si\/it\/wp-json\/wp\/v2\/media?parent=4407040"}],"curies":[{"name":"wp","href":"https:\/\/api.w.org\/{rel}","templated":true}]}}