{"id":4406453,"date":"2024-06-15T07:03:50","date_gmt":"2024-06-15T05:03:50","guid":{"rendered":"https:\/\/test.bogensperk.si\/festival-bogensperk\/"},"modified":"2025-05-17T06:33:11","modified_gmt":"2025-05-17T04:33:11","slug":"il-festival-di-bogensperk","status":"publish","type":"page","link":"https:\/\/bogensperk.si\/it\/il-festival-di-bogensperk\/","title":{"rendered":"Il festival di Bogen\u0161perk"},"content":{"rendered":"<p>[et_pb_section fb_built=&#8221;1&#8243; custom_padding_last_edited=&#8221;off|desktop&#8221; admin_label=&#8221;Header&#8221; _builder_version=&#8221;4.27.4&#8243; _module_preset=&#8221;default&#8221; background_color=&#8221;#f6efe7&#8243; background_enable_color=&#8221;off&#8221; background_image=&#8221;https:\/\/bogensperk.si\/wp-content\/uploads\/2025\/02\/mi2_bogensperk-73.jpg&#8221; min_height=&#8221;600px&#8221; overflow-x=&#8221;hidden&#8221; overflow-y=&#8221;hidden&#8221; custom_padding_tablet=&#8221;150px||150px||true|false&#8221; custom_padding_phone=&#8221;80px||80px||true|false&#8221; hover_enabled=&#8221;0&#8243; da_disable_devices=&#8221;off|off|off&#8221; global_colors_info=&#8221;{}&#8221; sticky_enabled=&#8221;0&#8243; da_is_popup=&#8221;off&#8221; da_exit_intent=&#8221;off&#8221; da_has_close=&#8221;on&#8221; da_alt_close=&#8221;off&#8221; da_dark_close=&#8221;off&#8221; da_not_modal=&#8221;on&#8221; da_is_singular=&#8221;off&#8221; da_with_loader=&#8221;off&#8221; da_has_shadow=&#8221;on&#8221;][et_pb_row column_structure=&#8221;3_5,2_5&#8243; _builder_version=&#8221;4.27.0&#8243; _module_preset=&#8221;default&#8221; global_colors_info=&#8221;{}&#8221;][et_pb_column type=&#8221;3_5&#8243; _builder_version=&#8221;4.16&#8243; _module_preset=&#8221;default&#8221; z_index=&#8221;10&#8243; global_colors_info=&#8221;{}&#8221;][et_pb_text _builder_version=&#8221;4.27.4&#8243; _module_preset=&#8221;d72c0383-6487-4f2c-ac5c-7d48a6376757&#8243; header_font=&#8221;&#8211;et_global_heading_font|300|||||||&#8221; header_text_color=&#8221;#FFFFFF&#8221; header_font_size=&#8221;100px&#8221; header_line_height=&#8221;1.1em&#8221; header_font_size_tablet=&#8221;60px&#8221; header_font_size_phone=&#8221;42px&#8221; header_font_size_last_edited=&#8221;on|phone&#8221; header_text_shadow_style=&#8221;preset1&#8243; locked=&#8221;off&#8221; global_colors_info=&#8221;{}&#8221;]<\/p>\n<h1 style=\"text-align: left;\">Il festival di Bogen\u0161perk<\/h1>\n<p>[\/et_pb_text][\/et_pb_column][et_pb_column type=&#8221;2_5&#8243; _builder_version=&#8221;4.16&#8243; _module_preset=&#8221;default&#8221; global_colors_info=&#8221;{}&#8221;][\/et_pb_column][\/et_pb_row][\/et_pb_section][et_pb_section fb_built=&#8221;1&#8243; admin_label=&#8221;Na kratko&#8221; _builder_version=&#8221;4.27.4&#8243; _module_preset=&#8221;default&#8221; background_color=&#8221;#76163e&#8221; custom_margin=&#8221;||||false|false&#8221; custom_padding=&#8221;||||false|false&#8221; top_divider_color=&#8221;#FFFFFF&#8221; hover_enabled=&#8221;0&#8243; da_disable_devices=&#8221;off|off|off&#8221; global_colors_info=&#8221;{}&#8221; sticky_enabled=&#8221;0&#8243; da_is_popup=&#8221;off&#8221; da_exit_intent=&#8221;off&#8221; da_has_close=&#8221;on&#8221; da_alt_close=&#8221;off&#8221; da_dark_close=&#8221;off&#8221; da_not_modal=&#8221;on&#8221; da_is_singular=&#8221;off&#8221; da_with_loader=&#8221;off&#8221; da_has_shadow=&#8221;on&#8221;][et_pb_row _builder_version=&#8221;4.16&#8243; _module_preset=&#8221;default&#8221; max_width=&#8221;1360px&#8221; global_colors_info=&#8221;{}&#8221;][et_pb_column type=&#8221;4_4&#8243; _builder_version=&#8221;4.16&#8243; _module_preset=&#8221;default&#8221; global_colors_info=&#8221;{}&#8221;][et_pb_divider color=&#8221;RGBA(0,0,0,0)&#8221; divider_weight=&#8221;30px&#8221; _builder_version=&#8221;4.27.0&#8243; _module_preset=&#8221;default&#8221; background_image=&#8221;https:\/\/bogensperk.si\/wp-content\/uploads\/2024\/07\/museum-12.png&#8221; background_size=&#8221;contain&#8221; background_repeat=&#8221;repeat-x&#8221; min_height=&#8221;30px&#8221; border_color_all=&#8221;#000000&#8243; global_colors_info=&#8221;{}&#8221;][\/et_pb_divider][et_pb_text _builder_version=&#8221;4.27.4&#8243; _module_preset=&#8221;c6d6f7af-6ac8-4ba6-9488-2a218606aaa8&#8243; text_text_color=&#8221;#FFFFFF&#8221; header_2_font=&#8221;Trirong|500|||||||&#8221; header_2_text_color=&#8221;#000000&#8243; header_2_font_size=&#8221;100px&#8221; header_2_line_height=&#8221;1.2em&#8221; text_orientation=&#8221;center&#8221; header_2_font_size_tablet=&#8221;65px&#8221; header_2_font_size_phone=&#8221;28px&#8221; header_2_font_size_last_edited=&#8221;on|phone&#8221; locked=&#8221;off&#8221; global_colors_info=&#8221;{}&#8221;]<\/p>\n<p>Da maggio a settembre il Festival di Bogen\u0161perk arricchisce il castello di Bogen\u0161perk e \u0160martno con cultura selezionata, cucina di alto livello e musica eccellente. Godetevi l&#8217;estate in uno dei castelli pi\u00f9 belli della Slovenia, godetevi l&#8217;estate con il Festival di Bogen\u0161perk.<\/p>\n<p>[\/et_pb_text][\/et_pb_column][\/et_pb_row][\/et_pb_section][et_pb_section fb_built=&#8221;1&#8243; admin_label=&#8221;Texts&#8221; _builder_version=&#8221;4.27.0&#8243; _module_preset=&#8221;default&#8221; background_color=&#8221;RGBA(255,255,255,0)&#8221; da_disable_devices=&#8221;off|off|off&#8221; global_colors_info=&#8221;{}&#8221; da_is_popup=&#8221;off&#8221; da_exit_intent=&#8221;off&#8221; da_has_close=&#8221;on&#8221; da_alt_close=&#8221;off&#8221; da_dark_close=&#8221;off&#8221; da_not_modal=&#8221;on&#8221; da_is_singular=&#8221;off&#8221; da_with_loader=&#8221;off&#8221; da_has_shadow=&#8221;on&#8221;][et_pb_row column_structure=&#8221;1_2,1_2&#8243; _builder_version=&#8221;4.16&#8243; _module_preset=&#8221;default&#8221; global_colors_info=&#8221;{}&#8221;][et_pb_column type=&#8221;1_2&#8243; _builder_version=&#8221;4.16&#8243; _module_preset=&#8221;default&#8221; global_colors_info=&#8221;{}&#8221;][\/et_pb_column][et_pb_column type=&#8221;1_2&#8243; _builder_version=&#8221;4.16&#8243; _module_preset=&#8221;default&#8221; global_colors_info=&#8221;{}&#8221;][et_pb_text _builder_version=&#8221;4.27.4&#8243; _module_preset=&#8221;16a54059-cc81-4572-9c70-eda6a6c419bf&#8221; text_font=&#8221;||||||||&#8221; text_text_color=&#8221;#000000&#8243; header_3_font=&#8221;|300|||||||&#8221; text_font_size_tablet=&#8221;15px&#8221; text_font_size_phone=&#8221;14px&#8221; text_font_size_last_edited=&#8221;on|phone&#8221; header_font_size_tablet=&#8221;55px&#8221; header_font_size_last_edited=&#8221;off|desktop&#8221; locked=&#8221;off&#8221; global_colors_info=&#8221;{}&#8221;]<\/p>\n<h3>Festival Bogen\u0161perk 2025:<\/h3>\n<ul>\n<li>Orlek &amp; Mi2, Flirrt, Maraaya, Hamo&amp;Tribute2love, \u0160ank rock \u00bbakustika\u00ab z gosti, Oto Pestner in Toni Pov\u0161e, Ditka in Feri Lain\u0161\u010dek, &#8230;<\/li>\n<li>Okusi z gradu, Okusi z gradu na kvadrat, \u0160martno kuha.<\/li>\n<li>Umetni\u0161ke razstave slovenskih in mednarodno uveljavljenih umetnikov.<\/li>\n<li>Klasi\u010dna glasba, gledali\u0161\u010de, literatura, rekreacija in program za najmlaj\u0161e.<\/li>\n<\/ul>\n<p>[\/et_pb_text][\/et_pb_column][\/et_pb_row][\/et_pb_section][et_pb_section fb_built=&#8221;1&#8243; admin_label=&#8221;Schedule&#8221; _builder_version=&#8221;4.27.4&#8243; _module_preset=&#8221;default&#8221; background_color=&#8221;#76163e&#8221; custom_padding=&#8221;||0px|||&#8221; hover_enabled=&#8221;0&#8243; da_disable_devices=&#8221;off|off|off&#8221; locked=&#8221;off&#8221; global_colors_info=&#8221;{}&#8221; sticky_enabled=&#8221;0&#8243; da_is_popup=&#8221;off&#8221; da_exit_intent=&#8221;off&#8221; da_has_close=&#8221;on&#8221; da_alt_close=&#8221;off&#8221; da_dark_close=&#8221;off&#8221; da_not_modal=&#8221;on&#8221; da_is_singular=&#8221;off&#8221; da_with_loader=&#8221;off&#8221; da_has_shadow=&#8221;on&#8221;][et_pb_row column_structure=&#8221;1_2,1_2&#8243; _builder_version=&#8221;4.27.0&#8243; _module_preset=&#8221;default&#8221; global_colors_info=&#8221;{}&#8221;][et_pb_column type=&#8221;1_2&#8243; _builder_version=&#8221;4.16&#8243; _module_preset=&#8221;default&#8221; global_colors_info=&#8221;{}&#8221;][et_pb_image src=&#8221;https:\/\/bogensperk.si\/wp-content\/uploads\/2025\/02\/Bogensperk-Orleki-Mi2-3-scaled.jpg&#8221; alt=&#8221;Cerkev svetega Martina&#8221; title_text=&#8221;Bogen\u0161perk Orleki &#038; Mi2-3&#8243; _builder_version=&#8221;4.27.4&#8243; _module_preset=&#8221;default&#8221; background_color=&#8221;RGBA(255,255,255,0)&#8221; custom_margin=&#8221;-100%|||-20vw|false|false&#8221; custom_margin_tablet=&#8221;-80px|-10vw||-10vw|false|true&#8221; custom_margin_phone=&#8221;&#8221; custom_margin_last_edited=&#8221;on|phone&#8221; custom_padding=&#8221;100px|60px|100px|60px|true|true&#8221; custom_padding_tablet=&#8221;0px|0px|60px|0px|false|true&#8221; custom_padding_phone=&#8221;&#8221; custom_padding_last_edited=&#8221;on|tablet&#8221; locked=&#8221;off&#8221; global_colors_info=&#8221;{}&#8221;][\/et_pb_image][\/et_pb_column][et_pb_column type=&#8221;1_2&#8243; _builder_version=&#8221;4.16&#8243; _module_preset=&#8221;default&#8221; global_colors_info=&#8221;{}&#8221;][et_pb_text _builder_version=&#8221;4.27.4&#8243; _module_preset=&#8221;16a54059-cc81-4572-9c70-eda6a6c419bf&#8221; text_font=&#8221;||||||||&#8221; text_text_color=&#8221;#FFFFFF&#8221; header_3_font=&#8221;|300|||||||&#8221; header_3_text_color=&#8221;#FFFFFF&#8221; header_4_text_color=&#8221;#FFFFFF&#8221; text_font_size_tablet=&#8221;15px&#8221; text_font_size_phone=&#8221;14px&#8221; text_font_size_last_edited=&#8221;on|phone&#8221; header_font_size_tablet=&#8221;55px&#8221; header_font_size_last_edited=&#8221;off|desktop&#8221; locked=&#8221;off&#8221; global_colors_info=&#8221;{}&#8221;]<\/p>\n<h3>Uno sguardo al passato:<\/h3>\n<ul>\n<li>Orlek, Mi2, Maraaya, Magnifico, Joker Out, Nina Pu\u0161lar, Jan Plestenjak, \u0160ank Rock, Batista Cadillac, Pero Lov\u0161in, Hamo &amp; Tribute to love, Pavlov, Tamburashki orkester \u0160martno con l&#8217;Ottetto Sloveno, &#8230;<\/li>\n<li>Piaceri culinari con i Cuochi di \u0160martno, i Sapori dal Castello e la Giornata dello Champagne<\/li>\n<li>Eventi letterari e musicali, mostre d&#8217;arte e l&#8217;ospitalit\u00e0 di Jazz &#8216;ma mlade, Seviqc.<\/li>\n<\/ul>\n<p><em>E questo:<\/em><br \/><em>Il Festival Bogen\u0161perk promuove anche la cooperazione internazionale (progetti grafici internazionali Lifelines, mostre e concerti di artisti di fama internazionale), ospita altri festival di alto profilo (Jazz ma mlade, Seviqc Bre\u017eice, ecc.) ed \u00e8 un punto d&#8217;incontro per i creatori di eventi sociali e culturali del comune locale (Biblioteca Litija \u0160martno, Scuola elementare di \u0160martno, Kindergarten Ciciban, Kli\u0161e Club, ecc.)<\/em><\/p>\n<p>[\/et_pb_text][\/et_pb_column][\/et_pb_row][\/et_pb_section][et_pb_section fb_built=&#8221;1&#8243; disabled_on=&#8221;off|off|off&#8221; _builder_version=&#8221;4.16&#8243; _module_preset=&#8221;default&#8221; da_disable_devices=&#8221;off|off|off&#8221; locked=&#8221;off&#8221; global_colors_info=&#8221;{}&#8221; da_is_popup=&#8221;off&#8221; da_exit_intent=&#8221;off&#8221; da_has_close=&#8221;on&#8221; da_alt_close=&#8221;off&#8221; da_dark_close=&#8221;off&#8221; da_not_modal=&#8221;on&#8221; da_is_singular=&#8221;off&#8221; da_with_loader=&#8221;off&#8221; da_has_shadow=&#8221;on&#8221;][et_pb_row use_custom_gutter=&#8221;on&#8221; gutter_width=&#8221;2&#8243; _builder_version=&#8221;4.27.4&#8243; _module_preset=&#8221;default&#8221; custom_padding=&#8221;0px||0px||true|false&#8221; global_colors_info=&#8221;{}&#8221;][et_pb_column type=&#8221;4_4&#8243; _builder_version=&#8221;4.16&#8243; _module_preset=&#8221;default&#8221; global_colors_info=&#8221;{}&#8221;][et_pb_code admin_label=&#8221;Custom Css&#8221; _builder_version=&#8221;4.27.4&#8243; _module_preset=&#8221;default&#8221; hover_enabled=&#8221;0&#8243; locked=&#8221;off&#8221; global_colors_info=&#8221;{}&#8221; sticky_enabled=&#8221;0&#8243;]<\/p>\n<style><!-- [et_pb_line_break_holder] -->.blogy-blog-layout-45 .et_pb_post{<!-- [et_pb_line_break_holder] -->    background: #f7f7f7;<!-- [et_pb_line_break_holder] -->    border: 2px solid #f0f0f0 !important;<!-- [et_pb_line_break_holder] -->    box-shadow: 0px 6px 18px -6px rgba(0, 0, 0, 0.18);<!-- [et_pb_line_break_holder] -->    display: flex;<!-- [et_pb_line_break_holder] -->    flex-wrap: wrap;<!-- [et_pb_line_break_holder] -->    padding: 30px;<!-- [et_pb_line_break_holder] -->    position: relative;<!-- [et_pb_line_break_holder] -->    -moz-transition: 0.5s;<!-- [et_pb_line_break_holder] -->    -webkit-transition: 05s;<!-- [et_pb_line_break_holder] -->    transition: 0.5s;<!-- [et_pb_line_break_holder] -->}<!-- [et_pb_line_break_holder] -->  <!-- [et_pb_line_break_holder] -->.blogy-blog-layout-45 .et_pb_post .entry-title {<!-- [et_pb_line_break_holder] -->    order: 0;<!-- [et_pb_line_break_holder] -->    z-index: 1;<!-- [et_pb_line_break_holder] -->}<!-- [et_pb_line_break_holder] -->  <!-- [et_pb_line_break_holder] -->.blogy-blog-layout-45 .et_pb_post:before {<!-- [et_pb_line_break_holder] -->    position: absolute;<!-- [et_pb_line_break_holder] -->    content: \"\";<!-- [et_pb_line_break_holder] -->    width: 100%;<!-- [et_pb_line_break_holder] -->    top: -100%;<!-- [et_pb_line_break_holder] -->    left: 0;<!-- [et_pb_line_break_holder] -->    right: 0;<!-- [et_pb_line_break_holder] -->    bottom: 0;<!-- [et_pb_line_break_holder] -->    height: 100%;<!-- [et_pb_line_break_holder] -->    background: #eee8e8;<!-- [et_pb_line_break_holder] -->    opacity: 0;<!-- [et_pb_line_break_holder] -->    -moz-transition: 1.2s;<!-- [et_pb_line_break_holder] -->    -webkit-transition: 1.2s;<!-- [et_pb_line_break_holder] -->    transition: all 1.2s;<!-- [et_pb_line_break_holder] -->}<!-- [et_pb_line_break_holder] -->  <!-- [et_pb_line_break_holder] -->.blogy-blog-layout-45 .et_pb_post:hover::before {<!-- [et_pb_line_break_holder] -->    opacity: 1;<!-- [et_pb_line_break_holder] -->    top: 0;<!-- [et_pb_line_break_holder] -->}<!-- [et_pb_line_break_holder] -->  <!-- [et_pb_line_break_holder] -->.blogy-blog-layout-45 .et_pb_post .et_pb_image_container {<!-- [et_pb_line_break_holder] -->    margin: 0;<!-- [et_pb_line_break_holder] -->    order: 1;<!-- [et_pb_line_break_holder] -->    padding: 20px 0;<!-- [et_pb_line_break_holder] -->    width: 100%;<!-- [et_pb_line_break_holder] -->}<!-- [et_pb_line_break_holder] -->  <!-- [et_pb_line_break_holder] -->.blogy-blog-layout-45 .et_pb_post .et_pb_image_container img {<!-- [et_pb_line_break_holder] -->    -moz-transition: 0.5s;<!-- [et_pb_line_break_holder] -->    -webkit-transition: 05s;<!-- [et_pb_line_break_holder] -->    transition: 0.5s;<!-- [et_pb_line_break_holder] -->}<!-- [et_pb_line_break_holder] -->  <!-- [et_pb_line_break_holder] -->.blogy-blog-layout-45 .et_pb_post:hover img {<!-- [et_pb_line_break_holder] -->      transform: scale(0.95);<!-- [et_pb_line_break_holder] -->}<!-- [et_pb_line_break_holder] -->  <!-- [et_pb_line_break_holder] -->.blogy-blog-layout-45 .et_pb_post .post-meta {<!-- [et_pb_line_break_holder] -->    order: 2;<!-- [et_pb_line_break_holder] -->    position: relative;<!-- [et_pb_line_break_holder] -->    width: 100%;<!-- [et_pb_line_break_holder] -->}<!-- [et_pb_line_break_holder] -->  <!-- [et_pb_line_break_holder] -->.blogy-blog-layout-45 .et_pb_post .post-content {<!-- [et_pb_line_break_holder] -->    order: 3;<!-- [et_pb_line_break_holder] -->    position: relative;<!-- [et_pb_line_break_holder] -->}<!-- [et_pb_line_break_holder] -->  <!-- [et_pb_line_break_holder] -->.blogy-blog-layout-45 .et_pb_post .entry-featured-image-url {<!-- [et_pb_line_break_holder] -->    margin-bottom: 10px;<!-- [et_pb_line_break_holder] -->}<!-- [et_pb_line_break_holder] -->  <!-- [et_pb_line_break_holder] -->.blogy-blog-layout-45 .et_pb_post a.more-link {<!-- [et_pb_line_break_holder] -->    background-color: #5d201c;<!-- [et_pb_line_break_holder] -->    border-radius: 50px;<!-- [et_pb_line_break_holder] -->    display: inline-block;<!-- [et_pb_line_break_holder] -->    margin-top: 10px;<!-- [et_pb_line_break_holder] -->    padding: 8px 15px;<!-- [et_pb_line_break_holder] -->    text-transform: capitalize;<!-- [et_pb_line_break_holder] -->}<!-- [et_pb_line_break_holder] -->  <!-- [et_pb_line_break_holder] --><\/style76163e[\/et_pb_code][et_pb_blog fullwidth=\"off\" posts_number=\"6\" include_categories=\"27\" excerpt_length=\"120\" show_more=\"on\" show_author=\"off\" show_date=\"off\" module_class=\"blogy-blog-layout-45\" _builder_version=\"4.27.4\" _module_preset=\"default\" header_font=\"|300|||||||\" header_text_color=\"#000000\" header_font_size=\"22px\" header_line_height=\"1.2em\" body_text_color=\"#000000\" meta_font=\"|600|||||||\" meta_text_color=\"#76163e\" meta_font_size=\"13px\" meta_line_height=\"1.8em\" read_more_font=\"||||||||\" read_more_text_color=\"#FFFFFF\" pagination_font=\"||on||||||\" pagination_text_color=\"#5D201C\" hover_enabled=\"0\" header_font_size_tablet=\"\" header_font_size_phone=\"20px\" header_font_size_last_edited=\"on|phone\" border_radii=\"on|5px|5px|5px|5px\" border_width_all=\"0px\" locked=\"off\" global_colors_info=\"{}\" sticky_enabled=\"0\"][\/et_pb_blog][\/et_pb_column][\/et_pb_row][\/et_pb_section] \n\n","protected":false},"excerpt":{"rendered":"<p>Il festival di Bogen\u0161perkDa maggio a settembre il Festival di Bogen\u0161perk arricchisce il castello di Bogen\u0161perk e \u0160martno con cultura selezionata, cucina di alto livello e musica eccellente. Godetevi l&#8217;estate in uno dei castelli pi\u00f9 belli della Slovenia, godetevi l&#8217;estate con il Festival di Bogen\u0161perk.Festival Bogen\u0161perk 2025: Orlek &amp; Mi2, Flirrt, Maraaya, Hamo&amp;Tribute2love, \u0160ank rock \u00bbakustika\u00ab z gosti, Oto Pestner in Toni Pov\u0161e, Ditka in Feri Lain\u0161\u010dek, &#8230; Okusi z gradu, Okusi z gradu na kvadrat, \u0160martno kuha. Umetni\u0161ke razstave slovenskih in mednarodno uveljavljenih umetnikov. Klasi\u010dna glasba, gledali\u0161\u010de, literatura, rekreacija in program za najmlaj\u0161e. Uno sguardo al passato: Orlek, Mi2, Maraaya, Magnifico, Joker Out, Nina Pu\u0161lar, Jan Plestenjak, \u0160ank Rock, Batista Cadillac, Pero Lov\u0161in, Hamo &amp; Tribute to love, Pavlov, Tamburashki orkester \u0160martno con l&#8217;Ottetto Sloveno, &#8230; Piaceri culinari con i Cuochi di \u0160martno, i Sapori dal Castello e la Giornata dello Champagne Eventi letterari e musicali, mostre d&#8217;arte e l&#8217;ospitalit\u00e0 di Jazz &#8216;ma mlade, Seviqc. E questo:Il Festival Bogen\u0161perk promuove anche la cooperazione internazionale (progetti grafici internazionali Lifelines, mostre e concerti di artisti di fama internazionale), ospita altri festival di alto profilo (Jazz ma mlade, Seviqc Bre\u017eice, ecc.) ed \u00e8 un punto d&#8217;incontro per i creatori di eventi sociali [&hellip;]<\/p>\n","protected":false},"author":1,"featured_media":0,"parent":0,"menu_order":0,"comment_status":"closed","ping_status":"closed","template":"","meta":{"_et_pb_use_builder":"on","_et_pb_old_content":"","_et_gb_content_width":"","inline_featured_image":false,"footnotes":""},"class_list":["post-4406453","page","type-page","status-publish","hentry"],"yoast_head":"<!-- This site is optimized with the Yoast SEO plugin v27.6 - https:\/\/yoast.com\/product\/yoast-seo-wordpress\/ -->\n<title>Il festival di Bogen\u0161perk - Grad Bogen\u0161perk<\/title>\n<meta name=\"description\" content=\"Da maggio a settembre il Festival di Bogen\u0161perk arricchisce il castello di Bogen\u0161perk e \u0160martno con cultura selezionata, cucina di alto livello e musica eccellente.\" \/>\n<meta name=\"robots\" content=\"index, follow, max-snippet:-1, max-image-preview:large, max-video-preview:-1\" \/>\n<link rel=\"canonical\" href=\"https:\/\/bogensperk.si\/it\/il-festival-di-bogensperk\/\" \/>\n<meta property=\"og:locale\" content=\"it_IT\" \/>\n<meta property=\"og:type\" content=\"article\" \/>\n<meta property=\"og:title\" content=\"Il festival di Bogen\u0161perk - Grad Bogen\u0161perk\" \/>\n<meta property=\"og:description\" content=\"Da maggio a settembre il Festival di Bogen\u0161perk arricchisce il castello di Bogen\u0161perk e \u0160martno con cultura selezionata, cucina di alto livello e musica eccellente.\" \/>\n<meta property=\"og:url\" content=\"https:\/\/bogensperk.si\/it\/il-festival-di-bogensperk\/\" \/>\n<meta property=\"og:site_name\" content=\"Grad Bogen\u0161perk\" \/>\n<meta property=\"article:modified_time\" content=\"2025-05-17T04:33:11+00:00\" \/>\n<meta property=\"og:image\" content=\"https:\/\/bogensperk.si\/wp-content\/uploads\/2024\/08\/bogensperk-festival-2024-22.webp\" \/>\n\t<meta property=\"og:image:width\" content=\"2048\" \/>\n\t<meta property=\"og:image:height\" content=\"1365\" \/>\n\t<meta property=\"og:image:type\" content=\"image\/webp\" \/>\n<meta name=\"twitter:card\" content=\"summary_large_image\" \/>\n<meta name=\"twitter:label1\" content=\"Tempo di lettura stimato\" \/>\n\t<meta name=\"twitter:data1\" content=\"2 minuti\" \/>\n<script type=\"application\/ld+json\" class=\"yoast-schema-graph\">{\"@context\":\"https:\\\/\\\/schema.org\",\"@graph\":[{\"@type\":\"WebPage\",\"@id\":\"https:\\\/\\\/bogensperk.si\\\/it\\\/il-festival-di-bogensperk\\\/\",\"url\":\"https:\\\/\\\/bogensperk.si\\\/it\\\/il-festival-di-bogensperk\\\/\",\"name\":\"Il festival di Bogen\u0161perk - Grad Bogen\u0161perk\",\"isPartOf\":{\"@id\":\"https:\\\/\\\/bogensperk.si\\\/it\\\/#website\"},\"datePublished\":\"2024-06-15T05:03:50+00:00\",\"dateModified\":\"2025-05-17T04:33:11+00:00\",\"description\":\"Da maggio a settembre il Festival di Bogen\u0161perk arricchisce il castello di Bogen\u0161perk e \u0160martno con cultura selezionata, cucina di alto livello e musica eccellente.\",\"breadcrumb\":{\"@id\":\"https:\\\/\\\/bogensperk.si\\\/it\\\/il-festival-di-bogensperk\\\/#breadcrumb\"},\"inLanguage\":\"it-IT\",\"potentialAction\":[{\"@type\":\"ReadAction\",\"target\":[\"https:\\\/\\\/bogensperk.si\\\/it\\\/il-festival-di-bogensperk\\\/\"]}]},{\"@type\":\"BreadcrumbList\",\"@id\":\"https:\\\/\\\/bogensperk.si\\\/it\\\/il-festival-di-bogensperk\\\/#breadcrumb\",\"itemListElement\":[{\"@type\":\"ListItem\",\"position\":1,\"name\":\"Home\",\"item\":\"https:\\\/\\\/bogensperk.si\\\/it\\\/\"},{\"@type\":\"ListItem\",\"position\":2,\"name\":\"Il festival di Bogen\u0161perk\"}]},{\"@type\":\"WebSite\",\"@id\":\"https:\\\/\\\/bogensperk.si\\\/it\\\/#website\",\"url\":\"https:\\\/\\\/bogensperk.si\\\/it\\\/\",\"name\":\"Grad Bogen\u0161perk\",\"description\":\"Renesan\u010dni grad Bogen\u0161perk, prostor mnogih kulturnih dogodkov.\",\"potentialAction\":[{\"@type\":\"SearchAction\",\"target\":{\"@type\":\"EntryPoint\",\"urlTemplate\":\"https:\\\/\\\/bogensperk.si\\\/it\\\/?s={search_term_string}\"},\"query-input\":{\"@type\":\"PropertyValueSpecification\",\"valueRequired\":true,\"valueName\":\"search_term_string\"}}],\"inLanguage\":\"it-IT\"}]}<\/script>\n<!-- \/ Yoast SEO plugin. -->","yoast_head_json":{"title":"Il festival di Bogen\u0161perk - Grad Bogen\u0161perk","description":"Da maggio a settembre il Festival di Bogen\u0161perk arricchisce il castello di Bogen\u0161perk e \u0160martno con cultura selezionata, cucina di alto livello e musica eccellente.","robots":{"index":"index","follow":"follow","max-snippet":"max-snippet:-1","max-image-preview":"max-image-preview:large","max-video-preview":"max-video-preview:-1"},"canonical":"https:\/\/bogensperk.si\/it\/il-festival-di-bogensperk\/","og_locale":"it_IT","og_type":"article","og_title":"Il festival di Bogen\u0161perk - Grad Bogen\u0161perk","og_description":"Da maggio a settembre il Festival di Bogen\u0161perk arricchisce il castello di Bogen\u0161perk e \u0160martno con cultura selezionata, cucina di alto livello e musica eccellente.","og_url":"https:\/\/bogensperk.si\/it\/il-festival-di-bogensperk\/","og_site_name":"Grad Bogen\u0161perk","article_modified_time":"2025-05-17T04:33:11+00:00","og_image":[{"width":2048,"height":1365,"url":"https:\/\/bogensperk.si\/wp-content\/uploads\/2024\/08\/bogensperk-festival-2024-22.webp","type":"image\/webp"}],"twitter_card":"summary_large_image","twitter_misc":{"Tempo di lettura stimato":"2 minuti"},"schema":{"@context":"https:\/\/schema.org","@graph":[{"@type":"WebPage","@id":"https:\/\/bogensperk.si\/it\/il-festival-di-bogensperk\/","url":"https:\/\/bogensperk.si\/it\/il-festival-di-bogensperk\/","name":"Il festival di Bogen\u0161perk - Grad Bogen\u0161perk","isPartOf":{"@id":"https:\/\/bogensperk.si\/it\/#website"},"datePublished":"2024-06-15T05:03:50+00:00","dateModified":"2025-05-17T04:33:11+00:00","description":"Da maggio a settembre il Festival di Bogen\u0161perk arricchisce il castello di Bogen\u0161perk e \u0160martno con cultura selezionata, cucina di alto livello e musica eccellente.","breadcrumb":{"@id":"https:\/\/bogensperk.si\/it\/il-festival-di-bogensperk\/#breadcrumb"},"inLanguage":"it-IT","potentialAction":[{"@type":"ReadAction","target":["https:\/\/bogensperk.si\/it\/il-festival-di-bogensperk\/"]}]},{"@type":"BreadcrumbList","@id":"https:\/\/bogensperk.si\/it\/il-festival-di-bogensperk\/#breadcrumb","itemListElement":[{"@type":"ListItem","position":1,"name":"Home","item":"https:\/\/bogensperk.si\/it\/"},{"@type":"ListItem","position":2,"name":"Il festival di Bogen\u0161perk"}]},{"@type":"WebSite","@id":"https:\/\/bogensperk.si\/it\/#website","url":"https:\/\/bogensperk.si\/it\/","name":"Grad Bogen\u0161perk","description":"Renesan\u010dni grad Bogen\u0161perk, prostor mnogih kulturnih dogodkov.","potentialAction":[{"@type":"SearchAction","target":{"@type":"EntryPoint","urlTemplate":"https:\/\/bogensperk.si\/it\/?s={search_term_string}"},"query-input":{"@type":"PropertyValueSpecification","valueRequired":true,"valueName":"search_term_string"}}],"inLanguage":"it-IT"}]}},"_links":{"self":[{"href":"https:\/\/bogensperk.si\/it\/wp-json\/wp\/v2\/pages\/4406453","targetHints":{"allow":["GET"]}}],"collection":[{"href":"https:\/\/bogensperk.si\/it\/wp-json\/wp\/v2\/pages"}],"about":[{"href":"https:\/\/bogensperk.si\/it\/wp-json\/wp\/v2\/types\/page"}],"author":[{"embeddable":true,"href":"https:\/\/bogensperk.si\/it\/wp-json\/wp\/v2\/users\/1"}],"replies":[{"embeddable":true,"href":"https:\/\/bogensperk.si\/it\/wp-json\/wp\/v2\/comments?post=4406453"}],"version-history":[{"count":5,"href":"https:\/\/bogensperk.si\/it\/wp-json\/wp\/v2\/pages\/4406453\/revisions"}],"predecessor-version":[{"id":4407659,"href":"https:\/\/bogensperk.si\/it\/wp-json\/wp\/v2\/pages\/4406453\/revisions\/4407659"}],"wp:attachment":[{"href":"https:\/\/bogensperk.si\/it\/wp-json\/wp\/v2\/media?parent=4406453"}],"curies":[{"name":"wp","href":"https:\/\/api.w.org\/{rel}","templated":true}]}}