{"id":4406383,"date":"2024-08-01T13:13:05","date_gmt":"2024-08-01T11:13:05","guid":{"rendered":"https:\/\/test.bogensperk.si\/vstopnice-festival-bogensperk\/"},"modified":"2025-03-15T14:15:15","modified_gmt":"2025-03-15T13:15:15","slug":"vstopnice-festival-bogensperk","status":"publish","type":"page","link":"https:\/\/bogensperk.si\/it\/vstopnice-festival-bogensperk\/","title":{"rendered":"Biglietti Festival Bogen\u0161perk"},"content":{"rendered":"<p>[et_pb_section fb_built=&#8221;1&#8243; admin_label=&#8221;Header&#8221; _builder_version=&#8221;4.27.0&#8243; _module_preset=&#8221;default&#8221; background_color=&#8221;rgba(93,32,28,0.1)&#8221; custom_padding=&#8221;||0px|||&#8221; global_colors_info=&#8221;{}&#8221;][et_pb_row _builder_version=&#8221;4.16&#8243; _module_preset=&#8221;default&#8221; global_colors_info=&#8221;{}&#8221;][et_pb_column type=&#8221;4_4&#8243; _builder_version=&#8221;4.16&#8243; _module_preset=&#8221;default&#8221; global_colors_info=&#8221;{}&#8221;][et_pb_text _builder_version=&#8221;4.27.4&#8243; _module_preset=&#8221;d72c0383-6487-4f2c-ac5c-7d48a6376757&#8243; header_font=&#8221;&#8211;et_global_heading_font||||||||&#8221; header_text_color=&#8221;#000000&#8243; header_font_size=&#8221;60px&#8221; header_line_height=&#8221;1.1em&#8221; hover_enabled=&#8221;0&#8243; header_font_size_tablet=&#8221;60px&#8221; header_font_size_phone=&#8221;26px&#8221; header_font_size_last_edited=&#8221;on|phone&#8221; global_colors_info=&#8221;{}&#8221; sticky_enabled=&#8221;0&#8243;]<\/p>\n<h1>Biglietti<\/h1>\n<p>[\/et_pb_text][\/et_pb_column][\/et_pb_row][\/et_pb_section][et_pb_section fb_built=&#8221;1&#8243; specialty=&#8221;on&#8221; admin_label=&#8221;Pricing&#8221; _builder_version=&#8221;4.27.0&#8243; _module_preset=&#8221;default&#8221; background_color=&#8221;rgba(93,32,28,0.08)&#8221; custom_padding=&#8221;0px||0px|||&#8221; global_colors_info=&#8221;{}&#8221;][et_pb_column type=&#8221;1_2&#8243; _builder_version=&#8221;4.16&#8243; custom_padding=&#8221;|||&#8221; global_colors_info=&#8221;{}&#8221; custom_padding__hover=&#8221;|||&#8221;][et_pb_text _builder_version=&#8221;4.27.4&#8243; _module_preset=&#8221;4deaa1a6-d0cd-49d0-ada3-8dc22addd086&#8243; header_4_font=&#8221;&#8211;et_global_heading_font|||on|||||&#8221; header_4_font_size=&#8221;15px&#8221; header_4_letter_spacing=&#8221;1em&#8221; header_4_line_height=&#8221;2.5em&#8221; custom_margin=&#8221;||0px||false|false&#8221; hover_enabled=&#8221;0&#8243; header_4_font_size_tablet=&#8221;16px&#8221; header_4_font_size_phone=&#8221;14px&#8221; header_4_font_size_last_edited=&#8221;off|desktop&#8221; global_colors_info=&#8221;{}&#8221; sticky_enabled=&#8221;0&#8243;]<\/p>\n<h4>Punti di vendita<\/h4>\n<p>[\/et_pb_text][et_pb_text _builder_version=&#8221;4.27.4&#8243; _module_preset=&#8221;default&#8221; hover_enabled=&#8221;0&#8243; locked=&#8221;off&#8221; global_colors_info=&#8221;{}&#8221; sticky_enabled=&#8221;0&#8243;]<\/p>\n<p>\u00c8 possibile acquistare i biglietti comodamente seduti in poltrona, tramite i siti web dei fornitori:<\/p>\n<ul>\n<li>Eventim e<\/li>\n<li>Entrio<\/li>\n<\/ul>\n<p>o presso Eventim, Entrio e:<\/p>\n<ul>\n<li>TIC \u0160martno pri Litiji (telefono: 082 00 61 68)<\/li>\n<li>Reception del Castello di Bogen\u0161perk (telefono 01 89 87 867)<\/li>\n<\/ul>\n<p>Seguite il nostro sito web e i nostri social network Facebook e Instagram o contattateci all&#8217;indirizzo rezervacije@bogensperk.si.<\/p>\n<p>[\/et_pb_text][\/et_pb_column][et_pb_column type=&#8221;1_2&#8243; specialty_columns=&#8221;2&#8243; _builder_version=&#8221;4.16&#8243; custom_padding=&#8221;|||&#8221; global_colors_info=&#8221;{}&#8221; custom_padding__hover=&#8221;|||&#8221;][et_pb_row_inner _builder_version=&#8221;4.27.0&#8243; _module_preset=&#8221;default&#8221; global_colors_info=&#8221;{}&#8221;][et_pb_column_inner saved_specialty_column_type=&#8221;1_2&#8243; _builder_version=&#8221;4.27.0&#8243; _module_preset=&#8221;default&#8221; global_colors_info=&#8221;{}&#8221;][et_pb_image src=&#8221;https:\/\/bogensperk.si\/wp-content\/uploads\/2024\/08\/nina-koncert-bogensperk.webp&#8221; alt=&#8221;Biglietti Bogen\u0161perk&#8221; title_text=&#8221;nina-concerto-bogensperk&#8221; _builder_version=&#8221;4.27.0&#8243; _module_preset=&#8221;default&#8221; global_colors_info=&#8221;{}&#8221;][\/et_pb_image][\/et_pb_column_inner][\/et_pb_row_inner][\/et_pb_column][\/et_pb_section][et_pb_section fb_built=&#8221;1&#8243; admin_label=&#8221;Pricing&#8221; _builder_version=&#8221;4.27.0&#8243; _module_preset=&#8221;default&#8221; background_color=&#8221;rgba(93,32,28,0.08)&#8221; global_colors_info=&#8221;{}&#8221;][et_pb_row column_structure=&#8221;1_4,1_2,1_4&#8243; _builder_version=&#8221;4.27.0&#8243; _module_preset=&#8221;default&#8221; border_color_all=&#8221;rgba(0,0,0,0.06)&#8221; border_width_bottom=&#8221;2px&#8221; locked=&#8221;off&#8221; global_colors_info=&#8221;{}&#8221;][et_pb_column type=&#8221;1_4&#8243; _builder_version=&#8221;4.16&#8243; _module_preset=&#8221;default&#8221; global_colors_info=&#8221;{}&#8221;][et_pb_text _builder_version=&#8221;4.27.0&#8243; _module_preset=&#8221;0d1dcb4c-f28c-4a41-972c-ecb508cfdc14&#8243; text_font=&#8221;|700|||||||&#8221; text_text_color=&#8221;#5D201C&#8221; text_font_size=&#8221;24px&#8221; text_line_height=&#8221;1.5em&#8221; custom_margin=&#8221;||10px||false|false&#8221; text_font_size_tablet=&#8221;13px&#8221; text_font_size_phone=&#8221;12px&#8221; text_font_size_last_edited=&#8221;on|desktop&#8221; header_font_size_tablet=&#8221;55px&#8221; header_font_size_last_edited=&#8221;off|desktop&#8221; locked=&#8221;off&#8221; global_colors_info=&#8221;{}&#8221;]<\/p>\n<p><strong><span>Seviqc Bre\u017eice: Giuliano Eccher, viola de gamba (IT) e Nedka Petkowa, clavicembalo (SI), concerto di musica classica<\/span><\/strong><\/p>\n<p>[\/et_pb_text][\/et_pb_column][et_pb_column type=&#8221;1_2&#8243; _builder_version=&#8221;4.16&#8243; _module_preset=&#8221;default&#8221; global_colors_info=&#8221;{}&#8221;][dsm_icon_list icon_color=&#8221;#5D201C&#8221; _builder_version=&#8221;4.27.0&#8243; _module_preset=&#8221;default&#8221; global_colors_info=&#8221;{}&#8221;][dsm_icon_list_child text=&#8221;Venerd\u00ec 16. 8. alle 18.30&#8243; font_icon=&#8221;&#xf017;||fa||900&#8243; _builder_version=&#8221;4.27.0&#8243; _module_preset=&#8221;default&#8221; global_colors_info=&#8221;{}&#8221;][\/dsm_icon_list_child][dsm_icon_list_child text=&#8221;Castello di Bogen\u0161perk, atrio del castello&#8221; font_icon=&#8221;&#xe081;||divi||400&#8243; _builder_version=&#8221;4.27.0&#8243; _module_preset=&#8221;default&#8221; global_colors_info=&#8221;{}&#8221;][\/dsm_icon_list_child][\/dsm_icon_list][et_pb_text _builder_version=&#8221;4.27.0&#8243; _module_preset=&#8221;0d1dcb4c-f28c-4a41-972c-ecb508cfdc14&#8243; text_text_color=&#8221;rgba(0,0,0,0.8)&#8221; text_font_size=&#8221;16px&#8221; text_line_height=&#8221;1.8em&#8221; text_font_size_tablet=&#8221;13px&#8221; text_font_size_phone=&#8221;12px&#8221; text_font_size_last_edited=&#8221;on|desktop&#8221; header_font_size_tablet=&#8221;55px&#8221; header_font_size_last_edited=&#8221;off|desktop&#8221; locked=&#8221;off&#8221; global_colors_info=&#8221;{}&#8221;]<\/p>\n<p>Prezzo del biglietto per il pre-talk (conversazione con gli artisti): \u20ac 0<br \/>I prezzi dei biglietti per il concerto variano a seconda del momento dell&#8217;acquisto:<a href=\"https:\/\/www.seviqc.si\/cene-vstopnic.html\" target=\"_blank\" rel=\"noopener\"> sul sito web<\/a>.<br \/>Punti vendita: Seviqc Bre\u017eice, TIC \u0160martno, Castello di Bogen\u0161perk<\/p>\n<p>[\/et_pb_text][\/et_pb_column][et_pb_column type=&#8221;1_4&#8243; _builder_version=&#8221;4.16&#8243; _module_preset=&#8221;default&#8221; global_colors_info=&#8221;{}&#8221;][\/et_pb_column][\/et_pb_row][et_pb_row column_structure=&#8221;1_4,1_2,1_4&#8243; _builder_version=&#8221;4.16&#8243; _module_preset=&#8221;default&#8221; border_color_all=&#8221;rgba(0,0,0,0.06)&#8221; border_width_bottom=&#8221;2px&#8221; locked=&#8221;off&#8221; global_colors_info=&#8221;{}&#8221;][et_pb_column type=&#8221;1_4&#8243; _builder_version=&#8221;4.16&#8243; _module_preset=&#8221;default&#8221; global_colors_info=&#8221;{}&#8221;][et_pb_text _builder_version=&#8221;4.27.0&#8243; _module_preset=&#8221;0d1dcb4c-f28c-4a41-972c-ecb508cfdc14&#8243; text_font=&#8221;|700|||||||&#8221; text_text_color=&#8221;#5D201C&#8221; text_font_size=&#8221;24px&#8221; text_line_height=&#8221;1.5em&#8221; custom_margin=&#8221;||10px||false|false&#8221; text_font_size_tablet=&#8221;13px&#8221; text_font_size_phone=&#8221;12px&#8221; text_font_size_last_edited=&#8221;on|desktop&#8221; header_font_size_tablet=&#8221;55px&#8221; header_font_size_last_edited=&#8221;off|desktop&#8221; locked=&#8221;off&#8221; global_colors_info=&#8221;{}&#8221;]<\/p>\n<p><strong><span>\u0160ank Rock &#8220;Akustika&#8221; con ospiti<\/span><\/strong><\/p>\n<p>[\/et_pb_text][et_pb_text _builder_version=&#8221;4.27.0&#8243; _module_preset=&#8221;0d1dcb4c-f28c-4a41-972c-ecb508cfdc14&#8243; text_text_color=&#8221;rgba(0,0,0,0.8)&#8221; text_font_size=&#8221;16px&#8221; text_line_height=&#8221;1.8em&#8221; custom_margin=&#8221;20px||0px||false|false&#8221; text_font_size_tablet=&#8221;13px&#8221; text_font_size_phone=&#8221;12px&#8221; text_font_size_last_edited=&#8221;on|desktop&#8221; header_font_size_tablet=&#8221;55px&#8221; header_font_size_last_edited=&#8221;off|desktop&#8221; locked=&#8221;off&#8221; global_colors_info=&#8221;{}&#8221;]<\/p>\n<p>Stand a prezzo normale:<\/p>\n<p>[\/et_pb_text][et_pb_text _builder_version=&#8221;4.27.0&#8243; _module_preset=&#8221;0d1dcb4c-f28c-4a41-972c-ecb508cfdc14&#8243; text_font=&#8221;|700|||||||&#8221; text_text_color=&#8221;#5D201C&#8221; text_font_size=&#8221;24px&#8221; text_line_height=&#8221;1.8em&#8221; custom_margin=&#8221;||10px||false|false&#8221; text_font_size_tablet=&#8221;13px&#8221; text_font_size_phone=&#8221;12px&#8221; text_font_size_last_edited=&#8221;on|desktop&#8221; header_font_size_tablet=&#8221;55px&#8221; header_font_size_last_edited=&#8221;off|desktop&#8221; locked=&#8221;off&#8221; global_colors_info=&#8221;{}&#8221;]<\/p>\n<p><strong><span>25 \u20ac<\/span><\/strong><\/p>\n<p>[\/et_pb_text][\/et_pb_column][et_pb_column type=&#8221;1_2&#8243; _builder_version=&#8221;4.16&#8243; _module_preset=&#8221;default&#8221; global_colors_info=&#8221;{}&#8221;][dsm_icon_list icon_color=&#8221;#5D201C&#8221; _builder_version=&#8221;4.27.0&#8243; _module_preset=&#8221;default&#8221; global_colors_info=&#8221;{}&#8221;][dsm_icon_list_child text=&#8221;Venerd\u00ec 6. 9. alle 20.00&#8243; font_icon=&#8221;&#xf017;||fa||900&#8243; _builder_version=&#8221;4.27.0&#8243; _module_preset=&#8221;default&#8221; global_colors_info=&#8221;{}&#8221;][\/dsm_icon_list_child][dsm_icon_list_child text=&#8221;Castello di Bogen\u0161perk, terrazza del castello&#8221; font_icon=&#8221;&#xe081;||divi||400&#8243; _builder_version=&#8221;4.27.0&#8243; _module_preset=&#8221;default&#8221; global_colors_info=&#8221;{}&#8221;][\/dsm_icon_list_child][\/dsm_icon_list][et_pb_text _builder_version=&#8221;4.27.0&#8243; _module_preset=&#8221;0d1dcb4c-f28c-4a41-972c-ecb508cfdc14&#8243; text_text_color=&#8221;rgba(0,0,0,0.8)&#8221; text_font_size=&#8221;16px&#8221; text_line_height=&#8221;1.8em&#8221; text_font_size_tablet=&#8221;13px&#8221; text_font_size_phone=&#8221;12px&#8221; text_font_size_last_edited=&#8221;on|desktop&#8221; header_font_size_tablet=&#8221;55px&#8221; header_font_size_last_edited=&#8221;off|desktop&#8221; locked=&#8221;off&#8221; global_colors_info=&#8221;{}&#8221;]<\/p>\n<p>TIC \u0160martno, Castello di Bogen\u0161perk, punti vendita Eventim<\/p>\n<p>[\/et_pb_text][\/et_pb_column][et_pb_column type=&#8221;1_4&#8243; _builder_version=&#8221;4.16&#8243; _module_preset=&#8221;default&#8221; global_colors_info=&#8221;{}&#8221;][et_pb_button button_url=&#8221;https:\/\/www.eventim.si\/si\/vstopnice\/hamo-tribute-2-love-smartno-pri-litiji-grad-bogensperk-641016\/event.html&#8221; button_text=&#8221;Acquisto online&#8221; button_alignment=&#8221;left&#8221; _builder_version=&#8221;4.27.0&#8243; _module_preset=&#8221;1698ed0d-a498-447e-869a-7364a50f7d82&#8243; custom_button=&#8221;on&#8221; button_text_size=&#8221;14px&#8221; button_text_color=&#8221;#5D201C&#8221; button_bg_color=&#8221;RGBA(0,0,0,0)&#8221; button_border_radius=&#8221;0px&#8221; button_letter_spacing=&#8221;3px&#8221; button_font=&#8221;|700||on|||||&#8221; background_layout=&#8221;dark&#8221; custom_padding=&#8221;14px|30px|14px|30px|true|true&#8221; global_colors_info=&#8221;{}&#8221; button_bg_color__hover=&#8221;#BCA274&#8243; button_bg_color__hover_enabled=&#8221;on|hover&#8221; button_text_color__hover=&#8221;#FFFFFF&#8221; button_text_color__hover_enabled=&#8221;on|hover&#8221; button_border_color__hover=&#8221;RGBA(0,0,0,0)&#8221; button_border_color__hover_enabled=&#8221;on|desktop&#8221; button_bg_enable_color__hover=&#8221;on&#8221;][\/et_pb_button][\/et_pb_column][\/et_pb_row][et_pb_row column_structure=&#8221;1_4,1_2,1_4&#8243; _builder_version=&#8221;4.16&#8243; _module_preset=&#8221;default&#8221; border_color_all=&#8221;rgba(0,0,0,0.06)&#8221; border_width_bottom=&#8221;2px&#8221; locked=&#8221;off&#8221; global_colors_info=&#8221;{}&#8221;][et_pb_column type=&#8221;1_4&#8243; _builder_version=&#8221;4.16&#8243; _module_preset=&#8221;default&#8221; global_colors_info=&#8221;{}&#8221;][et_pb_text _builder_version=&#8221;4.27.0&#8243; _module_preset=&#8221;0d1dcb4c-f28c-4a41-972c-ecb508cfdc14&#8243; text_font=&#8221;|700|||||||&#8221; text_text_color=&#8221;#5D201C&#8221; text_font_size=&#8221;24px&#8221; text_line_height=&#8221;1.5em&#8221; custom_margin=&#8221;||10px||false|false&#8221; text_font_size_tablet=&#8221;13px&#8221; text_font_size_phone=&#8221;12px&#8221; text_font_size_last_edited=&#8221;on|desktop&#8221; header_font_size_tablet=&#8221;55px&#8221; header_font_size_last_edited=&#8221;off|desktop&#8221; locked=&#8221;off&#8221; global_colors_info=&#8221;{}&#8221;]<\/p>\n<p><strong><span>Ottetto Valvasor &#8211; Domenica pomeriggio da Valvasor<\/span><\/strong><\/p>\n<p>[\/et_pb_text][\/et_pb_column][et_pb_column type=&#8221;1_2&#8243; _builder_version=&#8221;4.16&#8243; _module_preset=&#8221;default&#8221; global_colors_info=&#8221;{}&#8221;][dsm_icon_list icon_color=&#8221;#5D201C&#8221; _builder_version=&#8221;4.27.0&#8243; _module_preset=&#8221;default&#8221; global_colors_info=&#8221;{}&#8221;][dsm_icon_list_child text=&#8221;Domenica 29. 9. alle 15.00&#8243; font_icon=&#8221;&#xf017;||fa||900&#8243; _builder_version=&#8221;4.27.0&#8243; _module_preset=&#8221;default&#8221; global_colors_info=&#8221;{}&#8221;][\/dsm_icon_list_child][dsm_icon_list_child text=&#8221;Castello di Bogen\u0161perk, atrio del castello&#8221; font_icon=&#8221;&#xe081;||divi||400&#8243; _builder_version=&#8221;4.27.0&#8243; _module_preset=&#8221;default&#8221; global_colors_info=&#8221;{}&#8221;][\/dsm_icon_list_child][\/dsm_icon_list][et_pb_text _builder_version=&#8221;4.27.0&#8243; _module_preset=&#8221;0d1dcb4c-f28c-4a41-972c-ecb508cfdc14&#8243; text_text_color=&#8221;rgba(0,0,0,0.8)&#8221; text_font_size=&#8221;16px&#8221; text_line_height=&#8221;1.8em&#8221; custom_margin=&#8221;20px||0px||false|false&#8221; text_font_size_tablet=&#8221;13px&#8221; text_font_size_phone=&#8221;12px&#8221; text_font_size_last_edited=&#8221;on|desktop&#8221; header_font_size_tablet=&#8221;55px&#8221; header_font_size_last_edited=&#8221;off|desktop&#8221; locked=&#8221;off&#8221; global_colors_info=&#8221;{}&#8221;]<\/p>\n<p>INGRESSO GRATUITO!<\/p>\n<p>[\/et_pb_text][\/et_pb_column][et_pb_column type=&#8221;1_4&#8243; _builder_version=&#8221;4.16&#8243; _module_preset=&#8221;default&#8221; global_colors_info=&#8221;{}&#8221;][\/et_pb_column][\/et_pb_row][\/et_pb_section]<\/p>\n","protected":false},"excerpt":{"rendered":"<p>BigliettiPunti di vendita\u00c8 possibile acquistare i biglietti comodamente seduti in poltrona, tramite i siti web dei fornitori: Eventim e Entrio o presso Eventim, Entrio e: TIC \u0160martno pri Litiji (telefono: 082 00 61 68) Reception del Castello di Bogen\u0161perk (telefono 01 89 87 867) Seguite il nostro sito web e i nostri social network Facebook e Instagram o contattateci all&#8217;indirizzo rezervacije@bogensperk.si.Seviqc Bre\u017eice: Giuliano Eccher, viola de gamba (IT) e Nedka Petkowa, clavicembalo (SI), concerto di musica classica<div class=\"et_pb_module dsm_icon_list dsm_icon_list_0\">\n\t\t\t\t\n\t\t\t\t\n\t\t\t\t\n\t\t\t\t\n\t\t\t\t\n\t\t\t\t\n\t\t\t\t<div class=\"et_pb_module_inner\">\n\t\t\t\t\t<ul class=\"dsm_icon_list_items dsm_icon_list_ltr_direction dsm_icon_list_layout_vertical\"><li class=\"dsm_icon_list_child dsm_icon_list_child_0\">\n\t\t\t\t\n\t\t\t\t\n\t\t\t\t\n\t\t\t\t\n\t\t\t\t<span class=\"dsm_icon_list_wrapper\"><span class=\"dsm_icon_list_icon\">\uf017<\/span><\/span><span class=\"dsm_icon_list_text\">Venerd\u00ec 16. 8. alle 18.30<\/span>\n\t\t\t<\/li><li class=\"dsm_icon_list_child dsm_icon_list_child_1\">\n\t\t\t\t\n\t\t\t\t\n\t\t\t\t\n\t\t\t\t\n\t\t\t\t<span class=\"dsm_icon_list_wrapper\"><span class=\"dsm_icon_list_icon\">\ue081<\/span><\/span><span class=\"dsm_icon_list_text\">Castello di Bogen\u0161perk, atrio del castello<\/span>\n\t\t\t<\/li><\/ul>\n\t\t\t\t<\/div>\n\t\t\t<\/div>Prezzo del biglietto per il pre-talk (conversazione con gli artisti): \u20ac 0I prezzi dei biglietti per il concerto variano a seconda del momento dell&#8217;acquisto: sul sito web.Punti vendita: Seviqc Bre\u017eice, TIC \u0160martno, Castello di Bogen\u0161perk\u0160ank Rock &#8220;Akustika&#8221; con ospitiStand a prezzo normale:25 \u20ac<div class=\"et_pb_module dsm_icon_list dsm_icon_list_1\">\n\t\t\t\t\n\t\t\t\t\n\t\t\t\t\n\t\t\t\t\n\t\t\t\t\n\t\t\t\t\n\t\t\t\t<div class=\"et_pb_module_inner\">\n\t\t\t\t\t<ul class=\"dsm_icon_list_items dsm_icon_list_ltr_direction dsm_icon_list_layout_vertical\"><li class=\"dsm_icon_list_child dsm_icon_list_child_2\">\n\t\t\t\t\n\t\t\t\t\n\t\t\t\t\n\t\t\t\t\n\t\t\t\t<span class=\"dsm_icon_list_wrapper\"><span class=\"dsm_icon_list_icon\">\uf017<\/span><\/span><span class=\"dsm_icon_list_text\">Venerd\u00ec 6. 9. alle 20.00<\/span>\n\t\t\t<\/li><li class=\"dsm_icon_list_child dsm_icon_list_child_3\">\n\t\t\t\t\n\t\t\t\t\n\t\t\t\t\n\t\t\t\t\n\t\t\t\t<span class=\"dsm_icon_list_wrapper\"><span class=\"dsm_icon_list_icon\">\ue081<\/span><\/span><span class=\"dsm_icon_list_text\">Castello di Bogen\u0161perk, terrazza del castello<\/span>\n\t\t\t<\/li><\/ul>\n\t\t\t\t<\/div>\n\t\t\t<\/div>TIC \u0160martno, Castello di Bogen\u0161perk, punti vendita EventimOttetto Valvasor &#8211; Domenica pomeriggio da Valvasor<div class=\"et_pb_module dsm_icon_list dsm_icon_list_2\">\n\t\t\t\t\n\t\t\t\t\n\t\t\t\t\n\t\t\t\t\n\t\t\t\t\n\t\t\t\t\n\t\t\t\t<div class=\"et_pb_module_inner\">\n\t\t\t\t\t<ul class=\"dsm_icon_list_items dsm_icon_list_ltr_direction dsm_icon_list_layout_vertical\"><\/ul>\n\t\t\t\t<\/div>\n\t\t\t<\/div><li class=\"dsm_icon_list_child dsm_icon_list_child_4\">\n\t\t\t\t\n\t\t\t\t\n\t\t\t\t\n\t\t\t\t\n\t\t\t\t<span class=\"dsm_icon_list_wrapper\"><span class=\"dsm_icon_list_icon\">\uf017<\/span><\/span><span class=\"dsm_icon_list_text\">Domenica 29. 9. alle 15.00<\/span>\n\t\t\t<\/li><li class=\"dsm_icon_list_child dsm_icon_list_child_5\">\n\t\t\t\t\n\t\t\t\t\n\t\t\t\t\n\t\t\t\t\n\t\t\t\t<span class=\"dsm_icon_list_wrapper\"><span class=\"dsm_icon_list_icon\"><\/span><\/span><span class=\"dsm_icon_list_text\">&#8221;Castello<\/span>\n\t\t\t<\/li><\/p>\n","protected":false},"author":1,"featured_media":0,"parent":0,"menu_order":0,"comment_status":"closed","ping_status":"closed","template":"","meta":{"_et_pb_use_builder":"on","_et_pb_old_content":"","_et_gb_content_width":"","inline_featured_image":false,"footnotes":""},"class_list":["post-4406383","page","type-page","status-publish","hentry"],"yoast_head":"<!-- This site is optimized with the Yoast SEO plugin v27.5 - https:\/\/yoast.com\/product\/yoast-seo-wordpress\/ -->\n<title>Biglietti Festival Bogen\u0161perk - Grad Bogen\u0161perk<\/title>\n<meta name=\"description\" content=\"I biglietti possono essere acquistati comodamente seduti in poltrona, tramite i siti web di Eventim ed Entrio o presso i punti vendita.\" \/>\n<meta name=\"robots\" content=\"index, follow, max-snippet:-1, max-image-preview:large, max-video-preview:-1\" \/>\n<link rel=\"canonical\" href=\"https:\/\/bogensperk.si\/it\/vstopnice-festival-bogensperk\/\" \/>\n<meta property=\"og:locale\" content=\"it_IT\" \/>\n<meta property=\"og:type\" content=\"article\" \/>\n<meta property=\"og:title\" content=\"Biglietti Festival Bogen\u0161perk - Grad Bogen\u0161perk\" \/>\n<meta property=\"og:description\" content=\"I biglietti possono essere acquistati comodamente seduti in poltrona, tramite i siti web di Eventim ed Entrio o presso i punti vendita.\" \/>\n<meta property=\"og:url\" content=\"https:\/\/bogensperk.si\/it\/vstopnice-festival-bogensperk\/\" \/>\n<meta property=\"og:site_name\" content=\"Grad Bogen\u0161perk\" \/>\n<meta property=\"article:modified_time\" content=\"2025-03-15T13:15:15+00:00\" \/>\n<meta name=\"twitter:card\" content=\"summary_large_image\" \/>\n<meta name=\"twitter:label1\" content=\"Tempo di lettura stimato\" \/>\n\t<meta name=\"twitter:data1\" content=\"2 minuti\" \/>\n<script type=\"application\/ld+json\" class=\"yoast-schema-graph\">{\"@context\":\"https:\\\/\\\/schema.org\",\"@graph\":[{\"@type\":\"WebPage\",\"@id\":\"https:\\\/\\\/bogensperk.si\\\/it\\\/vstopnice-festival-bogensperk\\\/\",\"url\":\"https:\\\/\\\/bogensperk.si\\\/it\\\/vstopnice-festival-bogensperk\\\/\",\"name\":\"Biglietti Festival Bogen\u0161perk - Grad Bogen\u0161perk\",\"isPartOf\":{\"@id\":\"https:\\\/\\\/bogensperk.si\\\/it\\\/#website\"},\"datePublished\":\"2024-08-01T11:13:05+00:00\",\"dateModified\":\"2025-03-15T13:15:15+00:00\",\"description\":\"I biglietti possono essere acquistati comodamente seduti in poltrona, tramite i siti web di Eventim ed Entrio o presso i punti vendita.\",\"breadcrumb\":{\"@id\":\"https:\\\/\\\/bogensperk.si\\\/it\\\/vstopnice-festival-bogensperk\\\/#breadcrumb\"},\"inLanguage\":\"it-IT\",\"potentialAction\":[{\"@type\":\"ReadAction\",\"target\":[\"https:\\\/\\\/bogensperk.si\\\/it\\\/vstopnice-festival-bogensperk\\\/\"]}]},{\"@type\":\"BreadcrumbList\",\"@id\":\"https:\\\/\\\/bogensperk.si\\\/it\\\/vstopnice-festival-bogensperk\\\/#breadcrumb\",\"itemListElement\":[{\"@type\":\"ListItem\",\"position\":1,\"name\":\"Home\",\"item\":\"https:\\\/\\\/bogensperk.si\\\/it\\\/\"},{\"@type\":\"ListItem\",\"position\":2,\"name\":\"Biglietti Festival Bogen\u0161perk\"}]},{\"@type\":\"WebSite\",\"@id\":\"https:\\\/\\\/bogensperk.si\\\/it\\\/#website\",\"url\":\"https:\\\/\\\/bogensperk.si\\\/it\\\/\",\"name\":\"Grad Bogen\u0161perk\",\"description\":\"Renesan\u010dni grad Bogen\u0161perk, prostor mnogih kulturnih dogodkov.\",\"potentialAction\":[{\"@type\":\"SearchAction\",\"target\":{\"@type\":\"EntryPoint\",\"urlTemplate\":\"https:\\\/\\\/bogensperk.si\\\/it\\\/?s={search_term_string}\"},\"query-input\":{\"@type\":\"PropertyValueSpecification\",\"valueRequired\":true,\"valueName\":\"search_term_string\"}}],\"inLanguage\":\"it-IT\"}]}<\/script>\n<!-- \/ Yoast SEO plugin. -->","yoast_head_json":{"title":"Biglietti Festival Bogen\u0161perk - Grad Bogen\u0161perk","description":"I biglietti possono essere acquistati comodamente seduti in poltrona, tramite i siti web di Eventim ed Entrio o presso i punti vendita.","robots":{"index":"index","follow":"follow","max-snippet":"max-snippet:-1","max-image-preview":"max-image-preview:large","max-video-preview":"max-video-preview:-1"},"canonical":"https:\/\/bogensperk.si\/it\/vstopnice-festival-bogensperk\/","og_locale":"it_IT","og_type":"article","og_title":"Biglietti Festival Bogen\u0161perk - Grad Bogen\u0161perk","og_description":"I biglietti possono essere acquistati comodamente seduti in poltrona, tramite i siti web di Eventim ed Entrio o presso i punti vendita.","og_url":"https:\/\/bogensperk.si\/it\/vstopnice-festival-bogensperk\/","og_site_name":"Grad Bogen\u0161perk","article_modified_time":"2025-03-15T13:15:15+00:00","twitter_card":"summary_large_image","twitter_misc":{"Tempo di lettura stimato":"2 minuti"},"schema":{"@context":"https:\/\/schema.org","@graph":[{"@type":"WebPage","@id":"https:\/\/bogensperk.si\/it\/vstopnice-festival-bogensperk\/","url":"https:\/\/bogensperk.si\/it\/vstopnice-festival-bogensperk\/","name":"Biglietti Festival Bogen\u0161perk - Grad Bogen\u0161perk","isPartOf":{"@id":"https:\/\/bogensperk.si\/it\/#website"},"datePublished":"2024-08-01T11:13:05+00:00","dateModified":"2025-03-15T13:15:15+00:00","description":"I biglietti possono essere acquistati comodamente seduti in poltrona, tramite i siti web di Eventim ed Entrio o presso i punti vendita.","breadcrumb":{"@id":"https:\/\/bogensperk.si\/it\/vstopnice-festival-bogensperk\/#breadcrumb"},"inLanguage":"it-IT","potentialAction":[{"@type":"ReadAction","target":["https:\/\/bogensperk.si\/it\/vstopnice-festival-bogensperk\/"]}]},{"@type":"BreadcrumbList","@id":"https:\/\/bogensperk.si\/it\/vstopnice-festival-bogensperk\/#breadcrumb","itemListElement":[{"@type":"ListItem","position":1,"name":"Home","item":"https:\/\/bogensperk.si\/it\/"},{"@type":"ListItem","position":2,"name":"Biglietti Festival Bogen\u0161perk"}]},{"@type":"WebSite","@id":"https:\/\/bogensperk.si\/it\/#website","url":"https:\/\/bogensperk.si\/it\/","name":"Grad Bogen\u0161perk","description":"Renesan\u010dni grad Bogen\u0161perk, prostor mnogih kulturnih dogodkov.","potentialAction":[{"@type":"SearchAction","target":{"@type":"EntryPoint","urlTemplate":"https:\/\/bogensperk.si\/it\/?s={search_term_string}"},"query-input":{"@type":"PropertyValueSpecification","valueRequired":true,"valueName":"search_term_string"}}],"inLanguage":"it-IT"}]}},"_links":{"self":[{"href":"https:\/\/bogensperk.si\/it\/wp-json\/wp\/v2\/pages\/4406383","targetHints":{"allow":["GET"]}}],"collection":[{"href":"https:\/\/bogensperk.si\/it\/wp-json\/wp\/v2\/pages"}],"about":[{"href":"https:\/\/bogensperk.si\/it\/wp-json\/wp\/v2\/types\/page"}],"author":[{"embeddable":true,"href":"https:\/\/bogensperk.si\/it\/wp-json\/wp\/v2\/users\/1"}],"replies":[{"embeddable":true,"href":"https:\/\/bogensperk.si\/it\/wp-json\/wp\/v2\/comments?post=4406383"}],"version-history":[{"count":3,"href":"https:\/\/bogensperk.si\/it\/wp-json\/wp\/v2\/pages\/4406383\/revisions"}],"predecessor-version":[{"id":4406392,"href":"https:\/\/bogensperk.si\/it\/wp-json\/wp\/v2\/pages\/4406383\/revisions\/4406392"}],"wp:attachment":[{"href":"https:\/\/bogensperk.si\/it\/wp-json\/wp\/v2\/media?parent=4406383"}],"curies":[{"name":"wp","href":"https:\/\/api.w.org\/{rel}","templated":true}]}}