{"id":4406165,"date":"2024-08-01T20:06:59","date_gmt":"2024-08-01T18:06:59","guid":{"rendered":"https:\/\/test.bogensperk.si\/muzej\/"},"modified":"2025-03-15T07:45:39","modified_gmt":"2025-03-15T06:45:39","slug":"il-museo","status":"publish","type":"page","link":"https:\/\/bogensperk.si\/it\/il-museo\/","title":{"rendered":"Il museo"},"content":{"rendered":"<p>[et_pb_section fb_built=&#8221;1&#8243; custom_padding_last_edited=&#8221;off|desktop&#8221; admin_label=&#8221;Header&#8221; _builder_version=&#8221;4.27.4&#8243; _module_preset=&#8221;default&#8221; background_color=&#8221;#f6efe7&#8243; background_enable_color=&#8221;off&#8221; background_image=&#8221;https:\/\/bogensperk.si\/wp-content\/uploads\/2024\/12\/bogensperk-muzej.webp&#8221; min_height=&#8221;600px&#8221; overflow-x=&#8221;hidden&#8221; overflow-y=&#8221;hidden&#8221; custom_padding_tablet=&#8221;150px||150px||true|false&#8221; custom_padding_phone=&#8221;80px||80px||true|false&#8221; global_colors_info=&#8221;{}&#8221;][et_pb_row column_structure=&#8221;3_5,2_5&#8243; _builder_version=&#8221;4.27.0&#8243; _module_preset=&#8221;default&#8221; global_colors_info=&#8221;{}&#8221;][et_pb_column type=&#8221;3_5&#8243; _builder_version=&#8221;4.16&#8243; _module_preset=&#8221;default&#8221; z_index=&#8221;10&#8243; global_colors_info=&#8221;{}&#8221;][et_pb_text _builder_version=&#8221;4.27.4&#8243; _module_preset=&#8221;d72c0383-6487-4f2c-ac5c-7d48a6376757&#8243; header_font=&#8221;&#8211;et_global_heading_font||||||||&#8221; header_text_color=&#8221;#FFFFFF&#8221; header_font_size=&#8221;100px&#8221; header_line_height=&#8221;1.1em&#8221; header_font_size_tablet=&#8221;60px&#8221; header_font_size_phone=&#8221;42px&#8221; header_font_size_last_edited=&#8221;on|phone&#8221; header_text_shadow_style=&#8221;preset1&#8243; locked=&#8221;off&#8221; global_colors_info=&#8221;{}&#8221;]<\/p>\n<h1 style=\"text-align: center;\">Il museo<\/h1>\n<p>[\/et_pb_text][\/et_pb_column][et_pb_column type=&#8221;2_5&#8243; _builder_version=&#8221;4.16&#8243; _module_preset=&#8221;default&#8221; global_colors_info=&#8221;{}&#8221;][\/et_pb_column][\/et_pb_row][\/et_pb_section][et_pb_section fb_built=&#8221;1&#8243; admin_label=&#8221;Na kratko&#8221; _builder_version=&#8221;4.27.2&#8243; _module_preset=&#8221;default&#8221; background_color=&#8221;#5D201C&#8221; custom_margin=&#8221;||||false|false&#8221; custom_padding=&#8221;||||false|false&#8221; top_divider_color=&#8221;#FFFFFF&#8221; global_colors_info=&#8221;{}&#8221;][et_pb_row _builder_version=&#8221;4.16&#8243; _module_preset=&#8221;default&#8221; max_width=&#8221;1360px&#8221; global_colors_info=&#8221;{}&#8221;][et_pb_column type=&#8221;4_4&#8243; _builder_version=&#8221;4.16&#8243; _module_preset=&#8221;default&#8221; global_colors_info=&#8221;{}&#8221;][et_pb_divider color=&#8221;RGBA(0,0,0,0)&#8221; divider_weight=&#8221;30px&#8221; _builder_version=&#8221;4.27.0&#8243; _module_preset=&#8221;default&#8221; background_image=&#8221;https:\/\/bogensperk.si\/wp-content\/uploads\/2024\/07\/museum-12.png&#8221; background_size=&#8221;contain&#8221; background_repeat=&#8221;repeat-x&#8221; min_height=&#8221;30px&#8221; border_color_all=&#8221;#000000&#8243; global_colors_info=&#8221;{}&#8221;][\/et_pb_divider][et_pb_text _builder_version=&#8221;4.27.4&#8243; _module_preset=&#8221;c6d6f7af-6ac8-4ba6-9488-2a218606aaa8&#8243; text_text_color=&#8221;#FFFFFF&#8221; header_2_font=&#8221;Trirong|500|||||||&#8221; header_2_text_color=&#8221;#000000&#8243; header_2_font_size=&#8221;100px&#8221; header_2_line_height=&#8221;1.2em&#8221; text_orientation=&#8221;center&#8221; header_2_font_size_tablet=&#8221;65px&#8221; header_2_font_size_phone=&#8221;28px&#8221; header_2_font_size_last_edited=&#8221;on|phone&#8221; locked=&#8221;off&#8221; global_colors_info=&#8221;{}&#8221;]<\/p>\n<p>Bogen\u0161perk entr\u00f2 nella storia e nella coscienza nazionale slovena grazie al famoso poliistore della Carniola Janez Vajkard Valvasor (1641\u20131693), che visse e lavor\u00f2 nel castello per vent&#8217;anni. All&#8217;interno delle mura del castello nacquero tutte le sue opere pi\u00f9 famose, si svilupp\u00f2 una delle pi\u00f9 grandi biblioteche dell&#8217;epoca e si formarono le prime collezioni di oggetti rari e interessanti. L&#8217;attivit\u00e0 di raccolta di Valvasor a Bogen\u0161perk rappresenta l&#8217;inizio della museologia slovena.<\/p>\n<p>[\/et_pb_text][\/et_pb_column][\/et_pb_row][\/et_pb_section][et_pb_section fb_built=&#8221;1&#8243; admin_label=&#8221;Texts&#8221; _builder_version=&#8221;4.27.0&#8243; _module_preset=&#8221;default&#8221; background_color=&#8221;RGBA(255,255,255,0)&#8221; global_colors_info=&#8221;{}&#8221;][et_pb_row _builder_version=&#8221;4.27.4&#8243; _module_preset=&#8221;default&#8221; global_colors_info=&#8221;{}&#8221;][et_pb_column type=&#8221;4_4&#8243; _builder_version=&#8221;4.16&#8243; _module_preset=&#8221;default&#8221; global_colors_info=&#8221;{}&#8221;][et_pb_text _builder_version=&#8221;4.27.4&#8243; _module_preset=&#8221;16a54059-cc81-4572-9c70-eda6a6c419bf&#8221; text_font=&#8221;&#8211;et_global_body_font|500|||||||&#8221; text_text_color=&#8221;#000000&#8243; hover_enabled=&#8221;0&#8243; text_font_size_tablet=&#8221;15px&#8221; text_font_size_phone=&#8221;14px&#8221; text_font_size_last_edited=&#8221;on|phone&#8221; header_font_size_tablet=&#8221;55px&#8221; header_font_size_last_edited=&#8221;off|desktop&#8221; locked=&#8221;off&#8221; global_colors_info=&#8221;{}&#8221; sticky_enabled=&#8221;0&#8243;]<\/p>\n<p>Il museo presenta la vita e le opere di Janez Vajkard Valvasor, nonch\u00e9 la storia del castello e delle aree circostanti. Sono esposti numerosi oggetti di valore, tra cui quattro libri originali del celebre erudito risalenti all&#8217;ultimo quarto del XVII secolo.<br \/>Nel suo studio conserviamo anche l&#8217;originale de &#8220;La Gloria del Ducato di Carniola&#8221; del 1689. Al secondo piano sono esposti gli arredi del castello risalenti al periodo degli ultimi proprietari del castello.<\/p>\n<p>[\/et_pb_text][\/et_pb_column][\/et_pb_row][\/et_pb_section][et_pb_section fb_built=&#8221;1&#8243; _builder_version=&#8221;4.27.4&#8243; _module_preset=&#8221;default&#8221; global_colors_info=&#8221;{}&#8221;][et_pb_row column_structure=&#8221;1_2,1_2&#8243; _builder_version=&#8221;4.27.4&#8243; _module_preset=&#8221;default&#8221; global_colors_info=&#8221;{}&#8221;][et_pb_column type=&#8221;1_2&#8243; _builder_version=&#8221;4.27.4&#8243; _module_preset=&#8221;default&#8221; global_colors_info=&#8221;{}&#8221;][et_pb_text _builder_version=&#8221;4.27.4&#8243; _module_preset=&#8221;default&#8221; global_colors_info=&#8221;{}&#8221;]<\/p>\n<p><strong>Bogen\u0161perk nel tempo<\/strong><br \/>Uno sguardo alla movimentata storia del castello di Bogen\u0161perk: dai suoi misteriosi inizi, quando era il maniero della famiglia Wagen alla sua transizione in vero e proprio centro culturale e scientifico durante il periodo di Valvasor, a elegante residenza estiva durante il periodo della famiglia Windisch-Graetz, fino alla sua trasformazione in un&#8217;istituzione culturale pubblica con lo status di monumento di importanza nazionale.<\/p>\n<p>[\/et_pb_text][\/et_pb_column][et_pb_column type=&#8221;1_2&#8243; _builder_version=&#8221;4.27.4&#8243; _module_preset=&#8221;default&#8221; global_colors_info=&#8221;{}&#8221;][et_pb_image src=&#8221;https:\/\/bogensperk.si\/wp-content\/uploads\/2024\/12\/Grad-Bogensperk-2-1024&#215;691.webp&#8221; title_text=&#8221;Grad-Bogensperk-2&#8243; _builder_version=&#8221;4.27.4&#8243; _module_preset=&#8221;default&#8221; global_colors_info=&#8221;{}&#8221;][\/et_pb_image][\/et_pb_column][\/et_pb_row][\/et_pb_section][et_pb_section fb_built=&#8221;1&#8243; _builder_version=&#8221;4.27.4&#8243; _module_preset=&#8221;default&#8221; background_color=&#8221;#5D201C&#8221; global_colors_info=&#8221;{}&#8221;][et_pb_row column_structure=&#8221;1_2,1_2&#8243; _builder_version=&#8221;4.27.4&#8243; _module_preset=&#8221;default&#8221; global_colors_info=&#8221;{}&#8221;][et_pb_column type=&#8221;1_2&#8243; _builder_version=&#8221;4.27.4&#8243; _module_preset=&#8221;default&#8221; global_colors_info=&#8221;{}&#8221;][et_pb_image src=&#8221;https:\/\/bogensperk.si\/wp-content\/uploads\/2024\/12\/Grad-Bogensperk-7-1024&#215;691.webp&#8221; title_text=&#8221;Grad-Bogensperk-7&#8243; _builder_version=&#8221;4.27.4&#8243; _module_preset=&#8221;default&#8221; global_colors_info=&#8221;{}&#8221;][\/et_pb_image][\/et_pb_column][et_pb_column type=&#8221;1_2&#8243; _builder_version=&#8221;4.27.4&#8243; _module_preset=&#8221;default&#8221; global_colors_info=&#8221;{}&#8221;][et_pb_text _builder_version=&#8221;4.27.4&#8243; _module_preset=&#8221;default&#8221; text_text_color=&#8221;#FFFFFF&#8221; global_colors_info=&#8221;{}&#8221;]<\/p>\n<p><strong>La Valvasoriana<\/strong><br \/>Una mostra permanente sulla vita e l&#8217;opera di Janez Vajkard Valvasor, che mette in luce le nuove scoperte sul celebre studioso e fa luce sulla vita nella Carniola del XVII secolo.<\/p>\n<p>[\/et_pb_text][\/et_pb_column][\/et_pb_row][\/et_pb_section][et_pb_section fb_built=&#8221;1&#8243; _builder_version=&#8221;4.27.4&#8243; _module_preset=&#8221;default&#8221; global_colors_info=&#8221;{}&#8221;][et_pb_row column_structure=&#8221;1_2,1_2&#8243; _builder_version=&#8221;4.27.4&#8243; _module_preset=&#8221;default&#8221; global_colors_info=&#8221;{}&#8221;][et_pb_column type=&#8221;1_2&#8243; _builder_version=&#8221;4.27.4&#8243; _module_preset=&#8221;default&#8221; global_colors_info=&#8221;{}&#8221;][et_pb_text _builder_version=&#8221;4.27.4&#8243; _module_preset=&#8221;default&#8221; global_colors_info=&#8221;{}&#8221;]<\/p>\n<p><strong>Lo studio di Valvasor con pressa litografica<\/strong><br \/>Ricostruzione del primo torchio per l&#8217;acquaforte in territorio sloveno e del gabinetto di lavoro di Valvasor con le sue suggestive colonne nere e il pi\u00f9 grande tesoro nascosto dietro le mura del castello: una copia de &#8220;La Gloria del Ducato di Carniola&#8221; del 1689.<\/p>\n<p>[\/et_pb_text][\/et_pb_column][et_pb_column type=&#8221;1_2&#8243; _builder_version=&#8221;4.27.4&#8243; _module_preset=&#8221;default&#8221; global_colors_info=&#8221;{}&#8221;][et_pb_image src=&#8221;https:\/\/bogensperk.si\/wp-content\/uploads\/2024\/12\/bakrotiskarna.webp&#8221; title_text=&#8221;bakrotiskarna&#8221; _builder_version=&#8221;4.27.4&#8243; _module_preset=&#8221;default&#8221; global_colors_info=&#8221;{}&#8221;][\/et_pb_image][\/et_pb_column][\/et_pb_row][\/et_pb_section][et_pb_section fb_built=&#8221;1&#8243; _builder_version=&#8221;4.27.4&#8243; _module_preset=&#8221;default&#8221; background_color=&#8221;#5D201C&#8221; global_colors_info=&#8221;{}&#8221;][et_pb_row column_structure=&#8221;1_2,1_2&#8243; _builder_version=&#8221;4.27.4&#8243; _module_preset=&#8221;default&#8221; global_colors_info=&#8221;{}&#8221;][et_pb_column type=&#8221;1_2&#8243; _builder_version=&#8221;4.27.4&#8243; _module_preset=&#8221;default&#8221; global_colors_info=&#8221;{}&#8221;][et_pb_image src=&#8221;https:\/\/bogensperk.si\/wp-content\/uploads\/2024\/12\/Grad-Bogensperk-17-1024&#215;691.webp&#8221; title_text=&#8221;Grad-Bogensperk-17&#8243; _builder_version=&#8221;4.27.4&#8243; _module_preset=&#8221;default&#8221; global_colors_info=&#8221;{}&#8221;][\/et_pb_image][\/et_pb_column][et_pb_column type=&#8221;1_2&#8243; _builder_version=&#8221;4.27.4&#8243; _module_preset=&#8221;default&#8221; global_colors_info=&#8221;{}&#8221;][et_pb_text _builder_version=&#8221;4.27.4&#8243; _module_preset=&#8221;default&#8221; text_text_color=&#8221;#FFFFFF&#8221; global_colors_info=&#8221;{}&#8221;]<\/p>\n<p><strong>La scena della morte umana in tre parti<\/strong><br \/>Opera d&#8217;arte di Valvasor del 1682, che rivela l&#8217;immagine spirituale di quel tempo. Questo \u00e8 l&#8217;ultimo libro del poliistore, stampato a Bogen\u0161perk.<\/p>\n<p>[\/et_pb_text][\/et_pb_column][\/et_pb_row][\/et_pb_section][et_pb_section fb_built=&#8221;1&#8243; _builder_version=&#8221;4.27.4&#8243; _module_preset=&#8221;default&#8221; global_colors_info=&#8221;{}&#8221;][et_pb_row column_structure=&#8221;1_2,1_2&#8243; _builder_version=&#8221;4.27.4&#8243; _module_preset=&#8221;default&#8221; global_colors_info=&#8221;{}&#8221;][et_pb_column type=&#8221;1_2&#8243; _builder_version=&#8221;4.27.4&#8243; _module_preset=&#8221;default&#8221; global_colors_info=&#8221;{}&#8221;][et_pb_text _builder_version=&#8221;4.27.4&#8243; _module_preset=&#8221;default&#8221; global_colors_info=&#8221;{}&#8221;]<\/p>\n<p><strong>La biblioteca<\/strong><br \/>L&#8217;ex biblioteca del castello \u00e8 oggi arredata nello stile degli ultimi proprietari privati e contiene ancora un armadio originale dell&#8217;epoca della famiglia Windisch-Graetz, un soffitto a cassettoni della seconda met\u00e0 del XVIII secolo e un organo. Da molti anni qui si celebrano anche cerimonie nuziali.<\/p>\n<p>[\/et_pb_text][\/et_pb_column][et_pb_column type=&#8221;1_2&#8243; _builder_version=&#8221;4.27.4&#8243; _module_preset=&#8221;default&#8221; global_colors_info=&#8221;{}&#8221;][et_pb_image src=&#8221;https:\/\/bogensperk.si\/wp-content\/uploads\/2024\/12\/Grad-Bogensperk-13.webp&#8221; title_text=&#8221;Grad-Bogensperk-13&#8243; _builder_version=&#8221;4.27.4&#8243; _module_preset=&#8221;default&#8221; global_colors_info=&#8221;{}&#8221;][\/et_pb_image][\/et_pb_column][\/et_pb_row][\/et_pb_section][et_pb_section fb_built=&#8221;1&#8243; _builder_version=&#8221;4.27.4&#8243; _module_preset=&#8221;default&#8221; background_color=&#8221;#5D201C&#8221; global_colors_info=&#8221;{}&#8221;][et_pb_row column_structure=&#8221;1_2,1_2&#8243; _builder_version=&#8221;4.27.4&#8243; _module_preset=&#8221;default&#8221; global_colors_info=&#8221;{}&#8221;][et_pb_column type=&#8221;1_2&#8243; _builder_version=&#8221;4.27.4&#8243; _module_preset=&#8221;default&#8221; global_colors_info=&#8221;{}&#8221;][et_pb_image src=&#8221;https:\/\/bogensperk.si\/wp-content\/uploads\/2025\/03\/Vrazeverje-in-carovnistvo-Bogensperk.jpg&#8221; title_text=&#8221;Vra\u017eeverje-in-\u010darovni\u0161tvo-Bogen\u0161perk&#8221; _builder_version=&#8221;4.27.4&#8243; _module_preset=&#8221;default&#8221; global_colors_info=&#8221;{}&#8221;][\/et_pb_image][\/et_pb_column][et_pb_column type=&#8221;1_2&#8243; _builder_version=&#8221;4.27.4&#8243; _module_preset=&#8221;default&#8221; global_colors_info=&#8221;{}&#8221;][et_pb_text _builder_version=&#8221;4.27.4&#8243; _module_preset=&#8221;default&#8221; text_text_color=&#8221;#FFFFFF&#8221; global_colors_info=&#8221;{}&#8221;]<\/p>\n<p><strong>Superstizione e stregoneria in Slovenia<\/strong><br \/>Una mostra completa su uno dei periodi pi\u00f9 bui della storia umana. Rivela le cause della persecuzione sistematica della stregoneria, le tristi storie degli accusati e gli echi della stregoneria fino ai giorni nostri.<\/p>\n<p>[\/et_pb_text][\/et_pb_column][\/et_pb_row][\/et_pb_section][et_pb_section fb_built=&#8221;1&#8243; _builder_version=&#8221;4.27.4&#8243; _module_preset=&#8221;default&#8221; global_colors_info=&#8221;{}&#8221;][et_pb_row _builder_version=&#8221;4.27.4&#8243; _module_preset=&#8221;default&#8221; global_colors_info=&#8221;{}&#8221;][et_pb_column type=&#8221;4_4&#8243; _builder_version=&#8221;4.27.4&#8243; _module_preset=&#8221;default&#8221; global_colors_info=&#8221;{}&#8221;][et_pb_text _builder_version=&#8221;4.27.4&#8243; _module_preset=&#8221;default&#8221; global_colors_info=&#8221;{}&#8221;]<\/p>\n<h3>Il Centro Russo-Sloveno Davorin Hostnik<\/h3>\n<p>Dedicato all&#8217;autore del primo dizionario russo-sloveno e sloveno-russo. La missione del centro RSCDH \u00e8 quella di rafforzare i contatti culturali e scientifici tra le nazioni slave. \u00c8 stato creato grazie alla collaborazione tra l&#8217;Ambasciata della Federazione Russa nella Repubblica di Slovenia, il Comune di \u0160martno pri Litiji e l&#8217;Istituto pubblico Bogen\u0161perk.<\/p>\n<p>\u00c8 possibile visitare le collezioni del museo individualmente o accompagnati da una guida. Per i gruppi prenotati sono disponibili visite guidate in sloveno, inglese, tedesco e croato.<\/p>\n<p>[\/et_pb_text][\/et_pb_column][\/et_pb_row][\/et_pb_section]<\/p>\n","protected":false},"excerpt":{"rendered":"<p>Il museoBogen\u0161perk entr\u00f2 nella storia e nella coscienza nazionale slovena grazie al famoso poliistore della Carniola Janez Vajkard Valvasor (1641\u20131693), che visse e lavor\u00f2 nel castello per vent&#8217;anni. All&#8217;interno delle mura del castello nacquero tutte le sue opere pi\u00f9 famose, si svilupp\u00f2 una delle pi\u00f9 grandi biblioteche dell&#8217;epoca e si formarono le prime collezioni di oggetti rari e interessanti. L&#8217;attivit\u00e0 di raccolta di Valvasor a Bogen\u0161perk rappresenta l&#8217;inizio della museologia slovena.Il museo presenta la vita e le opere di Janez Vajkard Valvasor, nonch\u00e9 la storia del castello e delle aree circostanti. Sono esposti numerosi oggetti di valore, tra cui quattro libri originali del celebre erudito risalenti all&#8217;ultimo quarto del XVII secolo.Nel suo studio conserviamo anche l&#8217;originale de &#8220;La Gloria del Ducato di Carniola&#8221; del 1689. Al secondo piano sono esposti gli arredi del castello risalenti al periodo degli ultimi proprietari del castello.Bogen\u0161perk nel tempoUno sguardo alla movimentata storia del castello di Bogen\u0161perk: dai suoi misteriosi inizi, quando era il maniero della famiglia Wagen alla sua transizione in vero e proprio centro culturale e scientifico durante il periodo di Valvasor, a elegante residenza estiva durante il periodo della famiglia Windisch-Graetz, fino alla sua trasformazione in un&#8217;istituzione culturale pubblica con lo status [&hellip;]<\/p>\n","protected":false},"author":1,"featured_media":0,"parent":0,"menu_order":0,"comment_status":"closed","ping_status":"closed","template":"","meta":{"_et_pb_use_builder":"on","_et_pb_old_content":"","_et_gb_content_width":"","inline_featured_image":false,"footnotes":""},"class_list":["post-4406165","page","type-page","status-publish","hentry"],"yoast_head":"<!-- This site is optimized with the Yoast SEO plugin v27.4 - https:\/\/yoast.com\/product\/yoast-seo-wordpress\/ -->\n<title>Il museo - Grad Bogen\u0161perk<\/title>\n<meta name=\"description\" content=\"Bogen\u0161perk entr\u00f2 nella storia e nella coscienza nazionale slovena grazie al famoso poliistore della Carniola Janez Vajkard Valvasor (1641\u20131693)\" \/>\n<meta name=\"robots\" content=\"index, follow, max-snippet:-1, max-image-preview:large, max-video-preview:-1\" \/>\n<link rel=\"canonical\" href=\"https:\/\/bogensperk.si\/it\/il-museo\/\" \/>\n<meta property=\"og:locale\" content=\"it_IT\" \/>\n<meta property=\"og:type\" content=\"article\" \/>\n<meta property=\"og:title\" content=\"Il museo - Grad Bogen\u0161perk\" \/>\n<meta property=\"og:description\" content=\"Bogen\u0161perk entr\u00f2 nella storia e nella coscienza nazionale slovena grazie al famoso poliistore della Carniola Janez Vajkard Valvasor (1641\u20131693)\" \/>\n<meta property=\"og:url\" content=\"https:\/\/bogensperk.si\/it\/il-museo\/\" \/>\n<meta property=\"og:site_name\" content=\"Grad Bogen\u0161perk\" \/>\n<meta property=\"article:modified_time\" content=\"2025-03-15T06:45:39+00:00\" \/>\n<meta property=\"og:image\" content=\"https:\/\/bogensperk.si\/wp-content\/uploads\/2024\/12\/muzej-bogensperk-02.webp\" \/>\n\t<meta property=\"og:image:width\" content=\"1818\" \/>\n\t<meta property=\"og:image:height\" content=\"1228\" \/>\n\t<meta property=\"og:image:type\" content=\"image\/webp\" \/>\n<meta name=\"twitter:card\" content=\"summary_large_image\" \/>\n<meta name=\"twitter:label1\" content=\"Tempo di lettura stimato\" \/>\n\t<meta name=\"twitter:data1\" content=\"4 minuti\" \/>\n<script type=\"application\/ld+json\" class=\"yoast-schema-graph\">{\"@context\":\"https:\\\/\\\/schema.org\",\"@graph\":[{\"@type\":\"WebPage\",\"@id\":\"https:\\\/\\\/bogensperk.si\\\/it\\\/il-museo\\\/\",\"url\":\"https:\\\/\\\/bogensperk.si\\\/it\\\/il-museo\\\/\",\"name\":\"Il museo - Grad Bogen\u0161perk\",\"isPartOf\":{\"@id\":\"https:\\\/\\\/bogensperk.si\\\/it\\\/#website\"},\"datePublished\":\"2024-08-01T18:06:59+00:00\",\"dateModified\":\"2025-03-15T06:45:39+00:00\",\"description\":\"Bogen\u0161perk entr\u00f2 nella storia e nella coscienza nazionale slovena grazie al famoso poliistore della Carniola Janez Vajkard Valvasor (1641\u20131693)\",\"breadcrumb\":{\"@id\":\"https:\\\/\\\/bogensperk.si\\\/it\\\/il-museo\\\/#breadcrumb\"},\"inLanguage\":\"it-IT\",\"potentialAction\":[{\"@type\":\"ReadAction\",\"target\":[\"https:\\\/\\\/bogensperk.si\\\/it\\\/il-museo\\\/\"]}]},{\"@type\":\"BreadcrumbList\",\"@id\":\"https:\\\/\\\/bogensperk.si\\\/it\\\/il-museo\\\/#breadcrumb\",\"itemListElement\":[{\"@type\":\"ListItem\",\"position\":1,\"name\":\"Home\",\"item\":\"https:\\\/\\\/bogensperk.si\\\/it\\\/\"},{\"@type\":\"ListItem\",\"position\":2,\"name\":\"Il museo\"}]},{\"@type\":\"WebSite\",\"@id\":\"https:\\\/\\\/bogensperk.si\\\/it\\\/#website\",\"url\":\"https:\\\/\\\/bogensperk.si\\\/it\\\/\",\"name\":\"Grad Bogen\u0161perk\",\"description\":\"Renesan\u010dni grad Bogen\u0161perk, prostor mnogih kulturnih dogodkov.\",\"potentialAction\":[{\"@type\":\"SearchAction\",\"target\":{\"@type\":\"EntryPoint\",\"urlTemplate\":\"https:\\\/\\\/bogensperk.si\\\/it\\\/?s={search_term_string}\"},\"query-input\":{\"@type\":\"PropertyValueSpecification\",\"valueRequired\":true,\"valueName\":\"search_term_string\"}}],\"inLanguage\":\"it-IT\"}]}<\/script>\n<!-- \/ Yoast SEO plugin. -->","yoast_head_json":{"title":"Il museo - Grad Bogen\u0161perk","description":"Bogen\u0161perk entr\u00f2 nella storia e nella coscienza nazionale slovena grazie al famoso poliistore della Carniola Janez Vajkard Valvasor (1641\u20131693)","robots":{"index":"index","follow":"follow","max-snippet":"max-snippet:-1","max-image-preview":"max-image-preview:large","max-video-preview":"max-video-preview:-1"},"canonical":"https:\/\/bogensperk.si\/it\/il-museo\/","og_locale":"it_IT","og_type":"article","og_title":"Il museo - Grad Bogen\u0161perk","og_description":"Bogen\u0161perk entr\u00f2 nella storia e nella coscienza nazionale slovena grazie al famoso poliistore della Carniola Janez Vajkard Valvasor (1641\u20131693)","og_url":"https:\/\/bogensperk.si\/it\/il-museo\/","og_site_name":"Grad Bogen\u0161perk","article_modified_time":"2025-03-15T06:45:39+00:00","og_image":[{"width":1818,"height":1228,"url":"https:\/\/bogensperk.si\/wp-content\/uploads\/2024\/12\/muzej-bogensperk-02.webp","type":"image\/webp"}],"twitter_card":"summary_large_image","twitter_misc":{"Tempo di lettura stimato":"4 minuti"},"schema":{"@context":"https:\/\/schema.org","@graph":[{"@type":"WebPage","@id":"https:\/\/bogensperk.si\/it\/il-museo\/","url":"https:\/\/bogensperk.si\/it\/il-museo\/","name":"Il museo - Grad Bogen\u0161perk","isPartOf":{"@id":"https:\/\/bogensperk.si\/it\/#website"},"datePublished":"2024-08-01T18:06:59+00:00","dateModified":"2025-03-15T06:45:39+00:00","description":"Bogen\u0161perk entr\u00f2 nella storia e nella coscienza nazionale slovena grazie al famoso poliistore della Carniola Janez Vajkard Valvasor (1641\u20131693)","breadcrumb":{"@id":"https:\/\/bogensperk.si\/it\/il-museo\/#breadcrumb"},"inLanguage":"it-IT","potentialAction":[{"@type":"ReadAction","target":["https:\/\/bogensperk.si\/it\/il-museo\/"]}]},{"@type":"BreadcrumbList","@id":"https:\/\/bogensperk.si\/it\/il-museo\/#breadcrumb","itemListElement":[{"@type":"ListItem","position":1,"name":"Home","item":"https:\/\/bogensperk.si\/it\/"},{"@type":"ListItem","position":2,"name":"Il museo"}]},{"@type":"WebSite","@id":"https:\/\/bogensperk.si\/it\/#website","url":"https:\/\/bogensperk.si\/it\/","name":"Grad Bogen\u0161perk","description":"Renesan\u010dni grad Bogen\u0161perk, prostor mnogih kulturnih dogodkov.","potentialAction":[{"@type":"SearchAction","target":{"@type":"EntryPoint","urlTemplate":"https:\/\/bogensperk.si\/it\/?s={search_term_string}"},"query-input":{"@type":"PropertyValueSpecification","valueRequired":true,"valueName":"search_term_string"}}],"inLanguage":"it-IT"}]}},"_links":{"self":[{"href":"https:\/\/bogensperk.si\/it\/wp-json\/wp\/v2\/pages\/4406165","targetHints":{"allow":["GET"]}}],"collection":[{"href":"https:\/\/bogensperk.si\/it\/wp-json\/wp\/v2\/pages"}],"about":[{"href":"https:\/\/bogensperk.si\/it\/wp-json\/wp\/v2\/types\/page"}],"author":[{"embeddable":true,"href":"https:\/\/bogensperk.si\/it\/wp-json\/wp\/v2\/users\/1"}],"replies":[{"embeddable":true,"href":"https:\/\/bogensperk.si\/it\/wp-json\/wp\/v2\/comments?post=4406165"}],"version-history":[{"count":5,"href":"https:\/\/bogensperk.si\/it\/wp-json\/wp\/v2\/pages\/4406165\/revisions"}],"predecessor-version":[{"id":4406235,"href":"https:\/\/bogensperk.si\/it\/wp-json\/wp\/v2\/pages\/4406165\/revisions\/4406235"}],"wp:attachment":[{"href":"https:\/\/bogensperk.si\/it\/wp-json\/wp\/v2\/media?parent=4406165"}],"curies":[{"name":"wp","href":"https:\/\/api.w.org\/{rel}","templated":true}]}}