{"id":4406142,"date":"2024-06-06T14:32:01","date_gmt":"2024-06-06T12:32:01","guid":{"rendered":"https:\/\/test.bogensperk.si\/kulturni-dom\/"},"modified":"2025-05-11T18:49:29","modified_gmt":"2025-05-11T16:49:29","slug":"la-casa-culturale","status":"publish","type":"page","link":"https:\/\/bogensperk.si\/it\/la-casa-culturale\/","title":{"rendered":"La casa culturale"},"content":{"rendered":"<p>[et_pb_section fb_built=&#8221;1&#8243; custom_padding_last_edited=&#8221;off|desktop&#8221; admin_label=&#8221;Header&#8221; _builder_version=&#8221;4.27.2&#8243; _module_preset=&#8221;default&#8221; background_color=&#8221;#f6efe7&#8243; background_enable_color=&#8221;off&#8221; background_image=&#8221;https:\/\/bogensperk.si\/wp-content\/uploads\/2024\/08\/kulturni-dom-smartno-01.webp&#8221; min_height=&#8221;600px&#8221; overflow-x=&#8221;hidden&#8221; overflow-y=&#8221;hidden&#8221; custom_padding_tablet=&#8221;150px||150px||true|false&#8221; custom_padding_phone=&#8221;80px||80px||true|false&#8221; global_colors_info=&#8221;{}&#8221; da_is_popup=&#8221;off&#8221; da_exit_intent=&#8221;off&#8221; da_has_close=&#8221;on&#8221; da_alt_close=&#8221;off&#8221; da_dark_close=&#8221;off&#8221; da_not_modal=&#8221;on&#8221; da_is_singular=&#8221;off&#8221; da_with_loader=&#8221;off&#8221; da_has_shadow=&#8221;on&#8221; da_disable_devices=&#8221;off|off|off&#8221;][et_pb_row column_structure=&#8221;3_5,2_5&#8243; _builder_version=&#8221;4.27.0&#8243; _module_preset=&#8221;default&#8221; global_colors_info=&#8221;{}&#8221;][et_pb_column type=&#8221;3_5&#8243; _builder_version=&#8221;4.16&#8243; _module_preset=&#8221;default&#8221; z_index=&#8221;10&#8243; global_colors_info=&#8221;{}&#8221;][et_pb_text _builder_version=&#8221;4.27.4&#8243; _module_preset=&#8221;d72c0383-6487-4f2c-ac5c-7d48a6376757&#8243; header_font=&#8221;&#8211;et_global_heading_font||||||||&#8221; header_text_color=&#8221;#FFFFFF&#8221; header_font_size=&#8221;100px&#8221; header_line_height=&#8221;1.1em&#8221; header_font_size_tablet=&#8221;60px&#8221; header_font_size_phone=&#8221;42px&#8221; header_font_size_last_edited=&#8221;on|phone&#8221; header_text_shadow_style=&#8221;preset1&#8243; locked=&#8221;off&#8221; global_colors_info=&#8221;{}&#8221;]<\/p>\n<h1 style=\"text-align: left;\">La casa culturale<\/h1>\n<p>[\/et_pb_text][\/et_pb_column][et_pb_column type=&#8221;2_5&#8243; _builder_version=&#8221;4.16&#8243; _module_preset=&#8221;default&#8221; global_colors_info=&#8221;{}&#8221;][\/et_pb_column][\/et_pb_row][\/et_pb_section][et_pb_section fb_built=&#8221;1&#8243; admin_label=&#8221;Na kratko&#8221; _builder_version=&#8221;4.27.2&#8243; _module_preset=&#8221;default&#8221; background_color=&#8221;#5D201C&#8221; custom_margin=&#8221;||||false|false&#8221; custom_padding=&#8221;||||false|false&#8221; top_divider_color=&#8221;#FFFFFF&#8221; global_colors_info=&#8221;{}&#8221; da_is_popup=&#8221;off&#8221; da_exit_intent=&#8221;off&#8221; da_has_close=&#8221;on&#8221; da_alt_close=&#8221;off&#8221; da_dark_close=&#8221;off&#8221; da_not_modal=&#8221;on&#8221; da_is_singular=&#8221;off&#8221; da_with_loader=&#8221;off&#8221; da_has_shadow=&#8221;on&#8221; da_disable_devices=&#8221;off|off|off&#8221;][et_pb_row _builder_version=&#8221;4.16&#8243; _module_preset=&#8221;default&#8221; max_width=&#8221;1360px&#8221; global_colors_info=&#8221;{}&#8221;][et_pb_column type=&#8221;4_4&#8243; _builder_version=&#8221;4.16&#8243; _module_preset=&#8221;default&#8221; global_colors_info=&#8221;{}&#8221;][et_pb_divider color=&#8221;RGBA(0,0,0,0)&#8221; divider_weight=&#8221;30px&#8221; _builder_version=&#8221;4.27.0&#8243; _module_preset=&#8221;default&#8221; background_image=&#8221;https:\/\/bogensperk.si\/wp-content\/uploads\/2024\/07\/museum-12.png&#8221; background_size=&#8221;contain&#8221; background_repeat=&#8221;repeat-x&#8221; min_height=&#8221;30px&#8221; border_color_all=&#8221;#000000&#8243; global_colors_info=&#8221;{}&#8221;][\/et_pb_divider][et_pb_text _builder_version=&#8221;4.27.4&#8243; _module_preset=&#8221;c6d6f7af-6ac8-4ba6-9488-2a218606aaa8&#8243; text_text_color=&#8221;#FFFFFF&#8221; header_2_font=&#8221;Trirong|500|||||||&#8221; header_2_text_color=&#8221;#000000&#8243; header_2_font_size=&#8221;100px&#8221; header_2_line_height=&#8221;1.2em&#8221; text_orientation=&#8221;center&#8221; header_2_font_size_tablet=&#8221;65px&#8221; header_2_font_size_phone=&#8221;28px&#8221; header_2_font_size_last_edited=&#8221;on|phone&#8221; locked=&#8221;off&#8221; global_colors_info=&#8221;{}&#8221;]<\/p>\n<p>Non lontano dal centro di \u0160martno, a Ustje, l&#8217;edificio della Casa culturale domina la zona da diversi decenni. \u00c8 destinata all&#8217;organizzazione di eventi culturali, teatrali e musicali. \u00c8 dotata di impianto audio, proiettore e schermo di proiezione, che consente anche lezioni, conferenze e la riproduzione di contenuti video.<\/p>\n<p>[\/et_pb_text][\/et_pb_column][\/et_pb_row][\/et_pb_section][et_pb_section fb_built=&#8221;1&#8243; admin_label=&#8221;Texts&#8221; _builder_version=&#8221;4.27.0&#8243; _module_preset=&#8221;default&#8221; background_color=&#8221;RGBA(255,255,255,0)&#8221; global_colors_info=&#8221;{}&#8221; da_is_popup=&#8221;off&#8221; da_exit_intent=&#8221;off&#8221; da_has_close=&#8221;on&#8221; da_alt_close=&#8221;off&#8221; da_dark_close=&#8221;off&#8221; da_not_modal=&#8221;on&#8221; da_is_singular=&#8221;off&#8221; da_with_loader=&#8221;off&#8221; da_has_shadow=&#8221;on&#8221; da_disable_devices=&#8221;off|off|off&#8221;][et_pb_row column_structure=&#8221;1_2,1_2&#8243; _builder_version=&#8221;4.16&#8243; _module_preset=&#8221;default&#8221; global_colors_info=&#8221;{}&#8221;][et_pb_column type=&#8221;1_2&#8243; _builder_version=&#8221;4.16&#8243; _module_preset=&#8221;default&#8221; global_colors_info=&#8221;{}&#8221;][\/et_pb_column][et_pb_column type=&#8221;1_2&#8243; _builder_version=&#8221;4.16&#8243; _module_preset=&#8221;default&#8221; global_colors_info=&#8221;{}&#8221;][et_pb_text _builder_version=&#8221;4.27.4&#8243; _module_preset=&#8221;c6d6f7af-6ac8-4ba6-9488-2a218606aaa8&#8243; header_2_font=&#8221;&#8211;et_global_heading_font|500|||||||&#8221; header_2_text_color=&#8221;#5D201C&#8221; header_2_font_size=&#8221;60px&#8221; header_2_line_height=&#8221;1.2em&#8221; custom_margin=&#8221;||0px||false|false&#8221; header_2_font_size_tablet=&#8221;65px&#8221; header_2_font_size_phone=&#8221;28px&#8221; header_2_font_size_last_edited=&#8221;on|phone&#8221; locked=&#8221;off&#8221; global_colors_info=&#8221;{}&#8221;]<\/p>\n<h2>Informazioni sul Centro Culturale<\/h2>\n<p>[\/et_pb_text][et_pb_text _builder_version=&#8221;4.27.4&#8243; _module_preset=&#8221;16a54059-cc81-4572-9c70-eda6a6c419bf&#8221; text_font=&#8221;&#8211;et_global_body_font||||||||&#8221; text_text_color=&#8221;#000000&#8243; text_line_height=&#8221;2em&#8221; text_font_size_tablet=&#8221;15px&#8221; text_font_size_phone=&#8221;14px&#8221; text_font_size_last_edited=&#8221;on|phone&#8221; header_font_size_tablet=&#8221;55px&#8221; header_font_size_last_edited=&#8221;off|desktop&#8221; locked=&#8221;off&#8221; global_colors_info=&#8221;{}&#8221;]<\/p>\n<p>I locali e i servizi del centro culturale vengono regolarmente utilizzati da diverse associazioni locali e in altri momenti sono a disposizione anche di interessati esterni. La sala pu\u00f2 ospitare 250 visitatori.<\/p>\n<p>Per ulteriori informazioni inviateci una mail all&#8217;indirizzo rezervacije@bogensperk.si o chiamateci al numero 082 006 168.<\/p>\n<p>[\/et_pb_text][\/et_pb_column][\/et_pb_row][\/et_pb_section][et_pb_section fb_built=&#8221;1&#8243; admin_label=&#8221;Schedule&#8221; _builder_version=&#8221;4.27.0&#8243; _module_preset=&#8221;default&#8221; background_color=&#8221;#5D201C&#8221; custom_padding=&#8221;||0px|||&#8221; locked=&#8221;off&#8221; global_colors_info=&#8221;{}&#8221; da_is_popup=&#8221;off&#8221; da_exit_intent=&#8221;off&#8221; da_has_close=&#8221;on&#8221; da_alt_close=&#8221;off&#8221; da_dark_close=&#8221;off&#8221; da_not_modal=&#8221;on&#8221; da_is_singular=&#8221;off&#8221; da_with_loader=&#8221;off&#8221; da_has_shadow=&#8221;on&#8221; da_disable_devices=&#8221;off|off|off&#8221;][et_pb_row column_structure=&#8221;1_2,1_2&#8243; _builder_version=&#8221;4.27.0&#8243; _module_preset=&#8221;default&#8221; global_colors_info=&#8221;{}&#8221;][et_pb_column type=&#8221;1_2&#8243; _builder_version=&#8221;4.16&#8243; _module_preset=&#8221;default&#8221; global_colors_info=&#8221;{}&#8221;][et_pb_image src=&#8221;https:\/\/bogensperk.si\/wp-content\/uploads\/2024\/12\/KD-nova-oprema.webp&#8221; alt=&#8221;Cerkev svetega Martina&#8221; title_text=&#8221;KD-nova oprema&#8221; _builder_version=&#8221;4.27.4&#8243; _module_preset=&#8221;default&#8221; background_color=&#8221;RGBA(255,255,255,0)&#8221; custom_margin=&#8221;-100%|||-20vw|false|false&#8221; custom_margin_tablet=&#8221;-80px|-10vw||-10vw|false|true&#8221; custom_margin_phone=&#8221;&#8221; custom_margin_last_edited=&#8221;on|phone&#8221; custom_padding=&#8221;100px|60px|100px|60px|true|true&#8221; custom_padding_tablet=&#8221;0px|0px|60px|0px|false|true&#8221; custom_padding_phone=&#8221;&#8221; custom_padding_last_edited=&#8221;on|tablet&#8221; locked=&#8221;off&#8221; global_colors_info=&#8221;{}&#8221;][\/et_pb_image][\/et_pb_column][et_pb_column type=&#8221;1_2&#8243; _builder_version=&#8221;4.27.0&#8243; _module_preset=&#8221;default&#8221; global_colors_info=&#8221;{}&#8221;][et_pb_text _builder_version=&#8221;4.27.4&#8243; _module_preset=&#8221;c6d6f7af-6ac8-4ba6-9488-2a218606aaa8&#8243; header_2_font=&#8221;&#8211;et_global_heading_font|500|||||||&#8221; header_2_text_color=&#8221;#FFFFFF&#8221; header_2_font_size=&#8221;40px&#8221; header_2_line_height=&#8221;1.2em&#8221; custom_margin=&#8221;||0px||false|false&#8221; custom_padding=&#8221;||40px||false|false&#8221; header_2_font_size_tablet=&#8221;65px&#8221; header_2_font_size_phone=&#8221;28px&#8221; header_2_font_size_last_edited=&#8221;on|phone&#8221; locked=&#8221;off&#8221; global_colors_info=&#8221;{}&#8221;]<\/p>\n<h2>Documenti (in sloveno)<\/h2>\n<p>[\/et_pb_text][dsm_icon_list _builder_version=&#8221;4.27.4&#8243; _module_preset=&#8221;default&#8221; hover_enabled=&#8221;0&#8243; global_colors_info=&#8221;{}&#8221; sticky_enabled=&#8221;0&#8243;][dsm_icon_list_child text=&#8221;Hi\u0161ni red KD \u0160martno&#8221; font_icon=&#8221;&#xf1c1;||fa||900&#8243; icon_color=&#8221;#FFFFFF&#8221; icon_font_size=&#8221;36px&#8221; url=&#8221;https:\/\/bogensperk.si\/wp-content\/uploads\/2024\/08\/Kulturni-dom-hisni-red.pdf&#8221; url_new_window=&#8221;on&#8221; _builder_version=&#8221;4.27.0&#8243; _module_preset=&#8221;default&#8221; text_text_color=&#8221;#FFFFFF&#8221; custom_margin=&#8221;||||false|false&#8221; custom_padding=&#8221;||20px||false|false&#8221; global_colors_info=&#8221;{}&#8221;][\/dsm_icon_list_child][dsm_icon_list_child text=&#8221;Cenik KD \u0160martno&#8221; font_icon=&#8221;&#xf1c1;||fa||900&#8243; icon_color=&#8221;#FFFFFF&#8221; icon_font_size=&#8221;36px&#8221; url=&#8221;https:\/\/bogensperk.si\/wp-content\/uploads\/2025\/05\/Cenik-KD-2025.pdf&#8221; url_new_window=&#8221;on&#8221; _builder_version=&#8221;4.27.4&#8243; _module_preset=&#8221;default&#8221; text_text_color=&#8221;#FFFFFF&#8221; custom_padding=&#8221;||20px||false|false&#8221; hover_enabled=&#8221;0&#8243; global_colors_info=&#8221;{}&#8221; sticky_enabled=&#8221;0&#8243;][\/dsm_icon_list_child][dsm_icon_list_child text=&#8221;Vloga za najem KD \u0160martno&#8221; font_icon=&#8221;&#xf1c1;||fa||900&#8243; icon_color=&#8221;#FFFFFF&#8221; icon_font_size=&#8221;36px&#8221; url=&#8221;https:\/\/bogensperk.si\/wp-content\/uploads\/2024\/08\/vloga-najem-KD-2020.pdf&#8221; url_new_window=&#8221;on&#8221; _builder_version=&#8221;4.27.0&#8243; _module_preset=&#8221;default&#8221; text_text_color=&#8221;#FFFFFF&#8221; custom_padding=&#8221;||20px||false|false&#8221; global_colors_info=&#8221;{}&#8221;][\/dsm_icon_list_child][dsm_icon_list_child text=&#8221;Vloga za najem inventarja KD \u0160martno&#8221; font_icon=&#8221;&#xf1c1;||fa||900&#8243; icon_color=&#8221;#FFFFFF&#8221; icon_font_size=&#8221;36px&#8221; url=&#8221;https:\/\/bogensperk.si\/wp-content\/uploads\/2024\/08\/vloga-najem-inventarja-KD-2020.pdf&#8221; url_new_window=&#8221;on&#8221; _builder_version=&#8221;4.27.0&#8243; _module_preset=&#8221;default&#8221; text_text_color=&#8221;#FFFFFF&#8221; global_colors_info=&#8221;{}&#8221;][\/dsm_icon_list_child][\/dsm_icon_list][et_pb_image src=&#8221;https:\/\/bogensperk.si\/wp-content\/uploads\/2024\/12\/KD-nova-oprema-1.webp&#8221; title_text=&#8221;KD-nova oprema-1&#8243; _builder_version=&#8221;4.27.4&#8243; _module_preset=&#8221;default&#8221; global_colors_info=&#8221;{}&#8221;][\/et_pb_image][\/et_pb_column][\/et_pb_row][\/et_pb_section]<\/p>\n","protected":false},"excerpt":{"rendered":"<p>La casa culturaleNon lontano dal centro di \u0160martno, a Ustje, l&#8217;edificio della Casa culturale domina la zona da diversi decenni. \u00c8 destinata all&#8217;organizzazione di eventi culturali, teatrali e musicali. \u00c8 dotata di impianto audio, proiettore e schermo di proiezione, che consente anche lezioni, conferenze e la riproduzione di contenuti video.Informazioni sul Centro CulturaleI locali e i servizi del centro culturale vengono regolarmente utilizzati da diverse associazioni locali e in altri momenti sono a disposizione anche di interessati esterni. La sala pu\u00f2 ospitare 250 visitatori. Per ulteriori informazioni inviateci una mail all&#8217;indirizzo rezervacije@bogensperk.si o chiamateci al numero 082 006 168.Documenti (in sloveno)<div class=\"et_pb_module dsm_icon_list dsm_icon_list_0\">\n\t\t\t\t\n\t\t\t\t\n\t\t\t\t\n\t\t\t\t\n\t\t\t\t\n\t\t\t\t\n\t\t\t\t<div class=\"et_pb_module_inner\">\n\t\t\t\t\t<ul class=\"dsm_icon_list_items dsm_icon_list_ltr_direction dsm_icon_list_layout_vertical\"><li class=\"dsm_icon_list_child dsm_icon_list_child_0\">\n\t\t\t\t\n\t\t\t\t\n\t\t\t\t\n\t\t\t\t\n\t\t\t\t<a href=\"https:\/\/bogensperk.si\/wp-content\/uploads\/2024\/08\/Kulturni-dom-hisni-red.pdf\" target=\"_blank\"><span class=\"dsm_icon_list_wrapper\"><span class=\"dsm_icon_list_icon\">\uf1c1<\/span><\/span><span class=\"dsm_icon_list_text\">Hi\u0161ni red KD \u0160martno<\/span><\/a>\n\t\t\t<\/li><li class=\"dsm_icon_list_child dsm_icon_list_child_1\">\n\t\t\t\t\n\t\t\t\t\n\t\t\t\t\n\t\t\t\t\n\t\t\t\t<a href=\"https:\/\/bogensperk.si\/wp-content\/uploads\/2025\/05\/Cenik-KD-2025.pdf\" target=\"_blank\"><span class=\"dsm_icon_list_wrapper\"><span class=\"dsm_icon_list_icon\">\uf1c1<\/span><\/span><span class=\"dsm_icon_list_text\">Cenik KD \u0160martno<\/span><\/a>\n\t\t\t<\/li><li class=\"dsm_icon_list_child dsm_icon_list_child_2\">\n\t\t\t\t\n\t\t\t\t\n\t\t\t\t\n\t\t\t\t\n\t\t\t\t<a href=\"https:\/\/bogensperk.si\/wp-content\/uploads\/2024\/08\/vloga-najem-KD-2020.pdf\" target=\"_blank\"><span class=\"dsm_icon_list_wrapper\"><span class=\"dsm_icon_list_icon\">\uf1c1<\/span><\/span><span class=\"dsm_icon_list_text\">Vloga za najem KD \u0160martno<\/span><\/a>\n\t\t\t<\/li><li class=\"dsm_icon_list_child dsm_icon_list_child_3\">\n\t\t\t\t\n\t\t\t\t\n\t\t\t\t\n\t\t\t\t\n\t\t\t\t<a href=\"https:\/\/bogensperk.si\/wp-content\/uploads\/2024\/08\/vloga-najem-inventarja-KD-2020.pdf\" target=\"_blank\"><span class=\"dsm_icon_list_wrapper\"><span class=\"dsm_icon_list_icon\">\uf1c1<\/span><\/span><span class=\"dsm_icon_list_text\">Vloga za najem inventarja KD \u0160martno<\/span><\/a>\n\t\t\t<\/li><\/ul>\n\t\t\t\t<\/div>\n\t\t\t<\/div><\/p>\n","protected":false},"author":1,"featured_media":0,"parent":0,"menu_order":0,"comment_status":"closed","ping_status":"closed","template":"","meta":{"_et_pb_use_builder":"on","_et_pb_old_content":"","_et_gb_content_width":"","inline_featured_image":false,"footnotes":""},"class_list":["post-4406142","page","type-page","status-publish","hentry"],"yoast_head":"<!-- This site is optimized with the Yoast SEO plugin v27.4 - https:\/\/yoast.com\/product\/yoast-seo-wordpress\/ -->\n<title>La casa culturale - Grad Bogen\u0161perk<\/title>\n<meta name=\"description\" content=\"Non lontano dal centro di \u0160martno, a Ustje, l&#039;edificio della Casa culturale domina la zona da diversi decenni.\" \/>\n<meta name=\"robots\" content=\"index, follow, max-snippet:-1, max-image-preview:large, max-video-preview:-1\" \/>\n<link rel=\"canonical\" href=\"https:\/\/bogensperk.si\/it\/la-casa-culturale\/\" \/>\n<meta property=\"og:locale\" content=\"it_IT\" \/>\n<meta property=\"og:type\" content=\"article\" \/>\n<meta property=\"og:title\" content=\"La casa culturale - Grad Bogen\u0161perk\" \/>\n<meta property=\"og:description\" content=\"Non lontano dal centro di \u0160martno, a Ustje, l&#039;edificio della Casa culturale domina la zona da diversi decenni.\" \/>\n<meta property=\"og:url\" content=\"https:\/\/bogensperk.si\/it\/la-casa-culturale\/\" \/>\n<meta property=\"og:site_name\" content=\"Grad Bogen\u0161perk\" \/>\n<meta property=\"article:modified_time\" content=\"2025-05-11T16:49:29+00:00\" \/>\n<meta property=\"og:image\" content=\"https:\/\/bogensperk.si\/wp-content\/uploads\/2024\/09\/Kulturni_dom_Smartno.webp\" \/>\n\t<meta property=\"og:image:width\" content=\"2000\" \/>\n\t<meta property=\"og:image:height\" content=\"1254\" \/>\n\t<meta property=\"og:image:type\" content=\"image\/webp\" \/>\n<meta name=\"twitter:card\" content=\"summary_large_image\" \/>\n<meta name=\"twitter:label1\" content=\"Tempo di lettura stimato\" \/>\n\t<meta name=\"twitter:data1\" content=\"2 minuti\" \/>\n<script type=\"application\/ld+json\" class=\"yoast-schema-graph\">{\"@context\":\"https:\\\/\\\/schema.org\",\"@graph\":[{\"@type\":\"WebPage\",\"@id\":\"https:\\\/\\\/bogensperk.si\\\/it\\\/la-casa-culturale\\\/\",\"url\":\"https:\\\/\\\/bogensperk.si\\\/it\\\/la-casa-culturale\\\/\",\"name\":\"La casa culturale - Grad Bogen\u0161perk\",\"isPartOf\":{\"@id\":\"https:\\\/\\\/bogensperk.si\\\/it\\\/#website\"},\"datePublished\":\"2024-06-06T12:32:01+00:00\",\"dateModified\":\"2025-05-11T16:49:29+00:00\",\"description\":\"Non lontano dal centro di \u0160martno, a Ustje, l'edificio della Casa culturale domina la zona da diversi decenni.\",\"breadcrumb\":{\"@id\":\"https:\\\/\\\/bogensperk.si\\\/it\\\/la-casa-culturale\\\/#breadcrumb\"},\"inLanguage\":\"it-IT\",\"potentialAction\":[{\"@type\":\"ReadAction\",\"target\":[\"https:\\\/\\\/bogensperk.si\\\/it\\\/la-casa-culturale\\\/\"]}]},{\"@type\":\"BreadcrumbList\",\"@id\":\"https:\\\/\\\/bogensperk.si\\\/it\\\/la-casa-culturale\\\/#breadcrumb\",\"itemListElement\":[{\"@type\":\"ListItem\",\"position\":1,\"name\":\"Home\",\"item\":\"https:\\\/\\\/bogensperk.si\\\/it\\\/\"},{\"@type\":\"ListItem\",\"position\":2,\"name\":\"La casa culturale\"}]},{\"@type\":\"WebSite\",\"@id\":\"https:\\\/\\\/bogensperk.si\\\/it\\\/#website\",\"url\":\"https:\\\/\\\/bogensperk.si\\\/it\\\/\",\"name\":\"Grad Bogen\u0161perk\",\"description\":\"Renesan\u010dni grad Bogen\u0161perk, prostor mnogih kulturnih dogodkov.\",\"potentialAction\":[{\"@type\":\"SearchAction\",\"target\":{\"@type\":\"EntryPoint\",\"urlTemplate\":\"https:\\\/\\\/bogensperk.si\\\/it\\\/?s={search_term_string}\"},\"query-input\":{\"@type\":\"PropertyValueSpecification\",\"valueRequired\":true,\"valueName\":\"search_term_string\"}}],\"inLanguage\":\"it-IT\"}]}<\/script>\n<!-- \/ Yoast SEO plugin. -->","yoast_head_json":{"title":"La casa culturale - Grad Bogen\u0161perk","description":"Non lontano dal centro di \u0160martno, a Ustje, l'edificio della Casa culturale domina la zona da diversi decenni.","robots":{"index":"index","follow":"follow","max-snippet":"max-snippet:-1","max-image-preview":"max-image-preview:large","max-video-preview":"max-video-preview:-1"},"canonical":"https:\/\/bogensperk.si\/it\/la-casa-culturale\/","og_locale":"it_IT","og_type":"article","og_title":"La casa culturale - Grad Bogen\u0161perk","og_description":"Non lontano dal centro di \u0160martno, a Ustje, l'edificio della Casa culturale domina la zona da diversi decenni.","og_url":"https:\/\/bogensperk.si\/it\/la-casa-culturale\/","og_site_name":"Grad Bogen\u0161perk","article_modified_time":"2025-05-11T16:49:29+00:00","og_image":[{"width":2000,"height":1254,"url":"https:\/\/bogensperk.si\/wp-content\/uploads\/2024\/09\/Kulturni_dom_Smartno.webp","type":"image\/webp"}],"twitter_card":"summary_large_image","twitter_misc":{"Tempo di lettura stimato":"2 minuti"},"schema":{"@context":"https:\/\/schema.org","@graph":[{"@type":"WebPage","@id":"https:\/\/bogensperk.si\/it\/la-casa-culturale\/","url":"https:\/\/bogensperk.si\/it\/la-casa-culturale\/","name":"La casa culturale - Grad Bogen\u0161perk","isPartOf":{"@id":"https:\/\/bogensperk.si\/it\/#website"},"datePublished":"2024-06-06T12:32:01+00:00","dateModified":"2025-05-11T16:49:29+00:00","description":"Non lontano dal centro di \u0160martno, a Ustje, l'edificio della Casa culturale domina la zona da diversi decenni.","breadcrumb":{"@id":"https:\/\/bogensperk.si\/it\/la-casa-culturale\/#breadcrumb"},"inLanguage":"it-IT","potentialAction":[{"@type":"ReadAction","target":["https:\/\/bogensperk.si\/it\/la-casa-culturale\/"]}]},{"@type":"BreadcrumbList","@id":"https:\/\/bogensperk.si\/it\/la-casa-culturale\/#breadcrumb","itemListElement":[{"@type":"ListItem","position":1,"name":"Home","item":"https:\/\/bogensperk.si\/it\/"},{"@type":"ListItem","position":2,"name":"La casa culturale"}]},{"@type":"WebSite","@id":"https:\/\/bogensperk.si\/it\/#website","url":"https:\/\/bogensperk.si\/it\/","name":"Grad Bogen\u0161perk","description":"Renesan\u010dni grad Bogen\u0161perk, prostor mnogih kulturnih dogodkov.","potentialAction":[{"@type":"SearchAction","target":{"@type":"EntryPoint","urlTemplate":"https:\/\/bogensperk.si\/it\/?s={search_term_string}"},"query-input":{"@type":"PropertyValueSpecification","valueRequired":true,"valueName":"search_term_string"}}],"inLanguage":"it-IT"}]}},"_links":{"self":[{"href":"https:\/\/bogensperk.si\/it\/wp-json\/wp\/v2\/pages\/4406142","targetHints":{"allow":["GET"]}}],"collection":[{"href":"https:\/\/bogensperk.si\/it\/wp-json\/wp\/v2\/pages"}],"about":[{"href":"https:\/\/bogensperk.si\/it\/wp-json\/wp\/v2\/types\/page"}],"author":[{"embeddable":true,"href":"https:\/\/bogensperk.si\/it\/wp-json\/wp\/v2\/users\/1"}],"replies":[{"embeddable":true,"href":"https:\/\/bogensperk.si\/it\/wp-json\/wp\/v2\/comments?post=4406142"}],"version-history":[{"count":5,"href":"https:\/\/bogensperk.si\/it\/wp-json\/wp\/v2\/pages\/4406142\/revisions"}],"predecessor-version":[{"id":4407520,"href":"https:\/\/bogensperk.si\/it\/wp-json\/wp\/v2\/pages\/4406142\/revisions\/4407520"}],"wp:attachment":[{"href":"https:\/\/bogensperk.si\/it\/wp-json\/wp\/v2\/media?parent=4406142"}],"curies":[{"name":"wp","href":"https:\/\/api.w.org\/{rel}","templated":true}]}}