{"id":4406126,"date":"2024-06-06T14:33:22","date_gmt":"2024-06-06T12:33:22","guid":{"rendered":"https:\/\/test.bogensperk.si\/javni-zavod-bogensperk\/"},"modified":"2025-03-14T18:31:56","modified_gmt":"2025-03-14T17:31:56","slug":"istituzione-pubblica-bogensperk","status":"publish","type":"page","link":"https:\/\/bogensperk.si\/it\/istituzione-pubblica-bogensperk\/","title":{"rendered":"Istituzione pubblica Bogen\u0161perk"},"content":{"rendered":"<p>[et_pb_section fb_built=&#8221;1&#8243; custom_padding_last_edited=&#8221;off|desktop&#8221; admin_label=&#8221;Header&#8221; _builder_version=&#8221;4.27.4&#8243; _module_preset=&#8221;default&#8221; background_color=&#8221;#f6efe7&#8243; background_enable_color=&#8221;off&#8221; background_image=&#8221;https:\/\/bogensperk.si\/wp-content\/uploads\/2025\/02\/Smartno-15-scaled.jpg&#8221; min_height=&#8221;500px&#8221; overflow-x=&#8221;hidden&#8221; overflow-y=&#8221;hidden&#8221; custom_padding_tablet=&#8221;150px||150px||true|false&#8221; custom_padding_phone=&#8221;80px||80px||true|false&#8221; global_colors_info=&#8221;{}&#8221;][et_pb_row column_structure=&#8221;3_5,2_5&#8243; _builder_version=&#8221;4.27.0&#8243; _module_preset=&#8221;default&#8221; global_colors_info=&#8221;{}&#8221;][et_pb_column type=&#8221;3_5&#8243; _builder_version=&#8221;4.16&#8243; _module_preset=&#8221;default&#8221; z_index=&#8221;10&#8243; global_colors_info=&#8221;{}&#8221;][et_pb_text _builder_version=&#8221;4.27.4&#8243; _module_preset=&#8221;d72c0383-6487-4f2c-ac5c-7d48a6376757&#8243; header_font=&#8221;&#8211;et_global_heading_font||||||||&#8221; header_text_color=&#8221;#FFFFFF&#8221; header_font_size=&#8221;100px&#8221; header_line_height=&#8221;1.1em&#8221; hover_enabled=&#8221;0&#8243; header_font_size_tablet=&#8221;60px&#8221; header_font_size_phone=&#8221;42px&#8221; header_font_size_last_edited=&#8221;on|phone&#8221; header_text_shadow_style=&#8221;preset1&#8243; locked=&#8221;off&#8221; global_colors_info=&#8221;{}&#8221; sticky_enabled=&#8221;0&#8243;]<\/p>\n<h1>Istituzione pubblica Bogen\u0161perk<\/h1>\n<p>[\/et_pb_text][\/et_pb_column][et_pb_column type=&#8221;2_5&#8243; _builder_version=&#8221;4.16&#8243; _module_preset=&#8221;default&#8221; global_colors_info=&#8221;{}&#8221;][\/et_pb_column][\/et_pb_row][\/et_pb_section][et_pb_section fb_built=&#8221;1&#8243; admin_label=&#8221;Na kratko&#8221; _builder_version=&#8221;4.27.0&#8243; _module_preset=&#8221;default&#8221; background_color=&#8221;#5D201C&#8221; custom_margin=&#8221;||||false|false&#8221; custom_padding=&#8221;0px||0px||false|false&#8221; top_divider_color=&#8221;#FFFFFF&#8221; global_colors_info=&#8221;{}&#8221;][et_pb_row _builder_version=&#8221;4.16&#8243; _module_preset=&#8221;default&#8221; max_width=&#8221;1360px&#8221; global_colors_info=&#8221;{}&#8221;][et_pb_column type=&#8221;4_4&#8243; _builder_version=&#8221;4.16&#8243; _module_preset=&#8221;default&#8221; global_colors_info=&#8221;{}&#8221;][et_pb_divider color=&#8221;RGBA(0,0,0,0)&#8221; divider_weight=&#8221;30px&#8221; _builder_version=&#8221;4.27.0&#8243; _module_preset=&#8221;default&#8221; background_image=&#8221;https:\/\/bogensperk.si\/wp-content\/uploads\/2024\/07\/museum-12.png&#8221; background_size=&#8221;contain&#8221; background_repeat=&#8221;repeat-x&#8221; min_height=&#8221;30px&#8221; border_color_all=&#8221;#000000&#8243; global_colors_info=&#8221;{}&#8221;][\/et_pb_divider][et_pb_text _builder_version=&#8221;4.27.4&#8243; _module_preset=&#8221;c6d6f7af-6ac8-4ba6-9488-2a218606aaa8&#8243; text_text_color=&#8221;#FFFFFF&#8221; header_2_font=&#8221;Trirong|500|||||||&#8221; header_2_text_color=&#8221;#000000&#8243; header_2_font_size=&#8221;100px&#8221; header_2_line_height=&#8221;1.2em&#8221; text_orientation=&#8221;center&#8221; hover_enabled=&#8221;0&#8243; header_2_font_size_tablet=&#8221;65px&#8221; header_2_font_size_phone=&#8221;28px&#8221; header_2_font_size_last_edited=&#8221;on|phone&#8221; locked=&#8221;off&#8221; global_colors_info=&#8221;{}&#8221; sticky_enabled=&#8221;0&#8243;]<\/p>\n<p>L&#8217;istituto pubblico Bogen\u0161perk \u00e8 stato fondato dal comune di \u0160martno pri Litiji allo scopo di gestire e realizzare varie attivit\u00e0 e promuovere il castello di Bogen\u0161perk, uno dei monumenti culturali pi\u00f9 importanti della Slovenia. Nel corso del tempo l&#8217;istituzione ha assunto altri compiti nell&#8217;area del suo comune di origine e oggi gestisce e prepara il proprio programma presso il Centro culturale \u0160martno, \u00e8 responsabile di progettazione, promozione e implementazione di attivit\u00e0 turistiche nell&#8217;ambiente locale, informa i visitatori nell&#8217;ambito del Centro Informazioni Turistiche e del servizio guide, pubblica la rivista locale Krajevne novice e sviluppa l&#8217;offerta di contenuti per i giovani a livello comunale.<\/p>\n<p>[\/et_pb_text][\/et_pb_column][\/et_pb_row][\/et_pb_section][et_pb_section fb_built=&#8221;1&#8243; _builder_version=&#8221;4.27.0&#8243; _module_preset=&#8221;default&#8221; global_colors_info=&#8221;{}&#8221;][et_pb_row column_structure=&#8221;1_3,1_3,1_3&#8243; _builder_version=&#8221;4.27.0&#8243; _module_preset=&#8221;default&#8221; global_colors_info=&#8221;{}&#8221;][et_pb_column type=&#8221;1_3&#8243; _builder_version=&#8221;4.27.0&#8243; _module_preset=&#8221;default&#8221; global_colors_info=&#8221;{}&#8221;][et_pb_blurb title=&#8221;Il castello di Bogen\u0161perk&#8221; image=&#8221;https:\/\/bogensperk.si\/wp-content\/uploads\/2024\/09\/Javni_zavod_Bogensperk-grad_Bogensperk.webp&#8221; _builder_version=&#8221;4.27.4&#8243; _dynamic_attributes=&#8221;link_option_url&#8221; _module_preset=&#8221;default&#8221; header_level=&#8221;h2&#8243; header_text_color=&#8221;#5D201C&#8221; link_option_url=&#8221;@ET-DC@eyJkeW5hbWljIjp0cnVlLCJjb250ZW50IjoicG9zdF9saW5rX3VybF9wYWdlIiwic2V0dGluZ3MiOnsicG9zdF9pZCI6IjQ0MDM5MTEifX0=@&#8221; hover_enabled=&#8221;0&#8243; global_colors_info=&#8221;{}&#8221; sticky_enabled=&#8221;0&#8243;]<\/p>\n<p>Consapevoli della missione di presentare un monumento culturale di importanza nazionale al grande pubblico, aggiorniamo costantemente la sua offerta con contenuti nuovi, attuali e di alta qualit\u00e0. L&#8217;Istituto svolge attivit\u00e0 museali, di galleria e di protocollo presso il castello, prepara eventi culturali e di altro tipo, realizza varie forme di programmi educativi, affitta spazi per mostre, eventi e servizi culturali e di altro genere e, allo stesso tempo, svolge attivit\u00e0 di ricerca nel campo delle discipline umanistiche ed \u00e8 responsabile della creazione di un&#8217;offerta turistica pi\u00f9 ampia per la destinazione.<\/p>\n<p>[\/et_pb_blurb][\/et_pb_column][et_pb_column type=&#8221;1_3&#8243; _builder_version=&#8221;4.27.0&#8243; _module_preset=&#8221;default&#8221; global_colors_info=&#8221;{}&#8221;][et_pb_blurb title=&#8221;La Casa culturale \u0160martno&#8221; image=&#8221;https:\/\/bogensperk.si\/wp-content\/uploads\/2024\/09\/Kulturni_dom_Smartno_small.webp&#8221; _builder_version=&#8221;4.27.4&#8243; _dynamic_attributes=&#8221;link_option_url&#8221; _module_preset=&#8221;default&#8221; header_level=&#8221;h2&#8243; header_text_color=&#8221;#5D201C&#8221; link_option_url=&#8221;@ET-DC@eyJkeW5hbWljIjp0cnVlLCJjb250ZW50IjoicG9zdF9saW5rX3VybF9wYWdlIiwic2V0dGluZ3MiOnsicG9zdF9pZCI6IjQ0MDM5MDcifX0=@&#8221; hover_enabled=&#8221;0&#8243; global_colors_info=&#8221;{}&#8221; sticky_enabled=&#8221;0&#8243;]<\/p>\n<p>La Casa culturale \u0160martno \u00e8 stata fondata nella sua forma attuale dopo il 1948 e nei decenni successivi \u00e8 diventata un punto d&#8217;incontro per le iniziative culturali locali, arricchite da spettacoli di artisti ospiti provenienti sia dalla Slovenia che dall&#8217;estero. L&#8217;Istituto pubblico di Bogen\u0161perk, in qualit\u00e0 di amministratore, porta avanti questa missione ormai da un decennio. Ogni anno si svolgono numerosi eventi culturali pubblici e a pagamento, nonch\u00e9 altri eventi di natura pubblica.<\/p>\n<p>[\/et_pb_blurb][\/et_pb_column][et_pb_column type=&#8221;1_3&#8243; _builder_version=&#8221;4.27.0&#8243; _module_preset=&#8221;default&#8221; global_colors_info=&#8221;{}&#8221;][et_pb_blurb title=&#8221;Il Festival di Bogen\u0161perk&#8221; image=&#8221;https:\/\/bogensperk.si\/wp-content\/uploads\/2024\/09\/Festival-Bogensperk.webp&#8221; _builder_version=&#8221;4.27.4&#8243; _dynamic_attributes=&#8221;link_option_url&#8221; _module_preset=&#8221;default&#8221; header_level=&#8221;h2&#8243; header_text_color=&#8221;#5D201C&#8221; link_option_url=&#8221;@ET-DC@eyJkeW5hbWljIjp0cnVlLCJjb250ZW50IjoicG9zdF9saW5rX3VybF9wYWdlIiwic2V0dGluZ3MiOnsicG9zdF9pZCI6IjQ0MDQwMzIifX0=@&#8221; hover_enabled=&#8221;0&#8243; global_colors_info=&#8221;{}&#8221; sticky_enabled=&#8221;0&#8243;]<\/p>\n<p>L&#8217;idea di unire cultura, cucina e tempo libero ci ha portato anni fa all&#8217;organizzazione del nostro festival, che ha preso il nome dalla sua sede centrale: il castello di Bogen\u0161perk. Nelle sue precedenti edizioni ha saputo collegare il territorio locale con un pi\u00f9 ampio spazio sloveno ed europeo. Si \u00e8 affermato sia tra gli artisti nazionali che stranieri. Oggi il festival \u00e8 un promotore e un anello di congiunzione per l&#8217;ambiente locale e il castello e i suoi dintorni vengono riscoperti dalla gente del posto e dai visitatori. In ogni edizione gli organizzatori si adoperano per garantire una variet\u00e0 di generi e per soddisfare il gusto pi\u00f9 ampio possibile dei nostri visitatori, che si tratti di esibizioni musicali o di delizie culinarie.<\/p>\n<p>[\/et_pb_blurb][\/et_pb_column][\/et_pb_row][et_pb_row column_structure=&#8221;1_3,1_3,1_3&#8243; _builder_version=&#8221;4.27.0&#8243; _module_preset=&#8221;default&#8221; global_colors_info=&#8221;{}&#8221;][et_pb_column type=&#8221;1_3&#8243; _builder_version=&#8221;4.27.0&#8243; _module_preset=&#8221;default&#8221; global_colors_info=&#8221;{}&#8221;][et_pb_blurb title=&#8221;Notizie locali&#8221; image=&#8221;https:\/\/bogensperk.si\/wp-content\/uploads\/2024\/09\/Krajevne-novice.webp&#8221; _builder_version=&#8221;4.27.4&#8243; _module_preset=&#8221;default&#8221; header_level=&#8221;h2&#8243; header_text_color=&#8221;#5D201C&#8221; link_option_url=&#8221;https:\/\/obcina.smartno.si\/mediji\/krajevne-novice\/&#8221; link_option_url_new_window=&#8221;on&#8221; hover_enabled=&#8221;0&#8243; global_colors_info=&#8221;{}&#8221; sticky_enabled=&#8221;0&#8243;]<\/p>\n<p>Il comune di \u0160martno pri Litiji ha incaricato della pubblicazione della rivista comunale Krajevne novice l&#8217;Istituto pubblico Bogen\u0161perk. Lo ricevono gratuitamente tutte le famiglie del comune; viene pubblicato dieci volte l&#8217;anno con una tiratura di 1.800 copie. la rivista offre una miscellanea di informazioni sugli eventi del comune e letture interessanti su argomenti che riguardano la comunit\u00e0 locale e non solo.<\/p>\n<p>Il caporedattore del giornale \u00e8 il dott. Jernej Kotar. Contatti: krajevnenovice@bogensperk.si.<\/p>\n<p>[\/et_pb_blurb][\/et_pb_column][et_pb_column type=&#8221;1_3&#8243; _builder_version=&#8221;4.27.0&#8243; _module_preset=&#8221;default&#8221; global_colors_info=&#8221;{}&#8221;][et_pb_blurb title=&#8221;Centro Informazioni Turistiche (TIC) \u0160martno &#8221; image=&#8221;https:\/\/bogensperk.si\/wp-content\/uploads\/2024\/09\/Javni-zavod-Bogensperk-1-e1740558769833.webp&#8221; alt=&#8221;Javni zavod Bogen\u0161perk&#8221; _builder_version=&#8221;4.27.4&#8243; _module_preset=&#8221;default&#8221; header_level=&#8221;h2&#8243; header_text_color=&#8221;#5D201C&#8221; link_option_url=&#8221;https:\/\/www.smartno.si\/&#8221; hover_enabled=&#8221;0&#8243; global_colors_info=&#8221;{}&#8221; sticky_enabled=&#8221;0&#8243;]<\/p>\n<p>Nel centro comunale, dove ha sede l&#8217;istituto, nell&#8217;ambito del centro informazioni turistiche, ci assicuriamo che i visitatori siano informati sull&#8217;offerta turistica del comune e allo stesso tempo progettiamo, organizziamo e naturalmente, realizziamo eventi turistici e culturali in tutto il comune.<\/p>\n<p>[\/et_pb_blurb][\/et_pb_column][et_pb_column type=&#8221;1_3&#8243; _builder_version=&#8221;4.27.0&#8243; _module_preset=&#8221;default&#8221; global_colors_info=&#8221;{}&#8221;][\/et_pb_column][\/et_pb_row][\/et_pb_section][et_pb_section fb_built=&#8221;1&#8243; _builder_version=&#8221;4.27.2&#8243; _module_preset=&#8221;default&#8221; background_color=&#8221;rgba(93,32,28,0.14)&#8221; global_colors_info=&#8221;{}&#8221;][et_pb_row column_structure=&#8221;3_5,2_5&#8243; _builder_version=&#8221;4.27.2&#8243; _module_preset=&#8221;default&#8221; global_colors_info=&#8221;{}&#8221;][et_pb_column type=&#8221;3_5&#8243; _builder_version=&#8221;4.27.2&#8243; _module_preset=&#8221;default&#8221; global_colors_info=&#8221;{}&#8221;][et_pb_text _builder_version=&#8221;4.27.4&#8243; _module_preset=&#8221;default&#8221; hover_enabled=&#8221;0&#8243; global_colors_info=&#8221;{}&#8221; sticky_enabled=&#8221;0&#8243;]<\/p>\n<p>Responsabile: <strong>Peter Avbelj<\/strong>, direttore<br \/>Nome dell&#8217;Istituto: <strong>Istituto pubblico Bogen\u0161perk<\/strong><br \/>Sede: Staretov trg 12, 1275 \u0160martno pri Litiji<br \/>Unit\u00e0 interna dell&#8217;istituzione &#8211; TIC: Staretov trg 25, 1275 \u0160martno pri Litiji<br \/>Orari di ufficio: tutti i giorni feriali 9:00 &#8211; 12:00 e 13:00 &#8211; 15:00<br \/>Tel.: 082 006 168<br \/>E-mail: info@bogensperk.si<\/p>\n<p>Codice fiscale: 45055572<br \/>Numero di registrazione: 1305336000<\/p>\n<p>[\/et_pb_text][et_pb_button button_url=&#8221;\/razpisi&#8221; button_text=&#8221;Bandi&#8221; _builder_version=&#8221;4.27.4&#8243; _module_preset=&#8221;default&#8221; hover_enabled=&#8221;0&#8243; global_colors_info=&#8221;{}&#8221; sticky_enabled=&#8221;0&#8243;][\/et_pb_button][\/et_pb_column][et_pb_column type=&#8221;2_5&#8243; _builder_version=&#8221;4.27.2&#8243; _module_preset=&#8221;default&#8221; global_colors_info=&#8221;{}&#8221;][et_pb_image src=&#8221;https:\/\/bogensperk.si\/wp-content\/uploads\/2024\/12\/javni-zavod-bogensperk-02.webp&#8221; title_text=&#8221;javni-zavod-bogensperk-02&#8243; _builder_version=&#8221;4.27.4&#8243; _module_preset=&#8221;default&#8221; global_colors_info=&#8221;{}&#8221;][\/et_pb_image][\/et_pb_column][\/et_pb_row][\/et_pb_section]<\/p>\n","protected":false},"excerpt":{"rendered":"<p>Istituzione pubblica Bogen\u0161perkL&#8217;istituto pubblico Bogen\u0161perk \u00e8 stato fondato dal comune di \u0160martno pri Litiji allo scopo di gestire e realizzare varie attivit\u00e0 e promuovere il castello di Bogen\u0161perk, uno dei monumenti culturali pi\u00f9 importanti della Slovenia. Nel corso del tempo l&#8217;istituzione ha assunto altri compiti nell&#8217;area del suo comune di origine e oggi gestisce e prepara il proprio programma presso il Centro culturale \u0160martno, \u00e8 responsabile di progettazione, promozione e implementazione di attivit\u00e0 turistiche nell&#8217;ambiente locale, informa i visitatori nell&#8217;ambito del Centro Informazioni Turistiche e del servizio guide, pubblica la rivista locale Krajevne novice e sviluppa l&#8217;offerta di contenuti per i giovani a livello comunale.Consapevoli della missione di presentare un monumento culturale di importanza nazionale al grande pubblico, aggiorniamo costantemente la sua offerta con contenuti nuovi, attuali e di alta qualit\u00e0. L&#8217;Istituto svolge attivit\u00e0 museali, di galleria e di protocollo presso il castello, prepara eventi culturali e di altro tipo, realizza varie forme di programmi educativi, affitta spazi per mostre, eventi e servizi culturali e di altro genere e, allo stesso tempo, svolge attivit\u00e0 di ricerca nel campo delle discipline umanistiche ed \u00e8 responsabile della creazione di un&#8217;offerta turistica pi\u00f9 ampia per la destinazione.La Casa culturale \u0160martno \u00e8 stata fondata [&hellip;]<\/p>\n","protected":false},"author":1,"featured_media":0,"parent":0,"menu_order":0,"comment_status":"closed","ping_status":"closed","template":"","meta":{"_et_pb_use_builder":"on","_et_pb_old_content":"","_et_gb_content_width":"","inline_featured_image":false,"footnotes":""},"class_list":["post-4406126","page","type-page","status-publish","hentry"],"yoast_head":"<!-- This site is optimized with the Yoast SEO plugin v27.4 - https:\/\/yoast.com\/product\/yoast-seo-wordpress\/ -->\n<title>Istituzione pubblica Bogen\u0161perk - Grad Bogen\u0161perk<\/title>\n<meta name=\"description\" content=\"L&#039;istituto pubblico Bogen\u0161perk \u00e8 stato fondato dal comune di \u0160martno pri Litiji allo scopo di gestire e realizzare varie attivit\u00e0 e promuovere il castello\" \/>\n<meta name=\"robots\" content=\"index, follow, max-snippet:-1, max-image-preview:large, max-video-preview:-1\" \/>\n<link rel=\"canonical\" href=\"https:\/\/bogensperk.si\/it\/istituzione-pubblica-bogensperk\/\" \/>\n<meta property=\"og:locale\" content=\"it_IT\" \/>\n<meta property=\"og:type\" content=\"article\" \/>\n<meta property=\"og:title\" content=\"Istituzione pubblica Bogen\u0161perk - Grad Bogen\u0161perk\" \/>\n<meta property=\"og:description\" content=\"L&#039;istituto pubblico Bogen\u0161perk \u00e8 stato fondato dal comune di \u0160martno pri Litiji allo scopo di gestire e realizzare varie attivit\u00e0 e promuovere il castello\" \/>\n<meta property=\"og:url\" content=\"https:\/\/bogensperk.si\/it\/istituzione-pubblica-bogensperk\/\" \/>\n<meta property=\"og:site_name\" content=\"Grad Bogen\u0161perk\" \/>\n<meta property=\"article:modified_time\" content=\"2025-03-14T17:31:56+00:00\" \/>\n<meta property=\"og:image\" content=\"https:\/\/bogensperk.si\/wp-content\/uploads\/2025\/02\/Smartno-15-scaled.jpg\" \/>\n\t<meta property=\"og:image:width\" content=\"2560\" \/>\n\t<meta property=\"og:image:height\" content=\"1702\" \/>\n\t<meta property=\"og:image:type\" content=\"image\/jpeg\" \/>\n<meta name=\"twitter:card\" content=\"summary_large_image\" \/>\n<meta name=\"twitter:label1\" content=\"Tempo di lettura stimato\" \/>\n\t<meta name=\"twitter:data1\" content=\"5 minuti\" \/>\n<script type=\"application\/ld+json\" class=\"yoast-schema-graph\">{\"@context\":\"https:\\\/\\\/schema.org\",\"@graph\":[{\"@type\":\"WebPage\",\"@id\":\"https:\\\/\\\/bogensperk.si\\\/it\\\/istituzione-pubblica-bogensperk\\\/\",\"url\":\"https:\\\/\\\/bogensperk.si\\\/it\\\/istituzione-pubblica-bogensperk\\\/\",\"name\":\"Istituzione pubblica Bogen\u0161perk - Grad Bogen\u0161perk\",\"isPartOf\":{\"@id\":\"https:\\\/\\\/bogensperk.si\\\/it\\\/#website\"},\"datePublished\":\"2024-06-06T12:33:22+00:00\",\"dateModified\":\"2025-03-14T17:31:56+00:00\",\"description\":\"L'istituto pubblico Bogen\u0161perk \u00e8 stato fondato dal comune di \u0160martno pri Litiji allo scopo di gestire e realizzare varie attivit\u00e0 e promuovere il castello\",\"breadcrumb\":{\"@id\":\"https:\\\/\\\/bogensperk.si\\\/it\\\/istituzione-pubblica-bogensperk\\\/#breadcrumb\"},\"inLanguage\":\"it-IT\",\"potentialAction\":[{\"@type\":\"ReadAction\",\"target\":[\"https:\\\/\\\/bogensperk.si\\\/it\\\/istituzione-pubblica-bogensperk\\\/\"]}]},{\"@type\":\"BreadcrumbList\",\"@id\":\"https:\\\/\\\/bogensperk.si\\\/it\\\/istituzione-pubblica-bogensperk\\\/#breadcrumb\",\"itemListElement\":[{\"@type\":\"ListItem\",\"position\":1,\"name\":\"Home\",\"item\":\"https:\\\/\\\/bogensperk.si\\\/it\\\/\"},{\"@type\":\"ListItem\",\"position\":2,\"name\":\"Istituzione pubblica Bogen\u0161perk\"}]},{\"@type\":\"WebSite\",\"@id\":\"https:\\\/\\\/bogensperk.si\\\/it\\\/#website\",\"url\":\"https:\\\/\\\/bogensperk.si\\\/it\\\/\",\"name\":\"Grad Bogen\u0161perk\",\"description\":\"Renesan\u010dni grad Bogen\u0161perk, prostor mnogih kulturnih dogodkov.\",\"potentialAction\":[{\"@type\":\"SearchAction\",\"target\":{\"@type\":\"EntryPoint\",\"urlTemplate\":\"https:\\\/\\\/bogensperk.si\\\/it\\\/?s={search_term_string}\"},\"query-input\":{\"@type\":\"PropertyValueSpecification\",\"valueRequired\":true,\"valueName\":\"search_term_string\"}}],\"inLanguage\":\"it-IT\"}]}<\/script>\n<!-- \/ Yoast SEO plugin. -->","yoast_head_json":{"title":"Istituzione pubblica Bogen\u0161perk - Grad Bogen\u0161perk","description":"L'istituto pubblico Bogen\u0161perk \u00e8 stato fondato dal comune di \u0160martno pri Litiji allo scopo di gestire e realizzare varie attivit\u00e0 e promuovere il castello","robots":{"index":"index","follow":"follow","max-snippet":"max-snippet:-1","max-image-preview":"max-image-preview:large","max-video-preview":"max-video-preview:-1"},"canonical":"https:\/\/bogensperk.si\/it\/istituzione-pubblica-bogensperk\/","og_locale":"it_IT","og_type":"article","og_title":"Istituzione pubblica Bogen\u0161perk - Grad Bogen\u0161perk","og_description":"L'istituto pubblico Bogen\u0161perk \u00e8 stato fondato dal comune di \u0160martno pri Litiji allo scopo di gestire e realizzare varie attivit\u00e0 e promuovere il castello","og_url":"https:\/\/bogensperk.si\/it\/istituzione-pubblica-bogensperk\/","og_site_name":"Grad Bogen\u0161perk","article_modified_time":"2025-03-14T17:31:56+00:00","og_image":[{"width":2560,"height":1702,"url":"https:\/\/bogensperk.si\/wp-content\/uploads\/2025\/02\/Smartno-15-scaled.jpg","type":"image\/jpeg"}],"twitter_card":"summary_large_image","twitter_misc":{"Tempo di lettura stimato":"5 minuti"},"schema":{"@context":"https:\/\/schema.org","@graph":[{"@type":"WebPage","@id":"https:\/\/bogensperk.si\/it\/istituzione-pubblica-bogensperk\/","url":"https:\/\/bogensperk.si\/it\/istituzione-pubblica-bogensperk\/","name":"Istituzione pubblica Bogen\u0161perk - Grad Bogen\u0161perk","isPartOf":{"@id":"https:\/\/bogensperk.si\/it\/#website"},"datePublished":"2024-06-06T12:33:22+00:00","dateModified":"2025-03-14T17:31:56+00:00","description":"L'istituto pubblico Bogen\u0161perk \u00e8 stato fondato dal comune di \u0160martno pri Litiji allo scopo di gestire e realizzare varie attivit\u00e0 e promuovere il castello","breadcrumb":{"@id":"https:\/\/bogensperk.si\/it\/istituzione-pubblica-bogensperk\/#breadcrumb"},"inLanguage":"it-IT","potentialAction":[{"@type":"ReadAction","target":["https:\/\/bogensperk.si\/it\/istituzione-pubblica-bogensperk\/"]}]},{"@type":"BreadcrumbList","@id":"https:\/\/bogensperk.si\/it\/istituzione-pubblica-bogensperk\/#breadcrumb","itemListElement":[{"@type":"ListItem","position":1,"name":"Home","item":"https:\/\/bogensperk.si\/it\/"},{"@type":"ListItem","position":2,"name":"Istituzione pubblica Bogen\u0161perk"}]},{"@type":"WebSite","@id":"https:\/\/bogensperk.si\/it\/#website","url":"https:\/\/bogensperk.si\/it\/","name":"Grad Bogen\u0161perk","description":"Renesan\u010dni grad Bogen\u0161perk, prostor mnogih kulturnih dogodkov.","potentialAction":[{"@type":"SearchAction","target":{"@type":"EntryPoint","urlTemplate":"https:\/\/bogensperk.si\/it\/?s={search_term_string}"},"query-input":{"@type":"PropertyValueSpecification","valueRequired":true,"valueName":"search_term_string"}}],"inLanguage":"it-IT"}]}},"_links":{"self":[{"href":"https:\/\/bogensperk.si\/it\/wp-json\/wp\/v2\/pages\/4406126","targetHints":{"allow":["GET"]}}],"collection":[{"href":"https:\/\/bogensperk.si\/it\/wp-json\/wp\/v2\/pages"}],"about":[{"href":"https:\/\/bogensperk.si\/it\/wp-json\/wp\/v2\/types\/page"}],"author":[{"embeddable":true,"href":"https:\/\/bogensperk.si\/it\/wp-json\/wp\/v2\/users\/1"}],"replies":[{"embeddable":true,"href":"https:\/\/bogensperk.si\/it\/wp-json\/wp\/v2\/comments?post=4406126"}],"version-history":[{"count":3,"href":"https:\/\/bogensperk.si\/it\/wp-json\/wp\/v2\/pages\/4406126\/revisions"}],"predecessor-version":[{"id":4406139,"href":"https:\/\/bogensperk.si\/it\/wp-json\/wp\/v2\/pages\/4406126\/revisions\/4406139"}],"wp:attachment":[{"href":"https:\/\/bogensperk.si\/it\/wp-json\/wp\/v2\/media?parent=4406126"}],"curies":[{"name":"wp","href":"https:\/\/api.w.org\/{rel}","templated":true}]}}