{"id":4406435,"date":"2024-06-15T07:04:11","date_gmt":"2024-06-15T05:04:11","guid":{"rendered":"https:\/\/test.bogensperk.si\/informacije\/"},"modified":"2025-03-16T08:17:14","modified_gmt":"2025-03-16T07:17:14","slug":"informacije","status":"publish","type":"page","link":"https:\/\/bogensperk.si\/en\/informacije\/","title":{"rendered":"Information"},"content":{"rendered":"<p>[et_pb_section fb_built=&#8221;1&#8243; admin_label=&#8221;Header&#8221; _builder_version=&#8221;4.27.0&#8243; _module_preset=&#8221;default&#8221; background_color=&#8221;rgba(93,32,28,0.14)&#8221; custom_padding=&#8221;||0px|||&#8221; global_colors_info=&#8221;{}&#8221;][et_pb_row _builder_version=&#8221;4.16&#8243; _module_preset=&#8221;default&#8221; global_colors_info=&#8221;{}&#8221;][et_pb_column type=&#8221;4_4&#8243; _builder_version=&#8221;4.16&#8243; _module_preset=&#8221;default&#8221; global_colors_info=&#8221;{}&#8221;][et_pb_text _builder_version=&#8221;4.27.4&#8243; _module_preset=&#8221;d72c0383-6487-4f2c-ac5c-7d48a6376757&#8243; header_font=&#8221;&#8211;et_global_heading_font||||||||&#8221; header_text_color=&#8221;#000000&#8243; header_font_size=&#8221;60px&#8221; header_line_height=&#8221;1.1em&#8221; header_font_size_tablet=&#8221;60px&#8221; header_font_size_phone=&#8221;26px&#8221; header_font_size_last_edited=&#8221;on|phone&#8221; global_colors_info=&#8221;{}&#8221;]<\/p>\n<h1>Information<\/h1>\n<p>[\/et_pb_text][\/et_pb_column][\/et_pb_row][\/et_pb_section][et_pb_section fb_built=&#8221;1&#8243; specialty=&#8221;on&#8221; admin_label=&#8221;Pricing&#8221; _builder_version=&#8221;4.27.0&#8243; _module_preset=&#8221;default&#8221; background_color=&#8221;#FFFFFF&#8221; custom_padding=&#8221;0px||0px|||&#8221; global_colors_info=&#8221;{}&#8221;][et_pb_column type=&#8221;1_2&#8243; _builder_version=&#8221;4.16&#8243; custom_padding=&#8221;|||&#8221; global_colors_info=&#8221;{}&#8221; custom_padding__hover=&#8221;|||&#8221;][et_pb_text _builder_version=&#8221;4.27.0&#8243; _module_preset=&#8221;4deaa1a6-d0cd-49d0-ada3-8dc22addd086&#8243; header_4_font=&#8221;&#8211;et_global_heading_font|||on|||||&#8221; header_4_letter_spacing=&#8221;1em&#8221; header_4_line_height=&#8221;2.5em&#8221; custom_margin=&#8221;||0px||false|false&#8221; header_4_font_size_tablet=&#8221;16px&#8221; header_4_font_size_phone=&#8221;14px&#8221; header_4_font_size_last_edited=&#8221;off|desktop&#8221; global_colors_info=&#8221;{}&#8221;]<\/p>\n<h4>General<\/h4>\n<p>[\/et_pb_text][et_pb_text _builder_version=&#8221;4.27.0&#8243; _module_preset=&#8221;default&#8221; locked=&#8221;off&#8221; global_colors_info=&#8221;{}&#8221;]<\/p>\n<p>Validity from 1 January 2025.<br \/>Prices include VAT.<br \/>Payment can also be made by bank card.  <\/p>\n<p>Free admission for pre-school children, physically handicapped persons, persons with special needs and members of the Slovenian Museum Association.<\/p>\n<p>Please contact the following numbers to arrange a visit:<\/p>\n<p>+386 1 89 87 867, +386 1 89 87 664 (Castle),<br \/>+386 82 00 61 68 (Administration),<br \/>or by email: info@bogensperk.si.  <\/p>\n<p>[\/et_pb_text][et_pb_image src=&#8221;https:\/\/bogensperk.si\/wp-content\/uploads\/2025\/02\/20240506_114930-scaled.jpg&#8221; title_text=&#8221;20240506_114930&#8243; _builder_version=&#8221;4.27.4&#8243; _module_preset=&#8221;default&#8221; global_colors_info=&#8221;{}&#8221;][\/et_pb_image][\/et_pb_column][et_pb_column type=&#8221;1_2&#8243; specialty_columns=&#8221;2&#8243; _builder_version=&#8221;4.16&#8243; custom_padding=&#8221;|||&#8221; global_colors_info=&#8221;{}&#8221; custom_padding__hover=&#8221;|||&#8221;][et_pb_row_inner _builder_version=&#8221;4.27.0&#8243; _module_preset=&#8221;default&#8221; custom_padding=&#8221;10px|20px|10px|20px|true|true&#8221; border_color_all=&#8221;rgba(0,0,0,0.06)&#8221; border_width_bottom=&#8221;2px&#8221; global_colors_info=&#8221;{}&#8221;][et_pb_column_inner saved_specialty_column_type=&#8221;1_2&#8243; _builder_version=&#8221;4.16&#8243; _module_preset=&#8221;default&#8221; global_colors_info=&#8221;{}&#8221;][et_pb_text _builder_version=&#8221;4.27.0&#8243; _module_preset=&#8221;1d866de3-b108-4c5f-bed3-2da9506a6915&#8243; header_font=&#8221;||||||||&#8221; header_4_font=&#8221;Grenze||||||||&#8221; header_4_font_size=&#8221;30px&#8221; header_4_line_height=&#8221;1.5em&#8221; custom_margin=&#8221;||0px||false|false&#8221; custom_padding=&#8221;30px||||false|false&#8221; header_4_font_size_tablet=&#8221;22px&#8221; header_4_font_size_phone=&#8221;18px&#8221; header_4_font_size_last_edited=&#8221;on|phone&#8221; global_colors_info=&#8221;{}&#8221;]<\/p>\n<h2>Opening hours of the castle<\/h2>\n<p>[\/et_pb_text][\/et_pb_column_inner][\/et_pb_row_inner][et_pb_row_inner _builder_version=&#8221;4.27.0&#8243; _module_preset=&#8221;default&#8221; global_colors_info=&#8221;{}&#8221;][et_pb_column_inner saved_specialty_column_type=&#8221;1_2&#8243; _builder_version=&#8221;4.27.0&#8243; _module_preset=&#8221;default&#8221; global_colors_info=&#8221;{}&#8221;][et_pb_text _builder_version=&#8221;4.27.0&#8243; _module_preset=&#8221;default&#8221; global_colors_info=&#8221;{}&#8221;]<\/p>\n<p><strong>January, February, March, November and December<\/strong><br \/>Monday &#8211; Friday: 10.00 &#8211; 14.00<br \/>Saturday, Sunday and public holidays:<br \/>10.00 &#8211; 16.00<br \/><strong><\/strong><\/p>\n<p><strong>April, May, June, September and October<\/strong><br \/>Monday &#8211; Friday:<br \/>9.00 &#8211; 16.00<br \/>Saturday, Sunday and public holidays:<br \/>10.00 &#8211; 18.00<\/p>\n<p><strong>July and August<\/strong><br \/>Monday &#8211; Friday:<br \/>9.00 &#8211; 17.00<br \/>Saturday, Sunday and public holidays:<br \/>9.00 &#8211; 18.00<\/p>\n<p><strong>Museum closed:<\/strong><br \/>1 and 2 January,<br \/>1 November,<br \/>25 and 26 December  <\/p>\n<p>Tours are available outside opening hours all year round for groups of 20 or more, or by arrangement at an additional cost.<br \/>On Saturdays, during wedding season, tours of the castle are disrupted or may even be impossible.<\/p>\n<p>Thank you for your understanding.<\/p>\n<p>[\/et_pb_text][\/et_pb_column_inner][\/et_pb_row_inner][\/et_pb_column][\/et_pb_section][et_pb_section fb_built=&#8221;1&#8243; admin_label=&#8221;Pricing&#8221; _builder_version=&#8221;4.27.0&#8243; _module_preset=&#8221;default&#8221; background_color=&#8221;#f6efe7&#8243; global_colors_info=&#8221;{}&#8221;][et_pb_row _builder_version=&#8221;4.27.0&#8243; _module_preset=&#8221;default&#8221; global_colors_info=&#8221;{}&#8221;][et_pb_column type=&#8221;4_4&#8243; _builder_version=&#8221;4.27.0&#8243; _module_preset=&#8221;default&#8221; global_colors_info=&#8221;{}&#8221;][et_pb_text _builder_version=&#8221;4.27.0&#8243; _module_preset=&#8221;default&#8221; global_colors_info=&#8221;{}&#8221;]<\/p>\n<h3>Bogen\u0161perk Castle<\/h3>\n<p><strong>Entrance fee individually<\/strong><\/p>\n<p>[\/et_pb_text][\/et_pb_column][\/et_pb_row][et_pb_row _builder_version=&#8221;4.27.0&#8243; _module_preset=&#8221;default&#8221; global_colors_info=&#8221;{}&#8221;][et_pb_column type=&#8221;4_4&#8243; _builder_version=&#8221;4.27.0&#8243; _module_preset=&#8221;default&#8221; global_colors_info=&#8221;{}&#8221;][et_pb_text _builder_version=&#8221;4.27.0&#8243; _module_preset=&#8221;default&#8221; global_colors_info=&#8221;{}&#8221;]<\/p>\n<table border=\"1\" style=\"border-collapse: collapse; width: 100%;\">\n<tbody>\n<tr>\n<td style=\"width: 50%;\">Adults<\/td>\n<td style=\"width: 50%;\">7,00 \u20ac<\/td>\n<\/tr>\n<tr>\n<td style=\"width: 50%;\">Pensioners<\/td>\n<td style=\"width: 50%;\">5,50 \u20ac<\/td>\n<\/tr>\n<tr>\n<td style=\"width: 50%;\">Pupils, students<\/td>\n<td style=\"width: 50%;\">4,50 \u20ac<\/td>\n<\/tr>\n<tr>\n<td style=\"width: 50%;\">Preschool children <\/td>\n<td style=\"width: 50%;\">free<\/td>\n<\/tr>\n<\/tbody>\n<\/table>\n<p>[\/et_pb_text][\/et_pb_column][\/et_pb_row][et_pb_row _builder_version=&#8221;4.27.0&#8243; _module_preset=&#8221;default&#8221; global_colors_info=&#8221;{}&#8221;][et_pb_column type=&#8221;4_4&#8243; _builder_version=&#8221;4.27.0&#8243; _module_preset=&#8221;default&#8221; global_colors_info=&#8221;{}&#8221;][et_pb_text _builder_version=&#8221;4.27.0&#8243; _module_preset=&#8221;default&#8221; global_colors_info=&#8221;{}&#8221;]<\/p>\n<p><strong>Families<\/strong><\/p>\n<p><strong><\/strong><\/p>\n<table border=\"1\" style=\"border-collapse: collapse; width: 100%;\">\n<tbody>\n<tr>\n<td style=\"width: 50%;\">Family (parents and children)<\/td>\n<td style=\"width: 50%;\">19,90 \u20ac<\/td>\n<\/tr>\n<\/tbody>\n<\/table>\n<p>[\/et_pb_text][et_pb_text _builder_version=&#8221;4.27.0&#8243; _module_preset=&#8221;default&#8221; global_colors_info=&#8221;{}&#8221;]<\/p>\n<p><strong>Group (20+ persons)<\/strong><\/p>\n<p><strong><\/strong><\/p>\n<table border=\"1\" style=\"border-collapse: collapse; width: 100%;\">\n<tbody>\n<tr>\n<td style=\"width: 50%;\"><span>Adults<\/span><\/td>\n<td style=\"width: 50%;\"><span>5,70 EUR \/ person<\/span><\/td>\n<\/tr>\n<tr>\n<td style=\"width: 50%;\"><span>Pensioners<\/span><\/td>\n<td style=\"width: 50%;\"><span>EUR 4,80 \/ person<\/span><\/td>\n<\/tr>\n<tr>\n<td style=\"width: 50%;\"><span>Pupils, students<\/span><\/td>\n<td style=\"width: 50%;\"><span>3,80 EUR \/ person<\/span><\/td>\n<\/tr>\n<tr>\n<td style=\"width: 50%;\">Preschool children<\/td>\n<td style=\"width: 50%;\"><span>2,50 EUR \/ person<\/span><\/td>\n<\/tr>\n<tr>\n<td style=\"width: 50%;\"><\/td>\n<td style=\"width: 50%;\"><\/td>\n<\/tr>\n<tr>\n<td style=\"width: 50%;\"><span>Extra charge for guided tours in English (for groups of 20+ persons)<\/span><\/td>\n<td style=\"width: 50%;\"><span>20,00 EUR<\/span><\/td>\n<\/tr>\n<tr>\n<td style=\"width: 50%;\"><span>Guided tours in German (for groups of 20+)<\/span><\/td>\n<td style=\"width: 50%;\"><span>35,00 EUR<\/span><\/td>\n<\/tr>\n<\/tbody>\n<\/table>\n<p>[\/et_pb_text][et_pb_text _builder_version=&#8221;4.27.0&#8243; _module_preset=&#8221;default&#8221; global_colors_info=&#8221;{}&#8221;]<\/p>\n<p><strong>Other<\/strong><\/p>\n<p><strong><\/strong><\/p>\n<table border=\"1\" style=\"border-collapse: collapse; width: 100%; height: 144px;\">\n<tbody>\n<tr style=\"height: 24px;\">\n<td style=\"width: 50%; height: 24px;\"><span>Animated tour (adults)<\/span><\/td>\n<td style=\"width: 50%; height: 24px;\"><span>11,00 EUR<\/span><\/td>\n<\/tr>\n<tr style=\"height: 24px;\">\n<td style=\"width: 50%; height: 24px;\"><span>Guided tour of medieval Lichtenberg (adults)<\/span><\/td>\n<td style=\"width: 50%; height: 24px;\"><span>5,00 EUR<\/span><\/td>\n<\/tr>\n<tr style=\"height: 24px;\">\n<td style=\"width: 50%; height: 24px;\"><span>Guided hike along the Valvasor Trail (30+ persons)<\/span><\/td>\n<td style=\"width: 50%; height: 24px;\"><span>4,50 EUR<\/span><\/td>\n<\/tr>\n<tr style=\"height: 24px;\">\n<td style=\"width: 50%; height: 24px;\"><span>Book Routes (brochure)<\/span><\/td>\n<td style=\"width: 50%; height: 24px;\"><span>1,00 EUR<\/span><\/td>\n<\/tr>\n<tr style=\"height: 24px;\">\n<td style=\"width: 50%; height: 0px;\"><span>Davorin Hostnik Russian-Slovenian Centre, chapel<\/span><\/td>\n<td style=\"width: 50%; height: 0px;\">free<\/td>\n<\/tr>\n<\/tbody>\n<\/table>\n<p>[\/et_pb_text][et_pb_text _builder_version=&#8221;4.27.0&#8243; _module_preset=&#8221;default&#8221; global_colors_info=&#8221;{}&#8221;]<\/p>\n<h2>Teaching programmes for primary school pupils<\/h2>\n<p>&nbsp;<\/p>\n<table border=\"1\" style=\"border-collapse: collapse; width: 100%;\">\n<tbody>\n<tr>\n<td style=\"width: 50%;\"><span>Graphic Workshop<\/span><\/td>\n<td style=\"width: 50%;\"><span>7,50 EUR<\/span><\/td>\n<\/tr>\n<tr>\n<td style=\"width: 50%;\"><span>Discover the secrets of castle portraits<\/span><\/td>\n<td style=\"width: 50%;\"><span>6,00 EUR<\/span><\/td>\n<\/tr>\n<tr>\n<td style=\"width: 50%;\"><span>Guided tour of medieval Lichtenberg<\/span><\/td>\n<td style=\"width: 50%;\"><span>3,00 EUR<\/span><\/td>\n<\/tr>\n<tr>\n<td style=\"width: 50%;\"><span>Valvasor&#8217;s Trail Hike<\/span><\/td>\n<td style=\"width: 50%;\"><span>4,00 EUR<\/span><\/td>\n<\/tr>\n<tr>\n<td style=\"width: 50%;\"><span>Today we are castle architects<\/span><\/td>\n<td style=\"width: 50%;\"><span>6,00 EUR<\/span><\/td>\n<\/tr>\n<tr>\n<td style=\"width: 50%;\"><span>Journey back in time with the lords of the castle<\/span><\/td>\n<td style=\"width: 50%;\"><span>8,00 EUR<\/span><\/td>\n<\/tr>\n<\/tbody>\n<\/table>\n<p>[\/et_pb_text][et_pb_text _builder_version=&#8221;4.27.4&#8243; _module_preset=&#8221;default&#8221; global_colors_info=&#8221;{}&#8221;]<\/p>\n<h2>\u0160martno near Litija<\/h2>\n<p>Entrance fee (groups of 20+)<\/p>\n<table style=\"border-collapse: collapse; width: 100%;\" border=\"1\">\n<tbody>\n<tr>\n<td style=\"width: 50%;\">Guided tour of the interior of St Martin&#8217;s Church<\/td>\n<td style=\"width: 50%;\">3,00 EUR \/ person<\/td>\n<\/tr>\n<tr>\n<td style=\"width: 50%;\">Guided tour of the historic centre of \u0160martno pri Litija<\/td>\n<td style=\"width: 50%;\">4,00 EUR \/ person<\/td>\n<\/tr>\n<\/tbody>\n<\/table>\n<p>[\/et_pb_text][\/et_pb_column][\/et_pb_row][\/et_pb_section]<\/p>\n","protected":false},"excerpt":{"rendered":"<p>InformationGeneralValidity from 1 January 2025.Prices include VAT.Payment can also be made by bank card. Free admission for pre-school children, physically handicapped persons, persons with special needs and members of the Slovenian Museum Association. Please contact the following numbers to arrange a visit: +386 1 89 87 867, +386 1 89 87 664 (Castle),+386 82 00 61 68 (Administration),or by email: info@bogensperk.si. Opening hours of the castleJanuary, February, March, November and DecemberMonday &#8211; Friday: 10.00 &#8211; 14.00Saturday, Sunday and public holidays:10.00 &#8211; 16.00 April, May, June, September and OctoberMonday &#8211; Friday:9.00 &#8211; 16.00Saturday, Sunday and public holidays:10.00 &#8211; 18.00 July and AugustMonday &#8211; Friday:9.00 &#8211; 17.00Saturday, Sunday and public holidays:9.00 &#8211; 18.00 Museum closed:1 and 2 January,1 November,25 and 26 December Tours are available outside opening hours all year round for groups of 20 or more, or by arrangement at an additional cost.On Saturdays, during wedding season, tours of the castle are disrupted or may even be impossible. Thank you for your understanding.Bogen\u0161perk Castle Entrance fee individually Adults 7,00 \u20ac Pensioners 5,50 \u20ac Pupils, students 4,50 \u20ac Preschool children free Families Family (parents and children) 19,90 \u20ac Group (20+ persons) Adults 5,70 EUR \/ person Pensioners EUR 4,80 \/ person Pupils, [&hellip;]<\/p>\n","protected":false},"author":1,"featured_media":0,"parent":0,"menu_order":0,"comment_status":"closed","ping_status":"closed","template":"","meta":{"_et_pb_use_builder":"on","_et_pb_old_content":"","_et_gb_content_width":"","inline_featured_image":false,"footnotes":""},"class_list":["post-4406435","page","type-page","status-publish","hentry"],"yoast_head":"<!-- This site is optimized with the Yoast SEO plugin v27.6 - https:\/\/yoast.com\/product\/yoast-seo-wordpress\/ -->\n<title>Information - Grad Bogen\u0161perk<\/title>\n<meta name=\"description\" content=\"General information about Bogen\u0161perk Castle - contact information, opening hours, price lists ...\" \/>\n<meta name=\"robots\" content=\"index, follow, max-snippet:-1, max-image-preview:large, max-video-preview:-1\" \/>\n<link rel=\"canonical\" href=\"https:\/\/bogensperk.si\/en\/informacije\/\" \/>\n<meta property=\"og:locale\" content=\"en_US\" \/>\n<meta property=\"og:type\" content=\"article\" \/>\n<meta property=\"og:title\" content=\"Information - Grad Bogen\u0161perk\" \/>\n<meta property=\"og:description\" content=\"General information about Bogen\u0161perk Castle - contact information, opening hours, price lists ...\" \/>\n<meta property=\"og:url\" content=\"https:\/\/bogensperk.si\/en\/informacije\/\" \/>\n<meta property=\"og:site_name\" content=\"Grad Bogen\u0161perk\" \/>\n<meta property=\"article:modified_time\" content=\"2025-03-16T07:17:14+00:00\" \/>\n<meta name=\"twitter:card\" content=\"summary_large_image\" \/>\n<meta name=\"twitter:label1\" content=\"Est. reading time\" \/>\n\t<meta name=\"twitter:data1\" content=\"3 minutes\" \/>\n<script type=\"application\/ld+json\" class=\"yoast-schema-graph\">{\"@context\":\"https:\\\/\\\/schema.org\",\"@graph\":[{\"@type\":\"WebPage\",\"@id\":\"https:\\\/\\\/bogensperk.si\\\/en\\\/informacije\\\/\",\"url\":\"https:\\\/\\\/bogensperk.si\\\/en\\\/informacije\\\/\",\"name\":\"Information - Grad Bogen\u0161perk\",\"isPartOf\":{\"@id\":\"https:\\\/\\\/bogensperk.si\\\/en\\\/#website\"},\"datePublished\":\"2024-06-15T05:04:11+00:00\",\"dateModified\":\"2025-03-16T07:17:14+00:00\",\"description\":\"General information about Bogen\u0161perk Castle - contact information, opening hours, price lists ...\",\"breadcrumb\":{\"@id\":\"https:\\\/\\\/bogensperk.si\\\/en\\\/informacije\\\/#breadcrumb\"},\"inLanguage\":\"en-US\",\"potentialAction\":[{\"@type\":\"ReadAction\",\"target\":[\"https:\\\/\\\/bogensperk.si\\\/en\\\/informacije\\\/\"]}]},{\"@type\":\"BreadcrumbList\",\"@id\":\"https:\\\/\\\/bogensperk.si\\\/en\\\/informacije\\\/#breadcrumb\",\"itemListElement\":[{\"@type\":\"ListItem\",\"position\":1,\"name\":\"Home\",\"item\":\"https:\\\/\\\/bogensperk.si\\\/en\\\/\"},{\"@type\":\"ListItem\",\"position\":2,\"name\":\"Information\"}]},{\"@type\":\"WebSite\",\"@id\":\"https:\\\/\\\/bogensperk.si\\\/en\\\/#website\",\"url\":\"https:\\\/\\\/bogensperk.si\\\/en\\\/\",\"name\":\"Grad Bogen\u0161perk\",\"description\":\"Renesan\u010dni grad Bogen\u0161perk, prostor mnogih kulturnih dogodkov.\",\"potentialAction\":[{\"@type\":\"SearchAction\",\"target\":{\"@type\":\"EntryPoint\",\"urlTemplate\":\"https:\\\/\\\/bogensperk.si\\\/en\\\/?s={search_term_string}\"},\"query-input\":{\"@type\":\"PropertyValueSpecification\",\"valueRequired\":true,\"valueName\":\"search_term_string\"}}],\"inLanguage\":\"en-US\"}]}<\/script>\n<!-- \/ Yoast SEO plugin. -->","yoast_head_json":{"title":"Information - Grad Bogen\u0161perk","description":"General information about Bogen\u0161perk Castle - contact information, opening hours, price lists ...","robots":{"index":"index","follow":"follow","max-snippet":"max-snippet:-1","max-image-preview":"max-image-preview:large","max-video-preview":"max-video-preview:-1"},"canonical":"https:\/\/bogensperk.si\/en\/informacije\/","og_locale":"en_US","og_type":"article","og_title":"Information - Grad Bogen\u0161perk","og_description":"General information about Bogen\u0161perk Castle - contact information, opening hours, price lists ...","og_url":"https:\/\/bogensperk.si\/en\/informacije\/","og_site_name":"Grad Bogen\u0161perk","article_modified_time":"2025-03-16T07:17:14+00:00","twitter_card":"summary_large_image","twitter_misc":{"Est. reading time":"3 minutes"},"schema":{"@context":"https:\/\/schema.org","@graph":[{"@type":"WebPage","@id":"https:\/\/bogensperk.si\/en\/informacije\/","url":"https:\/\/bogensperk.si\/en\/informacije\/","name":"Information - Grad Bogen\u0161perk","isPartOf":{"@id":"https:\/\/bogensperk.si\/en\/#website"},"datePublished":"2024-06-15T05:04:11+00:00","dateModified":"2025-03-16T07:17:14+00:00","description":"General information about Bogen\u0161perk Castle - contact information, opening hours, price lists ...","breadcrumb":{"@id":"https:\/\/bogensperk.si\/en\/informacije\/#breadcrumb"},"inLanguage":"en-US","potentialAction":[{"@type":"ReadAction","target":["https:\/\/bogensperk.si\/en\/informacije\/"]}]},{"@type":"BreadcrumbList","@id":"https:\/\/bogensperk.si\/en\/informacije\/#breadcrumb","itemListElement":[{"@type":"ListItem","position":1,"name":"Home","item":"https:\/\/bogensperk.si\/en\/"},{"@type":"ListItem","position":2,"name":"Information"}]},{"@type":"WebSite","@id":"https:\/\/bogensperk.si\/en\/#website","url":"https:\/\/bogensperk.si\/en\/","name":"Grad Bogen\u0161perk","description":"Renesan\u010dni grad Bogen\u0161perk, prostor mnogih kulturnih dogodkov.","potentialAction":[{"@type":"SearchAction","target":{"@type":"EntryPoint","urlTemplate":"https:\/\/bogensperk.si\/en\/?s={search_term_string}"},"query-input":{"@type":"PropertyValueSpecification","valueRequired":true,"valueName":"search_term_string"}}],"inLanguage":"en-US"}]}},"_links":{"self":[{"href":"https:\/\/bogensperk.si\/en\/wp-json\/wp\/v2\/pages\/4406435","targetHints":{"allow":["GET"]}}],"collection":[{"href":"https:\/\/bogensperk.si\/en\/wp-json\/wp\/v2\/pages"}],"about":[{"href":"https:\/\/bogensperk.si\/en\/wp-json\/wp\/v2\/types\/page"}],"author":[{"embeddable":true,"href":"https:\/\/bogensperk.si\/en\/wp-json\/wp\/v2\/users\/1"}],"replies":[{"embeddable":true,"href":"https:\/\/bogensperk.si\/en\/wp-json\/wp\/v2\/comments?post=4406435"}],"version-history":[{"count":3,"href":"https:\/\/bogensperk.si\/en\/wp-json\/wp\/v2\/pages\/4406435\/revisions"}],"predecessor-version":[{"id":4406440,"href":"https:\/\/bogensperk.si\/en\/wp-json\/wp\/v2\/pages\/4406435\/revisions\/4406440"}],"wp:attachment":[{"href":"https:\/\/bogensperk.si\/en\/wp-json\/wp\/v2\/media?parent=4406435"}],"curies":[{"name":"wp","href":"https:\/\/api.w.org\/{rel}","templated":true}]}}