{"id":4406201,"date":"2024-06-15T07:03:22","date_gmt":"2024-06-15T05:03:22","guid":{"rendered":"https:\/\/test.bogensperk.si\/poroke\/"},"modified":"2025-03-24T18:56:22","modified_gmt":"2025-03-24T17:56:22","slug":"weddings","status":"publish","type":"page","link":"https:\/\/bogensperk.si\/en\/weddings\/","title":{"rendered":"Weddings"},"content":{"rendered":"<p>[et_pb_section fb_built=&#8221;1&#8243; custom_padding_last_edited=&#8221;off|desktop&#8221; admin_label=&#8221;Header&#8221; _builder_version=&#8221;4.27.4&#8243; _module_preset=&#8221;default&#8221; background_color=&#8221;#f6efe7&#8243; background_enable_color=&#8221;off&#8221; background_image=&#8221;https:\/\/bogensperk.si\/wp-content\/uploads\/2025\/02\/Monika-and-Igor-353-of-600.jpg&#8221; min_height=&#8221;600px&#8221; overflow-x=&#8221;hidden&#8221; overflow-y=&#8221;hidden&#8221; custom_padding_tablet=&#8221;150px||150px||true|false&#8221; custom_padding_phone=&#8221;80px||80px||true|false&#8221; global_colors_info=&#8221;{}&#8221; da_is_popup=&#8221;off&#8221; da_exit_intent=&#8221;off&#8221; da_has_close=&#8221;on&#8221; da_alt_close=&#8221;off&#8221; da_dark_close=&#8221;off&#8221; da_not_modal=&#8221;on&#8221; da_is_singular=&#8221;off&#8221; da_with_loader=&#8221;off&#8221; da_has_shadow=&#8221;on&#8221; da_disable_devices=&#8221;off|off|off&#8221;][et_pb_row column_structure=&#8221;3_5,2_5&#8243; _builder_version=&#8221;4.27.0&#8243; _module_preset=&#8221;default&#8221; global_colors_info=&#8221;{}&#8221;][et_pb_column type=&#8221;3_5&#8243; _builder_version=&#8221;4.16&#8243; _module_preset=&#8221;default&#8221; z_index=&#8221;10&#8243; global_colors_info=&#8221;{}&#8221;][et_pb_text _builder_version=&#8221;4.27.4&#8243; _module_preset=&#8221;d72c0383-6487-4f2c-ac5c-7d48a6376757&#8243; header_font=&#8221;&#8211;et_global_heading_font|300|||||||&#8221; header_text_color=&#8221;#FFFFFF&#8221; header_font_size=&#8221;100px&#8221; header_line_height=&#8221;1.1em&#8221; hover_enabled=&#8221;0&#8243; header_font_size_tablet=&#8221;60px&#8221; header_font_size_phone=&#8221;42px&#8221; header_font_size_last_edited=&#8221;on|phone&#8221; header_text_shadow_style=&#8221;preset1&#8243; locked=&#8221;off&#8221; global_colors_info=&#8221;{}&#8221; sticky_enabled=&#8221;0&#8243;]<\/p>\n<h1 style=\"text-align: center;\">Weddings<\/h1>\n<p>[\/et_pb_text][\/et_pb_column][et_pb_column type=&#8221;2_5&#8243; _builder_version=&#8221;4.16&#8243; _module_preset=&#8221;default&#8221; global_colors_info=&#8221;{}&#8221;][\/et_pb_column][\/et_pb_row][\/et_pb_section][et_pb_section fb_built=&#8221;1&#8243; admin_label=&#8221;Na kratko&#8221; _builder_version=&#8221;4.27.2&#8243; _module_preset=&#8221;default&#8221; background_color=&#8221;#5D201C&#8221; custom_margin=&#8221;||||false|false&#8221; custom_padding=&#8221;||||false|false&#8221; top_divider_color=&#8221;#FFFFFF&#8221; global_colors_info=&#8221;{}&#8221; da_is_popup=&#8221;off&#8221; da_exit_intent=&#8221;off&#8221; da_has_close=&#8221;on&#8221; da_alt_close=&#8221;off&#8221; da_dark_close=&#8221;off&#8221; da_not_modal=&#8221;on&#8221; da_is_singular=&#8221;off&#8221; da_with_loader=&#8221;off&#8221; da_has_shadow=&#8221;on&#8221; da_disable_devices=&#8221;off|off|off&#8221;][et_pb_row _builder_version=&#8221;4.16&#8243; _module_preset=&#8221;default&#8221; max_width=&#8221;1360px&#8221; global_colors_info=&#8221;{}&#8221;][et_pb_column type=&#8221;4_4&#8243; _builder_version=&#8221;4.16&#8243; _module_preset=&#8221;default&#8221; global_colors_info=&#8221;{}&#8221;][et_pb_divider color=&#8221;RGBA(0,0,0,0)&#8221; divider_weight=&#8221;30px&#8221; _builder_version=&#8221;4.27.0&#8243; _module_preset=&#8221;default&#8221; background_image=&#8221;https:\/\/bogensperk.si\/wp-content\/uploads\/2024\/07\/museum-12.png&#8221; background_size=&#8221;contain&#8221; background_repeat=&#8221;repeat-x&#8221; min_height=&#8221;30px&#8221; border_color_all=&#8221;#000000&#8243; global_colors_info=&#8221;{}&#8221;][\/et_pb_divider][et_pb_text _builder_version=&#8221;4.27.4&#8243; _module_preset=&#8221;c6d6f7af-6ac8-4ba6-9488-2a218606aaa8&#8243; text_text_color=&#8221;#FFFFFF&#8221; header_2_font=&#8221;&#8211;et_global_heading_font|500|||||||&#8221; header_2_text_color=&#8221;#FFFFFF&#8221; header_2_font_size=&#8221;100px&#8221; header_2_line_height=&#8221;1.2em&#8221; header_3_text_color=&#8221;#FFFFFF&#8221; text_orientation=&#8221;center&#8221; header_2_font_size_tablet=&#8221;65px&#8221; header_2_font_size_phone=&#8221;28px&#8221; header_2_font_size_last_edited=&#8221;on|phone&#8221; locked=&#8221;off&#8221; global_colors_info=&#8221;{}&#8221;]<\/p>\n<p>Let your story begin at Bogen\u0161perk.<br \/>The Renaissance Bogen\u0161perk Castle is located on the northern slopes of the hills of the Dolenjska region, along the main road connecting the Dolenjska and Zasavje regions, and is considered one of the most beautiful castles in Slovenia. As such, it is an ideal wedding location. Each couple married at our castle provide a special story for us, one that we start writing at our first meeting. <\/p>\n<p>[\/et_pb_text][\/et_pb_column][\/et_pb_row][\/et_pb_section][et_pb_section fb_built=&#8221;1&#8243; admin_label=&#8221;Texts&#8221; _builder_version=&#8221;4.27.0&#8243; _module_preset=&#8221;default&#8221; background_color=&#8221;RGBA(255,255,255,0)&#8221; global_colors_info=&#8221;{}&#8221; da_is_popup=&#8221;off&#8221; da_exit_intent=&#8221;off&#8221; da_has_close=&#8221;on&#8221; da_alt_close=&#8221;off&#8221; da_dark_close=&#8221;off&#8221; da_not_modal=&#8221;on&#8221; da_is_singular=&#8221;off&#8221; da_with_loader=&#8221;off&#8221; da_has_shadow=&#8221;on&#8221; da_disable_devices=&#8221;off|off|off&#8221;][et_pb_row column_structure=&#8221;1_2,1_2&#8243; _builder_version=&#8221;4.27.4&#8243; _module_preset=&#8221;default&#8221; background_enable_image=&#8221;off&#8221; global_colors_info=&#8221;{}&#8221;][et_pb_column type=&#8221;1_2&#8243; _builder_version=&#8221;4.16&#8243; _module_preset=&#8221;default&#8221; global_colors_info=&#8221;{}&#8221;][\/et_pb_column][et_pb_column type=&#8221;1_2&#8243; _builder_version=&#8221;4.16&#8243; _module_preset=&#8221;default&#8221; global_colors_info=&#8221;{}&#8221;][et_pb_text _builder_version=&#8221;4.27.4&#8243; _module_preset=&#8221;16a54059-cc81-4572-9c70-eda6a6c419bf&#8221; text_font=&#8221;&#8211;et_global_body_font||||||||&#8221; text_text_color=&#8221;#000000&#8243; text_font_size_tablet=&#8221;15px&#8221; text_font_size_phone=&#8221;14px&#8221; text_font_size_last_edited=&#8221;on|phone&#8221; header_font_size_tablet=&#8221;55px&#8221; header_font_size_last_edited=&#8221;off|desktop&#8221; locked=&#8221;off&#8221; global_colors_info=&#8221;{}&#8221;]<\/p>\n<p><strong>Wedding locations<\/strong><\/p>\n<p>Wedding ceremonies are performed outdoors, in the shelter of an avenue of linden trees, in a flower garden, in the Pod skal&#8217;co area, or in the Renaissance arcaded corridor, but they can also be performed in the privacy of the gallery tower or wedding hall. <\/p>\n<p>[\/et_pb_text][\/et_pb_column][\/et_pb_row][\/et_pb_section][et_pb_section fb_built=&#8221;1&#8243; admin_label=&#8221;Schedule&#8221; _builder_version=&#8221;4.27.2&#8243; _module_preset=&#8221;default&#8221; background_color=&#8221;#5D201C&#8221; custom_padding=&#8221;||0px|||&#8221; locked=&#8221;off&#8221; global_colors_info=&#8221;{}&#8221; da_is_popup=&#8221;off&#8221; da_exit_intent=&#8221;off&#8221; da_has_close=&#8221;on&#8221; da_alt_close=&#8221;off&#8221; da_dark_close=&#8221;off&#8221; da_not_modal=&#8221;on&#8221; da_is_singular=&#8221;off&#8221; da_with_loader=&#8221;off&#8221; da_has_shadow=&#8221;on&#8221; da_disable_devices=&#8221;off|off|off&#8221;][et_pb_row column_structure=&#8221;1_2,1_2&#8243; _builder_version=&#8221;4.27.0&#8243; _module_preset=&#8221;default&#8221; global_colors_info=&#8221;{}&#8221;][et_pb_column type=&#8221;1_2&#8243; _builder_version=&#8221;4.16&#8243; _module_preset=&#8221;default&#8221; global_colors_info=&#8221;{}&#8221;][et_pb_image src=&#8221;https:\/\/bogensperk.si\/wp-content\/uploads\/2024\/08\/bogensperk-poroke-03-e1729493156426.webp&#8221; alt=&#8221;Cerkev svetega Martina&#8221; title_text=&#8221;bogensperk-poroke-03&#8243; _builder_version=&#8221;4.27.2&#8243; _module_preset=&#8221;default&#8221; background_color=&#8221;RGBA(255,255,255,0)&#8221; custom_margin=&#8221;-50%|||-20vw|false|false&#8221; custom_margin_tablet=&#8221;-80px|-10vw||-10vw|false|true&#8221; custom_margin_phone=&#8221;&#8221; custom_margin_last_edited=&#8221;on|phone&#8221; custom_padding=&#8221;100px|60px|100px|60px|true|true&#8221; custom_padding_tablet=&#8221;0px|0px|60px|0px|false|true&#8221; custom_padding_phone=&#8221;&#8221; custom_padding_last_edited=&#8221;on|desktop&#8221; locked=&#8221;off&#8221; global_colors_info=&#8221;{}&#8221;][\/et_pb_image][et_pb_text _builder_version=&#8221;4.27.4&#8243; _module_preset=&#8221;16a54059-cc81-4572-9c70-eda6a6c419bf&#8221; text_font=&#8221;&#8211;et_global_body_font||||||||&#8221; text_text_color=&#8221;#FFFFFF&#8221; link_text_color=&#8221;#FFFFFF&#8221; text_font_size_tablet=&#8221;15px&#8221; text_font_size_phone=&#8221;14px&#8221; text_font_size_last_edited=&#8221;on|phone&#8221; header_font_size_tablet=&#8221;55px&#8221; header_font_size_last_edited=&#8221;off|desktop&#8221; locked=&#8221;off&#8221; global_colors_info=&#8221;{}&#8221;]<\/p>\n<p><strong>Application process<\/strong><br \/>A couple who decide to get married at Bogen\u0161perk Castle register the wedding at the Litija Administrative Unit, then agree on the type of protocol with the coordinator of wedding protocols at Bogen\u0161perk and fill out the wedding form, which is the basis for an offer and contract. <\/p>\n<p><strong>Additional offer<\/strong><\/p>\n<ul>\n<li>Optional carriage rental<\/li>\n<li>Church wedding in the castle chapel<\/li>\n<li>Catering and wedding celebration at the Bogen\u0161perk Castle Tavern (contact: restavracija@bogensperk.si, +386 51 307 413)<\/li>\n<\/ul>\n<p>Contact:<\/p>\n<p>Public Institute Bogen\u0161perk, Staretov trg 12, 1275 \u0160martno pri Litiji, telephone: 041 703 992, e-mail: <a href=\"mailto:poroke@bogensperk.si\">poroke@bogensperk.si<\/a> <br \/>Kr\u010dma na gradu Bogen\u0161perk, Bogen\u0161perk 5, 1275 \u0160martno pri Litiji, telephone: 051 307 413, e-mail: <a href=\"mailto:restavracija@bogensperk.si\">restavracija@bogensperk.si<\/a><\/p>\n<p>&nbsp;<\/p>\n<p>&nbsp;<\/p>\n<p>[\/et_pb_text][\/et_pb_column][et_pb_column type=&#8221;1_2&#8243; _builder_version=&#8221;4.16&#8243; _module_preset=&#8221;default&#8221; global_colors_info=&#8221;{}&#8221;][et_pb_text _builder_version=&#8221;4.27.4&#8243; _module_preset=&#8221;default&#8221; text_text_color=&#8221;#FFFFFF&#8221; global_colors_info=&#8221;{}&#8221;]<\/p>\n<p>The protocol includes:<\/p>\n<ul>\n<li>renting, preparing and cleaning the space,<\/li>\n<li>reception and ceremony,<\/li>\n<li>musical accompaniment of the ceremony with a violin,<\/li>\n<li>basic flower arrangement or arch rental with floral decoration,<\/li>\n<li>option of taking photos in the castle and its surroundings on the wedding day or before (by arrangement)<\/li>\n<li>sparkling wine reception for the newly-weds and witnesses (opening of sparkling wine and serving),<\/li>\n<li>a symbolic gift from Bogen\u0161perk Castle,<\/li>\n<li>the registrar and the civil servant who conduct the civil ceremony,<\/li>\n<li>event coordination.<\/li>\n<\/ul>\n<p>Prices:<br \/>from \u20ac450 in indoor locations<br \/>from \u20ac720 at outdoor locations<\/p>\n<p>If the ceremony takes place in the castle during the winter months, \u20ac50 is added to the price for heating costs. <\/p>\n<p>[\/et_pb_text][et_pb_image src=&#8221;https:\/\/bogensperk.si\/wp-content\/uploads\/2025\/02\/3-Potek-porocnega.jpg&#8221; title_text=&#8221;3-Potek poro\u010dnega&#8221; _builder_version=&#8221;4.27.4&#8243; _module_preset=&#8221;default&#8221; global_colors_info=&#8221;{}&#8221;][\/et_pb_image][et_pb_text _builder_version=&#8221;4.27.4&#8243; _module_preset=&#8221;default&#8221; text_text_color=&#8221;#FFFFFF&#8221; global_colors_info=&#8221;{}&#8221;][\/et_pb_text][et_pb_text _builder_version=&#8221;4.27.4&#8243; _module_preset=&#8221;default&#8221; text_text_color=&#8221;#FFFFFF&#8221; global_colors_info=&#8221;{}&#8221;][\/et_pb_text][\/et_pb_column][\/et_pb_row][\/et_pb_section]<\/p>\n","protected":false},"excerpt":{"rendered":"<p>WeddingsLet your story begin at Bogen\u0161perk.The Renaissance Bogen\u0161perk Castle is located on the northern slopes of the hills of the Dolenjska region, along the main road connecting the Dolenjska and Zasavje regions, and is considered one of the most beautiful castles in Slovenia. As such, it is an ideal wedding location. Each couple married at our castle provide a special story for us, one that we start writing at our first meeting. Wedding locations Wedding ceremonies are performed outdoors, in the shelter of an avenue of linden trees, in a flower garden, in the Pod skal&#8217;co area, or in the Renaissance arcaded corridor, but they can also be performed in the privacy of the gallery tower or wedding hall. Application processA couple who decide to get married at Bogen\u0161perk Castle register the wedding at the Litija Administrative Unit, then agree on the type of protocol with the coordinator of wedding protocols at Bogen\u0161perk and fill out the wedding form, which is the basis for an offer and contract. Additional offer Optional carriage rental Church wedding in the castle chapel Catering and wedding celebration at the Bogen\u0161perk Castle Tavern (contact: restavracija@bogensperk.si, +386 51 307 413) Contact: Public Institute Bogen\u0161perk, Staretov trg [&hellip;]<\/p>\n","protected":false},"author":1,"featured_media":0,"parent":0,"menu_order":0,"comment_status":"closed","ping_status":"closed","template":"","meta":{"_et_pb_use_builder":"on","_et_pb_old_content":"","_et_gb_content_width":"","inline_featured_image":false,"footnotes":""},"class_list":["post-4406201","page","type-page","status-publish","hentry"],"yoast_head":"<!-- This site is optimized with the Yoast SEO plugin v27.4 - https:\/\/yoast.com\/product\/yoast-seo-wordpress\/ -->\n<title>Weddings - Grad Bogen\u0161perk<\/title>\n<meta name=\"description\" content=\"The castle walls, steeped in rich history and surrounded by beautiful nature, offer an unforgettable experience for the newlyweds and their guests.\" \/>\n<meta name=\"robots\" content=\"index, follow, max-snippet:-1, max-image-preview:large, max-video-preview:-1\" \/>\n<link rel=\"canonical\" href=\"https:\/\/bogensperk.si\/en\/weddings\/\" \/>\n<meta property=\"og:locale\" content=\"en_US\" \/>\n<meta property=\"og:type\" content=\"article\" \/>\n<meta property=\"og:title\" content=\"Weddings - Grad Bogen\u0161perk\" \/>\n<meta property=\"og:description\" content=\"The castle walls, steeped in rich history and surrounded by beautiful nature, offer an unforgettable experience for the newlyweds and their guests.\" \/>\n<meta property=\"og:url\" content=\"https:\/\/bogensperk.si\/en\/weddings\/\" \/>\n<meta property=\"og:site_name\" content=\"Grad Bogen\u0161perk\" \/>\n<meta property=\"article:modified_time\" content=\"2025-03-24T17:56:22+00:00\" \/>\n<meta property=\"og:image\" content=\"https:\/\/bogensperk.si\/wp-content\/uploads\/2024\/08\/bogensperk-poroke-01.webp\" \/>\n\t<meta property=\"og:image:width\" content=\"2000\" \/>\n\t<meta property=\"og:image:height\" content=\"1125\" \/>\n\t<meta property=\"og:image:type\" content=\"image\/webp\" \/>\n<meta name=\"twitter:card\" content=\"summary_large_image\" \/>\n<meta name=\"twitter:label1\" content=\"Est. reading time\" \/>\n\t<meta name=\"twitter:data1\" content=\"2 minutes\" \/>\n<script type=\"application\/ld+json\" class=\"yoast-schema-graph\">{\"@context\":\"https:\\\/\\\/schema.org\",\"@graph\":[{\"@type\":\"WebPage\",\"@id\":\"https:\\\/\\\/bogensperk.si\\\/en\\\/weddings\\\/\",\"url\":\"https:\\\/\\\/bogensperk.si\\\/en\\\/weddings\\\/\",\"name\":\"Weddings - Grad Bogen\u0161perk\",\"isPartOf\":{\"@id\":\"https:\\\/\\\/bogensperk.si\\\/en\\\/#website\"},\"datePublished\":\"2024-06-15T05:03:22+00:00\",\"dateModified\":\"2025-03-24T17:56:22+00:00\",\"description\":\"The castle walls, steeped in rich history and surrounded by beautiful nature, offer an unforgettable experience for the newlyweds and their guests.\",\"breadcrumb\":{\"@id\":\"https:\\\/\\\/bogensperk.si\\\/en\\\/weddings\\\/#breadcrumb\"},\"inLanguage\":\"en-US\",\"potentialAction\":[{\"@type\":\"ReadAction\",\"target\":[\"https:\\\/\\\/bogensperk.si\\\/en\\\/weddings\\\/\"]}]},{\"@type\":\"BreadcrumbList\",\"@id\":\"https:\\\/\\\/bogensperk.si\\\/en\\\/weddings\\\/#breadcrumb\",\"itemListElement\":[{\"@type\":\"ListItem\",\"position\":1,\"name\":\"Home\",\"item\":\"https:\\\/\\\/bogensperk.si\\\/en\\\/\"},{\"@type\":\"ListItem\",\"position\":2,\"name\":\"Weddings\"}]},{\"@type\":\"WebSite\",\"@id\":\"https:\\\/\\\/bogensperk.si\\\/en\\\/#website\",\"url\":\"https:\\\/\\\/bogensperk.si\\\/en\\\/\",\"name\":\"Grad Bogen\u0161perk\",\"description\":\"Renesan\u010dni grad Bogen\u0161perk, prostor mnogih kulturnih dogodkov.\",\"potentialAction\":[{\"@type\":\"SearchAction\",\"target\":{\"@type\":\"EntryPoint\",\"urlTemplate\":\"https:\\\/\\\/bogensperk.si\\\/en\\\/?s={search_term_string}\"},\"query-input\":{\"@type\":\"PropertyValueSpecification\",\"valueRequired\":true,\"valueName\":\"search_term_string\"}}],\"inLanguage\":\"en-US\"}]}<\/script>\n<!-- \/ Yoast SEO plugin. -->","yoast_head_json":{"title":"Weddings - Grad Bogen\u0161perk","description":"The castle walls, steeped in rich history and surrounded by beautiful nature, offer an unforgettable experience for the newlyweds and their guests.","robots":{"index":"index","follow":"follow","max-snippet":"max-snippet:-1","max-image-preview":"max-image-preview:large","max-video-preview":"max-video-preview:-1"},"canonical":"https:\/\/bogensperk.si\/en\/weddings\/","og_locale":"en_US","og_type":"article","og_title":"Weddings - Grad Bogen\u0161perk","og_description":"The castle walls, steeped in rich history and surrounded by beautiful nature, offer an unforgettable experience for the newlyweds and their guests.","og_url":"https:\/\/bogensperk.si\/en\/weddings\/","og_site_name":"Grad Bogen\u0161perk","article_modified_time":"2025-03-24T17:56:22+00:00","og_image":[{"width":2000,"height":1125,"url":"https:\/\/bogensperk.si\/wp-content\/uploads\/2024\/08\/bogensperk-poroke-01.webp","type":"image\/webp"}],"twitter_card":"summary_large_image","twitter_misc":{"Est. reading time":"2 minutes"},"schema":{"@context":"https:\/\/schema.org","@graph":[{"@type":"WebPage","@id":"https:\/\/bogensperk.si\/en\/weddings\/","url":"https:\/\/bogensperk.si\/en\/weddings\/","name":"Weddings - Grad Bogen\u0161perk","isPartOf":{"@id":"https:\/\/bogensperk.si\/en\/#website"},"datePublished":"2024-06-15T05:03:22+00:00","dateModified":"2025-03-24T17:56:22+00:00","description":"The castle walls, steeped in rich history and surrounded by beautiful nature, offer an unforgettable experience for the newlyweds and their guests.","breadcrumb":{"@id":"https:\/\/bogensperk.si\/en\/weddings\/#breadcrumb"},"inLanguage":"en-US","potentialAction":[{"@type":"ReadAction","target":["https:\/\/bogensperk.si\/en\/weddings\/"]}]},{"@type":"BreadcrumbList","@id":"https:\/\/bogensperk.si\/en\/weddings\/#breadcrumb","itemListElement":[{"@type":"ListItem","position":1,"name":"Home","item":"https:\/\/bogensperk.si\/en\/"},{"@type":"ListItem","position":2,"name":"Weddings"}]},{"@type":"WebSite","@id":"https:\/\/bogensperk.si\/en\/#website","url":"https:\/\/bogensperk.si\/en\/","name":"Grad Bogen\u0161perk","description":"Renesan\u010dni grad Bogen\u0161perk, prostor mnogih kulturnih dogodkov.","potentialAction":[{"@type":"SearchAction","target":{"@type":"EntryPoint","urlTemplate":"https:\/\/bogensperk.si\/en\/?s={search_term_string}"},"query-input":{"@type":"PropertyValueSpecification","valueRequired":true,"valueName":"search_term_string"}}],"inLanguage":"en-US"}]}},"_links":{"self":[{"href":"https:\/\/bogensperk.si\/en\/wp-json\/wp\/v2\/pages\/4406201","targetHints":{"allow":["GET"]}}],"collection":[{"href":"https:\/\/bogensperk.si\/en\/wp-json\/wp\/v2\/pages"}],"about":[{"href":"https:\/\/bogensperk.si\/en\/wp-json\/wp\/v2\/types\/page"}],"author":[{"embeddable":true,"href":"https:\/\/bogensperk.si\/en\/wp-json\/wp\/v2\/users\/1"}],"replies":[{"embeddable":true,"href":"https:\/\/bogensperk.si\/en\/wp-json\/wp\/v2\/comments?post=4406201"}],"version-history":[{"count":4,"href":"https:\/\/bogensperk.si\/en\/wp-json\/wp\/v2\/pages\/4406201\/revisions"}],"predecessor-version":[{"id":4407169,"href":"https:\/\/bogensperk.si\/en\/wp-json\/wp\/v2\/pages\/4406201\/revisions\/4407169"}],"wp:attachment":[{"href":"https:\/\/bogensperk.si\/en\/wp-json\/wp\/v2\/media?parent=4406201"}],"curies":[{"name":"wp","href":"https:\/\/api.w.org\/{rel}","templated":true}]}}