{"id":4406183,"date":"2024-06-15T07:03:12","date_gmt":"2024-06-15T05:03:12","guid":{"rendered":"https:\/\/test.bogensperk.si\/pedagoski-programi\/"},"modified":"2025-03-25T05:00:52","modified_gmt":"2025-03-25T04:00:52","slug":"educational-programmes","status":"publish","type":"page","link":"https:\/\/bogensperk.si\/en\/educational-programmes\/","title":{"rendered":"Educational programmes"},"content":{"rendered":"<p>[et_pb_section fb_built=&#8221;1&#8243; custom_padding_last_edited=&#8221;off|desktop&#8221; admin_label=&#8221;Header&#8221; _builder_version=&#8221;4.27.4&#8243; _module_preset=&#8221;default&#8221; background_color=&#8221;#f6efe7&#8243; background_enable_color=&#8221;off&#8221; background_image=&#8221;https:\/\/bogensperk.si\/wp-content\/uploads\/2025\/02\/Grad-Bogensperk-25-of-33-scaled.jpg&#8221; min_height=&#8221;600px&#8221; overflow-x=&#8221;hidden&#8221; overflow-y=&#8221;hidden&#8221; custom_padding=&#8221;|||0px||&#8221; custom_padding_tablet=&#8221;150px||150px||true|false&#8221; custom_padding_phone=&#8221;80px||80px||true|false&#8221; da_disable_devices=&#8221;off|off|off&#8221; global_colors_info=&#8221;{}&#8221; da_is_popup=&#8221;off&#8221; da_exit_intent=&#8221;off&#8221; da_has_close=&#8221;on&#8221; da_alt_close=&#8221;off&#8221; da_dark_close=&#8221;off&#8221; da_not_modal=&#8221;on&#8221; da_is_singular=&#8221;off&#8221; da_with_loader=&#8221;off&#8221; da_has_shadow=&#8221;on&#8221;][et_pb_row _builder_version=&#8221;4.27.4&#8243; _module_preset=&#8221;default&#8221; custom_padding=&#8221;|||5px||&#8221; global_colors_info=&#8221;{}&#8221;][et_pb_column type=&#8221;4_4&#8243; _builder_version=&#8221;4.16&#8243; _module_preset=&#8221;default&#8221; z_index=&#8221;10&#8243; global_colors_info=&#8221;{}&#8221;][et_pb_text _builder_version=&#8221;4.27.4&#8243; _module_preset=&#8221;d72c0383-6487-4f2c-ac5c-7d48a6376757&#8243; header_font=&#8221;&#8211;et_global_heading_font|300|||||||&#8221; header_text_color=&#8221;#FFFFFF&#8221; header_font_size=&#8221;100px&#8221; header_line_height=&#8221;1.1em&#8221; hover_enabled=&#8221;0&#8243; header_font_size_tablet=&#8221;60px&#8221; header_font_size_phone=&#8221;42px&#8221; header_font_size_last_edited=&#8221;on|phone&#8221; header_text_shadow_style=&#8221;preset1&#8243; locked=&#8221;off&#8221; global_colors_info=&#8221;{}&#8221; sticky_enabled=&#8221;0&#8243;]<\/p>\n<h1 style=\"text-align: left;\">Educational programmes<\/h1>\n<p>[\/et_pb_text][\/et_pb_column][\/et_pb_row][\/et_pb_section][et_pb_section fb_built=&#8221;1&#8243; admin_label=&#8221;Na kratko&#8221; _builder_version=&#8221;4.27.2&#8243; _module_preset=&#8221;default&#8221; background_color=&#8221;#5D201C&#8221; custom_margin=&#8221;||||false|false&#8221; custom_padding=&#8221;||||false|false&#8221; top_divider_color=&#8221;#FFFFFF&#8221; da_disable_devices=&#8221;off|off|off&#8221; global_colors_info=&#8221;{}&#8221; da_is_popup=&#8221;off&#8221; da_exit_intent=&#8221;off&#8221; da_has_close=&#8221;on&#8221; da_alt_close=&#8221;off&#8221; da_dark_close=&#8221;off&#8221; da_not_modal=&#8221;on&#8221; da_is_singular=&#8221;off&#8221; da_with_loader=&#8221;off&#8221; da_has_shadow=&#8221;on&#8221;][et_pb_row _builder_version=&#8221;4.16&#8243; _module_preset=&#8221;default&#8221; max_width=&#8221;1360px&#8221; global_colors_info=&#8221;{}&#8221;][et_pb_column type=&#8221;4_4&#8243; _builder_version=&#8221;4.16&#8243; _module_preset=&#8221;default&#8221; global_colors_info=&#8221;{}&#8221;][et_pb_divider color=&#8221;RGBA(0,0,0,0)&#8221; divider_weight=&#8221;30px&#8221; _builder_version=&#8221;4.27.0&#8243; _module_preset=&#8221;default&#8221; background_image=&#8221;https:\/\/bogensperk.si\/wp-content\/uploads\/2024\/07\/museum-12.png&#8221; background_size=&#8221;contain&#8221; background_repeat=&#8221;repeat-x&#8221; min_height=&#8221;30px&#8221; border_color_all=&#8221;#000000&#8243; global_colors_info=&#8221;{}&#8221;][\/et_pb_divider][et_pb_text _builder_version=&#8221;4.27.4&#8243; _module_preset=&#8221;c6d6f7af-6ac8-4ba6-9488-2a218606aaa8&#8243; text_text_color=&#8221;#FFFFFF&#8221; header_2_font=&#8221;Trirong|500|||||||&#8221; header_2_text_color=&#8221;#000000&#8243; header_2_font_size=&#8221;100px&#8221; header_2_line_height=&#8221;1.2em&#8221; text_orientation=&#8221;center&#8221; header_2_font_size_tablet=&#8221;65px&#8221; header_2_font_size_phone=&#8221;28px&#8221; header_2_font_size_last_edited=&#8221;on|phone&#8221; locked=&#8221;off&#8221; global_colors_info=&#8221;{}&#8221;]<\/p>\n<p>Bogen\u0161perk Castle is one of the most beautifully preserved Renaissance castles in Slovenia. Visitors can discover the stories it holds behind its walls during individual tours of museum exhibitions or by participating in the programmes we run for various target groups.<\/p>\n<p>[\/et_pb_text][\/et_pb_column][\/et_pb_row][\/et_pb_section][et_pb_section fb_built=&#8221;1&#8243; admin_label=&#8221;Odrasli, ki bodo zdaj \u0161ole&#8221; _builder_version=&#8221;4.27.4&#8243; _module_preset=&#8221;default&#8221; background_color=&#8221;#FFFFFF&#8221; custom_padding=&#8221;||0px|||&#8221; da_disable_devices=&#8221;off|off|off&#8221; locked=&#8221;off&#8221; collapsed=&#8221;off&#8221; global_colors_info=&#8221;{}&#8221; da_is_popup=&#8221;off&#8221; da_exit_intent=&#8221;off&#8221; da_has_close=&#8221;on&#8221; da_alt_close=&#8221;off&#8221; da_dark_close=&#8221;off&#8221; da_not_modal=&#8221;on&#8221; da_is_singular=&#8221;off&#8221; da_with_loader=&#8221;off&#8221; da_has_shadow=&#8221;on&#8221;][et_pb_row column_structure=&#8221;3_5,2_5&#8243; _builder_version=&#8221;4.27.0&#8243; _module_preset=&#8221;default&#8221; global_colors_info=&#8221;{}&#8221;][et_pb_column type=&#8221;3_5&#8243; _builder_version=&#8221;4.16&#8243; _module_preset=&#8221;default&#8221; global_colors_info=&#8221;{}&#8221;][et_pb_gallery gallery_ids=&#8221;4405799,4404818,4404814&#8243; fullwidth=&#8221;on&#8221; _builder_version=&#8221;4.27.4&#8243; _module_preset=&#8221;default&#8221; global_colors_info=&#8221;{}&#8221;][\/et_pb_gallery][\/et_pb_column][et_pb_column type=&#8221;2_5&#8243; _builder_version=&#8221;4.16&#8243; _module_preset=&#8221;default&#8221; global_colors_info=&#8221;{}&#8221;][et_pb_text _builder_version=&#8221;4.27.4&#8243; _module_preset=&#8221;c6d6f7af-6ac8-4ba6-9488-2a218606aaa8&#8243; text_text_color=&#8221;#000000&#8243; header_text_color=&#8221;#5D201C&#8221; header_2_font=&#8221;&#8211;et_global_heading_font|500|||||||&#8221; header_2_text_color=&#8221;#FFFFFF&#8221; header_2_font_size=&#8221;60px&#8221; header_2_line_height=&#8221;1.2em&#8221; custom_margin=&#8221;||0px||false|false&#8221; header_2_font_size_tablet=&#8221;65px&#8221; header_2_font_size_phone=&#8221;28px&#8221; header_2_font_size_last_edited=&#8221;on|phone&#8221; locked=&#8221;off&#8221; global_colors_info=&#8221;{}&#8221;]<\/p>\n<h2>Schools<\/h2>\n<p>[\/et_pb_text][et_pb_text _builder_version=&#8221;4.27.4&#8243; _module_preset=&#8221;16a54059-cc81-4572-9c70-eda6a6c419bf&#8221; text_font=&#8221;&#8211;et_global_body_font||||||||&#8221; text_text_color=&#8221;#000000&#8243; custom_padding=&#8221;||0px|||&#8221; text_font_size_tablet=&#8221;15px&#8221; text_font_size_phone=&#8221;14px&#8221; text_font_size_last_edited=&#8221;on|phone&#8221; header_font_size_tablet=&#8221;55px&#8221; header_font_size_last_edited=&#8221;off|desktop&#8221; locked=&#8221;off&#8221; global_colors_info=&#8221;{}&#8221;]<\/p>\n<p>For the 2024\/2025 school year, we offer a diverse range of educational programmes, adapted to the age groups of children and adolescents, for organised groups of kindergarten children, primary school students, and high school students. We have themed guided tours of the castle available for your students, you can try your skill at graphic design, explore the castle surroundings, or embark on a journey into the past accompanied by the castle lord. The programmes are led by educators and trained museum guides.<\/p>\n<p>Browse the<a href=\"https:\/\/bogensperk.si\/wp-content\/uploads\/2024\/12\/Brosura_Pedagoski-programi-2024.pdf\"> Brochure of educational programmes 2024\/2025<\/a> and choose the most suitable programme for you. For more information and advice on selection, please send us a message at info@bogensperk.si.<\/p>\n<p>As a preparation for your visit, an activity after your visit, or to spice up your individual tour of Bogen\u0161perk Castle, we have prepared a <a href=\"https:\/\/bogensperk.si\/wp-content\/uploads\/2024\/08\/Ucni-list-II-in-III-triada.pdf\">worksheet (pdf)<\/a> for you.<\/p>\n<p>[\/et_pb_text][\/et_pb_column][\/et_pb_row][\/et_pb_section]<\/p>\n","protected":false},"excerpt":{"rendered":"<p>Educational programmesBogen\u0161perk Castle is one of the most beautifully preserved Renaissance castles in Slovenia. Visitors can discover the stories it holds behind its walls during individual tours of museum exhibitions or by participating in the programmes we run for various target groups.SchoolsFor the 2024\/2025 school year, we offer a diverse range of educational programmes, adapted to the age groups of children and adolescents, for organised groups of kindergarten children, primary school students, and high school students. We have themed guided tours of the castle available for your students, you can try your skill at graphic design, explore the castle surroundings, or embark on a journey into the past accompanied by the castle lord. The programmes are led by educators and trained museum guides. Browse the Brochure of educational programmes 2024\/2025 and choose the most suitable programme for you. For more information and advice on selection, please send us a message at info@bogensperk.si. As a preparation for your visit, an activity after your visit, or to spice up your individual tour of Bogen\u0161perk Castle, we have prepared a worksheet (pdf) for you.<\/p>\n","protected":false},"author":1,"featured_media":0,"parent":0,"menu_order":0,"comment_status":"closed","ping_status":"closed","template":"","meta":{"_et_pb_use_builder":"on","_et_pb_old_content":"","_et_gb_content_width":"","inline_featured_image":false,"footnotes":""},"class_list":["post-4406183","page","type-page","status-publish","hentry"],"yoast_head":"<!-- This site is optimized with the Yoast SEO plugin v27.4 - https:\/\/yoast.com\/product\/yoast-seo-wordpress\/ -->\n<title>Educational programmes - Grad Bogen\u0161perk<\/title>\n<meta name=\"description\" content=\"Visitors can discover the stories behind its walls by visiting the museum&#039;s exhibitions individually or by taking part in programmes.\" \/>\n<meta name=\"robots\" content=\"index, follow, max-snippet:-1, max-image-preview:large, max-video-preview:-1\" \/>\n<link rel=\"canonical\" href=\"https:\/\/bogensperk.si\/en\/educational-programmes\/\" \/>\n<meta property=\"og:locale\" content=\"en_US\" \/>\n<meta property=\"og:type\" content=\"article\" \/>\n<meta property=\"og:title\" content=\"Educational programmes - Grad Bogen\u0161perk\" \/>\n<meta property=\"og:description\" content=\"Visitors can discover the stories behind its walls by visiting the museum&#039;s exhibitions individually or by taking part in programmes.\" \/>\n<meta property=\"og:url\" content=\"https:\/\/bogensperk.si\/en\/educational-programmes\/\" \/>\n<meta property=\"og:site_name\" content=\"Grad Bogen\u0161perk\" \/>\n<meta property=\"article:modified_time\" content=\"2025-03-25T04:00:52+00:00\" \/>\n<meta name=\"twitter:card\" content=\"summary_large_image\" \/>\n<meta name=\"twitter:label1\" content=\"Est. reading time\" \/>\n\t<meta name=\"twitter:data1\" content=\"2 minutes\" \/>\n<script type=\"application\/ld+json\" class=\"yoast-schema-graph\">{\"@context\":\"https:\\\/\\\/schema.org\",\"@graph\":[{\"@type\":\"WebPage\",\"@id\":\"https:\\\/\\\/bogensperk.si\\\/en\\\/educational-programmes\\\/\",\"url\":\"https:\\\/\\\/bogensperk.si\\\/en\\\/educational-programmes\\\/\",\"name\":\"Educational programmes - Grad Bogen\u0161perk\",\"isPartOf\":{\"@id\":\"https:\\\/\\\/bogensperk.si\\\/en\\\/#website\"},\"datePublished\":\"2024-06-15T05:03:12+00:00\",\"dateModified\":\"2025-03-25T04:00:52+00:00\",\"description\":\"Visitors can discover the stories behind its walls by visiting the museum's exhibitions individually or by taking part in programmes.\",\"breadcrumb\":{\"@id\":\"https:\\\/\\\/bogensperk.si\\\/en\\\/educational-programmes\\\/#breadcrumb\"},\"inLanguage\":\"en-US\",\"potentialAction\":[{\"@type\":\"ReadAction\",\"target\":[\"https:\\\/\\\/bogensperk.si\\\/en\\\/educational-programmes\\\/\"]}]},{\"@type\":\"BreadcrumbList\",\"@id\":\"https:\\\/\\\/bogensperk.si\\\/en\\\/educational-programmes\\\/#breadcrumb\",\"itemListElement\":[{\"@type\":\"ListItem\",\"position\":1,\"name\":\"Home\",\"item\":\"https:\\\/\\\/bogensperk.si\\\/en\\\/\"},{\"@type\":\"ListItem\",\"position\":2,\"name\":\"Educational programmes\"}]},{\"@type\":\"WebSite\",\"@id\":\"https:\\\/\\\/bogensperk.si\\\/en\\\/#website\",\"url\":\"https:\\\/\\\/bogensperk.si\\\/en\\\/\",\"name\":\"Grad Bogen\u0161perk\",\"description\":\"Renesan\u010dni grad Bogen\u0161perk, prostor mnogih kulturnih dogodkov.\",\"potentialAction\":[{\"@type\":\"SearchAction\",\"target\":{\"@type\":\"EntryPoint\",\"urlTemplate\":\"https:\\\/\\\/bogensperk.si\\\/en\\\/?s={search_term_string}\"},\"query-input\":{\"@type\":\"PropertyValueSpecification\",\"valueRequired\":true,\"valueName\":\"search_term_string\"}}],\"inLanguage\":\"en-US\"}]}<\/script>\n<!-- \/ Yoast SEO plugin. -->","yoast_head_json":{"title":"Educational programmes - Grad Bogen\u0161perk","description":"Visitors can discover the stories behind its walls by visiting the museum's exhibitions individually or by taking part in programmes.","robots":{"index":"index","follow":"follow","max-snippet":"max-snippet:-1","max-image-preview":"max-image-preview:large","max-video-preview":"max-video-preview:-1"},"canonical":"https:\/\/bogensperk.si\/en\/educational-programmes\/","og_locale":"en_US","og_type":"article","og_title":"Educational programmes - Grad Bogen\u0161perk","og_description":"Visitors can discover the stories behind its walls by visiting the museum's exhibitions individually or by taking part in programmes.","og_url":"https:\/\/bogensperk.si\/en\/educational-programmes\/","og_site_name":"Grad Bogen\u0161perk","article_modified_time":"2025-03-25T04:00:52+00:00","twitter_card":"summary_large_image","twitter_misc":{"Est. reading time":"2 minutes"},"schema":{"@context":"https:\/\/schema.org","@graph":[{"@type":"WebPage","@id":"https:\/\/bogensperk.si\/en\/educational-programmes\/","url":"https:\/\/bogensperk.si\/en\/educational-programmes\/","name":"Educational programmes - Grad Bogen\u0161perk","isPartOf":{"@id":"https:\/\/bogensperk.si\/en\/#website"},"datePublished":"2024-06-15T05:03:12+00:00","dateModified":"2025-03-25T04:00:52+00:00","description":"Visitors can discover the stories behind its walls by visiting the museum's exhibitions individually or by taking part in programmes.","breadcrumb":{"@id":"https:\/\/bogensperk.si\/en\/educational-programmes\/#breadcrumb"},"inLanguage":"en-US","potentialAction":[{"@type":"ReadAction","target":["https:\/\/bogensperk.si\/en\/educational-programmes\/"]}]},{"@type":"BreadcrumbList","@id":"https:\/\/bogensperk.si\/en\/educational-programmes\/#breadcrumb","itemListElement":[{"@type":"ListItem","position":1,"name":"Home","item":"https:\/\/bogensperk.si\/en\/"},{"@type":"ListItem","position":2,"name":"Educational programmes"}]},{"@type":"WebSite","@id":"https:\/\/bogensperk.si\/en\/#website","url":"https:\/\/bogensperk.si\/en\/","name":"Grad Bogen\u0161perk","description":"Renesan\u010dni grad Bogen\u0161perk, prostor mnogih kulturnih dogodkov.","potentialAction":[{"@type":"SearchAction","target":{"@type":"EntryPoint","urlTemplate":"https:\/\/bogensperk.si\/en\/?s={search_term_string}"},"query-input":{"@type":"PropertyValueSpecification","valueRequired":true,"valueName":"search_term_string"}}],"inLanguage":"en-US"}]}},"_links":{"self":[{"href":"https:\/\/bogensperk.si\/en\/wp-json\/wp\/v2\/pages\/4406183","targetHints":{"allow":["GET"]}}],"collection":[{"href":"https:\/\/bogensperk.si\/en\/wp-json\/wp\/v2\/pages"}],"about":[{"href":"https:\/\/bogensperk.si\/en\/wp-json\/wp\/v2\/types\/page"}],"author":[{"embeddable":true,"href":"https:\/\/bogensperk.si\/en\/wp-json\/wp\/v2\/users\/1"}],"replies":[{"embeddable":true,"href":"https:\/\/bogensperk.si\/en\/wp-json\/wp\/v2\/comments?post=4406183"}],"version-history":[{"count":5,"href":"https:\/\/bogensperk.si\/en\/wp-json\/wp\/v2\/pages\/4406183\/revisions"}],"predecessor-version":[{"id":4407177,"href":"https:\/\/bogensperk.si\/en\/wp-json\/wp\/v2\/pages\/4406183\/revisions\/4407177"}],"wp:attachment":[{"href":"https:\/\/bogensperk.si\/en\/wp-json\/wp\/v2\/media?parent=4406183"}],"curies":[{"name":"wp","href":"https:\/\/api.w.org\/{rel}","templated":true}]}}