{"id":4406124,"date":"2024-06-06T14:33:22","date_gmt":"2024-06-06T12:33:22","guid":{"rendered":"https:\/\/test.bogensperk.si\/javni-zavod-bogensperk\/"},"modified":"2025-03-14T18:18:59","modified_gmt":"2025-03-14T17:18:59","slug":"public-institute-bogensperk","status":"publish","type":"page","link":"https:\/\/bogensperk.si\/en\/public-institute-bogensperk\/","title":{"rendered":"Public institute Bogen\u0161perk"},"content":{"rendered":"<p>[et_pb_section fb_built=&#8221;1&#8243; custom_padding_last_edited=&#8221;off|desktop&#8221; admin_label=&#8221;Header&#8221; _builder_version=&#8221;4.27.4&#8243; _module_preset=&#8221;default&#8221; background_color=&#8221;#f6efe7&#8243; background_enable_color=&#8221;off&#8221; background_image=&#8221;https:\/\/bogensperk.si\/wp-content\/uploads\/2025\/02\/Smartno-15-scaled.jpg&#8221; min_height=&#8221;500px&#8221; overflow-x=&#8221;hidden&#8221; overflow-y=&#8221;hidden&#8221; custom_padding_tablet=&#8221;150px||150px||true|false&#8221; custom_padding_phone=&#8221;80px||80px||true|false&#8221; global_colors_info=&#8221;{}&#8221;][et_pb_row column_structure=&#8221;3_5,2_5&#8243; _builder_version=&#8221;4.27.0&#8243; _module_preset=&#8221;default&#8221; global_colors_info=&#8221;{}&#8221;][et_pb_column type=&#8221;3_5&#8243; _builder_version=&#8221;4.16&#8243; _module_preset=&#8221;default&#8221; z_index=&#8221;10&#8243; global_colors_info=&#8221;{}&#8221;][et_pb_text _builder_version=&#8221;4.27.4&#8243; _module_preset=&#8221;d72c0383-6487-4f2c-ac5c-7d48a6376757&#8243; header_font=&#8221;&#8211;et_global_heading_font||||||||&#8221; header_text_color=&#8221;#FFFFFF&#8221; header_font_size=&#8221;100px&#8221; header_line_height=&#8221;1.1em&#8221; hover_enabled=&#8221;0&#8243; header_font_size_tablet=&#8221;60px&#8221; header_font_size_phone=&#8221;42px&#8221; header_font_size_last_edited=&#8221;on|phone&#8221; header_text_shadow_style=&#8221;preset1&#8243; locked=&#8221;off&#8221; global_colors_info=&#8221;{}&#8221; sticky_enabled=&#8221;0&#8243;]<\/p>\n<h1>Public institute Bogen\u0161perk<\/h1>\n<p>[\/et_pb_text][\/et_pb_column][et_pb_column type=&#8221;2_5&#8243; _builder_version=&#8221;4.16&#8243; _module_preset=&#8221;default&#8221; global_colors_info=&#8221;{}&#8221;][\/et_pb_column][\/et_pb_row][\/et_pb_section][et_pb_section fb_built=&#8221;1&#8243; admin_label=&#8221;Na kratko&#8221; _builder_version=&#8221;4.27.0&#8243; _module_preset=&#8221;default&#8221; background_color=&#8221;#5D201C&#8221; custom_margin=&#8221;||||false|false&#8221; custom_padding=&#8221;0px||0px||false|false&#8221; top_divider_color=&#8221;#FFFFFF&#8221; global_colors_info=&#8221;{}&#8221;][et_pb_row _builder_version=&#8221;4.16&#8243; _module_preset=&#8221;default&#8221; max_width=&#8221;1360px&#8221; global_colors_info=&#8221;{}&#8221;][et_pb_column type=&#8221;4_4&#8243; _builder_version=&#8221;4.16&#8243; _module_preset=&#8221;default&#8221; global_colors_info=&#8221;{}&#8221;][et_pb_divider color=&#8221;RGBA(0,0,0,0)&#8221; divider_weight=&#8221;30px&#8221; _builder_version=&#8221;4.27.0&#8243; _module_preset=&#8221;default&#8221; background_image=&#8221;https:\/\/bogensperk.si\/wp-content\/uploads\/2024\/07\/museum-12.png&#8221; background_size=&#8221;contain&#8221; background_repeat=&#8221;repeat-x&#8221; min_height=&#8221;30px&#8221; border_color_all=&#8221;#000000&#8243; global_colors_info=&#8221;{}&#8221;][\/et_pb_divider][et_pb_text _builder_version=&#8221;4.27.4&#8243; _module_preset=&#8221;c6d6f7af-6ac8-4ba6-9488-2a218606aaa8&#8243; text_text_color=&#8221;#FFFFFF&#8221; header_2_font=&#8221;Trirong|500|||||||&#8221; header_2_text_color=&#8221;#000000&#8243; header_2_font_size=&#8221;100px&#8221; header_2_line_height=&#8221;1.2em&#8221; text_orientation=&#8221;center&#8221; hover_enabled=&#8221;0&#8243; header_2_font_size_tablet=&#8221;65px&#8221; header_2_font_size_phone=&#8221;28px&#8221; header_2_font_size_last_edited=&#8221;on|phone&#8221; locked=&#8221;off&#8221; global_colors_info=&#8221;{}&#8221; sticky_enabled=&#8221;0&#8243;]<\/p>\n<p>Public Institute Bogen\u0161perk was established by the Municipality of \u0160martno pri Litiji for the purpose of management and carrying out various activities and promotion of Bogen\u0161perk Castle, one of the most important cultural monuments in Slovenia. Over time, the institute took on other tasks in the area of its home municipality, and today it manages and prepares its own programme at the \u0160martno Cultural Centre, is responsible for the design, promotion and implementation of tourist activities in the local environment, provides information for visitors within the framework of the tourist information centre and guide service, publishes the local newsletter Krajevne novice and develops youth content at the municipal level.<\/p>\n<p>[\/et_pb_text][\/et_pb_column][\/et_pb_row][\/et_pb_section][et_pb_section fb_built=&#8221;1&#8243; _builder_version=&#8221;4.27.0&#8243; _module_preset=&#8221;default&#8221; global_colors_info=&#8221;{}&#8221;][et_pb_row column_structure=&#8221;1_3,1_3,1_3&#8243; _builder_version=&#8221;4.27.0&#8243; _module_preset=&#8221;default&#8221; global_colors_info=&#8221;{}&#8221;][et_pb_column type=&#8221;1_3&#8243; _builder_version=&#8221;4.27.0&#8243; _module_preset=&#8221;default&#8221; global_colors_info=&#8221;{}&#8221;][et_pb_blurb title=&#8221;Bogen\u0161perk Castle&#8221; image=&#8221;https:\/\/bogensperk.si\/wp-content\/uploads\/2024\/09\/Javni_zavod_Bogensperk-grad_Bogensperk.webp&#8221; _builder_version=&#8221;4.27.4&#8243; _dynamic_attributes=&#8221;link_option_url&#8221; _module_preset=&#8221;default&#8221; header_level=&#8221;h2&#8243; header_text_color=&#8221;#5D201C&#8221; link_option_url=&#8221;@ET-DC@eyJkeW5hbWljIjp0cnVlLCJjb250ZW50IjoicG9zdF9saW5rX3VybF9wYWdlIiwic2V0dGluZ3MiOnsicG9zdF9pZCI6IjQ0MDM5MTEifX0=@&#8221; hover_enabled=&#8221;0&#8243; global_colors_info=&#8221;{}&#8221; sticky_enabled=&#8221;0&#8243;]<\/p>\n<p>Being aware of the mission of presenting a cultural monument of national importance to the widest possible circle of the interested public, we are constantly upgrading its offer with new, current and high-quality content.. The institute carries out museum, gallery and protocol activities at the castle, prepares cultural and other events, implements various forms of educational programmes, rents out spaces for exhibitions, cultural and other events and services, and at the same time carries out research activities in humanities and is responsible for creating a broader tourist offer for the destination.<\/p>\n<p>[\/et_pb_blurb][\/et_pb_column][et_pb_column type=&#8221;1_3&#8243; _builder_version=&#8221;4.27.0&#8243; _module_preset=&#8221;default&#8221; global_colors_info=&#8221;{}&#8221;][et_pb_blurb title=&#8221;\u0160martno Cultural Centre&#8221; image=&#8221;https:\/\/bogensperk.si\/wp-content\/uploads\/2024\/09\/Kulturni_dom_Smartno_small.webp&#8221; _builder_version=&#8221;4.27.4&#8243; _dynamic_attributes=&#8221;link_option_url&#8221; _module_preset=&#8221;default&#8221; header_level=&#8221;h2&#8243; header_text_color=&#8221;#5D201C&#8221; link_option_url=&#8221;@ET-DC@eyJkeW5hbWljIjp0cnVlLCJjb250ZW50IjoicG9zdF9saW5rX3VybF9wYWdlIiwic2V0dGluZ3MiOnsicG9zdF9pZCI6IjQ0MDM5MDcifX0=@&#8221; hover_enabled=&#8221;0&#8243; global_colors_info=&#8221;{}&#8221; sticky_enabled=&#8221;0&#8243;]<\/p>\n<p>The \u0160martno Cultural Centre was established in its current form after 1948 and has become a meeting place for local cultural creation in the decades since its establishment, complemented by guest performances from both Slovenia and abroad. Public Institute Bogen\u0161perk, in the role of administrator, has been continuing this mission for the last decade. Every year, a large number of public and paid cultural events and other events of a public nature are held.<\/p>\n<p>[\/et_pb_blurb][\/et_pb_column][et_pb_column type=&#8221;1_3&#8243; _builder_version=&#8221;4.27.0&#8243; _module_preset=&#8221;default&#8221; global_colors_info=&#8221;{}&#8221;][et_pb_blurb title=&#8221;Bogen\u0161perk Festival&#8221; image=&#8221;https:\/\/bogensperk.si\/wp-content\/uploads\/2024\/09\/Festival-Bogensperk.webp&#8221; _builder_version=&#8221;4.27.4&#8243; _dynamic_attributes=&#8221;link_option_url&#8221; _module_preset=&#8221;default&#8221; header_level=&#8221;h2&#8243; header_text_color=&#8221;#5D201C&#8221; link_option_url=&#8221;@ET-DC@eyJkeW5hbWljIjp0cnVlLCJjb250ZW50IjoicG9zdF9saW5rX3VybF9wYWdlIiwic2V0dGluZ3MiOnsicG9zdF9pZCI6IjQ0MDQwMzIifX0=@&#8221; hover_enabled=&#8221;0&#8243; global_colors_info=&#8221;{}&#8221; sticky_enabled=&#8221;0&#8243;]<\/p>\n<p>Years ago, the idea of connecting culture, cuisine and leisure led to organising our own festival, which was named after its central venue \u2013 Bogen\u0161perk Castle. In its previous performances, it has connected the local area with the wider Slovenian and European space. It became established among both domestic and foreign artists. Today, the festival is a promoter of, and a link to, the local environment, and the castle and its surroundings are being rediscovered by locals as well as visitors from elsewhere. With each performance, the organisers strive to ensure a variety of genres and satisfy the widest possible range of tastes of our visitors, whether it be for musical performances or culinary delights.<\/p>\n<p>[\/et_pb_blurb][\/et_pb_column][\/et_pb_row][et_pb_row column_structure=&#8221;1_3,1_3,1_3&#8243; _builder_version=&#8221;4.27.0&#8243; _module_preset=&#8221;default&#8221; global_colors_info=&#8221;{}&#8221;][et_pb_column type=&#8221;1_3&#8243; _builder_version=&#8221;4.27.0&#8243; _module_preset=&#8221;default&#8221; global_colors_info=&#8221;{}&#8221;][et_pb_blurb title=&#8221;Local news&#8221; image=&#8221;https:\/\/bogensperk.si\/wp-content\/uploads\/2024\/09\/Krajevne-novice.webp&#8221; _builder_version=&#8221;4.27.4&#8243; _module_preset=&#8221;default&#8221; header_level=&#8221;h2&#8243; header_text_color=&#8221;#5D201C&#8221; link_option_url=&#8221;https:\/\/obcina.smartno.si\/mediji\/krajevne-novice\/&#8221; link_option_url_new_window=&#8221;on&#8221; hover_enabled=&#8221;0&#8243; global_colors_info=&#8221;{}&#8221; sticky_enabled=&#8221;0&#8243;]<\/p>\n<p>The municipality of \u0160martno pri Litiji has transferred the publishing of the municipal newspaper Krajevne novice to Public Institute Bogen\u0161perk. It is received free of charge by all households in the municipality, is published ten times a year, and has a circulation of 1,800 copies. The newsletter offers a mix of information about events in the municipality and interesting reading on topics related to the local community and beyond.<\/p>\n<p>The editor-in-chief of the newsletter is Dr. Jernej Kotar. Contact: <a href=\"mailto:krajevnenovice@bogensperk.si\">krajevnenovice@bogensperk.si<\/a>.<\/p>\n<p>[\/et_pb_blurb][\/et_pb_column][et_pb_column type=&#8221;1_3&#8243; _builder_version=&#8221;4.27.0&#8243; _module_preset=&#8221;default&#8221; global_colors_info=&#8221;{}&#8221;][et_pb_blurb title=&#8221;TIC \u0160martno &#8221; image=&#8221;https:\/\/bogensperk.si\/wp-content\/uploads\/2024\/09\/Javni-zavod-Bogensperk-1-e1740558769833.webp&#8221; alt=&#8221;Javni zavod Bogen\u0161perk&#8221; _builder_version=&#8221;4.27.4&#8243; _module_preset=&#8221;default&#8221; header_level=&#8221;h2&#8243; header_text_color=&#8221;#5D201C&#8221; link_option_url=&#8221;https:\/\/www.smartno.si\/&#8221; hover_enabled=&#8221;0&#8243; global_colors_info=&#8221;{}&#8221; sticky_enabled=&#8221;0&#8243;]<\/p>\n<p>Located in the municipal centre where the institute has its headquarters, the tourist information centre ensures that visitors are informed about the municipality&#8217;s tourist offer and at the same time we design, organise and, of course, carry out tourist and cultural events throughout the municipality.<\/p>\n<p>[\/et_pb_blurb][\/et_pb_column][et_pb_column type=&#8221;1_3&#8243; _builder_version=&#8221;4.27.0&#8243; _module_preset=&#8221;default&#8221; global_colors_info=&#8221;{}&#8221;][\/et_pb_column][\/et_pb_row][\/et_pb_section][et_pb_section fb_built=&#8221;1&#8243; _builder_version=&#8221;4.27.2&#8243; _module_preset=&#8221;default&#8221; background_color=&#8221;rgba(93,32,28,0.14)&#8221; global_colors_info=&#8221;{}&#8221;][et_pb_row column_structure=&#8221;3_5,2_5&#8243; _builder_version=&#8221;4.27.2&#8243; _module_preset=&#8221;default&#8221; global_colors_info=&#8221;{}&#8221;][et_pb_column type=&#8221;3_5&#8243; _builder_version=&#8221;4.27.2&#8243; _module_preset=&#8221;default&#8221; global_colors_info=&#8221;{}&#8221;][et_pb_text _builder_version=&#8221;4.27.4&#8243; _module_preset=&#8221;default&#8221; hover_enabled=&#8221;0&#8243; global_colors_info=&#8221;{}&#8221; sticky_enabled=&#8221;0&#8243;]<\/p>\n<p>Responsible person: <strong>Peter Avbel<\/strong>j, director<br \/>Name of the institute: Public Institute Bogen\u0161perk<br \/>Headquarters of the institute: Staretov trg 12, 1275 \u0160martno pri Litiji<br \/>Internal unit of the institute \u2013 TIC: Staretov trg 25, 1275 \u0160martno pri Litiji<br \/>Office hours: weekdays 9:00 \u2013 12:00 and 13:00 \u2013 15:00<br \/>Phone no.: 082 006 168<br \/>E: info@bogensperk.si<\/p>\n<p>VAT number: 45055572<br \/>Registration no.: 1305336000<\/p>\n<p>[\/et_pb_text][et_pb_button button_url=&#8221;\/razpisi&#8221; button_text=&#8221;Tenders&#8221; _builder_version=&#8221;4.27.4&#8243; _module_preset=&#8221;default&#8221; hover_enabled=&#8221;0&#8243; global_colors_info=&#8221;{}&#8221; sticky_enabled=&#8221;0&#8243;][\/et_pb_button][\/et_pb_column][et_pb_column type=&#8221;2_5&#8243; _builder_version=&#8221;4.27.2&#8243; _module_preset=&#8221;default&#8221; global_colors_info=&#8221;{}&#8221;][et_pb_image src=&#8221;https:\/\/bogensperk.si\/wp-content\/uploads\/2024\/12\/javni-zavod-bogensperk-02.webp&#8221; title_text=&#8221;javni-zavod-bogensperk-02&#8243; _builder_version=&#8221;4.27.4&#8243; _module_preset=&#8221;default&#8221; global_colors_info=&#8221;{}&#8221;][\/et_pb_image][\/et_pb_column][\/et_pb_row][\/et_pb_section]<\/p>\n","protected":false},"excerpt":{"rendered":"<p>Public institute Bogen\u0161perkPublic Institute Bogen\u0161perk was established by the Municipality of \u0160martno pri Litiji for the purpose of management and carrying out various activities and promotion of Bogen\u0161perk Castle, one of the most important cultural monuments in Slovenia. Over time, the institute took on other tasks in the area of its home municipality, and today it manages and prepares its own programme at the \u0160martno Cultural Centre, is responsible for the design, promotion and implementation of tourist activities in the local environment, provides information for visitors within the framework of the tourist information centre and guide service, publishes the local newsletter Krajevne novice and develops youth content at the municipal level.Being aware of the mission of presenting a cultural monument of national importance to the widest possible circle of the interested public, we are constantly upgrading its offer with new, current and high-quality content.. The institute carries out museum, gallery and protocol activities at the castle, prepares cultural and other events, implements various forms of educational programmes, rents out spaces for exhibitions, cultural and other events and services, and at the same time carries out research activities in humanities and is responsible for creating a broader tourist offer for the [&hellip;]<\/p>\n","protected":false},"author":1,"featured_media":0,"parent":0,"menu_order":0,"comment_status":"closed","ping_status":"closed","template":"","meta":{"_et_pb_use_builder":"on","_et_pb_old_content":"","_et_gb_content_width":"","inline_featured_image":false,"footnotes":""},"class_list":["post-4406124","page","type-page","status-publish","hentry"],"yoast_head":"<!-- This site is optimized with the Yoast SEO plugin v27.6 - https:\/\/yoast.com\/product\/yoast-seo-wordpress\/ -->\n<title>Public institute Bogen\u0161perk - Grad Bogen\u0161perk<\/title>\n<meta name=\"description\" content=\"Public Institute Bogen\u0161perk was established by the Municipality of \u0160martno pri Litiji for the purpose of management and carrying out various activities.\" \/>\n<meta name=\"robots\" content=\"index, follow, max-snippet:-1, max-image-preview:large, max-video-preview:-1\" \/>\n<link rel=\"canonical\" href=\"https:\/\/bogensperk.si\/en\/public-institute-bogensperk\/\" \/>\n<meta property=\"og:locale\" content=\"en_US\" \/>\n<meta property=\"og:type\" content=\"article\" \/>\n<meta property=\"og:title\" content=\"Public institute Bogen\u0161perk - Grad Bogen\u0161perk\" \/>\n<meta property=\"og:description\" content=\"Public Institute Bogen\u0161perk was established by the Municipality of \u0160martno pri Litiji for the purpose of management and carrying out various activities.\" \/>\n<meta property=\"og:url\" content=\"https:\/\/bogensperk.si\/en\/public-institute-bogensperk\/\" \/>\n<meta property=\"og:site_name\" content=\"Grad Bogen\u0161perk\" \/>\n<meta property=\"article:modified_time\" content=\"2025-03-14T17:18:59+00:00\" \/>\n<meta name=\"twitter:card\" content=\"summary_large_image\" \/>\n<meta name=\"twitter:label1\" content=\"Est. reading time\" \/>\n\t<meta name=\"twitter:data1\" content=\"5 minutes\" \/>\n<script type=\"application\/ld+json\" class=\"yoast-schema-graph\">{\"@context\":\"https:\\\/\\\/schema.org\",\"@graph\":[{\"@type\":\"WebPage\",\"@id\":\"https:\\\/\\\/bogensperk.si\\\/en\\\/public-institute-bogensperk\\\/\",\"url\":\"https:\\\/\\\/bogensperk.si\\\/en\\\/public-institute-bogensperk\\\/\",\"name\":\"Public institute Bogen\u0161perk - Grad Bogen\u0161perk\",\"isPartOf\":{\"@id\":\"https:\\\/\\\/bogensperk.si\\\/en\\\/#website\"},\"datePublished\":\"2024-06-06T12:33:22+00:00\",\"dateModified\":\"2025-03-14T17:18:59+00:00\",\"description\":\"Public Institute Bogen\u0161perk was established by the Municipality of \u0160martno pri Litiji for the purpose of management and carrying out various activities.\",\"breadcrumb\":{\"@id\":\"https:\\\/\\\/bogensperk.si\\\/en\\\/public-institute-bogensperk\\\/#breadcrumb\"},\"inLanguage\":\"en-US\",\"potentialAction\":[{\"@type\":\"ReadAction\",\"target\":[\"https:\\\/\\\/bogensperk.si\\\/en\\\/public-institute-bogensperk\\\/\"]}]},{\"@type\":\"BreadcrumbList\",\"@id\":\"https:\\\/\\\/bogensperk.si\\\/en\\\/public-institute-bogensperk\\\/#breadcrumb\",\"itemListElement\":[{\"@type\":\"ListItem\",\"position\":1,\"name\":\"Home\",\"item\":\"https:\\\/\\\/bogensperk.si\\\/en\\\/\"},{\"@type\":\"ListItem\",\"position\":2,\"name\":\"Public institute Bogen\u0161perk\"}]},{\"@type\":\"WebSite\",\"@id\":\"https:\\\/\\\/bogensperk.si\\\/en\\\/#website\",\"url\":\"https:\\\/\\\/bogensperk.si\\\/en\\\/\",\"name\":\"Grad Bogen\u0161perk\",\"description\":\"Renesan\u010dni grad Bogen\u0161perk, prostor mnogih kulturnih dogodkov.\",\"potentialAction\":[{\"@type\":\"SearchAction\",\"target\":{\"@type\":\"EntryPoint\",\"urlTemplate\":\"https:\\\/\\\/bogensperk.si\\\/en\\\/?s={search_term_string}\"},\"query-input\":{\"@type\":\"PropertyValueSpecification\",\"valueRequired\":true,\"valueName\":\"search_term_string\"}}],\"inLanguage\":\"en-US\"}]}<\/script>\n<!-- \/ Yoast SEO plugin. -->","yoast_head_json":{"title":"Public institute Bogen\u0161perk - Grad Bogen\u0161perk","description":"Public Institute Bogen\u0161perk was established by the Municipality of \u0160martno pri Litiji for the purpose of management and carrying out various activities.","robots":{"index":"index","follow":"follow","max-snippet":"max-snippet:-1","max-image-preview":"max-image-preview:large","max-video-preview":"max-video-preview:-1"},"canonical":"https:\/\/bogensperk.si\/en\/public-institute-bogensperk\/","og_locale":"en_US","og_type":"article","og_title":"Public institute Bogen\u0161perk - Grad Bogen\u0161perk","og_description":"Public Institute Bogen\u0161perk was established by the Municipality of \u0160martno pri Litiji for the purpose of management and carrying out various activities.","og_url":"https:\/\/bogensperk.si\/en\/public-institute-bogensperk\/","og_site_name":"Grad Bogen\u0161perk","article_modified_time":"2025-03-14T17:18:59+00:00","twitter_card":"summary_large_image","twitter_misc":{"Est. reading time":"5 minutes"},"schema":{"@context":"https:\/\/schema.org","@graph":[{"@type":"WebPage","@id":"https:\/\/bogensperk.si\/en\/public-institute-bogensperk\/","url":"https:\/\/bogensperk.si\/en\/public-institute-bogensperk\/","name":"Public institute Bogen\u0161perk - Grad Bogen\u0161perk","isPartOf":{"@id":"https:\/\/bogensperk.si\/en\/#website"},"datePublished":"2024-06-06T12:33:22+00:00","dateModified":"2025-03-14T17:18:59+00:00","description":"Public Institute Bogen\u0161perk was established by the Municipality of \u0160martno pri Litiji for the purpose of management and carrying out various activities.","breadcrumb":{"@id":"https:\/\/bogensperk.si\/en\/public-institute-bogensperk\/#breadcrumb"},"inLanguage":"en-US","potentialAction":[{"@type":"ReadAction","target":["https:\/\/bogensperk.si\/en\/public-institute-bogensperk\/"]}]},{"@type":"BreadcrumbList","@id":"https:\/\/bogensperk.si\/en\/public-institute-bogensperk\/#breadcrumb","itemListElement":[{"@type":"ListItem","position":1,"name":"Home","item":"https:\/\/bogensperk.si\/en\/"},{"@type":"ListItem","position":2,"name":"Public institute Bogen\u0161perk"}]},{"@type":"WebSite","@id":"https:\/\/bogensperk.si\/en\/#website","url":"https:\/\/bogensperk.si\/en\/","name":"Grad Bogen\u0161perk","description":"Renesan\u010dni grad Bogen\u0161perk, prostor mnogih kulturnih dogodkov.","potentialAction":[{"@type":"SearchAction","target":{"@type":"EntryPoint","urlTemplate":"https:\/\/bogensperk.si\/en\/?s={search_term_string}"},"query-input":{"@type":"PropertyValueSpecification","valueRequired":true,"valueName":"search_term_string"}}],"inLanguage":"en-US"}]}},"_links":{"self":[{"href":"https:\/\/bogensperk.si\/en\/wp-json\/wp\/v2\/pages\/4406124","targetHints":{"allow":["GET"]}}],"collection":[{"href":"https:\/\/bogensperk.si\/en\/wp-json\/wp\/v2\/pages"}],"about":[{"href":"https:\/\/bogensperk.si\/en\/wp-json\/wp\/v2\/types\/page"}],"author":[{"embeddable":true,"href":"https:\/\/bogensperk.si\/en\/wp-json\/wp\/v2\/users\/1"}],"replies":[{"embeddable":true,"href":"https:\/\/bogensperk.si\/en\/wp-json\/wp\/v2\/comments?post=4406124"}],"version-history":[{"count":3,"href":"https:\/\/bogensperk.si\/en\/wp-json\/wp\/v2\/pages\/4406124\/revisions"}],"predecessor-version":[{"id":4406133,"href":"https:\/\/bogensperk.si\/en\/wp-json\/wp\/v2\/pages\/4406124\/revisions\/4406133"}],"wp:attachment":[{"href":"https:\/\/bogensperk.si\/en\/wp-json\/wp\/v2\/media?parent=4406124"}],"curies":[{"name":"wp","href":"https:\/\/api.w.org\/{rel}","templated":true}]}}