{"id":4407067,"date":"2024-06-15T07:02:25","date_gmt":"2024-06-15T05:02:25","guid":{"rendered":"https:\/\/test.bogensperk.si\/veranstaltungen\/"},"modified":"2025-04-29T09:38:50","modified_gmt":"2025-04-29T07:38:50","slug":"veranstaltungen","status":"publish","type":"page","link":"https:\/\/bogensperk.si\/de\/veranstaltungen\/","title":{"rendered":"Veranstaltungen"},"content":{"rendered":"<p>[et_pb_section fb_built=&#8220;1&#8243; custom_padding_last_edited=&#8220;off|desktop&#8220; admin_label=&#8220;Header&#8220; _builder_version=&#8220;4.27.4&#8243; _module_preset=&#8220;default&#8220; background_color=&#8220;#f6efe7&#8243; background_enable_color=&#8220;off&#8220; background_image=&#8220;https:\/\/bogensperk.si\/wp-content\/uploads\/2025\/02\/Oto-Pestner-Toni-Povse-6.jpg&#8220; min_height=&#8220;600px&#8220; overflow-x=&#8220;hidden&#8220; overflow-y=&#8220;hidden&#8220; custom_padding_tablet=&#8220;150px||150px||true|false&#8220; custom_padding_phone=&#8220;80px||80px||true|false&#8220; hover_enabled=&#8220;0&#8243; da_disable_devices=&#8220;off|off|off&#8220; global_colors_info=&#8220;{}&#8220; sticky_enabled=&#8220;0&#8243; title_text=&#8220;Oto-Pestner-Toni-Pov\u0161e-6&#8243; da_is_popup=&#8220;off&#8220; da_exit_intent=&#8220;off&#8220; da_has_close=&#8220;on&#8220; da_alt_close=&#8220;off&#8220; da_dark_close=&#8220;off&#8220; da_not_modal=&#8220;on&#8220; da_is_singular=&#8220;off&#8220; da_with_loader=&#8220;off&#8220; da_has_shadow=&#8220;on&#8220;][et_pb_row column_structure=&#8220;3_5,2_5&#8243; _builder_version=&#8220;4.27.0&#8243; _module_preset=&#8220;default&#8220; hover_enabled=&#8220;0&#8243; global_colors_info=&#8220;{}&#8220; sticky_enabled=&#8220;0&#8243;][et_pb_column type=&#8220;3_5&#8243; _builder_version=&#8220;4.16&#8243; _module_preset=&#8220;default&#8220; z_index=&#8220;10&#8243; global_colors_info=&#8220;{}&#8220;][et_pb_text _builder_version=&#8220;4.27.4&#8243; _module_preset=&#8220;d72c0383-6487-4f2c-ac5c-7d48a6376757&#8243; header_font=&#8220;&#8211;et_global_heading_font|300|||||||&#8220; header_text_color=&#8220;#FFFFFF&#8220; header_font_size=&#8220;100px&#8220; header_line_height=&#8220;1.1em&#8220; header_font_size_tablet=&#8220;60px&#8220; header_font_size_phone=&#8220;42px&#8220; header_font_size_last_edited=&#8220;on|phone&#8220; header_text_shadow_style=&#8220;preset1&#8243; locked=&#8220;off&#8220; global_colors_info=&#8220;{}&#8220;]<\/p>\n<h1 style=\"text-align: center;\">Veranstaltungen<\/h1>\n<p>[\/et_pb_text][\/et_pb_column][et_pb_column type=&#8220;2_5&#8243; _builder_version=&#8220;4.16&#8243; _module_preset=&#8220;default&#8220; global_colors_info=&#8220;{}&#8220;][\/et_pb_column][\/et_pb_row][\/et_pb_section][et_pb_section fb_built=&#8220;1&#8243; _builder_version=&#8220;4.27.0&#8243; background_color=&#8220;rgba(93,32,28,0.1)&#8220; custom_padding=&#8220;||0px||false|false&#8220; da_disable_devices=&#8220;off|off|off&#8220; locked=&#8220;off&#8220; global_colors_info=&#8220;{}&#8220; da_is_popup=&#8220;off&#8220; da_exit_intent=&#8220;off&#8220; da_has_close=&#8220;on&#8220; da_alt_close=&#8220;off&#8220; da_dark_close=&#8220;off&#8220; da_not_modal=&#8220;on&#8220; da_is_singular=&#8220;off&#8220; da_with_loader=&#8220;off&#8220; da_has_shadow=&#8220;on&#8220;][et_pb_row _builder_version=&#8220;4.16&#8243; global_colors_info=&#8220;{}&#8220;][et_pb_column type=&#8220;4_4&#8243; _builder_version=&#8220;4.16&#8243; global_colors_info=&#8220;{}&#8220;][et_pb_code admin_label=&#8220;Benutzerdefiniertes CSS&#8220; _builder_version=&#8220;4.27.0&#8243; custom_margin=&#8220;0px||0px||false|false&#8220; custom_padding=&#8220;0px||0px||false|false&#8220; global_colors_info=&#8220;{}&#8220;]<\/p>\n<style><!-- [et_pb_line_break_holder] -->.blogy-blog-layout-47 .et_pb_post:nth-child(odd) img {<!-- [et_pb_line_break_holder] -->    float: left;<!-- [et_pb_line_break_holder] -->    margin: -30px 0px 0 -30px;<!-- [et_pb_line_break_holder] -->    margin-bottom: 0px !important;<!-- [et_pb_line_break_holder] -->  \tpadding: 30px 0 0;<!-- [et_pb_line_break_holder] -->    width: calc(46% + 60px);<!-- [et_pb_line_break_holder] -->}<!-- [et_pb_line_break_holder] --><!-- [et_pb_line_break_holder] -->.blogy-blog-layout-47 .et_pb_post:nth-child(even) img {<!-- [et_pb_line_break_holder] -->    float: right;<!-- [et_pb_line_break_holder] -->    margin: -30px -30px -30px 0px;<!-- [et_pb_line_break_holder] -->  \tmargin-bottom: 0px !important;<!-- [et_pb_line_break_holder] -->  \tpadding: 30px 0 0;<!-- [et_pb_line_break_holder] -->    width: calc(46% + 60px);<!-- [et_pb_line_break_holder] -->}<!-- [et_pb_line_break_holder] --><!-- [et_pb_line_break_holder] -->.blogy-blog-layout-47 .et_pb_post {<!-- [et_pb_line_break_holder] -->  \tbackground: #f9f9f8;<!-- [et_pb_line_break_holder] -->  \tbox-shadow: 0px 2px 18px 0px rgba(0, 0, 0, 0.15);<!-- [et_pb_line_break_holder] -->    margin-bottom: 90px;<!-- [et_pb_line_break_holder] -->    margin-top: 0;<!-- [et_pb_line_break_holder] -->    padding: 0 30px;<!-- [et_pb_line_break_holder] -->}<!-- [et_pb_line_break_holder] -->  <!-- [et_pb_line_break_holder] -->.blogy-blog-layout-47 .et_pb_no_thumb {<!-- [et_pb_line_break_holder] -->    padding: 30px;<!-- [et_pb_line_break_holder] -->}<!-- [et_pb_line_break_holder] -->  <!-- [et_pb_line_break_holder] -->.blogy-blog-layout-47 .et_pb_post .entry-featured-image-url {<!-- [et_pb_line_break_holder] -->\t\ttransition: all 0.5s;<!-- [et_pb_line_break_holder] -->}<!-- [et_pb_line_break_holder] -->  <!-- [et_pb_line_break_holder] -->.blogy-blog-layout-47 .et_pb_post .entry-title {<!-- [et_pb_line_break_holder] -->    margin-top: 30px;<!-- [et_pb_line_break_holder] -->  \tpadding-top: 20px !important;<!-- [et_pb_line_break_holder] -->}<!-- [et_pb_line_break_holder] -->  <!-- [et_pb_line_break_holder] -->.blogy-blog-layout-47 .et_pb_post .entry-title, .blogy-blog-layout-47 .et_pb_post .post-meta, .blogy-blog-layout-47 .et_pb_post .post-content {<!-- [et_pb_line_break_holder] -->  \tbackground: #fff;<!-- [et_pb_line_break_holder] -->  \tdisplay: inline-block;<!-- [et_pb_line_break_holder] -->    position: relative;<!-- [et_pb_line_break_holder] -->  \tmargin-bottom: 0 !important;<!-- [et_pb_line_break_holder] -->    margin-left: -30px;<!-- [et_pb_line_break_holder] -->    padding: 10px 20px;<!-- [et_pb_line_break_holder] -->    width: 54%;<!-- [et_pb_line_break_holder] -->}<!-- [et_pb_line_break_holder] -->  <!-- [et_pb_line_break_holder] -->.blogy-blog-layout-47 .et_pb_post:nth-child(even) .entry-title, .blogy-blog-layout-47 .et_pb_post:nth-child(even) .post-meta, .blogy-blog-layout-47 .et_pb_post:nth-child(even) .post-content {<!-- [et_pb_line_break_holder] -->\t\tbox-shadow: -8px 8px 0 0 #eee;<!-- [et_pb_line_break_holder] -->    margin-right: -30px;<!-- [et_pb_line_break_holder] -->    margin-left: 0 !important;<!-- [et_pb_line_break_holder] -->}<!-- [et_pb_line_break_holder] -->  <!-- [et_pb_line_break_holder] -->.blogy-blog-layout-47 .et_pb_post:nth-child(odd) .entry-title, .blogy-blog-layout-47 .et_pb_post:nth-child(odd) .post-meta, .blogy-blog-layout-47 .et_pb_post:nth-child(odd) .post-content {<!-- [et_pb_line_break_holder] -->  \tbox-shadow: 8px 8px 0 0 #eee;<!-- [et_pb_line_break_holder] -->}<!-- [et_pb_line_break_holder] -->  <!-- [et_pb_line_break_holder] -->.blogy-blog-layout-47 .et_pb_post .post-content a.more-link {<!-- [et_pb_line_break_holder] -->    display: inline-block;<!-- [et_pb_line_break_holder] -->    float: right;<!-- [et_pb_line_break_holder] -->    margin: 20px 0 10px;<!-- [et_pb_line_break_holder] -->    text-transform: None;<!-- [et_pb_line_break_holder] -->  }<!-- [et_pb_line_break_holder] -->  <!-- [et_pb_line_break_holder] -->.blogy-blog-layout-47 .et_pb_post:nth-child(odd):hover .entry-featured-image-url {<!-- [et_pb_line_break_holder] -->    transform: translate(50px, -30px);<!-- [et_pb_line_break_holder] -->}<!-- [et_pb_line_break_holder] -->  <!-- [et_pb_line_break_holder] -->.blogy-blog-layout-47 .et_pb_post:nth-child(even):hover .entry-featured-image-url {<!-- [et_pb_line_break_holder] -->    transform: translate(-50px, -30px);<!-- [et_pb_line_break_holder] -->}<!-- [et_pb_line_break_holder] --><!-- [et_pb_line_break_holder] -->.blogy-blog-layout-47 .pagination.clearfix {<!-- [et_pb_line_break_holder] -->    padding: 30px;<!-- [et_pb_line_break_holder] -->}<!-- [et_pb_line_break_holder] --><!-- [et_pb_line_break_holder] -->.blogy-blog-layout-47 .et_pb_no_thumb:nth-child(even) .entry-title, .blogy-blog-layout-47 .et_pb_no_thumb:nth-child(even) .post-meta, .blogy-blog-layout-47 .et_pb_no_thumb:nth-child(even) .post-content,  .blogy-blog-layout-47 .et_pb_no_thumb:nth-child(odd) .entry-title, .blogy-blog-layout-47 .et_pb_no_thumb:nth-child(odd) .post-meta, .blogy-blog-layout-47 .et_pb_no_thumb:nth-child(odd) .post-content {<!-- [et_pb_line_break_holder] -->  \tmargin: 0 !important;<!-- [et_pb_line_break_holder] -->    width: 100% !important;  <!-- [et_pb_line_break_holder] -->  }<!-- [et_pb_line_break_holder] -->  <!-- [et_pb_line_break_holder] -->@media(max-width: 980px) {<!-- [et_pb_line_break_holder] -->  .blogy-blog-layout-47 .et_pb_post:nth-child(odd) img,<!-- [et_pb_line_break_holder] -->  .blogy-blog-layout-47 .et_pb_post:nth-child(even) img {<!-- [et_pb_line_break_holder] -->    float: inherit;<!-- [et_pb_line_break_holder] -->    margin: 0;<!-- [et_pb_line_break_holder] -->    padding: 0;<!-- [et_pb_line_break_holder] -->    width: 100%;<!-- [et_pb_line_break_holder] --> }<!-- [et_pb_line_break_holder] --><!-- [et_pb_line_break_holder] --> \t.blogy-blog-layout-47 .et_pb_post:nth-child(even) .entry-title, .blogy-blog-layout-47 .et_pb_post:nth-child(even) .post-meta, .blogy-blog-layout-47 .et_pb_post:nth-child(even) .post-content,  .blogy-blog-layout-47 .et_pb_post:nth-child(odd) .entry-title, .blogy-blog-layout-47 .et_pb_post:nth-child(odd) .post-meta, .blogy-blog-layout-47 .et_pb_post:nth-child(odd) .post-content{<!-- [et_pb_line_break_holder] -->   \tdisplay: inherit;<!-- [et_pb_line_break_holder] -->    margin: 0 auto !important;<!-- [et_pb_line_break_holder] -->    width: 90% !important;<!-- [et_pb_line_break_holder] -->  }<!-- [et_pb_line_break_holder] -->  <!-- [et_pb_line_break_holder] -->  .blogy-blog-layout-47 .et_pb_post {<!-- [et_pb_line_break_holder] -->    margin-bottom: 60px;<!-- [et_pb_line_break_holder] -->    padding: 0 0 40px;<!-- [et_pb_line_break_holder] -->  }<!-- [et_pb_line_break_holder] -->  <!-- [et_pb_line_break_holder] -->   .blogy-blog-layout-47 .et_pb_post .entry-title {<!-- [et_pb_line_break_holder] -->    margin-top: 0;<!-- [et_pb_line_break_holder] -->  }<!-- [et_pb_line_break_holder] -->  <!-- [et_pb_line_break_holder] -->   .blogy-blog-layout-47 .et_pb_post .post-content a.more-link {<!-- [et_pb_line_break_holder] -->    display: inline-block;<!-- [et_pb_line_break_holder] -->    float: none;<!-- [et_pb_line_break_holder] -->  }<!-- [et_pb_line_break_holder] -->  <!-- [et_pb_line_break_holder] --> \t .blogy-blog-layout-47 .et_pb_post .entry-featured-image-url {<!-- [et_pb_line_break_holder] -->    margin-bottom: 0;<!-- [et_pb_line_break_holder] -->  }<!-- [et_pb_line_break_holder] -->  <!-- [et_pb_line_break_holder] -->   .blogy-blog-layout-47 .et_pb_post:nth-child(odd):hover .entry-featured-image-url, .blogy-blog-layout-47 .et_pb_post:nth-child(even):hover .entry-featured-image-url {<!-- [et_pb_line_break_holder] -->    transform: translate(0, 30px);<!-- [et_pb_line_break_holder] -->\t}<!-- [et_pb_line_break_holder] -->}<!-- [et_pb_line_break_holder] -->  <!-- [et_pb_line_break_holder] -->@media (max-width: 767px) {<!-- [et_pb_line_break_holder] -->   .blogy-blog-layout-47 .et_pb_post {<!-- [et_pb_line_break_holder] -->    margin-bottom: 40px;<!-- [et_pb_line_break_holder] -->  }<!-- [et_pb_line_break_holder] -->\t<!-- [et_pb_line_break_holder] -->  .blogy-blog-layout-47 .et_pb_post:nth-child(even) .entry-title, .blogy-blog-layout-47 .et_pb_post:nth-child(even) .post-meta, .blogy-blog-layout-47 .et_pb_post:nth-child(even) .post-content,  .blogy-blog-layout-47 .et_pb_post:nth-child(odd) .entry-title, .blogy-blog-layout-47 .et_pb_post:nth-child(odd) .post-meta, .blogy-blog-layout-47 .et_pb_post:nth-child(odd) .post-content {<!-- [et_pb_line_break_holder] -->    width: 95% !important;<!-- [et_pb_line_break_holder] -->  }<!-- [et_pb_line_break_holder] -->  }<!-- [et_pb_line_break_holder] --><\/style>\n<p>[\/et_pb_code][et_pb_blog posts_number=&#8220;6&#8243; include_categories=&#8220;27,26&#8243; show_more=&#8220;on&#8220; show_author=&#8220;off&#8220; show_date=&#8220;off&#8220; module_class=&#8220;blogy-blog-layout-47&#8243; _builder_version=&#8220;4.27.4&#8243; header_font=&#8220;|300|||||||&#8220; header_font_size=&#8220;34px&#8220; header_line_height=&#8220;1.2em&#8220; body_line_height=&#8220;1.8em&#8220; meta_font=&#8220;|700|||||||&#8220; meta_text_color=&#8220;#9D8029&#8243; meta_font_size=&#8220;14px&#8220; read_more_font=&#8220;|600|||||||&#8220; read_more_text_color=&#8220;#9D8029&#8243; read_more_letter_spacing=&#8220;1px&#8220; read_more_line_height=&#8220;1.8em&#8220; pagination_font=&#8220;|&#8211;et_global_body_font_weight|||||||&#8220; pagination_text_color=&#8220;#9D8029&#8243; header_font_size_tablet=&#8220;26px&#8220; header_font_size_phone=&#8220;18px&#8220; header_font_size_last_edited=&#8220;on|tablet&#8220; meta_font_size_tablet=&#8220;16px&#8220; meta_font_size_phone=&#8220;14px&#8220; meta_font_size_last_edited=&#8220;on|phone&#8220; custom_css_pagenavi=&#8220;padding: 30px;&#8220; global_colors_info=&#8220;{}&#8220;][\/et_pb_blog][\/et_pb_column][\/et_pb_row][\/et_pb_section]<\/p>\n","protected":false},"excerpt":{"rendered":"<p>Veranstaltungen<\/p>\n","protected":false},"author":1,"featured_media":0,"parent":0,"menu_order":0,"comment_status":"closed","ping_status":"closed","template":"","meta":{"_et_pb_use_builder":"on","_et_pb_old_content":"","_et_gb_content_width":"","inline_featured_image":false,"footnotes":""},"class_list":["post-4407067","page","type-page","status-publish","hentry"],"yoast_head":"<!-- This site is optimized with the Yoast SEO plugin v27.4 - https:\/\/yoast.com\/product\/yoast-seo-wordpress\/ -->\n<title>Veranstaltungen - Grad Bogen\u0161perk<\/title>\n<meta name=\"robots\" content=\"index, follow, max-snippet:-1, max-image-preview:large, max-video-preview:-1\" \/>\n<link rel=\"canonical\" href=\"https:\/\/bogensperk.si\/de\/veranstaltungen\/\" \/>\n<meta property=\"og:locale\" content=\"de_DE\" \/>\n<meta property=\"og:type\" content=\"article\" \/>\n<meta property=\"og:title\" content=\"Veranstaltungen - Grad Bogen\u0161perk\" \/>\n<meta property=\"og:description\" content=\"Veranstaltungen\" \/>\n<meta property=\"og:url\" content=\"https:\/\/bogensperk.si\/de\/veranstaltungen\/\" \/>\n<meta property=\"og:site_name\" content=\"Grad Bogen\u0161perk\" \/>\n<meta property=\"article:modified_time\" content=\"2025-04-29T07:38:50+00:00\" \/>\n<meta name=\"twitter:card\" content=\"summary_large_image\" \/>\n<meta name=\"twitter:label1\" content=\"Gesch\u00e4tzte Lesezeit\" \/>\n\t<meta name=\"twitter:data1\" content=\"2\u00a0Minuten\" \/>\n<script type=\"application\/ld+json\" class=\"yoast-schema-graph\">{\"@context\":\"https:\\\/\\\/schema.org\",\"@graph\":[{\"@type\":\"WebPage\",\"@id\":\"https:\\\/\\\/bogensperk.si\\\/de\\\/veranstaltungen\\\/\",\"url\":\"https:\\\/\\\/bogensperk.si\\\/de\\\/veranstaltungen\\\/\",\"name\":\"Veranstaltungen - Grad Bogen\u0161perk\",\"isPartOf\":{\"@id\":\"https:\\\/\\\/bogensperk.si\\\/de\\\/#website\"},\"datePublished\":\"2024-06-15T05:02:25+00:00\",\"dateModified\":\"2025-04-29T07:38:50+00:00\",\"breadcrumb\":{\"@id\":\"https:\\\/\\\/bogensperk.si\\\/de\\\/veranstaltungen\\\/#breadcrumb\"},\"inLanguage\":\"de\",\"potentialAction\":[{\"@type\":\"ReadAction\",\"target\":[\"https:\\\/\\\/bogensperk.si\\\/de\\\/veranstaltungen\\\/\"]}]},{\"@type\":\"BreadcrumbList\",\"@id\":\"https:\\\/\\\/bogensperk.si\\\/de\\\/veranstaltungen\\\/#breadcrumb\",\"itemListElement\":[{\"@type\":\"ListItem\",\"position\":1,\"name\":\"Home\",\"item\":\"https:\\\/\\\/bogensperk.si\\\/de\\\/\"},{\"@type\":\"ListItem\",\"position\":2,\"name\":\"Veranstaltungen\"}]},{\"@type\":\"WebSite\",\"@id\":\"https:\\\/\\\/bogensperk.si\\\/de\\\/#website\",\"url\":\"https:\\\/\\\/bogensperk.si\\\/de\\\/\",\"name\":\"Grad Bogen\u0161perk\",\"description\":\"Renesan\u010dni grad Bogen\u0161perk, prostor mnogih kulturnih dogodkov.\",\"potentialAction\":[{\"@type\":\"SearchAction\",\"target\":{\"@type\":\"EntryPoint\",\"urlTemplate\":\"https:\\\/\\\/bogensperk.si\\\/de\\\/?s={search_term_string}\"},\"query-input\":{\"@type\":\"PropertyValueSpecification\",\"valueRequired\":true,\"valueName\":\"search_term_string\"}}],\"inLanguage\":\"de\"}]}<\/script>\n<!-- \/ Yoast SEO plugin. -->","yoast_head_json":{"title":"Veranstaltungen - Grad Bogen\u0161perk","robots":{"index":"index","follow":"follow","max-snippet":"max-snippet:-1","max-image-preview":"max-image-preview:large","max-video-preview":"max-video-preview:-1"},"canonical":"https:\/\/bogensperk.si\/de\/veranstaltungen\/","og_locale":"de_DE","og_type":"article","og_title":"Veranstaltungen - Grad Bogen\u0161perk","og_description":"Veranstaltungen","og_url":"https:\/\/bogensperk.si\/de\/veranstaltungen\/","og_site_name":"Grad Bogen\u0161perk","article_modified_time":"2025-04-29T07:38:50+00:00","twitter_card":"summary_large_image","twitter_misc":{"Gesch\u00e4tzte Lesezeit":"2\u00a0Minuten"},"schema":{"@context":"https:\/\/schema.org","@graph":[{"@type":"WebPage","@id":"https:\/\/bogensperk.si\/de\/veranstaltungen\/","url":"https:\/\/bogensperk.si\/de\/veranstaltungen\/","name":"Veranstaltungen - Grad Bogen\u0161perk","isPartOf":{"@id":"https:\/\/bogensperk.si\/de\/#website"},"datePublished":"2024-06-15T05:02:25+00:00","dateModified":"2025-04-29T07:38:50+00:00","breadcrumb":{"@id":"https:\/\/bogensperk.si\/de\/veranstaltungen\/#breadcrumb"},"inLanguage":"de","potentialAction":[{"@type":"ReadAction","target":["https:\/\/bogensperk.si\/de\/veranstaltungen\/"]}]},{"@type":"BreadcrumbList","@id":"https:\/\/bogensperk.si\/de\/veranstaltungen\/#breadcrumb","itemListElement":[{"@type":"ListItem","position":1,"name":"Home","item":"https:\/\/bogensperk.si\/de\/"},{"@type":"ListItem","position":2,"name":"Veranstaltungen"}]},{"@type":"WebSite","@id":"https:\/\/bogensperk.si\/de\/#website","url":"https:\/\/bogensperk.si\/de\/","name":"Grad Bogen\u0161perk","description":"Renesan\u010dni grad Bogen\u0161perk, prostor mnogih kulturnih dogodkov.","potentialAction":[{"@type":"SearchAction","target":{"@type":"EntryPoint","urlTemplate":"https:\/\/bogensperk.si\/de\/?s={search_term_string}"},"query-input":{"@type":"PropertyValueSpecification","valueRequired":true,"valueName":"search_term_string"}}],"inLanguage":"de"}]}},"_links":{"self":[{"href":"https:\/\/bogensperk.si\/de\/wp-json\/wp\/v2\/pages\/4407067","targetHints":{"allow":["GET"]}}],"collection":[{"href":"https:\/\/bogensperk.si\/de\/wp-json\/wp\/v2\/pages"}],"about":[{"href":"https:\/\/bogensperk.si\/de\/wp-json\/wp\/v2\/types\/page"}],"author":[{"embeddable":true,"href":"https:\/\/bogensperk.si\/de\/wp-json\/wp\/v2\/users\/1"}],"replies":[{"embeddable":true,"href":"https:\/\/bogensperk.si\/de\/wp-json\/wp\/v2\/comments?post=4407067"}],"version-history":[{"count":4,"href":"https:\/\/bogensperk.si\/de\/wp-json\/wp\/v2\/pages\/4407067\/revisions"}],"predecessor-version":[{"id":4407328,"href":"https:\/\/bogensperk.si\/de\/wp-json\/wp\/v2\/pages\/4407067\/revisions\/4407328"}],"wp:attachment":[{"href":"https:\/\/bogensperk.si\/de\/wp-json\/wp\/v2\/media?parent=4407067"}],"curies":[{"name":"wp","href":"https:\/\/api.w.org\/{rel}","templated":true}]}}