{"id":4407037,"date":"2024-07-22T11:12:23","date_gmt":"2024-07-22T09:12:23","guid":{"rendered":"https:\/\/test.bogensperk.si\/nachrichten\/"},"modified":"2025-03-21T18:31:36","modified_gmt":"2025-03-21T17:31:36","slug":"nachrichten","status":"publish","type":"page","link":"https:\/\/bogensperk.si\/de\/nachrichten\/","title":{"rendered":"Nachrichten"},"content":{"rendered":"<p>[et_pb_section fb_built=&#8220;1&#8243; fullwidth=&#8220;on&#8220; admin_label=&#8220;Section&#8220; _builder_version=&#8220;4.27.0&#8243; _module_preset=&#8220;default&#8220; global_colors_info=&#8220;{}&#8220; da_is_popup=&#8220;off&#8220; da_exit_intent=&#8220;off&#8220; da_has_close=&#8220;on&#8220; da_alt_close=&#8220;off&#8220; da_dark_close=&#8220;off&#8220; da_not_modal=&#8220;on&#8220; da_is_singular=&#8220;off&#8220; da_with_loader=&#8220;off&#8220; da_has_shadow=&#8220;on&#8220; da_disable_devices=&#8220;off|off|off&#8220;][et_pb_fullwidth_header title=&#8220;Nachrichten&#8220; subhead=&#8220;Sie sind das ganze Jahr \u00fcber zu Veranstaltungen auf Schloss Bogen\u0161perk oder in \u0160martno pri Litija eingeladen.&#8220; _builder_version=&#8220;4.27.4&#8243; _module_preset=&#8220;default&#8220; title_text_color=&#8220;#5D201C&#8220; content_text_color=&#8220;#000000&#8243; subhead_text_color=&#8220;#000000&#8243; background_color=&#8220;rgba(93,32,28,0.15)&#8220; background_enable_image=&#8220;off&#8220; background_size=&#8220;custom&#8220; background_image_height=&#8220;20%&#8220; background_position=&#8220;bottom_center&#8220; background_vertical_offset=&#8220;10%&#8220; background_repeat=&#8220;repeat-x&#8220; hover_enabled=&#8220;0&#8243; global_colors_info=&#8220;{}&#8220; title_font=&#8220;|300|||||||&#8220; sticky_enabled=&#8220;0&#8243;][\/et_pb_fullwidth_header][\/et_pb_section][et_pb_section fb_built=&#8220;1&#8243; disabled_on=&#8220;off|off|off&#8220; _builder_version=&#8220;4.16&#8243; _module_preset=&#8220;default&#8220; locked=&#8220;off&#8220; global_colors_info=&#8220;{}&#8220; da_is_popup=&#8220;off&#8220; da_exit_intent=&#8220;off&#8220; da_has_close=&#8220;on&#8220; da_alt_close=&#8220;off&#8220; da_dark_close=&#8220;off&#8220; da_not_modal=&#8220;on&#8220; da_is_singular=&#8220;off&#8220; da_with_loader=&#8220;off&#8220; da_has_shadow=&#8220;on&#8220; da_disable_devices=&#8220;off|off|off&#8220;][et_pb_row use_custom_gutter=&#8220;on&#8220; gutter_width=&#8220;2&#8243; _builder_version=&#8220;4.16&#8243; _module_preset=&#8220;default&#8220; custom_padding=&#8220;0px||0px||true|false&#8220; global_colors_info=&#8220;{}&#8220;][et_pb_column type=&#8220;4_4&#8243; _builder_version=&#8220;4.16&#8243; _module_preset=&#8220;default&#8220; global_colors_info=&#8220;{}&#8220;][et_pb_code admin_label=&#8220;Benutzerdefinierte Css&#8220; _builder_version=&#8220;4.27.4&#8243; _module_preset=&#8220;default&#8220; hover_enabled=&#8220;0&#8243; locked=&#8220;off&#8220; global_colors_info=&#8220;{}&#8220; sticky_enabled=&#8220;0&#8243;]<\/p>\n<style><!-- [et_pb_line_break_holder] -->.blogy-blog-layout-45 .et_pb_post{<!-- [et_pb_line_break_holder] -->    background: #f7f7f7;<!-- [et_pb_line_break_holder] -->    border: 2px solid #f0f0f0 !important;<!-- [et_pb_line_break_holder] -->    box-shadow: 0px 6px 18px -6px rgba(0, 0, 0, 0.18);<!-- [et_pb_line_break_holder] -->    display: flex;<!-- [et_pb_line_break_holder] -->    flex-wrap: wrap;<!-- [et_pb_line_break_holder] -->    padding: 30px;<!-- [et_pb_line_break_holder] -->    position: relative;<!-- [et_pb_line_break_holder] -->    -moz-transition: 0.5s;<!-- [et_pb_line_break_holder] -->    -webkit-transition: 05s;<!-- [et_pb_line_break_holder] -->    transition: 0.5s;<!-- [et_pb_line_break_holder] -->}<!-- [et_pb_line_break_holder] -->  <!-- [et_pb_line_break_holder] -->.blogy-blog-layout-45 .et_pb_post .entry-title {<!-- [et_pb_line_break_holder] -->    order: 0;<!-- [et_pb_line_break_holder] -->    z-index: 1;<!-- [et_pb_line_break_holder] -->}<!-- [et_pb_line_break_holder] -->  <!-- [et_pb_line_break_holder] -->.blogy-blog-layout-45 .et_pb_post:before {<!-- [et_pb_line_break_holder] -->    position: absolute;<!-- [et_pb_line_break_holder] -->    content: \"\";<!-- [et_pb_line_break_holder] -->    width: 100%;<!-- [et_pb_line_break_holder] -->    top: -100%;<!-- [et_pb_line_break_holder] -->    left: 0;<!-- [et_pb_line_break_holder] -->    right: 0;<!-- [et_pb_line_break_holder] -->    bottom: 0;<!-- [et_pb_line_break_holder] -->    height: 100%;<!-- [et_pb_line_break_holder] -->    background: #eee8e8;<!-- [et_pb_line_break_holder] -->    opacity: 0;<!-- [et_pb_line_break_holder] -->    -moz-transition: 1.2s;<!-- [et_pb_line_break_holder] -->    -webkit-transition: 1.2s;<!-- [et_pb_line_break_holder] -->    transition: all 1.2s;<!-- [et_pb_line_break_holder] -->}<!-- [et_pb_line_break_holder] -->  <!-- [et_pb_line_break_holder] -->.blogy-blog-layout-45 .et_pb_post:hover::before {<!-- [et_pb_line_break_holder] -->    opacity: 1;<!-- [et_pb_line_break_holder] -->    top: 0;<!-- [et_pb_line_break_holder] -->}<!-- [et_pb_line_break_holder] -->  <!-- [et_pb_line_break_holder] -->.blogy-blog-layout-45 .et_pb_post .et_pb_image_container {<!-- [et_pb_line_break_holder] -->    margin: 0;<!-- [et_pb_line_break_holder] -->    order: 1;<!-- [et_pb_line_break_holder] -->    padding: 20px 0;<!-- [et_pb_line_break_holder] -->    width: 100%;<!-- [et_pb_line_break_holder] -->}<!-- [et_pb_line_break_holder] -->  <!-- [et_pb_line_break_holder] -->.blogy-blog-layout-45 .et_pb_post .et_pb_image_container img {<!-- [et_pb_line_break_holder] -->    -moz-transition: 0.5s;<!-- [et_pb_line_break_holder] -->    -webkit-transition: 05s;<!-- [et_pb_line_break_holder] -->    transition: 0.5s;<!-- [et_pb_line_break_holder] -->}<!-- [et_pb_line_break_holder] -->  <!-- [et_pb_line_break_holder] -->.blogy-blog-layout-45 .et_pb_post:hover img {<!-- [et_pb_line_break_holder] -->      transform: scale(0.95);<!-- [et_pb_line_break_holder] -->}<!-- [et_pb_line_break_holder] -->  <!-- [et_pb_line_break_holder] -->.blogy-blog-layout-45 .et_pb_post .post-meta {<!-- [et_pb_line_break_holder] -->    order: 2;<!-- [et_pb_line_break_holder] -->    position: relative;<!-- [et_pb_line_break_holder] -->    width: 100%;<!-- [et_pb_line_break_holder] -->}<!-- [et_pb_line_break_holder] -->  <!-- [et_pb_line_break_holder] -->.blogy-blog-layout-45 .et_pb_post .post-content {<!-- [et_pb_line_break_holder] -->    order: 3;<!-- [et_pb_line_break_holder] -->    position: relative;<!-- [et_pb_line_break_holder] -->}<!-- [et_pb_line_break_holder] -->  <!-- [et_pb_line_break_holder] -->.blogy-blog-layout-45 .et_pb_post .entry-featured-image-url {<!-- [et_pb_line_break_holder] -->    margin-bottom: 10px;<!-- [et_pb_line_break_holder] -->}<!-- [et_pb_line_break_holder] -->  <!-- [et_pb_line_break_holder] -->.blogy-blog-layout-45 .et_pb_post a.more-link {<!-- [et_pb_line_break_holder] -->    background-color: #f4e8d6;<!-- [et_pb_line_break_holder] -->    border-radius: 50px;<!-- [et_pb_line_break_holder] -->    display: inline-block;<!-- [et_pb_line_break_holder] -->    margin-top: 10px;<!-- [et_pb_line_break_holder] -->    padding: 8px 15px;<!-- [et_pb_line_break_holder] -->    text-transform: none;<!-- [et_pb_line_break_holder] -->}<!-- [et_pb_line_break_holder] -->  <!-- [et_pb_line_break_holder] --><\/style>\n<p>[\/et_pb_code][et_pb_blog fullwidth=&#8220;off&#8220; posts_number=&#8220;9&#8243; include_categories=&#8220;114&#8243; excerpt_length=&#8220;120&#8243; show_more=&#8220;on&#8220; show_author=&#8220;off&#8220; show_date=&#8220;off&#8220; module_class=&#8220;blogy-blog-layout-45&#8243; _builder_version=&#8220;4.27.4&#8243; _module_preset=&#8220;default&#8220; header_font=&#8220;|300|||||||&#8220; header_text_color=&#8220;#000000&#8243; header_font_size=&#8220;22px&#8220; header_line_height=&#8220;1.2em&#8220; body_text_color=&#8220;#000000&#8243; body_font_size=&#8220;16px&#8220; body_letter_spacing=&#8220;1px&#8220; meta_font=&#8220;|600|||||||&#8220; meta_text_color=&#8220;#5D201C&#8220; meta_font_size=&#8220;13px&#8220; meta_line_height=&#8220;1.8em&#8220; read_more_font=&#8220;||||||||&#8220; read_more_text_color=&#8220;#9D8029&#8243; read_more_line_height=&#8220;1.8em&#8220; pagination_font=&#8220;|300|||||||&#8220; pagination_text_color=&#8220;#602024&#8243; hover_enabled=&#8220;0&#8243; header_font_size_tablet=&#8220;&#8220; header_font_size_phone=&#8220;20px&#8220; header_font_size_last_edited=&#8220;on|phone&#8220; border_radii=&#8220;on|5px|5px|5px|5px&#8220; border_width_all=&#8220;0px&#8220; locked=&#8220;off&#8220; global_colors_info=&#8220;{}&#8220; read_more_font_size=&#8220;12px&#8220; sticky_enabled=&#8220;0&#8243;][\/et_pb_blog][\/et_pb_column][\/et_pb_row][\/et_pb_section]<\/p>\n","protected":false},"excerpt":{"rendered":"","protected":false},"author":1,"featured_media":0,"parent":0,"menu_order":0,"comment_status":"closed","ping_status":"closed","template":"","meta":{"_et_pb_use_builder":"on","_et_pb_old_content":"","_et_gb_content_width":"","inline_featured_image":false,"footnotes":""},"class_list":["post-4407037","page","type-page","status-publish","hentry"],"yoast_head":"<!-- This site is optimized with the Yoast SEO plugin v27.4 - https:\/\/yoast.com\/product\/yoast-seo-wordpress\/ -->\n<title>Nachrichten - Grad Bogen\u0161perk<\/title>\n<meta name=\"description\" content=\"Neuigkeiten von Schloss Bogen\u0161perk, Ank\u00fcndigungen von Veranstaltungen auf dem Schloss und auf dem Bogen\u0161perk Festival. Es ist immer etwas los, verpassen Sie nichts.\" \/>\n<meta name=\"robots\" content=\"index, follow, max-snippet:-1, max-image-preview:large, max-video-preview:-1\" \/>\n<link rel=\"canonical\" href=\"https:\/\/bogensperk.si\/de\/nachrichten\/\" \/>\n<meta property=\"og:locale\" content=\"de_DE\" \/>\n<meta property=\"og:type\" content=\"article\" \/>\n<meta property=\"og:title\" content=\"Nachrichten - Grad Bogen\u0161perk\" \/>\n<meta property=\"og:description\" content=\"Neuigkeiten von Schloss Bogen\u0161perk, Ank\u00fcndigungen von Veranstaltungen auf dem Schloss und auf dem Bogen\u0161perk Festival. Es ist immer etwas los, verpassen Sie nichts.\" \/>\n<meta property=\"og:url\" content=\"https:\/\/bogensperk.si\/de\/nachrichten\/\" \/>\n<meta property=\"og:site_name\" content=\"Grad Bogen\u0161perk\" \/>\n<meta property=\"article:modified_time\" content=\"2025-03-21T17:31:36+00:00\" \/>\n<meta name=\"twitter:card\" content=\"summary_large_image\" \/>\n<meta name=\"twitter:label1\" content=\"Gesch\u00e4tzte Lesezeit\" \/>\n\t<meta name=\"twitter:data1\" content=\"2\u00a0Minuten\" \/>\n<script type=\"application\/ld+json\" class=\"yoast-schema-graph\">{\"@context\":\"https:\\\/\\\/schema.org\",\"@graph\":[{\"@type\":\"WebPage\",\"@id\":\"https:\\\/\\\/bogensperk.si\\\/de\\\/nachrichten\\\/\",\"url\":\"https:\\\/\\\/bogensperk.si\\\/de\\\/nachrichten\\\/\",\"name\":\"Nachrichten - Grad Bogen\u0161perk\",\"isPartOf\":{\"@id\":\"https:\\\/\\\/bogensperk.si\\\/de\\\/#website\"},\"datePublished\":\"2024-07-22T09:12:23+00:00\",\"dateModified\":\"2025-03-21T17:31:36+00:00\",\"description\":\"Neuigkeiten von Schloss Bogen\u0161perk, Ank\u00fcndigungen von Veranstaltungen auf dem Schloss und auf dem Bogen\u0161perk Festival. Es ist immer etwas los, verpassen Sie nichts.\",\"breadcrumb\":{\"@id\":\"https:\\\/\\\/bogensperk.si\\\/de\\\/nachrichten\\\/#breadcrumb\"},\"inLanguage\":\"de\",\"potentialAction\":[{\"@type\":\"ReadAction\",\"target\":[\"https:\\\/\\\/bogensperk.si\\\/de\\\/nachrichten\\\/\"]}]},{\"@type\":\"BreadcrumbList\",\"@id\":\"https:\\\/\\\/bogensperk.si\\\/de\\\/nachrichten\\\/#breadcrumb\",\"itemListElement\":[{\"@type\":\"ListItem\",\"position\":1,\"name\":\"Home\",\"item\":\"https:\\\/\\\/bogensperk.si\\\/de\\\/\"},{\"@type\":\"ListItem\",\"position\":2,\"name\":\"Nachrichten\"}]},{\"@type\":\"WebSite\",\"@id\":\"https:\\\/\\\/bogensperk.si\\\/de\\\/#website\",\"url\":\"https:\\\/\\\/bogensperk.si\\\/de\\\/\",\"name\":\"Grad Bogen\u0161perk\",\"description\":\"Renesan\u010dni grad Bogen\u0161perk, prostor mnogih kulturnih dogodkov.\",\"potentialAction\":[{\"@type\":\"SearchAction\",\"target\":{\"@type\":\"EntryPoint\",\"urlTemplate\":\"https:\\\/\\\/bogensperk.si\\\/de\\\/?s={search_term_string}\"},\"query-input\":{\"@type\":\"PropertyValueSpecification\",\"valueRequired\":true,\"valueName\":\"search_term_string\"}}],\"inLanguage\":\"de\"}]}<\/script>\n<!-- \/ Yoast SEO plugin. -->","yoast_head_json":{"title":"Nachrichten - Grad Bogen\u0161perk","description":"Neuigkeiten von Schloss Bogen\u0161perk, Ank\u00fcndigungen von Veranstaltungen auf dem Schloss und auf dem Bogen\u0161perk Festival. Es ist immer etwas los, verpassen Sie nichts.","robots":{"index":"index","follow":"follow","max-snippet":"max-snippet:-1","max-image-preview":"max-image-preview:large","max-video-preview":"max-video-preview:-1"},"canonical":"https:\/\/bogensperk.si\/de\/nachrichten\/","og_locale":"de_DE","og_type":"article","og_title":"Nachrichten - Grad Bogen\u0161perk","og_description":"Neuigkeiten von Schloss Bogen\u0161perk, Ank\u00fcndigungen von Veranstaltungen auf dem Schloss und auf dem Bogen\u0161perk Festival. Es ist immer etwas los, verpassen Sie nichts.","og_url":"https:\/\/bogensperk.si\/de\/nachrichten\/","og_site_name":"Grad Bogen\u0161perk","article_modified_time":"2025-03-21T17:31:36+00:00","twitter_card":"summary_large_image","twitter_misc":{"Gesch\u00e4tzte Lesezeit":"2\u00a0Minuten"},"schema":{"@context":"https:\/\/schema.org","@graph":[{"@type":"WebPage","@id":"https:\/\/bogensperk.si\/de\/nachrichten\/","url":"https:\/\/bogensperk.si\/de\/nachrichten\/","name":"Nachrichten - Grad Bogen\u0161perk","isPartOf":{"@id":"https:\/\/bogensperk.si\/de\/#website"},"datePublished":"2024-07-22T09:12:23+00:00","dateModified":"2025-03-21T17:31:36+00:00","description":"Neuigkeiten von Schloss Bogen\u0161perk, Ank\u00fcndigungen von Veranstaltungen auf dem Schloss und auf dem Bogen\u0161perk Festival. Es ist immer etwas los, verpassen Sie nichts.","breadcrumb":{"@id":"https:\/\/bogensperk.si\/de\/nachrichten\/#breadcrumb"},"inLanguage":"de","potentialAction":[{"@type":"ReadAction","target":["https:\/\/bogensperk.si\/de\/nachrichten\/"]}]},{"@type":"BreadcrumbList","@id":"https:\/\/bogensperk.si\/de\/nachrichten\/#breadcrumb","itemListElement":[{"@type":"ListItem","position":1,"name":"Home","item":"https:\/\/bogensperk.si\/de\/"},{"@type":"ListItem","position":2,"name":"Nachrichten"}]},{"@type":"WebSite","@id":"https:\/\/bogensperk.si\/de\/#website","url":"https:\/\/bogensperk.si\/de\/","name":"Grad Bogen\u0161perk","description":"Renesan\u010dni grad Bogen\u0161perk, prostor mnogih kulturnih dogodkov.","potentialAction":[{"@type":"SearchAction","target":{"@type":"EntryPoint","urlTemplate":"https:\/\/bogensperk.si\/de\/?s={search_term_string}"},"query-input":{"@type":"PropertyValueSpecification","valueRequired":true,"valueName":"search_term_string"}}],"inLanguage":"de"}]}},"_links":{"self":[{"href":"https:\/\/bogensperk.si\/de\/wp-json\/wp\/v2\/pages\/4407037","targetHints":{"allow":["GET"]}}],"collection":[{"href":"https:\/\/bogensperk.si\/de\/wp-json\/wp\/v2\/pages"}],"about":[{"href":"https:\/\/bogensperk.si\/de\/wp-json\/wp\/v2\/types\/page"}],"author":[{"embeddable":true,"href":"https:\/\/bogensperk.si\/de\/wp-json\/wp\/v2\/users\/1"}],"replies":[{"embeddable":true,"href":"https:\/\/bogensperk.si\/de\/wp-json\/wp\/v2\/comments?post=4407037"}],"version-history":[{"count":2,"href":"https:\/\/bogensperk.si\/de\/wp-json\/wp\/v2\/pages\/4407037\/revisions"}],"predecessor-version":[{"id":4407039,"href":"https:\/\/bogensperk.si\/de\/wp-json\/wp\/v2\/pages\/4407037\/revisions\/4407039"}],"wp:attachment":[{"href":"https:\/\/bogensperk.si\/de\/wp-json\/wp\/v2\/media?parent=4407037"}],"curies":[{"name":"wp","href":"https:\/\/api.w.org\/{rel}","templated":true}]}}