{"id":4406452,"date":"2024-06-15T07:03:50","date_gmt":"2024-06-15T05:03:50","guid":{"rendered":"https:\/\/test.bogensperk.si\/festival-bogensperk\/"},"modified":"2025-05-17T06:31:44","modified_gmt":"2025-05-17T04:31:44","slug":"festival-bogensperk","status":"publish","type":"page","link":"https:\/\/bogensperk.si\/de\/festival-bogensperk\/","title":{"rendered":"Festival Bogen\u0161perk"},"content":{"rendered":"<p>[et_pb_section fb_built=&#8220;1&#8243; custom_padding_last_edited=&#8220;off|desktop&#8220; admin_label=&#8220;Header&#8220; _builder_version=&#8220;4.27.4&#8243; _module_preset=&#8220;default&#8220; background_color=&#8220;#f6efe7&#8243; background_enable_color=&#8220;off&#8220; background_image=&#8220;https:\/\/bogensperk.si\/wp-content\/uploads\/2025\/02\/mi2_bogensperk-73.jpg&#8220; min_height=&#8220;600px&#8220; overflow-x=&#8220;hidden&#8220; overflow-y=&#8220;hidden&#8220; custom_padding_tablet=&#8220;150px||150px||true|false&#8220; custom_padding_phone=&#8220;80px||80px||true|false&#8220; da_disable_devices=&#8220;off|off|off&#8220; global_colors_info=&#8220;{}&#8220; da_is_popup=&#8220;off&#8220; da_exit_intent=&#8220;off&#8220; da_has_close=&#8220;on&#8220; da_alt_close=&#8220;off&#8220; da_dark_close=&#8220;off&#8220; da_not_modal=&#8220;on&#8220; da_is_singular=&#8220;off&#8220; da_with_loader=&#8220;off&#8220; da_has_shadow=&#8220;on&#8220;][et_pb_row column_structure=&#8220;3_5,2_5&#8243; _builder_version=&#8220;4.27.0&#8243; _module_preset=&#8220;default&#8220; global_colors_info=&#8220;{}&#8220;][et_pb_column type=&#8220;3_5&#8243; _builder_version=&#8220;4.16&#8243; _module_preset=&#8220;default&#8220; z_index=&#8220;10&#8243; global_colors_info=&#8220;{}&#8220;][et_pb_text _builder_version=&#8220;4.27.4&#8243; _module_preset=&#8220;d72c0383-6487-4f2c-ac5c-7d48a6376757&#8243; header_font=&#8220;&#8211;et_global_heading_font|300|||||||&#8220; header_text_color=&#8220;#FFFFFF&#8220; header_font_size=&#8220;100px&#8220; header_line_height=&#8220;1.1em&#8220; header_font_size_tablet=&#8220;60px&#8220; header_font_size_phone=&#8220;42px&#8220; header_font_size_last_edited=&#8220;on|phone&#8220; header_text_shadow_style=&#8220;preset1&#8243; locked=&#8220;off&#8220; global_colors_info=&#8220;{}&#8220;]<\/p>\n<h1 style=\"text-align: left;\">Festival Bogen\u0161perk<\/h1>\n<p>[\/et_pb_text][\/et_pb_column][et_pb_column type=&#8220;2_5&#8243; _builder_version=&#8220;4.16&#8243; _module_preset=&#8220;default&#8220; global_colors_info=&#8220;{}&#8220;][\/et_pb_column][\/et_pb_row][\/et_pb_section][et_pb_section fb_built=&#8220;1&#8243; admin_label=&#8220;Na kratko&#8220; _builder_version=&#8220;4.27.4&#8243; _module_preset=&#8220;default&#8220; background_color=&#8220;#76163e&#8220; custom_margin=&#8220;||||false|false&#8220; custom_padding=&#8220;||||false|false&#8220; top_divider_color=&#8220;#FFFFFF&#8220; hover_enabled=&#8220;0&#8243; da_disable_devices=&#8220;off|off|off&#8220; global_colors_info=&#8220;{}&#8220; sticky_enabled=&#8220;0&#8243; da_is_popup=&#8220;off&#8220; da_exit_intent=&#8220;off&#8220; da_has_close=&#8220;on&#8220; da_alt_close=&#8220;off&#8220; da_dark_close=&#8220;off&#8220; da_not_modal=&#8220;on&#8220; da_is_singular=&#8220;off&#8220; da_with_loader=&#8220;off&#8220; da_has_shadow=&#8220;on&#8220;][et_pb_row _builder_version=&#8220;4.16&#8243; _module_preset=&#8220;default&#8220; max_width=&#8220;1360px&#8220; global_colors_info=&#8220;{}&#8220;][et_pb_column type=&#8220;4_4&#8243; _builder_version=&#8220;4.16&#8243; _module_preset=&#8220;default&#8220; global_colors_info=&#8220;{}&#8220;][et_pb_divider color=&#8220;RGBA(0,0,0,0)&#8220; divider_weight=&#8220;30px&#8220; _builder_version=&#8220;4.27.0&#8243; _module_preset=&#8220;default&#8220; background_image=&#8220;https:\/\/bogensperk.si\/wp-content\/uploads\/2024\/07\/museum-12.png&#8220; background_size=&#8220;contain&#8220; background_repeat=&#8220;repeat-x&#8220; min_height=&#8220;30px&#8220; border_color_all=&#8220;#000000&#8243; global_colors_info=&#8220;{}&#8220;][\/et_pb_divider][et_pb_text _builder_version=&#8220;4.27.4&#8243; _module_preset=&#8220;c6d6f7af-6ac8-4ba6-9488-2a218606aaa8&#8243; text_text_color=&#8220;#FFFFFF&#8220; header_2_font=&#8220;Trirong|500|||||||&#8220; header_2_text_color=&#8220;#000000&#8243; header_2_font_size=&#8220;100px&#8220; header_2_line_height=&#8220;1.2em&#8220; text_orientation=&#8220;center&#8220; header_2_font_size_tablet=&#8220;65px&#8220; header_2_font_size_phone=&#8220;28px&#8220; header_2_font_size_last_edited=&#8220;on|phone&#8220; locked=&#8220;off&#8220; global_colors_info=&#8220;{}&#8220;]<\/p>\n<p>Das Festival Bogen\u0161perk bereichert von Mai bis September das Schloss Bogen\u0161perk und \u0160martno mit ausgew\u00e4hlter Kultur, erstklassiger Kulinarik und hervorragender Musik. Genie\u00dfen Sie den Sommer auf einem der sch\u00f6nsten Schl\u00f6sser Sloweniens \u2013 genie\u00dfen Sie den Sommer mit dem Festival Bogen\u0161perk.<\/p>\n<p>[\/et_pb_text][\/et_pb_column][\/et_pb_row][\/et_pb_section][et_pb_section fb_built=&#8220;1&#8243; admin_label=&#8220;Texts&#8220; _builder_version=&#8220;4.27.0&#8243; _module_preset=&#8220;default&#8220; background_color=&#8220;RGBA(255,255,255,0)&#8220; da_disable_devices=&#8220;off|off|off&#8220; global_colors_info=&#8220;{}&#8220; da_is_popup=&#8220;off&#8220; da_exit_intent=&#8220;off&#8220; da_has_close=&#8220;on&#8220; da_alt_close=&#8220;off&#8220; da_dark_close=&#8220;off&#8220; da_not_modal=&#8220;on&#8220; da_is_singular=&#8220;off&#8220; da_with_loader=&#8220;off&#8220; da_has_shadow=&#8220;on&#8220;][et_pb_row column_structure=&#8220;1_2,1_2&#8243; _builder_version=&#8220;4.16&#8243; _module_preset=&#8220;default&#8220; global_colors_info=&#8220;{}&#8220;][et_pb_column type=&#8220;1_2&#8243; _builder_version=&#8220;4.16&#8243; _module_preset=&#8220;default&#8220; global_colors_info=&#8220;{}&#8220;][\/et_pb_column][et_pb_column type=&#8220;1_2&#8243; _builder_version=&#8220;4.16&#8243; _module_preset=&#8220;default&#8220; global_colors_info=&#8220;{}&#8220;][et_pb_text _builder_version=&#8220;4.27.4&#8243; _module_preset=&#8220;16a54059-cc81-4572-9c70-eda6a6c419bf&#8220; text_font=&#8220;||||||||&#8220; text_text_color=&#8220;#000000&#8243; header_3_font=&#8220;|300|||||||&#8220; text_font_size_tablet=&#8220;15px&#8220; text_font_size_phone=&#8220;14px&#8220; text_font_size_last_edited=&#8220;on|phone&#8220; header_font_size_tablet=&#8220;55px&#8220; header_font_size_last_edited=&#8220;off|desktop&#8220; locked=&#8220;off&#8220; global_colors_info=&#8220;{}&#8220;]<\/p>\n<h3>Festival Bogen\u0161perk 2025:<\/h3>\n<ul>\n<li>Orlek &amp; Mi2, Flirrt, Maraaya, Hamo&amp;Tribute2love, \u0160ank rock \u00bbakustika\u00ab z gosti, Oto Pestner in Toni Pov\u0161e, Ditka in Feri Lain\u0161\u010dek, &#8230;<\/li>\n<li>Okusi z gradu, Okusi z gradu na kvadrat, \u0160martno kuha.<\/li>\n<li>Umetni\u0161ke razstave slovenskih in mednarodno uveljavljenih umetnikov.<\/li>\n<li>Klasi\u010dna glasba, gledali\u0161\u010de, literatura, rekreacija in program za najmlaj\u0161e.<\/li>\n<\/ul>\n<p>[\/et_pb_text][\/et_pb_column][\/et_pb_row][\/et_pb_section][et_pb_section fb_built=&#8220;1&#8243; admin_label=&#8220;Schedule&#8220; _builder_version=&#8220;4.27.4&#8243; _module_preset=&#8220;default&#8220; background_color=&#8220;#76163e&#8220; custom_padding=&#8220;||0px|||&#8220; hover_enabled=&#8220;0&#8243; da_disable_devices=&#8220;off|off|off&#8220; locked=&#8220;off&#8220; global_colors_info=&#8220;{}&#8220; sticky_enabled=&#8220;0&#8243; da_is_popup=&#8220;off&#8220; da_exit_intent=&#8220;off&#8220; da_has_close=&#8220;on&#8220; da_alt_close=&#8220;off&#8220; da_dark_close=&#8220;off&#8220; da_not_modal=&#8220;on&#8220; da_is_singular=&#8220;off&#8220; da_with_loader=&#8220;off&#8220; da_has_shadow=&#8220;on&#8220;][et_pb_row column_structure=&#8220;1_2,1_2&#8243; _builder_version=&#8220;4.27.0&#8243; _module_preset=&#8220;default&#8220; global_colors_info=&#8220;{}&#8220;][et_pb_column type=&#8220;1_2&#8243; _builder_version=&#8220;4.16&#8243; _module_preset=&#8220;default&#8220; global_colors_info=&#8220;{}&#8220;][et_pb_image src=&#8220;https:\/\/bogensperk.si\/wp-content\/uploads\/2025\/02\/Bogensperk-Orleki-Mi2-3-scaled.jpg&#8220; alt=&#8220;Cerkev svetega Martina&#8220; title_text=&#8220;Bogen\u0161perk Orleki &#038; Mi2-3&#8243; _builder_version=&#8220;4.27.4&#8243; _module_preset=&#8220;default&#8220; background_color=&#8220;RGBA(255,255,255,0)&#8220; custom_margin=&#8220;-100%|||-20vw|false|false&#8220; custom_margin_tablet=&#8220;-80px|-10vw||-10vw|false|true&#8220; custom_margin_phone=&#8220;&#8220; custom_margin_last_edited=&#8220;on|phone&#8220; custom_padding=&#8220;100px|60px|100px|60px|true|true&#8220; custom_padding_tablet=&#8220;0px|0px|60px|0px|false|true&#8220; custom_padding_phone=&#8220;&#8220; custom_padding_last_edited=&#8220;on|tablet&#8220; locked=&#8220;off&#8220; global_colors_info=&#8220;{}&#8220;][\/et_pb_image][\/et_pb_column][et_pb_column type=&#8220;1_2&#8243; _builder_version=&#8220;4.16&#8243; _module_preset=&#8220;default&#8220; global_colors_info=&#8220;{}&#8220;][et_pb_text _builder_version=&#8220;4.27.4&#8243; _module_preset=&#8220;16a54059-cc81-4572-9c70-eda6a6c419bf&#8220; text_font=&#8220;||||||||&#8220; text_text_color=&#8220;#FFFFFF&#8220; header_3_font=&#8220;|300|||||||&#8220; header_3_text_color=&#8220;#FFFFFF&#8220; header_4_text_color=&#8220;#FFFFFF&#8220; text_font_size_tablet=&#8220;15px&#8220; text_font_size_phone=&#8220;14px&#8220; text_font_size_last_edited=&#8220;on|phone&#8220; header_font_size_tablet=&#8220;55px&#8220; header_font_size_last_edited=&#8220;off|desktop&#8220; locked=&#8220;off&#8220; global_colors_info=&#8220;{}&#8220;]<\/p>\n<h3>Ein Blick zur\u00fcck:<\/h3>\n<ul>\n<li>Orlek, Mi2, Maraaya, Magnifico, Joker Out, Nina Pu\u0161lar, Jan Plestenjak, \u0160ank Rock, Batista Cadillac, Pero Lov\u0161in, Hamo &amp; Tribute to love, Pavlov, Tamburashki orkester \u0160martno mit Slowenischem Oktett, &#8230;<\/li>\n<li>Kulinarische Gen\u00fcsse mit den \u0160martno-K\u00f6chen, Kostproben aus der Burg und Veranstaltungen zum Tag des Champagners<\/li>\n<li>Literarische und musikalische Veranstaltungen, Kunstausstellungen und die Veranstaltung Jazz &#8218;ma mlade, Seviqc.<\/li>\n<\/ul>\n<p><em>Und dies:<\/em><br \/><em>Das Bogen\u0161perk-Festival f\u00f6rdert auch die internationale Zusammenarbeit (internationale Grafikprojekte Lifelines, Ausstellungen und Konzerte international bekannter K\u00fcnstler), ist Gastgeber anderer hochkar\u00e4tiger Festivals (Jazz ma mlade, Seviqc Bre\u017eice usw.) und ein Treffpunkt f\u00fcr die Macher sozialer und kultureller Veranstaltungen in der Gemeinde (Bibliothek Litija \u0160martno, Grundschule \u0160martno, Kindergarten Ciciban, Kli\u0161e Club usw.).<\/em><\/p>\n<p>[\/et_pb_text][\/et_pb_column][\/et_pb_row][\/et_pb_section][et_pb_section fb_built=&#8220;1&#8243; disabled_on=&#8220;off|off|off&#8220; _builder_version=&#8220;4.16&#8243; _module_preset=&#8220;default&#8220; da_disable_devices=&#8220;off|off|off&#8220; locked=&#8220;off&#8220; global_colors_info=&#8220;{}&#8220; da_is_popup=&#8220;off&#8220; da_exit_intent=&#8220;off&#8220; da_has_close=&#8220;on&#8220; da_alt_close=&#8220;off&#8220; da_dark_close=&#8220;off&#8220; da_not_modal=&#8220;on&#8220; da_is_singular=&#8220;off&#8220; da_with_loader=&#8220;off&#8220; da_has_shadow=&#8220;on&#8220;][et_pb_row use_custom_gutter=&#8220;on&#8220; gutter_width=&#8220;2&#8243; _builder_version=&#8220;4.27.4&#8243; _module_preset=&#8220;default&#8220; custom_padding=&#8220;0px||0px||true|false&#8220; global_colors_info=&#8220;{}&#8220;][et_pb_column type=&#8220;4_4&#8243; _builder_version=&#8220;4.16&#8243; _module_preset=&#8220;default&#8220; global_colors_info=&#8220;{}&#8220;][et_pb_code admin_label=&#8220;Custom Css&#8220; _builder_version=&#8220;4.27.4&#8243; _module_preset=&#8220;default&#8220; hover_enabled=&#8220;0&#8243; locked=&#8220;off&#8220; global_colors_info=&#8220;{}&#8220; sticky_enabled=&#8220;0&#8243;]<\/p>\n<style><!-- [et_pb_line_break_holder] -->.blogy-blog-layout-45 .et_pb_post{<!-- [et_pb_line_break_holder] -->    background: #f7f7f7;<!-- [et_pb_line_break_holder] -->    border: 2px solid #f0f0f0 !important;<!-- [et_pb_line_break_holder] -->    box-shadow: 0px 6px 18px -6px rgba(0, 0, 0, 0.18);<!-- [et_pb_line_break_holder] -->    display: flex;<!-- [et_pb_line_break_holder] -->    flex-wrap: wrap;<!-- [et_pb_line_break_holder] -->    padding: 30px;<!-- [et_pb_line_break_holder] -->    position: relative;<!-- [et_pb_line_break_holder] -->    -moz-transition: 0.5s;<!-- [et_pb_line_break_holder] -->    -webkit-transition: 05s;<!-- [et_pb_line_break_holder] -->    transition: 0.5s;<!-- [et_pb_line_break_holder] -->}<!-- [et_pb_line_break_holder] -->  <!-- [et_pb_line_break_holder] -->.blogy-blog-layout-45 .et_pb_post .entry-title {<!-- [et_pb_line_break_holder] -->    order: 0;<!-- [et_pb_line_break_holder] -->    z-index: 1;<!-- [et_pb_line_break_holder] -->}<!-- [et_pb_line_break_holder] -->  <!-- [et_pb_line_break_holder] -->.blogy-blog-layout-45 .et_pb_post:before {<!-- [et_pb_line_break_holder] -->    position: absolute;<!-- [et_pb_line_break_holder] -->    content: \"\";<!-- [et_pb_line_break_holder] -->    width: 100%;<!-- [et_pb_line_break_holder] -->    top: -100%;<!-- [et_pb_line_break_holder] -->    left: 0;<!-- [et_pb_line_break_holder] -->    right: 0;<!-- [et_pb_line_break_holder] -->    bottom: 0;<!-- [et_pb_line_break_holder] -->    height: 100%;<!-- [et_pb_line_break_holder] -->    background: #eee8e8;<!-- [et_pb_line_break_holder] -->    opacity: 0;<!-- [et_pb_line_break_holder] -->    -moz-transition: 1.2s;<!-- [et_pb_line_break_holder] -->    -webkit-transition: 1.2s;<!-- [et_pb_line_break_holder] -->    transition: all 1.2s;<!-- [et_pb_line_break_holder] -->}<!-- [et_pb_line_break_holder] -->  <!-- [et_pb_line_break_holder] -->.blogy-blog-layout-45 .et_pb_post:hover::before {<!-- [et_pb_line_break_holder] -->    opacity: 1;<!-- [et_pb_line_break_holder] -->    top: 0;<!-- [et_pb_line_break_holder] -->}<!-- [et_pb_line_break_holder] -->  <!-- [et_pb_line_break_holder] -->.blogy-blog-layout-45 .et_pb_post .et_pb_image_container {<!-- [et_pb_line_break_holder] -->    margin: 0;<!-- [et_pb_line_break_holder] -->    order: 1;<!-- [et_pb_line_break_holder] -->    padding: 20px 0;<!-- [et_pb_line_break_holder] -->    width: 100%;<!-- [et_pb_line_break_holder] -->}<!-- [et_pb_line_break_holder] -->  <!-- [et_pb_line_break_holder] -->.blogy-blog-layout-45 .et_pb_post .et_pb_image_container img {<!-- [et_pb_line_break_holder] -->    -moz-transition: 0.5s;<!-- [et_pb_line_break_holder] -->    -webkit-transition: 05s;<!-- [et_pb_line_break_holder] -->    transition: 0.5s;<!-- [et_pb_line_break_holder] -->}<!-- [et_pb_line_break_holder] -->  <!-- [et_pb_line_break_holder] -->.blogy-blog-layout-45 .et_pb_post:hover img {<!-- [et_pb_line_break_holder] -->      transform: scale(0.95);<!-- [et_pb_line_break_holder] -->}<!-- [et_pb_line_break_holder] -->  <!-- [et_pb_line_break_holder] -->.blogy-blog-layout-45 .et_pb_post .post-meta {<!-- [et_pb_line_break_holder] -->    order: 2;<!-- [et_pb_line_break_holder] -->    position: relative;<!-- [et_pb_line_break_holder] -->    width: 100%;<!-- [et_pb_line_break_holder] -->}<!-- [et_pb_line_break_holder] -->  <!-- [et_pb_line_break_holder] -->.blogy-blog-layout-45 .et_pb_post .post-content {<!-- [et_pb_line_break_holder] -->    order: 3;<!-- [et_pb_line_break_holder] -->    position: relative;<!-- [et_pb_line_break_holder] -->}<!-- [et_pb_line_break_holder] -->  <!-- [et_pb_line_break_holder] -->.blogy-blog-layout-45 .et_pb_post .entry-featured-image-url {<!-- [et_pb_line_break_holder] -->    margin-bottom: 10px;<!-- [et_pb_line_break_holder] -->}<!-- [et_pb_line_break_holder] -->  <!-- [et_pb_line_break_holder] -->.blogy-blog-layout-45 .et_pb_post a.more-link {<!-- [et_pb_line_break_holder] -->    background-color: #76163e;<!-- [et_pb_line_break_holder] -->    border-radius: 50px;<!-- [et_pb_line_break_holder] -->    display: inline-block;<!-- [et_pb_line_break_holder] -->    margin-top: 10px;<!-- [et_pb_line_break_holder] -->    padding: 8px 15px;<!-- [et_pb_line_break_holder] -->    text-transform: capitalize;<!-- [et_pb_line_break_holder] -->}<!-- [et_pb_line_break_holder] -->  <!-- [et_pb_line_break_holder] --><\/style>\n<p>[\/et_pb_code][et_pb_blog fullwidth=&#8220;off&#8220; posts_number=&#8220;6&#8243; include_categories=&#8220;27&#8243; excerpt_length=&#8220;120&#8243; show_more=&#8220;on&#8220; show_author=&#8220;off&#8220; show_date=&#8220;off&#8220; module_class=&#8220;blogy-blog-layout-45&#8243; _builder_version=&#8220;4.27.4&#8243; _module_preset=&#8220;default&#8220; header_font=&#8220;|300|||||||&#8220; header_text_color=&#8220;#000000&#8243; header_font_size=&#8220;22px&#8220; header_line_height=&#8220;1.2em&#8220; body_text_color=&#8220;#000000&#8243; meta_font=&#8220;|600|||||||&#8220; meta_text_color=&#8220;#76163e&#8220; meta_font_size=&#8220;13px&#8220; meta_line_height=&#8220;1.8em&#8220; read_more_font=&#8220;||||||||&#8220; read_more_text_color=&#8220;#FFFFFF&#8220; pagination_font=&#8220;||on||||||&#8220; pagination_text_color=&#8220;#5D201C&#8220; hover_enabled=&#8220;0&#8243; header_font_size_tablet=&#8220;&#8220; header_font_size_phone=&#8220;20px&#8220; header_font_size_last_edited=&#8220;on|phone&#8220; border_radii=&#8220;on|5px|5px|5px|5px&#8220; border_width_all=&#8220;0px&#8220; locked=&#8220;off&#8220; global_colors_info=&#8220;{}&#8220; sticky_enabled=&#8220;0&#8243;][\/et_pb_blog][\/et_pb_column][\/et_pb_row][\/et_pb_section]<\/p>\n","protected":false},"excerpt":{"rendered":"<p>Festival Bogen\u0161perkDas Festival Bogen\u0161perk bereichert von Mai bis September das Schloss Bogen\u0161perk und \u0160martno mit ausgew\u00e4hlter Kultur, erstklassiger Kulinarik und hervorragender Musik. Genie\u00dfen Sie den Sommer auf einem der sch\u00f6nsten Schl\u00f6sser Sloweniens \u2013 genie\u00dfen Sie den Sommer mit dem Festival Bogen\u0161perk.Festival Bogen\u0161perk 2025: Orlek &amp; Mi2, Flirrt, Maraaya, Hamo&amp;Tribute2love, \u0160ank rock \u00bbakustika\u00ab z gosti, Oto Pestner in Toni Pov\u0161e, Ditka in Feri Lain\u0161\u010dek, &#8230; Okusi z gradu, Okusi z gradu na kvadrat, \u0160martno kuha. Umetni\u0161ke razstave slovenskih in mednarodno uveljavljenih umetnikov. Klasi\u010dna glasba, gledali\u0161\u010de, literatura, rekreacija in program za najmlaj\u0161e. Ein Blick zur\u00fcck: Orlek, Mi2, Maraaya, Magnifico, Joker Out, Nina Pu\u0161lar, Jan Plestenjak, \u0160ank Rock, Batista Cadillac, Pero Lov\u0161in, Hamo &amp; Tribute to love, Pavlov, Tamburashki orkester \u0160martno mit Slowenischem Oktett, &#8230; Kulinarische Gen\u00fcsse mit den \u0160martno-K\u00f6chen, Kostproben aus der Burg und Veranstaltungen zum Tag des Champagners Literarische und musikalische Veranstaltungen, Kunstausstellungen und die Veranstaltung Jazz &#8218;ma mlade, Seviqc. Und dies:Das Bogen\u0161perk-Festival f\u00f6rdert auch die internationale Zusammenarbeit (internationale Grafikprojekte Lifelines, Ausstellungen und Konzerte international bekannter K\u00fcnstler), ist Gastgeber anderer hochkar\u00e4tiger Festivals (Jazz ma mlade, Seviqc Bre\u017eice usw.) und ein Treffpunkt f\u00fcr die Macher sozialer und kultureller Veranstaltungen in der Gemeinde (Bibliothek Litija \u0160martno, Grundschule \u0160martno, Kindergarten Ciciban, Kli\u0161e Club usw.).<\/p>\n","protected":false},"author":1,"featured_media":0,"parent":0,"menu_order":0,"comment_status":"closed","ping_status":"closed","template":"","meta":{"_et_pb_use_builder":"on","_et_pb_old_content":"","_et_gb_content_width":"","inline_featured_image":false,"footnotes":""},"class_list":["post-4406452","page","type-page","status-publish","hentry"],"yoast_head":"<!-- This site is optimized with the Yoast SEO plugin v27.4 - https:\/\/yoast.com\/product\/yoast-seo-wordpress\/ -->\n<title>Festival Bogen\u0161perk - Grad Bogen\u0161perk<\/title>\n<meta name=\"description\" content=\"Das Festival Bogen\u0161perk bereichert von Mai bis September das Schloss Bogen\u0161perk mit ausgew\u00e4hlter Kultur, erstklassiger Kulinarik und hervorragender Musik.\" \/>\n<meta name=\"robots\" content=\"index, follow, max-snippet:-1, max-image-preview:large, max-video-preview:-1\" \/>\n<link rel=\"canonical\" href=\"https:\/\/bogensperk.si\/de\/festival-bogensperk\/\" \/>\n<meta property=\"og:locale\" content=\"de_DE\" \/>\n<meta property=\"og:type\" content=\"article\" \/>\n<meta property=\"og:title\" content=\"Festival Bogen\u0161perk - Grad Bogen\u0161perk\" \/>\n<meta property=\"og:description\" content=\"Das Festival Bogen\u0161perk bereichert von Mai bis September das Schloss Bogen\u0161perk mit ausgew\u00e4hlter Kultur, erstklassiger Kulinarik und hervorragender Musik.\" \/>\n<meta property=\"og:url\" content=\"https:\/\/bogensperk.si\/de\/festival-bogensperk\/\" \/>\n<meta property=\"og:site_name\" content=\"Grad Bogen\u0161perk\" \/>\n<meta property=\"article:modified_time\" content=\"2025-05-17T04:31:44+00:00\" \/>\n<meta property=\"og:image\" content=\"https:\/\/bogensperk.si\/wp-content\/uploads\/2024\/08\/bogensperk-festival-2024-22.webp\" \/>\n\t<meta property=\"og:image:width\" content=\"2048\" \/>\n\t<meta property=\"og:image:height\" content=\"1365\" \/>\n\t<meta property=\"og:image:type\" content=\"image\/webp\" \/>\n<meta name=\"twitter:card\" content=\"summary_large_image\" \/>\n<meta name=\"twitter:label1\" content=\"Gesch\u00e4tzte Lesezeit\" \/>\n\t<meta name=\"twitter:data1\" content=\"2\u00a0Minuten\" \/>\n<script type=\"application\/ld+json\" class=\"yoast-schema-graph\">{\"@context\":\"https:\\\/\\\/schema.org\",\"@graph\":[{\"@type\":\"WebPage\",\"@id\":\"https:\\\/\\\/bogensperk.si\\\/de\\\/festival-bogensperk\\\/\",\"url\":\"https:\\\/\\\/bogensperk.si\\\/de\\\/festival-bogensperk\\\/\",\"name\":\"Festival Bogen\u0161perk - Grad Bogen\u0161perk\",\"isPartOf\":{\"@id\":\"https:\\\/\\\/bogensperk.si\\\/de\\\/#website\"},\"datePublished\":\"2024-06-15T05:03:50+00:00\",\"dateModified\":\"2025-05-17T04:31:44+00:00\",\"description\":\"Das Festival Bogen\u0161perk bereichert von Mai bis September das Schloss Bogen\u0161perk mit ausgew\u00e4hlter Kultur, erstklassiger Kulinarik und hervorragender Musik.\",\"breadcrumb\":{\"@id\":\"https:\\\/\\\/bogensperk.si\\\/de\\\/festival-bogensperk\\\/#breadcrumb\"},\"inLanguage\":\"de\",\"potentialAction\":[{\"@type\":\"ReadAction\",\"target\":[\"https:\\\/\\\/bogensperk.si\\\/de\\\/festival-bogensperk\\\/\"]}]},{\"@type\":\"BreadcrumbList\",\"@id\":\"https:\\\/\\\/bogensperk.si\\\/de\\\/festival-bogensperk\\\/#breadcrumb\",\"itemListElement\":[{\"@type\":\"ListItem\",\"position\":1,\"name\":\"Home\",\"item\":\"https:\\\/\\\/bogensperk.si\\\/de\\\/\"},{\"@type\":\"ListItem\",\"position\":2,\"name\":\"Festival Bogen\u0161perk\"}]},{\"@type\":\"WebSite\",\"@id\":\"https:\\\/\\\/bogensperk.si\\\/de\\\/#website\",\"url\":\"https:\\\/\\\/bogensperk.si\\\/de\\\/\",\"name\":\"Grad Bogen\u0161perk\",\"description\":\"Renesan\u010dni grad Bogen\u0161perk, prostor mnogih kulturnih dogodkov.\",\"potentialAction\":[{\"@type\":\"SearchAction\",\"target\":{\"@type\":\"EntryPoint\",\"urlTemplate\":\"https:\\\/\\\/bogensperk.si\\\/de\\\/?s={search_term_string}\"},\"query-input\":{\"@type\":\"PropertyValueSpecification\",\"valueRequired\":true,\"valueName\":\"search_term_string\"}}],\"inLanguage\":\"de\"}]}<\/script>\n<!-- \/ Yoast SEO plugin. -->","yoast_head_json":{"title":"Festival Bogen\u0161perk - Grad Bogen\u0161perk","description":"Das Festival Bogen\u0161perk bereichert von Mai bis September das Schloss Bogen\u0161perk mit ausgew\u00e4hlter Kultur, erstklassiger Kulinarik und hervorragender Musik.","robots":{"index":"index","follow":"follow","max-snippet":"max-snippet:-1","max-image-preview":"max-image-preview:large","max-video-preview":"max-video-preview:-1"},"canonical":"https:\/\/bogensperk.si\/de\/festival-bogensperk\/","og_locale":"de_DE","og_type":"article","og_title":"Festival Bogen\u0161perk - Grad Bogen\u0161perk","og_description":"Das Festival Bogen\u0161perk bereichert von Mai bis September das Schloss Bogen\u0161perk mit ausgew\u00e4hlter Kultur, erstklassiger Kulinarik und hervorragender Musik.","og_url":"https:\/\/bogensperk.si\/de\/festival-bogensperk\/","og_site_name":"Grad Bogen\u0161perk","article_modified_time":"2025-05-17T04:31:44+00:00","og_image":[{"width":2048,"height":1365,"url":"https:\/\/bogensperk.si\/wp-content\/uploads\/2024\/08\/bogensperk-festival-2024-22.webp","type":"image\/webp"}],"twitter_card":"summary_large_image","twitter_misc":{"Gesch\u00e4tzte Lesezeit":"2\u00a0Minuten"},"schema":{"@context":"https:\/\/schema.org","@graph":[{"@type":"WebPage","@id":"https:\/\/bogensperk.si\/de\/festival-bogensperk\/","url":"https:\/\/bogensperk.si\/de\/festival-bogensperk\/","name":"Festival Bogen\u0161perk - Grad Bogen\u0161perk","isPartOf":{"@id":"https:\/\/bogensperk.si\/de\/#website"},"datePublished":"2024-06-15T05:03:50+00:00","dateModified":"2025-05-17T04:31:44+00:00","description":"Das Festival Bogen\u0161perk bereichert von Mai bis September das Schloss Bogen\u0161perk mit ausgew\u00e4hlter Kultur, erstklassiger Kulinarik und hervorragender Musik.","breadcrumb":{"@id":"https:\/\/bogensperk.si\/de\/festival-bogensperk\/#breadcrumb"},"inLanguage":"de","potentialAction":[{"@type":"ReadAction","target":["https:\/\/bogensperk.si\/de\/festival-bogensperk\/"]}]},{"@type":"BreadcrumbList","@id":"https:\/\/bogensperk.si\/de\/festival-bogensperk\/#breadcrumb","itemListElement":[{"@type":"ListItem","position":1,"name":"Home","item":"https:\/\/bogensperk.si\/de\/"},{"@type":"ListItem","position":2,"name":"Festival Bogen\u0161perk"}]},{"@type":"WebSite","@id":"https:\/\/bogensperk.si\/de\/#website","url":"https:\/\/bogensperk.si\/de\/","name":"Grad Bogen\u0161perk","description":"Renesan\u010dni grad Bogen\u0161perk, prostor mnogih kulturnih dogodkov.","potentialAction":[{"@type":"SearchAction","target":{"@type":"EntryPoint","urlTemplate":"https:\/\/bogensperk.si\/de\/?s={search_term_string}"},"query-input":{"@type":"PropertyValueSpecification","valueRequired":true,"valueName":"search_term_string"}}],"inLanguage":"de"}]}},"_links":{"self":[{"href":"https:\/\/bogensperk.si\/de\/wp-json\/wp\/v2\/pages\/4406452","targetHints":{"allow":["GET"]}}],"collection":[{"href":"https:\/\/bogensperk.si\/de\/wp-json\/wp\/v2\/pages"}],"about":[{"href":"https:\/\/bogensperk.si\/de\/wp-json\/wp\/v2\/types\/page"}],"author":[{"embeddable":true,"href":"https:\/\/bogensperk.si\/de\/wp-json\/wp\/v2\/users\/1"}],"replies":[{"embeddable":true,"href":"https:\/\/bogensperk.si\/de\/wp-json\/wp\/v2\/comments?post=4406452"}],"version-history":[{"count":4,"href":"https:\/\/bogensperk.si\/de\/wp-json\/wp\/v2\/pages\/4406452\/revisions"}],"predecessor-version":[{"id":4407658,"href":"https:\/\/bogensperk.si\/de\/wp-json\/wp\/v2\/pages\/4406452\/revisions\/4407658"}],"wp:attachment":[{"href":"https:\/\/bogensperk.si\/de\/wp-json\/wp\/v2\/media?parent=4406452"}],"curies":[{"name":"wp","href":"https:\/\/api.w.org\/{rel}","templated":true}]}}