{"id":4406436,"date":"2024-06-15T07:04:11","date_gmt":"2024-06-15T05:04:11","guid":{"rendered":"https:\/\/test.bogensperk.si\/informacije\/"},"modified":"2025-03-16T08:17:54","modified_gmt":"2025-03-16T07:17:54","slug":"informacije","status":"publish","type":"page","link":"https:\/\/bogensperk.si\/de\/informacije\/","title":{"rendered":"Informationen"},"content":{"rendered":"<p>[et_pb_section fb_built=&#8220;1&#8243; admin_label=&#8220;Header&#8220; _builder_version=&#8220;4.27.0&#8243; _module_preset=&#8220;default&#8220; background_color=&#8220;rgba(93,32,28,0.14)&#8220; custom_padding=&#8220;||0px|||&#8220; global_colors_info=&#8220;{}&#8220;][et_pb_row _builder_version=&#8220;4.16&#8243; _module_preset=&#8220;default&#8220; global_colors_info=&#8220;{}&#8220;][et_pb_column type=&#8220;4_4&#8243; _builder_version=&#8220;4.16&#8243; _module_preset=&#8220;default&#8220; global_colors_info=&#8220;{}&#8220;][et_pb_text _builder_version=&#8220;4.27.4&#8243; _module_preset=&#8220;d72c0383-6487-4f2c-ac5c-7d48a6376757&#8243; header_font=&#8220;&#8211;et_global_heading_font||||||||&#8220; header_text_color=&#8220;#000000&#8243; header_font_size=&#8220;60px&#8220; header_line_height=&#8220;1.1em&#8220; header_font_size_tablet=&#8220;60px&#8220; header_font_size_phone=&#8220;26px&#8220; header_font_size_last_edited=&#8220;on|phone&#8220; global_colors_info=&#8220;{}&#8220;]<\/p>\n<h1>Informationen<\/h1>\n<p>[\/et_pb_text][\/et_pb_column][\/et_pb_row][\/et_pb_section][et_pb_section fb_built=&#8220;1&#8243; specialty=&#8220;on&#8220; admin_label=&#8220;Pricing&#8220; _builder_version=&#8220;4.27.0&#8243; _module_preset=&#8220;default&#8220; background_color=&#8220;#FFFFFF&#8220; custom_padding=&#8220;0px||0px|||&#8220; global_colors_info=&#8220;{}&#8220;][et_pb_column type=&#8220;1_2&#8243; _builder_version=&#8220;4.16&#8243; custom_padding=&#8220;|||&#8220; global_colors_info=&#8220;{}&#8220; custom_padding__hover=&#8220;|||&#8220;][et_pb_text _builder_version=&#8220;4.27.0&#8243; _module_preset=&#8220;4deaa1a6-d0cd-49d0-ada3-8dc22addd086&#8243; header_4_font=&#8220;&#8211;et_global_heading_font|||on|||||&#8220; header_4_letter_spacing=&#8220;1em&#8220; header_4_line_height=&#8220;2.5em&#8220; custom_margin=&#8220;||0px||false|false&#8220; header_4_font_size_tablet=&#8220;16px&#8220; header_4_font_size_phone=&#8220;14px&#8220; header_4_font_size_last_edited=&#8220;off|desktop&#8220; global_colors_info=&#8220;{}&#8220;]<\/p>\n<h4>Allgemein<\/h4>\n<p>[\/et_pb_text][et_pb_text _builder_version=&#8220;4.27.0&#8243; _module_preset=&#8220;default&#8220; locked=&#8220;off&#8220; global_colors_info=&#8220;{}&#8220;]<\/p>\n<p>G\u00fcltig ab 1. Januar 2025.<br \/>Die Preise enthalten die Mehrwertsteuer.<br \/>Die Zahlung kann auch per Bankkarte erfolgen.  <\/p>\n<p>Freier Eintritt f\u00fcr Kinder im Vorschulalter, k\u00f6rperlich behinderte Personen, Personen mit besonderen Bed\u00fcrfnissen und Mitglieder des Slowenischen Museumsverbandes.<\/p>\n<p>Bitte kontaktieren Sie die folgenden Nummern, um einen Besuch zu vereinbaren:<\/p>\n<p>+386 1 89 87 867, +386 1 89 87 664 (Schloss),<br \/>+386 82 00 61 68 (Verwaltung),<br \/>oder per E-Mail: info@bogensperk.si.  <\/p>\n<p>[\/et_pb_text][et_pb_image src=&#8220;https:\/\/bogensperk.si\/wp-content\/uploads\/2025\/02\/20240506_114930-scaled.jpg&#8220; title_text=&#8220;20240506_114930&#8243; _builder_version=&#8220;4.27.4&#8243; _module_preset=&#8220;default&#8220; global_colors_info=&#8220;{}&#8220;][\/et_pb_image][\/et_pb_column][et_pb_column type=&#8220;1_2&#8243; specialty_columns=&#8220;2&#8243; _builder_version=&#8220;4.16&#8243; custom_padding=&#8220;|||&#8220; global_colors_info=&#8220;{}&#8220; custom_padding__hover=&#8220;|||&#8220;][et_pb_row_inner _builder_version=&#8220;4.27.0&#8243; _module_preset=&#8220;default&#8220; custom_padding=&#8220;10px|20px|10px|20px|true|true&#8220; border_color_all=&#8220;rgba(0,0,0,0.06)&#8220; border_width_bottom=&#8220;2px&#8220; global_colors_info=&#8220;{}&#8220;][et_pb_column_inner saved_specialty_column_type=&#8220;1_2&#8243; _builder_version=&#8220;4.16&#8243; _module_preset=&#8220;default&#8220; global_colors_info=&#8220;{}&#8220;][et_pb_text _builder_version=&#8220;4.27.0&#8243; _module_preset=&#8220;1d866de3-b108-4c5f-bed3-2da9506a6915&#8243; header_font=&#8220;||||||||&#8220; header_4_font=&#8220;Grenze||||||||&#8220; header_4_font_size=&#8220;30px&#8220; header_4_line_height=&#8220;1.5em&#8220; custom_margin=&#8220;||0px||false|false&#8220; custom_padding=&#8220;30px||||false|false&#8220; header_4_font_size_tablet=&#8220;22px&#8220; header_4_font_size_phone=&#8220;18px&#8220; header_4_font_size_last_edited=&#8220;on|phone&#8220; global_colors_info=&#8220;{}&#8220;]<\/p>\n<h2>\u00d6ffnungszeiten des Schlosses<\/h2>\n<p>[\/et_pb_text][\/et_pb_column_inner][\/et_pb_row_inner][et_pb_row_inner _builder_version=&#8220;4.27.0&#8243; _module_preset=&#8220;default&#8220; global_colors_info=&#8220;{}&#8220;][et_pb_column_inner saved_specialty_column_type=&#8220;1_2&#8243; _builder_version=&#8220;4.27.0&#8243; _module_preset=&#8220;default&#8220; global_colors_info=&#8220;{}&#8220;][et_pb_text _builder_version=&#8220;4.27.0&#8243; _module_preset=&#8220;default&#8220; global_colors_info=&#8220;{}&#8220;]<\/p>\n<p><strong>Januar, Februar, M\u00e4rz, November und Dezember<\/strong><br \/>Montag &#8211; Freitag: 10.00 &#8211; 14.00 Uhr<br \/>Samstag, Sonntag und Feiertage:<br \/>10.00 &#8211; 16.00 Uhr<br \/><strong><\/strong><\/p>\n<p><strong>April, Mai, Juni, September und Oktober<\/strong><br \/>Montag &#8211; Freitag:<br \/>9.00 &#8211; 16.00<br \/>Samstag, Sonntag und Feiertage:<br \/>10.00 &#8211; 18.00<\/p>\n<p><strong>Juli und August<\/strong><br \/>Montag &#8211; Freitag:<br \/>9.00 &#8211; 17.00<br \/>Samstag, Sonntag und Feiertage:<br \/>9.00 &#8211; 18.00<\/p>\n<p><strong>Museum geschlossen:<\/strong><br \/>1. und 2. Januar,<br \/>1. November,<br \/>25. und 26. Dezember  <\/p>\n<p>F\u00fchrungen sind ganzj\u00e4hrig au\u00dferhalb der \u00d6ffnungszeiten f\u00fcr Gruppen ab 20 Personen oder nach Vereinbarung gegen Aufpreis m\u00f6glich.<br \/>An Samstagen, w\u00e4hrend der Hochzeitssaison, sind F\u00fchrungen durch das Schloss gest\u00f6rt oder k\u00f6nnen sogar nicht angeboten werden.<\/p>\n<p>Ich danke Ihnen f\u00fcr Ihr Verst\u00e4ndnis.<\/p>\n<p>[\/et_pb_text][\/et_pb_column_inner][\/et_pb_row_inner][\/et_pb_column][\/et_pb_section][et_pb_section fb_built=&#8220;1&#8243; admin_label=&#8220;Pricing&#8220; _builder_version=&#8220;4.27.0&#8243; _module_preset=&#8220;default&#8220; background_color=&#8220;#f6efe7&#8243; global_colors_info=&#8220;{}&#8220;][et_pb_row _builder_version=&#8220;4.27.0&#8243; _module_preset=&#8220;default&#8220; global_colors_info=&#8220;{}&#8220;][et_pb_column type=&#8220;4_4&#8243; _builder_version=&#8220;4.27.0&#8243; _module_preset=&#8220;default&#8220; global_colors_info=&#8220;{}&#8220;][et_pb_text _builder_version=&#8220;4.27.0&#8243; _module_preset=&#8220;default&#8220; global_colors_info=&#8220;{}&#8220;]<\/p>\n<h3>Schloss Bogen\u0161perk<\/h3>\n<p><strong>Eintrittspreis individuell<\/strong><\/p>\n<p>[\/et_pb_text][\/et_pb_column][\/et_pb_row][et_pb_row _builder_version=&#8220;4.27.0&#8243; _module_preset=&#8220;default&#8220; global_colors_info=&#8220;{}&#8220;][et_pb_column type=&#8220;4_4&#8243; _builder_version=&#8220;4.27.0&#8243; _module_preset=&#8220;default&#8220; global_colors_info=&#8220;{}&#8220;][et_pb_text _builder_version=&#8220;4.27.0&#8243; _module_preset=&#8220;default&#8220; global_colors_info=&#8220;{}&#8220;]<\/p>\n<table border=\"1\" style=\"border-collapse: collapse; width: 100%;\">\n<tbody>\n<tr>\n<td style=\"width: 50%;\">Erwachsene<\/td>\n<td style=\"width: 50%;\">7,00 \u20ac<\/td>\n<\/tr>\n<tr>\n<td style=\"width: 50%;\">Rentner<\/td>\n<td style=\"width: 50%;\">5,50 \u20ac<\/td>\n<\/tr>\n<tr>\n<td style=\"width: 50%;\">Sch\u00fcler, Studenten<\/td>\n<td style=\"width: 50%;\">4,50 \u20ac<\/td>\n<\/tr>\n<tr>\n<td style=\"width: 50%;\">Kinder im Vorschulalter <\/td>\n<td style=\"width: 50%;\">kostenlos<\/td>\n<\/tr>\n<\/tbody>\n<\/table>\n<p>[\/et_pb_text][\/et_pb_column][\/et_pb_row][et_pb_row _builder_version=&#8220;4.27.0&#8243; _module_preset=&#8220;default&#8220; global_colors_info=&#8220;{}&#8220;][et_pb_column type=&#8220;4_4&#8243; _builder_version=&#8220;4.27.0&#8243; _module_preset=&#8220;default&#8220; global_colors_info=&#8220;{}&#8220;][et_pb_text _builder_version=&#8220;4.27.0&#8243; _module_preset=&#8220;default&#8220; global_colors_info=&#8220;{}&#8220;]<\/p>\n<p><strong>Familien<\/strong><\/p>\n<p><strong><\/strong><\/p>\n<table border=\"1\" style=\"border-collapse: collapse; width: 100%;\">\n<tbody>\n<tr>\n<td style=\"width: 50%;\">Familie (Eltern und Kinder)<\/td>\n<td style=\"width: 50%;\">19,90 \u20ac<\/td>\n<\/tr>\n<\/tbody>\n<\/table>\n<p>[\/et_pb_text][et_pb_text _builder_version=&#8220;4.27.0&#8243; _module_preset=&#8220;default&#8220; global_colors_info=&#8220;{}&#8220;]<\/p>\n<p><strong>Gruppe (20+ Personen)<\/strong><\/p>\n<p><strong><\/strong><\/p>\n<table border=\"1\" style=\"border-collapse: collapse; width: 100%;\">\n<tbody>\n<tr>\n<td style=\"width: 50%;\"><span>Erwachsene<\/span><\/td>\n<td style=\"width: 50%;\"><span>5,70 EUR \/ Person<\/span><\/td>\n<\/tr>\n<tr>\n<td style=\"width: 50%;\"><span>Rentner<\/span><\/td>\n<td style=\"width: 50%;\"><span>4,80 EUR \/ Person<\/span><\/td>\n<\/tr>\n<tr>\n<td style=\"width: 50%;\"><span>Sch\u00fcler, Studenten<\/span><\/td>\n<td style=\"width: 50%;\"><span>3,80 EUR \/ Person<\/span><\/td>\n<\/tr>\n<tr>\n<td style=\"width: 50%;\">Kinder im Vorschulalter<\/td>\n<td style=\"width: 50%;\"><span>2,50 EUR \/ Person<\/span><\/td>\n<\/tr>\n<tr>\n<td style=\"width: 50%;\"><\/td>\n<td style=\"width: 50%;\"><\/td>\n<\/tr>\n<tr>\n<td style=\"width: 50%;\"><span>Aufpreis f\u00fcr englischsprachige F\u00fchrungen (f\u00fcr Gruppen ab 20 Personen)<\/span><\/td>\n<td style=\"width: 50%;\"><span>20,00 EUR<\/span><\/td>\n<\/tr>\n<tr>\n<td style=\"width: 50%;\"><span>F\u00fchrungen in deutscher Sprache (f\u00fcr Gruppen ab 20 Personen)<\/span><\/td>\n<td style=\"width: 50%;\"><span>35,00 EUR<\/span><\/td>\n<\/tr>\n<\/tbody>\n<\/table>\n<p>[\/et_pb_text][et_pb_text _builder_version=&#8220;4.27.0&#8243; _module_preset=&#8220;default&#8220; global_colors_info=&#8220;{}&#8220;]<\/p>\n<p><strong>Andere<\/strong><\/p>\n<p><strong><\/strong><\/p>\n<table border=\"1\" style=\"border-collapse: collapse; width: 100%; height: 144px;\">\n<tbody>\n<tr style=\"height: 24px;\">\n<td style=\"width: 50%; height: 24px;\"><span>Animierte Tour (Erwachsene)<\/span><\/td>\n<td style=\"width: 50%; height: 24px;\"><span>11,00 EUR<\/span><\/td>\n<\/tr>\n<tr style=\"height: 24px;\">\n<td style=\"width: 50%; height: 24px;\"><span>F\u00fchrung durch das mittelalterliche Lichtenberg (Erwachsene)<\/span><\/td>\n<td style=\"width: 50%; height: 24px;\"><span>5,00 EUR<\/span><\/td>\n<\/tr>\n<tr style=\"height: 24px;\">\n<td style=\"width: 50%; height: 24px;\"><span>Gef\u00fchrte Wanderung auf dem Valvasor Trail (ab 30 Personen)<\/span><\/td>\n<td style=\"width: 50%; height: 24px;\"><span>4,50 EUR<\/span><\/td>\n<\/tr>\n<tr style=\"height: 24px;\">\n<td style=\"width: 50%; height: 24px;\"><span>Routen buchen (Brosch\u00fcre)<\/span><\/td>\n<td style=\"width: 50%; height: 24px;\"><span>1,00 EUR<\/span><\/td>\n<\/tr>\n<tr style=\"height: 24px;\">\n<td style=\"width: 50%; height: 0px;\"><span>Davorin Hostnik Russisch-Slowenisches Zentrum, Kapelle<\/span><\/td>\n<td style=\"width: 50%; height: 0px;\">frei<\/td>\n<\/tr>\n<\/tbody>\n<\/table>\n<p>[\/et_pb_text][et_pb_text _builder_version=&#8220;4.27.0&#8243; _module_preset=&#8220;default&#8220; global_colors_info=&#8220;{}&#8220;]<\/p>\n<h2>Unterrichtsprogramme f\u00fcr Grundsch\u00fcler<\/h2>\n<p>&nbsp;<\/p>\n<table border=\"1\" style=\"border-collapse: collapse; width: 100%;\">\n<tbody>\n<tr>\n<td style=\"width: 50%;\"><span>Grafik-Workshop<\/span><\/td>\n<td style=\"width: 50%;\"><span>7,50 EUR<\/span><\/td>\n<\/tr>\n<tr>\n<td style=\"width: 50%;\"><span>Entdecken Sie die Geheimnisse der Schlossportr\u00e4ts<\/span><\/td>\n<td style=\"width: 50%;\"><span>6,00 EUR<\/span><\/td>\n<\/tr>\n<tr>\n<td style=\"width: 50%;\"><span>F\u00fchrung durch das mittelalterliche Lichtenberg<\/span><\/td>\n<td style=\"width: 50%;\"><span>3,00 EUR<\/span><\/td>\n<\/tr>\n<tr>\n<td style=\"width: 50%;\"><span>Valvasor&#8217;s Trail Wanderung<\/span><\/td>\n<td style=\"width: 50%;\"><span>4,00 EUR<\/span><\/td>\n<\/tr>\n<tr>\n<td style=\"width: 50%;\"><span>Heute sind wir Schlossarchitekten<\/span><\/td>\n<td style=\"width: 50%;\"><span>6,00 EUR<\/span><\/td>\n<\/tr>\n<tr>\n<td style=\"width: 50%;\"><span>Eine Reise in die Vergangenheit mit den Burgherren<\/span><\/td>\n<td style=\"width: 50%;\"><span>8,00 EUR<\/span><\/td>\n<\/tr>\n<\/tbody>\n<\/table>\n<p>[\/et_pb_text][et_pb_text _builder_version=&#8220;4.27.4&#8243; _module_preset=&#8220;default&#8220; global_colors_info=&#8220;{}&#8220;]<\/p>\n<h2>\u0160martno bei Litija<\/h2>\n<p>Eintrittspreis (Gruppen ab 20 Personen)<\/p>\n<table style=\"border-collapse: collapse; width: 100%;\" border=\"1\">\n<tbody>\n<tr>\n<td style=\"width: 50%;\">F\u00fchrung durch das Innere der St. Martinskirche<\/td>\n<td style=\"width: 50%;\">3,00 EUR \/ Person<\/td>\n<\/tr>\n<tr>\n<td style=\"width: 50%;\">Gef\u00fchrte Besichtigung des historischen Zentrums von \u0160martno pri Litija<\/td>\n<td style=\"width: 50%;\">4,00 EUR \/ Person<\/td>\n<\/tr>\n<\/tbody>\n<\/table>\n<p>[\/et_pb_text][\/et_pb_column][\/et_pb_row][\/et_pb_section]<\/p>\n","protected":false},"excerpt":{"rendered":"<p>InformationenAllgemeinG\u00fcltig ab 1. Januar 2025.Die Preise enthalten die Mehrwertsteuer.Die Zahlung kann auch per Bankkarte erfolgen. Freier Eintritt f\u00fcr Kinder im Vorschulalter, k\u00f6rperlich behinderte Personen, Personen mit besonderen Bed\u00fcrfnissen und Mitglieder des Slowenischen Museumsverbandes. Bitte kontaktieren Sie die folgenden Nummern, um einen Besuch zu vereinbaren: +386 1 89 87 867, +386 1 89 87 664 (Schloss),+386 82 00 61 68 (Verwaltung),oder per E-Mail: info@bogensperk.si. \u00d6ffnungszeiten des SchlossesJanuar, Februar, M\u00e4rz, November und DezemberMontag &#8211; Freitag: 10.00 &#8211; 14.00 UhrSamstag, Sonntag und Feiertage:10.00 &#8211; 16.00 Uhr April, Mai, Juni, September und OktoberMontag &#8211; Freitag:9.00 &#8211; 16.00Samstag, Sonntag und Feiertage:10.00 &#8211; 18.00 Juli und AugustMontag &#8211; Freitag:9.00 &#8211; 17.00Samstag, Sonntag und Feiertage:9.00 &#8211; 18.00 Museum geschlossen:1. und 2. Januar,1. November,25. und 26. Dezember F\u00fchrungen sind ganzj\u00e4hrig au\u00dferhalb der \u00d6ffnungszeiten f\u00fcr Gruppen ab 20 Personen oder nach Vereinbarung gegen Aufpreis m\u00f6glich.An Samstagen, w\u00e4hrend der Hochzeitssaison, sind F\u00fchrungen durch das Schloss gest\u00f6rt oder k\u00f6nnen sogar nicht angeboten werden. Ich danke Ihnen f\u00fcr Ihr Verst\u00e4ndnis.Schloss Bogen\u0161perk Eintrittspreis individuell Erwachsene 7,00 \u20ac Rentner 5,50 \u20ac Sch\u00fcler, Studenten 4,50 \u20ac Kinder im Vorschulalter kostenlos Familien Familie (Eltern und Kinder) 19,90 \u20ac Gruppe (20+ Personen) Erwachsene 5,70 EUR \/ Person Rentner 4,80 EUR \/ Person Sch\u00fcler, Studenten 3,80 EUR \/ [&hellip;]<\/p>\n","protected":false},"author":1,"featured_media":0,"parent":0,"menu_order":0,"comment_status":"closed","ping_status":"closed","template":"","meta":{"_et_pb_use_builder":"on","_et_pb_old_content":"","_et_gb_content_width":"","inline_featured_image":false,"footnotes":""},"class_list":["post-4406436","page","type-page","status-publish","hentry"],"yoast_head":"<!-- This site is optimized with the Yoast SEO plugin v27.6 - https:\/\/yoast.com\/product\/yoast-seo-wordpress\/ -->\n<title>Informationen - Grad Bogen\u0161perk<\/title>\n<meta name=\"description\" content=\"Allgemeine Informationen \u00fcber die Burg Bogen\u0161perk - Kontaktinformationen, \u00d6ffnungszeiten, Preislisten ...\" \/>\n<meta name=\"robots\" content=\"index, follow, max-snippet:-1, max-image-preview:large, max-video-preview:-1\" \/>\n<link rel=\"canonical\" href=\"https:\/\/bogensperk.si\/de\/informacije\/\" \/>\n<meta property=\"og:locale\" content=\"de_DE\" \/>\n<meta property=\"og:type\" content=\"article\" \/>\n<meta property=\"og:title\" content=\"Informationen - Grad Bogen\u0161perk\" \/>\n<meta property=\"og:description\" content=\"Allgemeine Informationen \u00fcber die Burg Bogen\u0161perk - Kontaktinformationen, \u00d6ffnungszeiten, Preislisten ...\" \/>\n<meta property=\"og:url\" content=\"https:\/\/bogensperk.si\/de\/informacije\/\" \/>\n<meta property=\"og:site_name\" content=\"Grad Bogen\u0161perk\" \/>\n<meta property=\"article:modified_time\" content=\"2025-03-16T07:17:54+00:00\" \/>\n<meta name=\"twitter:card\" content=\"summary_large_image\" \/>\n<meta name=\"twitter:label1\" content=\"Gesch\u00e4tzte Lesezeit\" \/>\n\t<meta name=\"twitter:data1\" content=\"3\u00a0Minuten\" \/>\n<script type=\"application\/ld+json\" class=\"yoast-schema-graph\">{\"@context\":\"https:\\\/\\\/schema.org\",\"@graph\":[{\"@type\":\"WebPage\",\"@id\":\"https:\\\/\\\/bogensperk.si\\\/de\\\/informacije\\\/\",\"url\":\"https:\\\/\\\/bogensperk.si\\\/de\\\/informacije\\\/\",\"name\":\"Informationen - Grad Bogen\u0161perk\",\"isPartOf\":{\"@id\":\"https:\\\/\\\/bogensperk.si\\\/de\\\/#website\"},\"datePublished\":\"2024-06-15T05:04:11+00:00\",\"dateModified\":\"2025-03-16T07:17:54+00:00\",\"description\":\"Allgemeine Informationen \u00fcber die Burg Bogen\u0161perk - Kontaktinformationen, \u00d6ffnungszeiten, Preislisten ...\",\"breadcrumb\":{\"@id\":\"https:\\\/\\\/bogensperk.si\\\/de\\\/informacije\\\/#breadcrumb\"},\"inLanguage\":\"de\",\"potentialAction\":[{\"@type\":\"ReadAction\",\"target\":[\"https:\\\/\\\/bogensperk.si\\\/de\\\/informacije\\\/\"]}]},{\"@type\":\"BreadcrumbList\",\"@id\":\"https:\\\/\\\/bogensperk.si\\\/de\\\/informacije\\\/#breadcrumb\",\"itemListElement\":[{\"@type\":\"ListItem\",\"position\":1,\"name\":\"Home\",\"item\":\"https:\\\/\\\/bogensperk.si\\\/de\\\/\"},{\"@type\":\"ListItem\",\"position\":2,\"name\":\"Informationen\"}]},{\"@type\":\"WebSite\",\"@id\":\"https:\\\/\\\/bogensperk.si\\\/de\\\/#website\",\"url\":\"https:\\\/\\\/bogensperk.si\\\/de\\\/\",\"name\":\"Grad Bogen\u0161perk\",\"description\":\"Renesan\u010dni grad Bogen\u0161perk, prostor mnogih kulturnih dogodkov.\",\"potentialAction\":[{\"@type\":\"SearchAction\",\"target\":{\"@type\":\"EntryPoint\",\"urlTemplate\":\"https:\\\/\\\/bogensperk.si\\\/de\\\/?s={search_term_string}\"},\"query-input\":{\"@type\":\"PropertyValueSpecification\",\"valueRequired\":true,\"valueName\":\"search_term_string\"}}],\"inLanguage\":\"de\"}]}<\/script>\n<!-- \/ Yoast SEO plugin. -->","yoast_head_json":{"title":"Informationen - Grad Bogen\u0161perk","description":"Allgemeine Informationen \u00fcber die Burg Bogen\u0161perk - Kontaktinformationen, \u00d6ffnungszeiten, Preislisten ...","robots":{"index":"index","follow":"follow","max-snippet":"max-snippet:-1","max-image-preview":"max-image-preview:large","max-video-preview":"max-video-preview:-1"},"canonical":"https:\/\/bogensperk.si\/de\/informacije\/","og_locale":"de_DE","og_type":"article","og_title":"Informationen - Grad Bogen\u0161perk","og_description":"Allgemeine Informationen \u00fcber die Burg Bogen\u0161perk - Kontaktinformationen, \u00d6ffnungszeiten, Preislisten ...","og_url":"https:\/\/bogensperk.si\/de\/informacije\/","og_site_name":"Grad Bogen\u0161perk","article_modified_time":"2025-03-16T07:17:54+00:00","twitter_card":"summary_large_image","twitter_misc":{"Gesch\u00e4tzte Lesezeit":"3\u00a0Minuten"},"schema":{"@context":"https:\/\/schema.org","@graph":[{"@type":"WebPage","@id":"https:\/\/bogensperk.si\/de\/informacije\/","url":"https:\/\/bogensperk.si\/de\/informacije\/","name":"Informationen - Grad Bogen\u0161perk","isPartOf":{"@id":"https:\/\/bogensperk.si\/de\/#website"},"datePublished":"2024-06-15T05:04:11+00:00","dateModified":"2025-03-16T07:17:54+00:00","description":"Allgemeine Informationen \u00fcber die Burg Bogen\u0161perk - Kontaktinformationen, \u00d6ffnungszeiten, Preislisten ...","breadcrumb":{"@id":"https:\/\/bogensperk.si\/de\/informacije\/#breadcrumb"},"inLanguage":"de","potentialAction":[{"@type":"ReadAction","target":["https:\/\/bogensperk.si\/de\/informacije\/"]}]},{"@type":"BreadcrumbList","@id":"https:\/\/bogensperk.si\/de\/informacije\/#breadcrumb","itemListElement":[{"@type":"ListItem","position":1,"name":"Home","item":"https:\/\/bogensperk.si\/de\/"},{"@type":"ListItem","position":2,"name":"Informationen"}]},{"@type":"WebSite","@id":"https:\/\/bogensperk.si\/de\/#website","url":"https:\/\/bogensperk.si\/de\/","name":"Grad Bogen\u0161perk","description":"Renesan\u010dni grad Bogen\u0161perk, prostor mnogih kulturnih dogodkov.","potentialAction":[{"@type":"SearchAction","target":{"@type":"EntryPoint","urlTemplate":"https:\/\/bogensperk.si\/de\/?s={search_term_string}"},"query-input":{"@type":"PropertyValueSpecification","valueRequired":true,"valueName":"search_term_string"}}],"inLanguage":"de"}]}},"_links":{"self":[{"href":"https:\/\/bogensperk.si\/de\/wp-json\/wp\/v2\/pages\/4406436","targetHints":{"allow":["GET"]}}],"collection":[{"href":"https:\/\/bogensperk.si\/de\/wp-json\/wp\/v2\/pages"}],"about":[{"href":"https:\/\/bogensperk.si\/de\/wp-json\/wp\/v2\/types\/page"}],"author":[{"embeddable":true,"href":"https:\/\/bogensperk.si\/de\/wp-json\/wp\/v2\/users\/1"}],"replies":[{"embeddable":true,"href":"https:\/\/bogensperk.si\/de\/wp-json\/wp\/v2\/comments?post=4406436"}],"version-history":[{"count":3,"href":"https:\/\/bogensperk.si\/de\/wp-json\/wp\/v2\/pages\/4406436\/revisions"}],"predecessor-version":[{"id":4406443,"href":"https:\/\/bogensperk.si\/de\/wp-json\/wp\/v2\/pages\/4406436\/revisions\/4406443"}],"wp:attachment":[{"href":"https:\/\/bogensperk.si\/de\/wp-json\/wp\/v2\/media?parent=4406436"}],"curies":[{"name":"wp","href":"https:\/\/api.w.org\/{rel}","templated":true}]}}