{"id":4406382,"date":"2024-08-01T13:13:05","date_gmt":"2024-08-01T11:13:05","guid":{"rendered":"https:\/\/test.bogensperk.si\/vstopnice-festival-bogensperk\/"},"modified":"2025-03-15T14:14:37","modified_gmt":"2025-03-15T13:14:37","slug":"vstopnice-festival-bogensperk","status":"publish","type":"page","link":"https:\/\/bogensperk.si\/de\/vstopnice-festival-bogensperk\/","title":{"rendered":"Eintrittskarten Bogen\u0161perk Festival"},"content":{"rendered":"<p>[et_pb_section fb_built=&#8220;1&#8243; admin_label=&#8220;Header&#8220; _builder_version=&#8220;4.27.0&#8243; _module_preset=&#8220;default&#8220; background_color=&#8220;rgba(93,32,28,0.1)&#8220; custom_padding=&#8220;||0px|||&#8220; global_colors_info=&#8220;{}&#8220;][et_pb_row _builder_version=&#8220;4.16&#8243; _module_preset=&#8220;default&#8220; global_colors_info=&#8220;{}&#8220;][et_pb_column type=&#8220;4_4&#8243; _builder_version=&#8220;4.16&#8243; _module_preset=&#8220;default&#8220; global_colors_info=&#8220;{}&#8220;][et_pb_text _builder_version=&#8220;4.27.4&#8243; _module_preset=&#8220;d72c0383-6487-4f2c-ac5c-7d48a6376757&#8243; header_font=&#8220;&#8211;et_global_heading_font||||||||&#8220; header_text_color=&#8220;#000000&#8243; header_font_size=&#8220;60px&#8220; header_line_height=&#8220;1.1em&#8220; hover_enabled=&#8220;0&#8243; header_font_size_tablet=&#8220;60px&#8220; header_font_size_phone=&#8220;26px&#8220; header_font_size_last_edited=&#8220;on|phone&#8220; global_colors_info=&#8220;{}&#8220; sticky_enabled=&#8220;0&#8243;]<\/p>\n<h1>Eintrittskarten<\/h1>\n<p>[\/et_pb_text][\/et_pb_column][\/et_pb_row][\/et_pb_section][et_pb_section fb_built=&#8220;1&#8243; specialty=&#8220;on&#8220; admin_label=&#8220;Pricing&#8220; _builder_version=&#8220;4.27.0&#8243; _module_preset=&#8220;default&#8220; background_color=&#8220;rgba(93,32,28,0.08)&#8220; custom_padding=&#8220;0px||0px|||&#8220; global_colors_info=&#8220;{}&#8220;][et_pb_column type=&#8220;1_2&#8243; _builder_version=&#8220;4.16&#8243; custom_padding=&#8220;|||&#8220; global_colors_info=&#8220;{}&#8220; custom_padding__hover=&#8220;|||&#8220;][et_pb_text _builder_version=&#8220;4.27.4&#8243; _module_preset=&#8220;4deaa1a6-d0cd-49d0-ada3-8dc22addd086&#8243; header_4_font=&#8220;&#8211;et_global_heading_font|||on|||||&#8220; header_4_font_size=&#8220;15px&#8220; header_4_letter_spacing=&#8220;1em&#8220; header_4_line_height=&#8220;2.5em&#8220; custom_margin=&#8220;||0px||false|false&#8220; hover_enabled=&#8220;0&#8243; header_4_font_size_tablet=&#8220;16px&#8220; header_4_font_size_phone=&#8220;14px&#8220; header_4_font_size_last_edited=&#8220;off|desktop&#8220; global_colors_info=&#8220;{}&#8220; sticky_enabled=&#8220;0&#8243;]<\/p>\n<h4>Verkaufsargumente<\/h4>\n<p>[\/et_pb_text][et_pb_text _builder_version=&#8220;4.27.4&#8243; _module_preset=&#8220;default&#8220; hover_enabled=&#8220;0&#8243; locked=&#8220;off&#8220; global_colors_info=&#8220;{}&#8220; sticky_enabled=&#8220;0&#8243;]<\/p>\n<p>Sie k\u00f6nnen die Tickets bequem von Ihrem Sessel aus kaufen &#8211; \u00fcber die Websites der Anbieter:<\/p>\n<ul>\n<li>Eventim und<\/li>\n<li>Entrio<\/li>\n<\/ul>\n<p>oder bei Eventim, Entrio und:<\/p>\n<ul>\n<li>TIC \u0160martno pri Litiji (Telefon: 082 00 61 68)<\/li>\n<li>Rezeption der Burg Bogen\u0161perk (Telefon 01 89 87 867)<\/li>\n<\/ul>\n<p>Folgen Sie unserer Website und unseren sozialen Netzwerken Facebook und Instagram oder kontaktieren Sie uns unter rezervacije@bogensperk.si.<\/p>\n<p>[\/et_pb_text][\/et_pb_column][et_pb_column type=&#8220;1_2&#8243; specialty_columns=&#8220;2&#8243; _builder_version=&#8220;4.16&#8243; custom_padding=&#8220;|||&#8220; global_colors_info=&#8220;{}&#8220; custom_padding__hover=&#8220;|||&#8220;][et_pb_row_inner _builder_version=&#8220;4.27.0&#8243; _module_preset=&#8220;default&#8220; global_colors_info=&#8220;{}&#8220;][et_pb_column_inner saved_specialty_column_type=&#8220;1_2&#8243; _builder_version=&#8220;4.27.0&#8243; _module_preset=&#8220;default&#8220; global_colors_info=&#8220;{}&#8220;][et_pb_image src=&#8220;https:\/\/bogensperk.si\/wp-content\/uploads\/2024\/08\/nina-koncert-bogensperk.webp&#8220; alt=&#8220;Fahrkarten Bogen\u0161perk&#8220; title_text=&#8220;nina-konzert-bogensperk&#8220; _builder_version=&#8220;4.27.0&#8243; _module_preset=&#8220;default&#8220; global_colors_info=&#8220;{}&#8220;][\/et_pb_image][\/et_pb_column_inner][\/et_pb_row_inner][\/et_pb_column][\/et_pb_section][et_pb_section fb_built=&#8220;1&#8243; admin_label=&#8220;Pricing&#8220; _builder_version=&#8220;4.27.0&#8243; _module_preset=&#8220;default&#8220; background_color=&#8220;rgba(93,32,28,0.08)&#8220; global_colors_info=&#8220;{}&#8220;][et_pb_row column_structure=&#8220;1_4,1_2,1_4&#8243; _builder_version=&#8220;4.27.0&#8243; _module_preset=&#8220;default&#8220; border_color_all=&#8220;rgba(0,0,0,0.06)&#8220; border_width_bottom=&#8220;2px&#8220; locked=&#8220;off&#8220; global_colors_info=&#8220;{}&#8220;][et_pb_column type=&#8220;1_4&#8243; _builder_version=&#8220;4.16&#8243; _module_preset=&#8220;default&#8220; global_colors_info=&#8220;{}&#8220;][et_pb_text _builder_version=&#8220;4.27.0&#8243; _module_preset=&#8220;0d1dcb4c-f28c-4a41-972c-ecb508cfdc14&#8243; text_font=&#8220;|700|||||||&#8220; text_text_color=&#8220;#5D201C&#8220; text_font_size=&#8220;24px&#8220; text_line_height=&#8220;1.5em&#8220; custom_margin=&#8220;||10px||false|false&#8220; text_font_size_tablet=&#8220;13px&#8220; text_font_size_phone=&#8220;12px&#8220; text_font_size_last_edited=&#8220;on|desktop&#8220; header_font_size_tablet=&#8220;55px&#8220; header_font_size_last_edited=&#8220;off|desktop&#8220; locked=&#8220;off&#8220; global_colors_info=&#8220;{}&#8220;]<\/p>\n<p><strong><span>Seviqc Bre\u017eice: Giuliano Eccher, Viola de Gamba (IT) und Nedka Petkowa, Cembalo (SI), Konzert f\u00fcr klassische Musik<\/span><\/strong><\/p>\n<p>[\/et_pb_text][\/et_pb_column][et_pb_column type=&#8220;1_2&#8243; _builder_version=&#8220;4.16&#8243; _module_preset=&#8220;default&#8220; global_colors_info=&#8220;{}&#8220;][dsm_icon_list icon_color=&#8220;#5D201C&#8220; _builder_version=&#8220;4.27.0&#8243; _module_preset=&#8220;default&#8220; global_colors_info=&#8220;{}&#8220;][dsm_icon_list_child text=&#8220;Freitag, 16. 8. um 18.30 Uhr&#8220; font_icon=&#8220;&#xf017;||fa||900&#8243; _builder_version=&#8220;4.27.0&#8243; _module_preset=&#8220;default&#8220; global_colors_info=&#8220;{}&#8220;][\/dsm_icon_list_child][dsm_icon_list_child text=&#8220;Burg Bogen\u0161perk, Atrium der Burg&#8220; font_icon=&#8220;&#xe081;||divi||400&#8243; _builder_version=&#8220;4.27.0&#8243; _module_preset=&#8220;default&#8220; global_colors_info=&#8220;{}&#8220;][\/dsm_icon_list_child][\/dsm_icon_list][et_pb_text _builder_version=&#8220;4.27.0&#8243; _module_preset=&#8220;0d1dcb4c-f28c-4a41-972c-ecb508cfdc14&#8243; text_text_color=&#8220;rgba(0,0,0,0.8)&#8220; text_font_size=&#8220;16px&#8220; text_line_height=&#8220;1.8em&#8220; text_font_size_tablet=&#8220;13px&#8220; text_font_size_phone=&#8220;12px&#8220; text_font_size_last_edited=&#8220;on|desktop&#8220; header_font_size_tablet=&#8220;55px&#8220; header_font_size_last_edited=&#8220;off|desktop&#8220; locked=&#8220;off&#8220; global_colors_info=&#8220;{}&#8220;]<\/p>\n<p>Ticketpreis f\u00fcr das Vorgespr\u00e4ch (Gespr\u00e4ch mit den K\u00fcnstlern): 0 \u20ac<br \/>Die Ticketpreise f\u00fcr das Konzert variieren je nach Kaufzeitpunkt:<a href=\"https:\/\/www.seviqc.si\/cene-vstopnic.html\" target=\"_blank\" rel=\"noopener\"> auf der Website<\/a>.<br \/>Verkaufsstellen: Seviqc Bre\u017eice, TIC \u0160martno, Schloss Bogen\u0161perk<\/p>\n<p>[\/et_pb_text][\/et_pb_column][et_pb_column type=&#8220;1_4&#8243; _builder_version=&#8220;4.16&#8243; _module_preset=&#8220;default&#8220; global_colors_info=&#8220;{}&#8220;][\/et_pb_column][\/et_pb_row][et_pb_row column_structure=&#8220;1_4,1_2,1_4&#8243; _builder_version=&#8220;4.16&#8243; _module_preset=&#8220;default&#8220; border_color_all=&#8220;rgba(0,0,0,0.06)&#8220; border_width_bottom=&#8220;2px&#8220; locked=&#8220;off&#8220; global_colors_info=&#8220;{}&#8220;][et_pb_column type=&#8220;1_4&#8243; _builder_version=&#8220;4.16&#8243; _module_preset=&#8220;default&#8220; global_colors_info=&#8220;{}&#8220;][et_pb_text _builder_version=&#8220;4.27.0&#8243; _module_preset=&#8220;0d1dcb4c-f28c-4a41-972c-ecb508cfdc14&#8243; text_font=&#8220;|700|||||||&#8220; text_text_color=&#8220;#5D201C&#8220; text_font_size=&#8220;24px&#8220; text_line_height=&#8220;1.5em&#8220; custom_margin=&#8220;||10px||false|false&#8220; text_font_size_tablet=&#8220;13px&#8220; text_font_size_phone=&#8220;12px&#8220; text_font_size_last_edited=&#8220;on|desktop&#8220; header_font_size_tablet=&#8220;55px&#8220; header_font_size_last_edited=&#8220;off|desktop&#8220; locked=&#8220;off&#8220; global_colors_info=&#8220;{}&#8220;]<\/p>\n<p><strong><span>\u0160ank Rock &#8222;Akustika&#8220; mit G\u00e4sten<\/span><\/strong><\/p>\n<p>[\/et_pb_text][et_pb_text _builder_version=&#8220;4.27.0&#8243; _module_preset=&#8220;0d1dcb4c-f28c-4a41-972c-ecb508cfdc14&#8243; text_text_color=&#8220;rgba(0,0,0,0.8)&#8220; text_font_size=&#8220;16px&#8220; text_line_height=&#8220;1.8em&#8220; custom_margin=&#8220;20px||0px||false|false&#8220; text_font_size_tablet=&#8220;13px&#8220; text_font_size_phone=&#8220;12px&#8220; text_font_size_last_edited=&#8220;on|desktop&#8220; header_font_size_tablet=&#8220;55px&#8220; header_font_size_last_edited=&#8220;off|desktop&#8220; locked=&#8220;off&#8220; global_colors_info=&#8220;{}&#8220;]<\/p>\n<p>Regul\u00e4rer Preisstand:<\/p>\n<p>[\/et_pb_text][et_pb_text _builder_version=&#8220;4.27.0&#8243; _module_preset=&#8220;0d1dcb4c-f28c-4a41-972c-ecb508cfdc14&#8243; text_font=&#8220;|700|||||||&#8220; text_text_color=&#8220;#5D201C&#8220; text_font_size=&#8220;24px&#8220; text_line_height=&#8220;1.8em&#8220; custom_margin=&#8220;||10px||false|false&#8220; text_font_size_tablet=&#8220;13px&#8220; text_font_size_phone=&#8220;12px&#8220; text_font_size_last_edited=&#8220;on|desktop&#8220; header_font_size_tablet=&#8220;55px&#8220; header_font_size_last_edited=&#8220;off|desktop&#8220; locked=&#8220;off&#8220; global_colors_info=&#8220;{}&#8220;]<\/p>\n<p><strong><span>25 \u20ac<\/span><\/strong><\/p>\n<p>[\/et_pb_text][\/et_pb_column][et_pb_column type=&#8220;1_2&#8243; _builder_version=&#8220;4.16&#8243; _module_preset=&#8220;default&#8220; global_colors_info=&#8220;{}&#8220;][dsm_icon_list icon_color=&#8220;#5D201C&#8220; _builder_version=&#8220;4.27.0&#8243; _module_preset=&#8220;default&#8220; global_colors_info=&#8220;{}&#8220;][dsm_icon_list_child text=&#8220;Freitag, 6. 9. um 20.00 Uhr&#8220; font_icon=&#8220;&#xf017;||fa||900&#8243; _builder_version=&#8220;4.27.0&#8243; _module_preset=&#8220;default&#8220; global_colors_info=&#8220;{}&#8220;][\/dsm_icon_list_child][dsm_icon_list_child text=&#8220;Burg Bogen\u0161perk, Burgterrasse&#8220; font_icon=&#8220;&#xe081;||divi||400&#8243; _builder_version=&#8220;4.27.0&#8243; _module_preset=&#8220;default&#8220; global_colors_info=&#8220;{}&#8220;][\/dsm_icon_list_child][\/dsm_icon_list][et_pb_text _builder_version=&#8220;4.27.0&#8243; _module_preset=&#8220;0d1dcb4c-f28c-4a41-972c-ecb508cfdc14&#8243; text_text_color=&#8220;rgba(0,0,0,0.8)&#8220; text_font_size=&#8220;16px&#8220; text_line_height=&#8220;1.8em&#8220; text_font_size_tablet=&#8220;13px&#8220; text_font_size_phone=&#8220;12px&#8220; text_font_size_last_edited=&#8220;on|desktop&#8220; header_font_size_tablet=&#8220;55px&#8220; header_font_size_last_edited=&#8220;off|desktop&#8220; locked=&#8220;off&#8220; global_colors_info=&#8220;{}&#8220;]<\/p>\n<p>TIC \u0160martno, Burg Bogen\u0161perk, Eventim-Verkaufsstellen<\/p>\n<p>[\/et_pb_text][\/et_pb_column][et_pb_column type=&#8220;1_4&#8243; _builder_version=&#8220;4.16&#8243; _module_preset=&#8220;default&#8220; global_colors_info=&#8220;{}&#8220;][et_pb_button button_url=&#8220;https:\/\/www.eventim.si\/si\/vstopnice\/hamo-tribute-2-love-smartno-pri-litiji-grad-bogensperk-641016\/event.html&#8220; button_text=&#8220;Online-Kauf&#8220; button_alignment=&#8220;left&#8220; _builder_version=&#8220;4.27.0&#8243; _module_preset=&#8220;1698ed0d-a498-447e-869a-7364a50f7d82&#8243; custom_button=&#8220;on&#8220; button_text_size=&#8220;14px&#8220; button_text_color=&#8220;#5D201C&#8220; button_bg_color=&#8220;RGBA(0,0,0,0)&#8220; button_border_radius=&#8220;0px&#8220; button_letter_spacing=&#8220;3px&#8220; button_font=&#8220;|700||on|||||&#8220; background_layout=&#8220;dark&#8220; custom_padding=&#8220;14px|30px|14px|30px|true|true&#8220; global_colors_info=&#8220;{}&#8220; button_bg_color__hover=&#8220;#BCA274&#8243; button_bg_color__hover_enabled=&#8220;on|hover&#8220; button_text_color__hover=&#8220;#FFFFFF&#8220; button_text_color__hover_enabled=&#8220;on|hover&#8220; button_border_color__hover=&#8220;RGBA(0,0,0,0)&#8220; button_border_color__hover_enabled=&#8220;on|desktop&#8220; button_bg_enable_color__hover=&#8220;on&#8220;][\/et_pb_button][\/et_pb_column][\/et_pb_row][et_pb_row column_structure=&#8220;1_4,1_2,1_4&#8243; _builder_version=&#8220;4.16&#8243; _module_preset=&#8220;default&#8220; border_color_all=&#8220;rgba(0,0,0,0.06)&#8220; border_width_bottom=&#8220;2px&#8220; locked=&#8220;off&#8220; global_colors_info=&#8220;{}&#8220;][et_pb_column type=&#8220;1_4&#8243; _builder_version=&#8220;4.16&#8243; _module_preset=&#8220;default&#8220; global_colors_info=&#8220;{}&#8220;][et_pb_text _builder_version=&#8220;4.27.0&#8243; _module_preset=&#8220;0d1dcb4c-f28c-4a41-972c-ecb508cfdc14&#8243; text_font=&#8220;|700|||||||&#8220; text_text_color=&#8220;#5D201C&#8220; text_font_size=&#8220;24px&#8220; text_line_height=&#8220;1.5em&#8220; custom_margin=&#8220;||10px||false|false&#8220; text_font_size_tablet=&#8220;13px&#8220; text_font_size_phone=&#8220;12px&#8220; text_font_size_last_edited=&#8220;on|desktop&#8220; header_font_size_tablet=&#8220;55px&#8220; header_font_size_last_edited=&#8220;off|desktop&#8220; locked=&#8220;off&#8220; global_colors_info=&#8220;{}&#8220;]<\/p>\n<p><strong><span>Octet Valvasor &#8211; Sonntagnachmittag im Valvasor&#8217;s<\/span><\/strong><\/p>\n<p>[\/et_pb_text][\/et_pb_column][et_pb_column type=&#8220;1_2&#8243; _builder_version=&#8220;4.16&#8243; _module_preset=&#8220;default&#8220; global_colors_info=&#8220;{}&#8220;][dsm_icon_list icon_color=&#8220;#5D201C&#8220; _builder_version=&#8220;4.27.0&#8243; _module_preset=&#8220;default&#8220; global_colors_info=&#8220;{}&#8220;][dsm_icon_list_child text=&#8220;Sonntag, 29. 9. um 15.00 Uhr&#8220; font_icon=&#8220;&#xf017;||fa||900&#8243; _builder_version=&#8220;4.27.0&#8243; _module_preset=&#8220;default&#8220; global_colors_info=&#8220;{}&#8220;][\/dsm_icon_list_child][dsm_icon_list_child text=&#8220;Burg Bogen\u0161perk, Atrium der Burg&#8220; font_icon=&#8220;&#xe081;||divi||400&#8243; _builder_version=&#8220;4.27.0&#8243; _module_preset=&#8220;default&#8220; global_colors_info=&#8220;{}&#8220;][\/dsm_icon_list_child][\/dsm_icon_list][et_pb_text _builder_version=&#8220;4.27.0&#8243; _module_preset=&#8220;0d1dcb4c-f28c-4a41-972c-ecb508cfdc14&#8243; text_text_color=&#8220;rgba(0,0,0,0.8)&#8220; text_font_size=&#8220;16px&#8220; text_line_height=&#8220;1.8em&#8220; custom_margin=&#8220;20px||0px||false|false&#8220; text_font_size_tablet=&#8220;13px&#8220; text_font_size_phone=&#8220;12px&#8220; text_font_size_last_edited=&#8220;on|desktop&#8220; header_font_size_tablet=&#8220;55px&#8220; header_font_size_last_edited=&#8220;off|desktop&#8220; locked=&#8220;off&#8220; global_colors_info=&#8220;{}&#8220;]<\/p>\n<p>FREIER EINTRITT!<\/p>\n<p>[\/et_pb_text][\/et_pb_column][et_pb_column type=&#8220;1_4&#8243; _builder_version=&#8220;4.16&#8243; _module_preset=&#8220;default&#8220; global_colors_info=&#8220;{}&#8220;][\/et_pb_column][\/et_pb_row][\/et_pb_section]<\/p>\n","protected":false},"excerpt":{"rendered":"<p>EintrittskartenVerkaufsargumenteSie k\u00f6nnen die Tickets bequem von Ihrem Sessel aus kaufen &#8211; \u00fcber die Websites der Anbieter: Eventim und Entrio oder bei Eventim, Entrio und: TIC \u0160martno pri Litiji (Telefon: 082 00 61 68) Rezeption der Burg Bogen\u0161perk (Telefon 01 89 87 867) Folgen Sie unserer Website und unseren sozialen Netzwerken Facebook und Instagram oder kontaktieren Sie uns unter rezervacije@bogensperk.si.Seviqc Bre\u017eice: Giuliano Eccher, Viola de Gamba (IT) und Nedka Petkowa, Cembalo (SI), Konzert f\u00fcr klassische Musik<div class=\"et_pb_module dsm_icon_list dsm_icon_list_0\">\n\t\t\t\t\n\t\t\t\t\n\t\t\t\t\n\t\t\t\t\n\t\t\t\t\n\t\t\t\t\n\t\t\t\t<div class=\"et_pb_module_inner\">\n\t\t\t\t\t<ul class=\"dsm_icon_list_items dsm_icon_list_ltr_direction dsm_icon_list_layout_vertical\"><li class=\"dsm_icon_list_child dsm_icon_list_child_0\">\n\t\t\t\t\n\t\t\t\t\n\t\t\t\t\n\t\t\t\t\n\t\t\t\t<span class=\"dsm_icon_list_wrapper\"><span class=\"dsm_icon_list_icon\">\uf017<\/span><\/span><span class=\"dsm_icon_list_text\">Freitag, 16. 8. um 18.30 Uhr<\/span>\n\t\t\t<\/li><li class=\"dsm_icon_list_child dsm_icon_list_child_1\">\n\t\t\t\t\n\t\t\t\t\n\t\t\t\t\n\t\t\t\t\n\t\t\t\t<span class=\"dsm_icon_list_wrapper\"><span class=\"dsm_icon_list_icon\">\ue081<\/span><\/span><span class=\"dsm_icon_list_text\">Burg Bogen\u0161perk, Atrium der Burg<\/span>\n\t\t\t<\/li><\/ul>\n\t\t\t\t<\/div>\n\t\t\t<\/div>Ticketpreis f\u00fcr das Vorgespr\u00e4ch (Gespr\u00e4ch mit den K\u00fcnstlern): 0 \u20acDie Ticketpreise f\u00fcr das Konzert variieren je nach Kaufzeitpunkt: auf der Website.Verkaufsstellen: Seviqc Bre\u017eice, TIC \u0160martno, Schloss Bogen\u0161perk\u0160ank Rock &#8222;Akustika&#8220; mit G\u00e4stenRegul\u00e4rer Preisstand:25 \u20ac<div class=\"et_pb_module dsm_icon_list dsm_icon_list_1\">\n\t\t\t\t\n\t\t\t\t\n\t\t\t\t\n\t\t\t\t\n\t\t\t\t\n\t\t\t\t\n\t\t\t\t<div class=\"et_pb_module_inner\">\n\t\t\t\t\t<ul class=\"dsm_icon_list_items dsm_icon_list_ltr_direction dsm_icon_list_layout_vertical\"><li class=\"dsm_icon_list_child dsm_icon_list_child_2\">\n\t\t\t\t\n\t\t\t\t\n\t\t\t\t\n\t\t\t\t\n\t\t\t\t<span class=\"dsm_icon_list_wrapper\"><span class=\"dsm_icon_list_icon\">\uf017<\/span><\/span><span class=\"dsm_icon_list_text\">Freitag, 6. 9. um 20.00 Uhr<\/span>\n\t\t\t<\/li><li class=\"dsm_icon_list_child dsm_icon_list_child_3\">\n\t\t\t\t\n\t\t\t\t\n\t\t\t\t\n\t\t\t\t\n\t\t\t\t<span class=\"dsm_icon_list_wrapper\"><span class=\"dsm_icon_list_icon\">\ue081<\/span><\/span><span class=\"dsm_icon_list_text\">Burg Bogen\u0161perk, Burgterrasse<\/span>\n\t\t\t<\/li><\/ul>\n\t\t\t\t<\/div>\n\t\t\t<\/div>TIC \u0160martno, Burg Bogen\u0161perk, Eventim-VerkaufsstellenOctet Valvasor &#8211; Sonntagnachmittag im Valvasor&#8217;s<div class=\"et_pb_module dsm_icon_list dsm_icon_list_2\">\n\t\t\t\t\n\t\t\t\t\n\t\t\t\t\n\t\t\t\t\n\t\t\t\t\n\t\t\t\t\n\t\t\t\t<div class=\"et_pb_module_inner\">\n\t\t\t\t\t<ul class=\"dsm_icon_list_items dsm_icon_list_ltr_direction dsm_icon_list_layout_vertical\"><li class=\"dsm_icon_list_child dsm_icon_list_child_4\">\n\t\t\t\t\n\t\t\t\t\n\t\t\t\t\n\t\t\t\t\n\t\t\t\t<span class=\"dsm_icon_list_wrapper\"><span class=\"dsm_icon_list_icon\">\uf017<\/span><\/span><span class=\"dsm_icon_list_text\">Sonntag, 29. 9. um 15.00 Uhr<\/span>\n\t\t\t<\/li><li class=\"dsm_icon_list_child dsm_icon_list_child_5\">\n\t\t\t\t\n\t\t\t\t\n\t\t\t\t\n\t\t\t\t\n\t\t\t\t<span class=\"dsm_icon_list_wrapper\"><span class=\"dsm_icon_list_icon\">\ue081<\/span><\/span><span class=\"dsm_icon_list_text\">Burg Bogen\u0161perk, Atrium der Burg<\/span>\n\t\t\t<\/li><\/ul>\n\t\t\t\t<\/div>\n\t\t\t<\/div>FREIER EINTRITT!<\/p>\n","protected":false},"author":1,"featured_media":0,"parent":0,"menu_order":0,"comment_status":"closed","ping_status":"closed","template":"","meta":{"_et_pb_use_builder":"on","_et_pb_old_content":"","_et_gb_content_width":"","inline_featured_image":false,"footnotes":""},"class_list":["post-4406382","page","type-page","status-publish","hentry"],"yoast_head":"<!-- This site is optimized with the Yoast SEO plugin v27.5 - https:\/\/yoast.com\/product\/yoast-seo-wordpress\/ -->\n<title>Eintrittskarten Bogen\u0161perk Festival - Grad Bogen\u0161perk<\/title>\n<meta name=\"description\" content=\"Tickets k\u00f6nnen Sie bequem vom Sessel aus kaufen - \u00fcber die Websites von Eventim und Entrio oder an den Vorverkaufsstellen\" \/>\n<meta name=\"robots\" content=\"index, follow, max-snippet:-1, max-image-preview:large, max-video-preview:-1\" \/>\n<link rel=\"canonical\" href=\"https:\/\/bogensperk.si\/de\/vstopnice-festival-bogensperk\/\" \/>\n<meta property=\"og:locale\" content=\"de_DE\" \/>\n<meta property=\"og:type\" content=\"article\" \/>\n<meta property=\"og:title\" content=\"Eintrittskarten Bogen\u0161perk Festival - Grad Bogen\u0161perk\" \/>\n<meta property=\"og:description\" content=\"Tickets k\u00f6nnen Sie bequem vom Sessel aus kaufen - \u00fcber die Websites von Eventim und Entrio oder an den Vorverkaufsstellen\" \/>\n<meta property=\"og:url\" content=\"https:\/\/bogensperk.si\/de\/vstopnice-festival-bogensperk\/\" \/>\n<meta property=\"og:site_name\" content=\"Grad Bogen\u0161perk\" \/>\n<meta property=\"article:modified_time\" content=\"2025-03-15T13:14:37+00:00\" \/>\n<meta name=\"twitter:card\" content=\"summary_large_image\" \/>\n<meta name=\"twitter:label1\" content=\"Gesch\u00e4tzte Lesezeit\" \/>\n\t<meta name=\"twitter:data1\" content=\"2\u00a0Minuten\" \/>\n<script type=\"application\/ld+json\" class=\"yoast-schema-graph\">{\"@context\":\"https:\\\/\\\/schema.org\",\"@graph\":[{\"@type\":\"WebPage\",\"@id\":\"https:\\\/\\\/bogensperk.si\\\/de\\\/vstopnice-festival-bogensperk\\\/\",\"url\":\"https:\\\/\\\/bogensperk.si\\\/de\\\/vstopnice-festival-bogensperk\\\/\",\"name\":\"Eintrittskarten Bogen\u0161perk Festival - Grad Bogen\u0161perk\",\"isPartOf\":{\"@id\":\"https:\\\/\\\/bogensperk.si\\\/de\\\/#website\"},\"datePublished\":\"2024-08-01T11:13:05+00:00\",\"dateModified\":\"2025-03-15T13:14:37+00:00\",\"description\":\"Tickets k\u00f6nnen Sie bequem vom Sessel aus kaufen - \u00fcber die Websites von Eventim und Entrio oder an den Vorverkaufsstellen\",\"breadcrumb\":{\"@id\":\"https:\\\/\\\/bogensperk.si\\\/de\\\/vstopnice-festival-bogensperk\\\/#breadcrumb\"},\"inLanguage\":\"de\",\"potentialAction\":[{\"@type\":\"ReadAction\",\"target\":[\"https:\\\/\\\/bogensperk.si\\\/de\\\/vstopnice-festival-bogensperk\\\/\"]}]},{\"@type\":\"BreadcrumbList\",\"@id\":\"https:\\\/\\\/bogensperk.si\\\/de\\\/vstopnice-festival-bogensperk\\\/#breadcrumb\",\"itemListElement\":[{\"@type\":\"ListItem\",\"position\":1,\"name\":\"Home\",\"item\":\"https:\\\/\\\/bogensperk.si\\\/de\\\/\"},{\"@type\":\"ListItem\",\"position\":2,\"name\":\"Eintrittskarten Bogen\u0161perk Festival\"}]},{\"@type\":\"WebSite\",\"@id\":\"https:\\\/\\\/bogensperk.si\\\/de\\\/#website\",\"url\":\"https:\\\/\\\/bogensperk.si\\\/de\\\/\",\"name\":\"Grad Bogen\u0161perk\",\"description\":\"Renesan\u010dni grad Bogen\u0161perk, prostor mnogih kulturnih dogodkov.\",\"potentialAction\":[{\"@type\":\"SearchAction\",\"target\":{\"@type\":\"EntryPoint\",\"urlTemplate\":\"https:\\\/\\\/bogensperk.si\\\/de\\\/?s={search_term_string}\"},\"query-input\":{\"@type\":\"PropertyValueSpecification\",\"valueRequired\":true,\"valueName\":\"search_term_string\"}}],\"inLanguage\":\"de\"}]}<\/script>\n<!-- \/ Yoast SEO plugin. -->","yoast_head_json":{"title":"Eintrittskarten Bogen\u0161perk Festival - Grad Bogen\u0161perk","description":"Tickets k\u00f6nnen Sie bequem vom Sessel aus kaufen - \u00fcber die Websites von Eventim und Entrio oder an den Vorverkaufsstellen","robots":{"index":"index","follow":"follow","max-snippet":"max-snippet:-1","max-image-preview":"max-image-preview:large","max-video-preview":"max-video-preview:-1"},"canonical":"https:\/\/bogensperk.si\/de\/vstopnice-festival-bogensperk\/","og_locale":"de_DE","og_type":"article","og_title":"Eintrittskarten Bogen\u0161perk Festival - Grad Bogen\u0161perk","og_description":"Tickets k\u00f6nnen Sie bequem vom Sessel aus kaufen - \u00fcber die Websites von Eventim und Entrio oder an den Vorverkaufsstellen","og_url":"https:\/\/bogensperk.si\/de\/vstopnice-festival-bogensperk\/","og_site_name":"Grad Bogen\u0161perk","article_modified_time":"2025-03-15T13:14:37+00:00","twitter_card":"summary_large_image","twitter_misc":{"Gesch\u00e4tzte Lesezeit":"2\u00a0Minuten"},"schema":{"@context":"https:\/\/schema.org","@graph":[{"@type":"WebPage","@id":"https:\/\/bogensperk.si\/de\/vstopnice-festival-bogensperk\/","url":"https:\/\/bogensperk.si\/de\/vstopnice-festival-bogensperk\/","name":"Eintrittskarten Bogen\u0161perk Festival - Grad Bogen\u0161perk","isPartOf":{"@id":"https:\/\/bogensperk.si\/de\/#website"},"datePublished":"2024-08-01T11:13:05+00:00","dateModified":"2025-03-15T13:14:37+00:00","description":"Tickets k\u00f6nnen Sie bequem vom Sessel aus kaufen - \u00fcber die Websites von Eventim und Entrio oder an den Vorverkaufsstellen","breadcrumb":{"@id":"https:\/\/bogensperk.si\/de\/vstopnice-festival-bogensperk\/#breadcrumb"},"inLanguage":"de","potentialAction":[{"@type":"ReadAction","target":["https:\/\/bogensperk.si\/de\/vstopnice-festival-bogensperk\/"]}]},{"@type":"BreadcrumbList","@id":"https:\/\/bogensperk.si\/de\/vstopnice-festival-bogensperk\/#breadcrumb","itemListElement":[{"@type":"ListItem","position":1,"name":"Home","item":"https:\/\/bogensperk.si\/de\/"},{"@type":"ListItem","position":2,"name":"Eintrittskarten Bogen\u0161perk Festival"}]},{"@type":"WebSite","@id":"https:\/\/bogensperk.si\/de\/#website","url":"https:\/\/bogensperk.si\/de\/","name":"Grad Bogen\u0161perk","description":"Renesan\u010dni grad Bogen\u0161perk, prostor mnogih kulturnih dogodkov.","potentialAction":[{"@type":"SearchAction","target":{"@type":"EntryPoint","urlTemplate":"https:\/\/bogensperk.si\/de\/?s={search_term_string}"},"query-input":{"@type":"PropertyValueSpecification","valueRequired":true,"valueName":"search_term_string"}}],"inLanguage":"de"}]}},"_links":{"self":[{"href":"https:\/\/bogensperk.si\/de\/wp-json\/wp\/v2\/pages\/4406382","targetHints":{"allow":["GET"]}}],"collection":[{"href":"https:\/\/bogensperk.si\/de\/wp-json\/wp\/v2\/pages"}],"about":[{"href":"https:\/\/bogensperk.si\/de\/wp-json\/wp\/v2\/types\/page"}],"author":[{"embeddable":true,"href":"https:\/\/bogensperk.si\/de\/wp-json\/wp\/v2\/users\/1"}],"replies":[{"embeddable":true,"href":"https:\/\/bogensperk.si\/de\/wp-json\/wp\/v2\/comments?post=4406382"}],"version-history":[{"count":3,"href":"https:\/\/bogensperk.si\/de\/wp-json\/wp\/v2\/pages\/4406382\/revisions"}],"predecessor-version":[{"id":4406389,"href":"https:\/\/bogensperk.si\/de\/wp-json\/wp\/v2\/pages\/4406382\/revisions\/4406389"}],"wp:attachment":[{"href":"https:\/\/bogensperk.si\/de\/wp-json\/wp\/v2\/media?parent=4406382"}],"curies":[{"name":"wp","href":"https:\/\/api.w.org\/{rel}","templated":true}]}}