{"id":4406367,"date":"2024-08-01T13:12:15","date_gmt":"2024-08-01T11:12:15","guid":{"rendered":"https:\/\/test.bogensperk.si\/prijatelji-festivala\/"},"modified":"2025-05-17T06:22:30","modified_gmt":"2025-05-17T04:22:30","slug":"prijatelji-festivala","status":"publish","type":"page","link":"https:\/\/bogensperk.si\/de\/prijatelji-festivala\/","title":{"rendered":"Freunde des Festivals"},"content":{"rendered":"<p>[et_pb_section fb_built=&#8220;1&#8243; admin_label=&#8220;Header&#8220; _builder_version=&#8220;4.27.4&#8243; _module_preset=&#8220;default&#8220; background_color=&#8220;rgba(161,25,85,0.15)&#8220; custom_padding=&#8220;||0px|||&#8220; hover_enabled=&#8220;0&#8243; da_disable_devices=&#8220;off|off|off&#8220; global_colors_info=&#8220;{}&#8220; sticky_enabled=&#8220;0&#8243; da_is_popup=&#8220;off&#8220; da_exit_intent=&#8220;off&#8220; da_has_close=&#8220;on&#8220; da_alt_close=&#8220;off&#8220; da_dark_close=&#8220;off&#8220; da_not_modal=&#8220;on&#8220; da_is_singular=&#8220;off&#8220; da_with_loader=&#8220;off&#8220; da_has_shadow=&#8220;on&#8220;][et_pb_row _builder_version=&#8220;4.16&#8243; _module_preset=&#8220;default&#8220; global_colors_info=&#8220;{}&#8220;][et_pb_column type=&#8220;4_4&#8243; _builder_version=&#8220;4.16&#8243; _module_preset=&#8220;default&#8220; global_colors_info=&#8220;{}&#8220;][et_pb_text _builder_version=&#8220;4.27.4&#8243; _module_preset=&#8220;d72c0383-6487-4f2c-ac5c-7d48a6376757&#8243; header_font=&#8220;&#8211;et_global_heading_font||||||||&#8220; header_text_color=&#8220;#000000&#8243; header_font_size=&#8220;60px&#8220; header_line_height=&#8220;1.1em&#8220; header_font_size_tablet=&#8220;60px&#8220; header_font_size_phone=&#8220;26px&#8220; header_font_size_last_edited=&#8220;on|desktop&#8220; global_colors_info=&#8220;{}&#8220;]<\/p>\n<h1>Freunde des Festivals<\/h1>\n<p>[\/et_pb_text][\/et_pb_column][\/et_pb_row][\/et_pb_section][et_pb_section fb_built=&#8220;1&#8243; specialty=&#8220;on&#8220; admin_label=&#8220;Pricing&#8220; _builder_version=&#8220;4.27.4&#8243; _module_preset=&#8220;default&#8220; background_color=&#8220;rgba(161,25,85,0.1)&#8220; custom_padding=&#8220;0px||0px|||&#8220; hover_enabled=&#8220;0&#8243; da_disable_devices=&#8220;off|off|off&#8220; box_shadow_style=&#8220;preset3&#8243; global_colors_info=&#8220;{}&#8220; sticky_enabled=&#8220;0&#8243; da_is_popup=&#8220;off&#8220; da_exit_intent=&#8220;off&#8220; da_has_close=&#8220;on&#8220; da_alt_close=&#8220;off&#8220; da_dark_close=&#8220;off&#8220; da_not_modal=&#8220;on&#8220; da_is_singular=&#8220;off&#8220; da_with_loader=&#8220;off&#8220; da_has_shadow=&#8220;on&#8220;][et_pb_column type=&#8220;1_2&#8243; _builder_version=&#8220;4.16&#8243; custom_padding=&#8220;|||&#8220; global_colors_info=&#8220;{}&#8220; custom_padding__hover=&#8220;|||&#8220;][et_pb_text _builder_version=&#8220;4.27.4&#8243; _module_preset=&#8220;default&#8220; locked=&#8220;off&#8220; global_colors_info=&#8220;{}&#8220;]<\/p>\n<p>Das Bogen\u0161perk-Festival ist auch eine hervorragende Gelegenheit f\u00fcr Gesch\u00e4ftsleute, die Veranstaltungen und sch\u00f6nen Orte in und um die Burg zu nutzen, um Gesch\u00e4ftspartnerschaften zu kn\u00fcpfen, Projekte zu pr\u00e4sentieren, Beziehungen zu Partnern oder Kollegen zu st\u00e4rken und sich Erlebnissen hinzugeben, die den Alltagsstress vertreiben und die Sinne sanft verw\u00f6hnen.<\/p>\n<p>[\/et_pb_text][et_pb_text _builder_version=&#8220;4.27.4&#8243; _module_preset=&#8220;4deaa1a6-d0cd-49d0-ada3-8dc22addd086&#8243; header_4_font=&#8220;&#8211;et_global_heading_font|||on|||||&#8220; header_4_font_size=&#8220;15px&#8220; header_4_letter_spacing=&#8220;1em&#8220; header_4_line_height=&#8220;2.5em&#8220; custom_margin=&#8220;||0px||false|false&#8220; header_4_font_size_tablet=&#8220;16px&#8220; header_4_font_size_phone=&#8220;14px&#8220; header_4_font_size_last_edited=&#8220;off|desktop&#8220; global_colors_info=&#8220;{}&#8220;]<\/p>\n<h4>Sie unterst\u00fctzen das Bogen\u0161perk Festival:<\/h4>\n<p>[\/et_pb_text][\/et_pb_column][et_pb_column type=&#8220;1_2&#8243; specialty_columns=&#8220;2&#8243; _builder_version=&#8220;4.16&#8243; custom_padding=&#8220;|||&#8220; global_colors_info=&#8220;{}&#8220; custom_padding__hover=&#8220;|||&#8220;][et_pb_row_inner _builder_version=&#8220;4.27.0&#8243; _module_preset=&#8220;default&#8220; global_colors_info=&#8220;{}&#8220;][et_pb_column_inner saved_specialty_column_type=&#8220;1_2&#8243; _builder_version=&#8220;4.27.0&#8243; _module_preset=&#8220;default&#8220; global_colors_info=&#8220;{}&#8220;][et_pb_image src=&#8220;https:\/\/bogensperk.si\/wp-content\/uploads\/2024\/08\/bogensperk-festival-2024-22-1024&#215;683.webp&#8220; title_text=&#8220;bogensperk-festival-2024-22&#8243; _builder_version=&#8220;4.27.4&#8243; _module_preset=&#8220;default&#8220; global_colors_info=&#8220;{}&#8220;][\/et_pb_image][\/et_pb_column_inner][\/et_pb_row_inner][\/et_pb_column][\/et_pb_section][et_pb_section fb_built=&#8220;1&#8243; admin_label=&#8220;Pricing&#8220; _builder_version=&#8220;4.27.4&#8243; _module_preset=&#8220;default&#8220; background_color=&#8220;rgba(161,25,85,0.1)&#8220; hover_enabled=&#8220;0&#8243; da_disable_devices=&#8220;off|off|off&#8220; global_colors_info=&#8220;{}&#8220; sticky_enabled=&#8220;0&#8243; da_is_popup=&#8220;off&#8220; da_exit_intent=&#8220;off&#8220; da_has_close=&#8220;on&#8220; da_alt_close=&#8220;off&#8220; da_dark_close=&#8220;off&#8220; da_not_modal=&#8220;on&#8220; da_is_singular=&#8220;off&#8220; da_with_loader=&#8220;off&#8220; da_has_shadow=&#8220;on&#8220;][et_pb_row column_structure=&#8220;1_3,1_3,1_3&#8243; _builder_version=&#8220;4.27.4&#8243; _module_preset=&#8220;default&#8220; global_colors_info=&#8220;{}&#8220;][et_pb_column type=&#8220;1_3&#8243; _builder_version=&#8220;4.27.4&#8243; _module_preset=&#8220;default&#8220; global_colors_info=&#8220;{}&#8220;][et_pb_image src=&#8220;https:\/\/bogensperk.si\/wp-content\/uploads\/2025\/04\/pravi-logotip-obcine.png&#8220; alt=&#8220;Kepa-Sandgrube&#8220; title_text=&#8220;das eigentliche Logo der Gemeinde&#8220; url=&#8220;https:\/\/obcina.smartno.si\/&#8220; url_new_window=&#8220;on&#8220; align=&#8220;center&#8220; _builder_version=&#8220;4.27.4&#8243; _module_preset=&#8220;default&#8220; border_radii=&#8220;on|30px|30px|30px|30px&#8220; border_width_all=&#8220;1px&#8220; global_colors_info=&#8220;{}&#8220;][\/et_pb_image][\/et_pb_column][et_pb_column type=&#8220;1_3&#8243; _builder_version=&#8220;4.27.4&#8243; _module_preset=&#8220;default&#8220; global_colors_info=&#8220;{}&#8220;][et_pb_image src=&#8220;https:\/\/bogensperk.si\/wp-content\/uploads\/2025\/05\/turizem_ljubljana.webp&#8220; alt=&#8220;Kepa-Sandgrube&#8220; title_text=&#8220;tourismus_polubljana&#8220; url=&#8220;https:\/\/www.visitljubljana.com\/sl\/obiskovalci\/&#8220; url_new_window=&#8220;on&#8220; align=&#8220;center&#8220; _builder_version=&#8220;4.27.4&#8243; _module_preset=&#8220;default&#8220; background_color=&#8220;RGBA(255,255,255,0)&#8220; border_radii=&#8220;on|30px|30px|30px|30px&#8220; border_width_all=&#8220;1px&#8220; global_colors_info=&#8220;{}&#8220;][\/et_pb_image][\/et_pb_column][et_pb_column type=&#8220;1_3&#8243; _builder_version=&#8220;4.27.0&#8243; _module_preset=&#8220;default&#8220; global_colors_info=&#8220;{}&#8220;][et_pb_image src=&#8220;https:\/\/bogensperk.si\/wp-content\/uploads\/2025\/05\/trgograd_logotip.webp&#8220; alt=&#8220;Kepa-Sandgrube&#8220; title_text=&#8220;markt_logotyp&#8220; url=&#8220;https:\/\/www.trgograd.net\/&#8220; url_new_window=&#8220;on&#8220; align=&#8220;center&#8220; _builder_version=&#8220;4.27.4&#8243; _module_preset=&#8220;default&#8220; border_radii=&#8220;on|30px|30px|30px|30px&#8220; global_colors_info=&#8220;{}&#8220;][\/et_pb_image][\/et_pb_column][\/et_pb_row][et_pb_row column_structure=&#8220;1_3,1_3,1_3&#8243; _builder_version=&#8220;4.27.4&#8243; _module_preset=&#8220;default&#8220; global_colors_info=&#8220;{}&#8220;][et_pb_column type=&#8220;1_3&#8243; _builder_version=&#8220;4.27.4&#8243; _module_preset=&#8220;default&#8220; global_colors_info=&#8220;{}&#8220;][et_pb_image src=&#8220;https:\/\/bogensperk.si\/wp-content\/uploads\/2024\/08\/peskokop-kepa-300&#215;300.webp&#8220; alt=&#8220;Kepa-Sandgrube&#8220; title_text=&#8220;Sandgrube&#8220; url=&#8220;https:\/\/www.peskokop-kepa.si\/en\/home\/&#8220; url_new_window=&#8220;on&#8220; align=&#8220;center&#8220; _builder_version=&#8220;4.27.4&#8243; _module_preset=&#8220;default&#8220; border_radii=&#8220;on|30px|30px|30px|30px&#8220; border_width_all=&#8220;1px&#8220; global_colors_info=&#8220;{}&#8220;][\/et_pb_image][\/et_pb_column][et_pb_column type=&#8220;1_3&#8243; _builder_version=&#8220;4.27.4&#8243; _module_preset=&#8220;default&#8220; global_colors_info=&#8220;{}&#8220;][et_pb_image src=&#8220;https:\/\/bogensperk.si\/wp-content\/uploads\/2024\/08\/kopit-300&#215;300.webp&#8220; alt=&#8220;Kepa-Sandgrube&#8220; title_text=&#8220;kopieren.&#8220; url=&#8220;https:\/\/www.kopit.si\/&#8220; url_new_window=&#8220;on&#8220; align=&#8220;center&#8220; _builder_version=&#8220;4.27.4&#8243; _module_preset=&#8220;default&#8220; border_radii=&#8220;on|30px|30px|30px|30px&#8220; border_width_all=&#8220;1px&#8220; global_colors_info=&#8220;{}&#8220;][\/et_pb_image][\/et_pb_column][et_pb_column type=&#8220;1_3&#8243; _builder_version=&#8220;4.27.0&#8243; _module_preset=&#8220;default&#8220; global_colors_info=&#8220;{}&#8220;][et_pb_image src=&#8220;https:\/\/bogensperk.si\/wp-content\/uploads\/2025\/03\/Logotip-Krcma-na-gradu-Bogensperk.png&#8220; alt=&#8220;Kneipe&#8220; title_text=&#8220;Logo-Das Gasthaus auf der Burg Bogen\u0161perk&#8220; url=&#8220;https:\/\/kuhla.net\/&#8220; url_new_window=&#8220;on&#8220; align=&#8220;center&#8220; _builder_version=&#8220;4.27.4&#8243; _module_preset=&#8220;default&#8220; background_color=&#8220;RGBA(255,255,255,0)&#8220; border_radii=&#8220;on|30px|30px|30px|30px&#8220; border_width_all=&#8220;1px&#8220; global_colors_info=&#8220;{}&#8220;][\/et_pb_image][\/et_pb_column][\/et_pb_row][et_pb_row column_structure=&#8220;1_4,1_4,1_4,1_4&#8243; _builder_version=&#8220;4.27.4&#8243; _module_preset=&#8220;default&#8220; global_colors_info=&#8220;{}&#8220;][et_pb_column type=&#8220;1_4&#8243; _builder_version=&#8220;4.27.4&#8243; _module_preset=&#8220;default&#8220; global_colors_info=&#8220;{}&#8220;][et_pb_image src=&#8220;https:\/\/bogensperk.si\/wp-content\/uploads\/2024\/08\/sustar-trans.png&#8220; alt=&#8220;Telekom Slovenije&#8220; title_text=&#8220;sustar-trans&#8220; url=&#8220;https:\/\/www.sustartrans.si\/&#8220; url_new_window=&#8220;on&#8220; align=&#8220;center&#8220; _builder_version=&#8220;4.27.4&#8243; _module_preset=&#8220;default&#8220; background_color=&#8220;RGBA(255,255,255,0)&#8220; border_radii=&#8220;on|30px|30px|30px|30px&#8220; border_width_all=&#8220;1px&#8220; global_colors_info=&#8220;{}&#8220;][\/et_pb_image][\/et_pb_column][et_pb_column type=&#8220;1_4&#8243; _builder_version=&#8220;4.27.0&#8243; _module_preset=&#8220;default&#8220; global_colors_info=&#8220;{}&#8220;][\/et_pb_column][et_pb_column type=&#8220;1_4&#8243; _builder_version=&#8220;4.27.4&#8243; _module_preset=&#8220;default&#8220; global_colors_info=&#8220;{}&#8220;][\/et_pb_column][et_pb_column type=&#8220;1_4&#8243; _builder_version=&#8220;4.27.4&#8243; _module_preset=&#8220;default&#8220; global_colors_info=&#8220;{}&#8220;][\/et_pb_column][\/et_pb_row][\/et_pb_section]<\/p>\n","protected":false},"excerpt":{"rendered":"<p>Freunde des FestivalsDas Bogen\u0161perk-Festival ist auch eine hervorragende Gelegenheit f\u00fcr Gesch\u00e4ftsleute, die Veranstaltungen und sch\u00f6nen Orte in und um die Burg zu nutzen, um Gesch\u00e4ftspartnerschaften zu kn\u00fcpfen, Projekte zu pr\u00e4sentieren, Beziehungen zu Partnern oder Kollegen zu st\u00e4rken und sich Erlebnissen hinzugeben, die den Alltagsstress vertreiben und die Sinne sanft verw\u00f6hnen.Sie unterst\u00fctzen das Bogen\u0161perk Festival:<\/p>\n","protected":false},"author":1,"featured_media":0,"parent":0,"menu_order":0,"comment_status":"closed","ping_status":"closed","template":"","meta":{"_et_pb_use_builder":"on","_et_pb_old_content":"","_et_gb_content_width":"","inline_featured_image":false,"footnotes":""},"class_list":["post-4406367","page","type-page","status-publish","hentry"],"yoast_head":"<!-- This site is optimized with the Yoast SEO plugin v27.3 - https:\/\/yoast.com\/product\/yoast-seo-wordpress\/ -->\n<title>Freunde des Festivals - Grad Bogen\u0161perk<\/title>\n<meta name=\"description\" content=\"Das Bogen\u0161perk-Festival ist auch eine gute Gelegenheit f\u00fcr Gesch\u00e4ftsleute, die Veranstaltungen und Veranstaltungsorte in und um die Burg zu nutzen.\" \/>\n<meta name=\"robots\" content=\"index, follow, max-snippet:-1, max-image-preview:large, max-video-preview:-1\" \/>\n<link rel=\"canonical\" href=\"https:\/\/bogensperk.si\/de\/prijatelji-festivala\/\" \/>\n<meta property=\"og:locale\" content=\"de_DE\" \/>\n<meta property=\"og:type\" content=\"article\" \/>\n<meta property=\"og:title\" content=\"Freunde des Festivals - Grad Bogen\u0161perk\" \/>\n<meta property=\"og:description\" content=\"Das Bogen\u0161perk-Festival ist auch eine gute Gelegenheit f\u00fcr Gesch\u00e4ftsleute, die Veranstaltungen und Veranstaltungsorte in und um die Burg zu nutzen.\" \/>\n<meta property=\"og:url\" content=\"https:\/\/bogensperk.si\/de\/prijatelji-festivala\/\" \/>\n<meta property=\"og:site_name\" content=\"Grad Bogen\u0161perk\" \/>\n<meta property=\"article:modified_time\" content=\"2025-05-17T04:22:30+00:00\" \/>\n<meta name=\"twitter:card\" content=\"summary_large_image\" \/>\n<meta name=\"twitter:label1\" content=\"Gesch\u00e4tzte Lesezeit\" \/>\n\t<meta name=\"twitter:data1\" content=\"3\u00a0Minuten\" \/>\n<script type=\"application\/ld+json\" class=\"yoast-schema-graph\">{\"@context\":\"https:\\\/\\\/schema.org\",\"@graph\":[{\"@type\":\"WebPage\",\"@id\":\"https:\\\/\\\/bogensperk.si\\\/de\\\/prijatelji-festivala\\\/\",\"url\":\"https:\\\/\\\/bogensperk.si\\\/de\\\/prijatelji-festivala\\\/\",\"name\":\"Freunde des Festivals - Grad Bogen\u0161perk\",\"isPartOf\":{\"@id\":\"https:\\\/\\\/bogensperk.si\\\/de\\\/#website\"},\"datePublished\":\"2024-08-01T11:12:15+00:00\",\"dateModified\":\"2025-05-17T04:22:30+00:00\",\"description\":\"Das Bogen\u0161perk-Festival ist auch eine gute Gelegenheit f\u00fcr Gesch\u00e4ftsleute, die Veranstaltungen und Veranstaltungsorte in und um die Burg zu nutzen.\",\"breadcrumb\":{\"@id\":\"https:\\\/\\\/bogensperk.si\\\/de\\\/prijatelji-festivala\\\/#breadcrumb\"},\"inLanguage\":\"de\",\"potentialAction\":[{\"@type\":\"ReadAction\",\"target\":[\"https:\\\/\\\/bogensperk.si\\\/de\\\/prijatelji-festivala\\\/\"]}]},{\"@type\":\"BreadcrumbList\",\"@id\":\"https:\\\/\\\/bogensperk.si\\\/de\\\/prijatelji-festivala\\\/#breadcrumb\",\"itemListElement\":[{\"@type\":\"ListItem\",\"position\":1,\"name\":\"Home\",\"item\":\"https:\\\/\\\/bogensperk.si\\\/de\\\/\"},{\"@type\":\"ListItem\",\"position\":2,\"name\":\"Freunde des Festivals\"}]},{\"@type\":\"WebSite\",\"@id\":\"https:\\\/\\\/bogensperk.si\\\/de\\\/#website\",\"url\":\"https:\\\/\\\/bogensperk.si\\\/de\\\/\",\"name\":\"Grad Bogen\u0161perk\",\"description\":\"Renesan\u010dni grad Bogen\u0161perk, prostor mnogih kulturnih dogodkov.\",\"potentialAction\":[{\"@type\":\"SearchAction\",\"target\":{\"@type\":\"EntryPoint\",\"urlTemplate\":\"https:\\\/\\\/bogensperk.si\\\/de\\\/?s={search_term_string}\"},\"query-input\":{\"@type\":\"PropertyValueSpecification\",\"valueRequired\":true,\"valueName\":\"search_term_string\"}}],\"inLanguage\":\"de\"}]}<\/script>\n<!-- \/ Yoast SEO plugin. -->","yoast_head_json":{"title":"Freunde des Festivals - Grad Bogen\u0161perk","description":"Das Bogen\u0161perk-Festival ist auch eine gute Gelegenheit f\u00fcr Gesch\u00e4ftsleute, die Veranstaltungen und Veranstaltungsorte in und um die Burg zu nutzen.","robots":{"index":"index","follow":"follow","max-snippet":"max-snippet:-1","max-image-preview":"max-image-preview:large","max-video-preview":"max-video-preview:-1"},"canonical":"https:\/\/bogensperk.si\/de\/prijatelji-festivala\/","og_locale":"de_DE","og_type":"article","og_title":"Freunde des Festivals - Grad Bogen\u0161perk","og_description":"Das Bogen\u0161perk-Festival ist auch eine gute Gelegenheit f\u00fcr Gesch\u00e4ftsleute, die Veranstaltungen und Veranstaltungsorte in und um die Burg zu nutzen.","og_url":"https:\/\/bogensperk.si\/de\/prijatelji-festivala\/","og_site_name":"Grad Bogen\u0161perk","article_modified_time":"2025-05-17T04:22:30+00:00","twitter_card":"summary_large_image","twitter_misc":{"Gesch\u00e4tzte Lesezeit":"3\u00a0Minuten"},"schema":{"@context":"https:\/\/schema.org","@graph":[{"@type":"WebPage","@id":"https:\/\/bogensperk.si\/de\/prijatelji-festivala\/","url":"https:\/\/bogensperk.si\/de\/prijatelji-festivala\/","name":"Freunde des Festivals - Grad Bogen\u0161perk","isPartOf":{"@id":"https:\/\/bogensperk.si\/de\/#website"},"datePublished":"2024-08-01T11:12:15+00:00","dateModified":"2025-05-17T04:22:30+00:00","description":"Das Bogen\u0161perk-Festival ist auch eine gute Gelegenheit f\u00fcr Gesch\u00e4ftsleute, die Veranstaltungen und Veranstaltungsorte in und um die Burg zu nutzen.","breadcrumb":{"@id":"https:\/\/bogensperk.si\/de\/prijatelji-festivala\/#breadcrumb"},"inLanguage":"de","potentialAction":[{"@type":"ReadAction","target":["https:\/\/bogensperk.si\/de\/prijatelji-festivala\/"]}]},{"@type":"BreadcrumbList","@id":"https:\/\/bogensperk.si\/de\/prijatelji-festivala\/#breadcrumb","itemListElement":[{"@type":"ListItem","position":1,"name":"Home","item":"https:\/\/bogensperk.si\/de\/"},{"@type":"ListItem","position":2,"name":"Freunde des Festivals"}]},{"@type":"WebSite","@id":"https:\/\/bogensperk.si\/de\/#website","url":"https:\/\/bogensperk.si\/de\/","name":"Grad Bogen\u0161perk","description":"Renesan\u010dni grad Bogen\u0161perk, prostor mnogih kulturnih dogodkov.","potentialAction":[{"@type":"SearchAction","target":{"@type":"EntryPoint","urlTemplate":"https:\/\/bogensperk.si\/de\/?s={search_term_string}"},"query-input":{"@type":"PropertyValueSpecification","valueRequired":true,"valueName":"search_term_string"}}],"inLanguage":"de"}]}},"_links":{"self":[{"href":"https:\/\/bogensperk.si\/de\/wp-json\/wp\/v2\/pages\/4406367","targetHints":{"allow":["GET"]}}],"collection":[{"href":"https:\/\/bogensperk.si\/de\/wp-json\/wp\/v2\/pages"}],"about":[{"href":"https:\/\/bogensperk.si\/de\/wp-json\/wp\/v2\/types\/page"}],"author":[{"embeddable":true,"href":"https:\/\/bogensperk.si\/de\/wp-json\/wp\/v2\/users\/1"}],"replies":[{"embeddable":true,"href":"https:\/\/bogensperk.si\/de\/wp-json\/wp\/v2\/comments?post=4406367"}],"version-history":[{"count":5,"href":"https:\/\/bogensperk.si\/de\/wp-json\/wp\/v2\/pages\/4406367\/revisions"}],"predecessor-version":[{"id":4407653,"href":"https:\/\/bogensperk.si\/de\/wp-json\/wp\/v2\/pages\/4406367\/revisions\/4407653"}],"wp:attachment":[{"href":"https:\/\/bogensperk.si\/de\/wp-json\/wp\/v2\/media?parent=4406367"}],"curies":[{"name":"wp","href":"https:\/\/api.w.org\/{rel}","templated":true}]}}