{"id":4406202,"date":"2024-06-15T07:03:22","date_gmt":"2024-06-15T05:03:22","guid":{"rendered":"https:\/\/test.bogensperk.si\/poroke\/"},"modified":"2025-03-24T18:56:54","modified_gmt":"2025-03-24T17:56:54","slug":"hochzeiten","status":"publish","type":"page","link":"https:\/\/bogensperk.si\/de\/hochzeiten\/","title":{"rendered":"Hochzeiten"},"content":{"rendered":"<p>[et_pb_section fb_built=&#8220;1&#8243; custom_padding_last_edited=&#8220;off|desktop&#8220; admin_label=&#8220;Header&#8220; _builder_version=&#8220;4.27.4&#8243; _module_preset=&#8220;default&#8220; background_color=&#8220;#f6efe7&#8243; background_enable_color=&#8220;off&#8220; background_image=&#8220;https:\/\/bogensperk.si\/wp-content\/uploads\/2025\/02\/Monika-and-Igor-353-of-600.jpg&#8220; min_height=&#8220;600px&#8220; overflow-x=&#8220;hidden&#8220; overflow-y=&#8220;hidden&#8220; custom_padding_tablet=&#8220;150px||150px||true|false&#8220; custom_padding_phone=&#8220;80px||80px||true|false&#8220; global_colors_info=&#8220;{}&#8220; da_is_popup=&#8220;off&#8220; da_exit_intent=&#8220;off&#8220; da_has_close=&#8220;on&#8220; da_alt_close=&#8220;off&#8220; da_dark_close=&#8220;off&#8220; da_not_modal=&#8220;on&#8220; da_is_singular=&#8220;off&#8220; da_with_loader=&#8220;off&#8220; da_has_shadow=&#8220;on&#8220; da_disable_devices=&#8220;off|off|off&#8220;][et_pb_row column_structure=&#8220;3_5,2_5&#8243; _builder_version=&#8220;4.27.0&#8243; _module_preset=&#8220;default&#8220; global_colors_info=&#8220;{}&#8220;][et_pb_column type=&#8220;3_5&#8243; _builder_version=&#8220;4.16&#8243; _module_preset=&#8220;default&#8220; z_index=&#8220;10&#8243; global_colors_info=&#8220;{}&#8220;][et_pb_text _builder_version=&#8220;4.27.4&#8243; _module_preset=&#8220;d72c0383-6487-4f2c-ac5c-7d48a6376757&#8243; header_font=&#8220;&#8211;et_global_heading_font|300|||||||&#8220; header_text_color=&#8220;#FFFFFF&#8220; header_font_size=&#8220;100px&#8220; header_line_height=&#8220;1.1em&#8220; hover_enabled=&#8220;0&#8243; header_font_size_tablet=&#8220;60px&#8220; header_font_size_phone=&#8220;42px&#8220; header_font_size_last_edited=&#8220;on|phone&#8220; header_text_shadow_style=&#8220;preset1&#8243; locked=&#8220;off&#8220; global_colors_info=&#8220;{}&#8220; sticky_enabled=&#8220;0&#8243;]<\/p>\n<h1 style=\"text-align: center;\">Hochzeiten<\/h1>\n<p>[\/et_pb_text][\/et_pb_column][et_pb_column type=&#8220;2_5&#8243; _builder_version=&#8220;4.16&#8243; _module_preset=&#8220;default&#8220; global_colors_info=&#8220;{}&#8220;][\/et_pb_column][\/et_pb_row][\/et_pb_section][et_pb_section fb_built=&#8220;1&#8243; admin_label=&#8220;Na kratko&#8220; _builder_version=&#8220;4.27.2&#8243; _module_preset=&#8220;default&#8220; background_color=&#8220;#5D201C&#8220; custom_margin=&#8220;||||false|false&#8220; custom_padding=&#8220;||||false|false&#8220; top_divider_color=&#8220;#FFFFFF&#8220; global_colors_info=&#8220;{}&#8220; da_is_popup=&#8220;off&#8220; da_exit_intent=&#8220;off&#8220; da_has_close=&#8220;on&#8220; da_alt_close=&#8220;off&#8220; da_dark_close=&#8220;off&#8220; da_not_modal=&#8220;on&#8220; da_is_singular=&#8220;off&#8220; da_with_loader=&#8220;off&#8220; da_has_shadow=&#8220;on&#8220; da_disable_devices=&#8220;off|off|off&#8220;][et_pb_row _builder_version=&#8220;4.16&#8243; _module_preset=&#8220;default&#8220; max_width=&#8220;1360px&#8220; global_colors_info=&#8220;{}&#8220;][et_pb_column type=&#8220;4_4&#8243; _builder_version=&#8220;4.16&#8243; _module_preset=&#8220;default&#8220; global_colors_info=&#8220;{}&#8220;][et_pb_divider color=&#8220;RGBA(0,0,0,0)&#8220; divider_weight=&#8220;30px&#8220; _builder_version=&#8220;4.27.0&#8243; _module_preset=&#8220;default&#8220; background_image=&#8220;https:\/\/bogensperk.si\/wp-content\/uploads\/2024\/07\/museum-12.png&#8220; background_size=&#8220;contain&#8220; background_repeat=&#8220;repeat-x&#8220; min_height=&#8220;30px&#8220; border_color_all=&#8220;#000000&#8243; global_colors_info=&#8220;{}&#8220;][\/et_pb_divider][et_pb_text _builder_version=&#8220;4.27.4&#8243; _module_preset=&#8220;c6d6f7af-6ac8-4ba6-9488-2a218606aaa8&#8243; text_text_color=&#8220;#FFFFFF&#8220; header_2_font=&#8220;&#8211;et_global_heading_font|500|||||||&#8220; header_2_text_color=&#8220;#FFFFFF&#8220; header_2_font_size=&#8220;100px&#8220; header_2_line_height=&#8220;1.2em&#8220; header_3_text_color=&#8220;#FFFFFF&#8220; text_orientation=&#8220;center&#8220; header_2_font_size_tablet=&#8220;65px&#8220; header_2_font_size_phone=&#8220;28px&#8220; header_2_font_size_last_edited=&#8220;on|phone&#8220; locked=&#8220;off&#8220; global_colors_info=&#8220;{}&#8220;]<\/p>\n<p>M\u00f6ge eure Geschichte auf Bogen\u0161perk beginnen,<br \/>Das Renaissance-Schloss Bogen\u0161perk liegt an den nordwestlichen Ausl\u00e4ufern des Dolenjsko-H\u00fcgellands, an der Hauptstra\u00dfe, die Dolenjska mit Zasavje verbindet, und gilt als eines der sch\u00f6nsten Schl\u00f6sser in Slowenien. Als solches bietet es eine wundersch\u00f6ne Hochzeitslocation. Jedes Paar, das bei uns heiratet, ist f\u00fcr uns eine besondere Geschichte, die wir bereits an dem Tag beginnen zu schreiben, an dem wir uns zum ersten Mal treffen. <\/p>\n<p>[\/et_pb_text][\/et_pb_column][\/et_pb_row][\/et_pb_section][et_pb_section fb_built=&#8220;1&#8243; admin_label=&#8220;Texts&#8220; _builder_version=&#8220;4.27.0&#8243; _module_preset=&#8220;default&#8220; background_color=&#8220;RGBA(255,255,255,0)&#8220; global_colors_info=&#8220;{}&#8220; da_is_popup=&#8220;off&#8220; da_exit_intent=&#8220;off&#8220; da_has_close=&#8220;on&#8220; da_alt_close=&#8220;off&#8220; da_dark_close=&#8220;off&#8220; da_not_modal=&#8220;on&#8220; da_is_singular=&#8220;off&#8220; da_with_loader=&#8220;off&#8220; da_has_shadow=&#8220;on&#8220; da_disable_devices=&#8220;off|off|off&#8220;][et_pb_row column_structure=&#8220;1_2,1_2&#8243; _builder_version=&#8220;4.27.4&#8243; _module_preset=&#8220;default&#8220; background_enable_image=&#8220;off&#8220; global_colors_info=&#8220;{}&#8220;][et_pb_column type=&#8220;1_2&#8243; _builder_version=&#8220;4.16&#8243; _module_preset=&#8220;default&#8220; global_colors_info=&#8220;{}&#8220;][\/et_pb_column][et_pb_column type=&#8220;1_2&#8243; _builder_version=&#8220;4.16&#8243; _module_preset=&#8220;default&#8220; global_colors_info=&#8220;{}&#8220;][et_pb_text _builder_version=&#8220;4.27.4&#8243; _module_preset=&#8220;16a54059-cc81-4572-9c70-eda6a6c419bf&#8220; text_font=&#8220;&#8211;et_global_body_font||||||||&#8220; text_text_color=&#8220;#000000&#8243; text_font_size_tablet=&#8220;15px&#8220; text_font_size_phone=&#8220;14px&#8220; text_font_size_last_edited=&#8220;on|phone&#8220; header_font_size_tablet=&#8220;55px&#8220; header_font_size_last_edited=&#8220;off|desktop&#8220; locked=&#8220;off&#8220; global_colors_info=&#8220;{}&#8220;]<\/p>\n<p><strong>Hochzeitslocations<\/strong><\/p>\n<p>Die Trauungen finden im Freien statt, im Schatten einer Lindenallee, im Blumengarten, auf dem Platz \u201ePod skal&#8217;co\u201c oder im Renaissance-Arkadenflur. Sie k\u00f6nnen auch im Privatraum des Galerieturms oder im Hochzeitssaal durchgef\u00fchrt werden.<\/p>\n<p>[\/et_pb_text][\/et_pb_column][\/et_pb_row][\/et_pb_section][et_pb_section fb_built=&#8220;1&#8243; admin_label=&#8220;Schedule&#8220; _builder_version=&#8220;4.27.2&#8243; _module_preset=&#8220;default&#8220; background_color=&#8220;#5D201C&#8220; custom_padding=&#8220;||0px|||&#8220; locked=&#8220;off&#8220; global_colors_info=&#8220;{}&#8220; da_is_popup=&#8220;off&#8220; da_exit_intent=&#8220;off&#8220; da_has_close=&#8220;on&#8220; da_alt_close=&#8220;off&#8220; da_dark_close=&#8220;off&#8220; da_not_modal=&#8220;on&#8220; da_is_singular=&#8220;off&#8220; da_with_loader=&#8220;off&#8220; da_has_shadow=&#8220;on&#8220; da_disable_devices=&#8220;off|off|off&#8220;][et_pb_row column_structure=&#8220;1_2,1_2&#8243; _builder_version=&#8220;4.27.0&#8243; _module_preset=&#8220;default&#8220; global_colors_info=&#8220;{}&#8220;][et_pb_column type=&#8220;1_2&#8243; _builder_version=&#8220;4.16&#8243; _module_preset=&#8220;default&#8220; global_colors_info=&#8220;{}&#8220;][et_pb_image src=&#8220;https:\/\/bogensperk.si\/wp-content\/uploads\/2024\/08\/bogensperk-poroke-03-e1729493156426.webp&#8220; alt=&#8220;Cerkev svetega Martina&#8220; title_text=&#8220;bogensperk-poroke-03&#8243; _builder_version=&#8220;4.27.2&#8243; _module_preset=&#8220;default&#8220; background_color=&#8220;RGBA(255,255,255,0)&#8220; custom_margin=&#8220;-50%|||-20vw|false|false&#8220; custom_margin_tablet=&#8220;-80px|-10vw||-10vw|false|true&#8220; custom_margin_phone=&#8220;&#8220; custom_margin_last_edited=&#8220;on|phone&#8220; custom_padding=&#8220;100px|60px|100px|60px|true|true&#8220; custom_padding_tablet=&#8220;0px|0px|60px|0px|false|true&#8220; custom_padding_phone=&#8220;&#8220; custom_padding_last_edited=&#8220;on|desktop&#8220; locked=&#8220;off&#8220; global_colors_info=&#8220;{}&#8220;][\/et_pb_image][et_pb_text _builder_version=&#8220;4.27.4&#8243; _module_preset=&#8220;16a54059-cc81-4572-9c70-eda6a6c419bf&#8220; text_font=&#8220;&#8211;et_global_body_font||||||||&#8220; text_text_color=&#8220;#FFFFFF&#8220; link_text_color=&#8220;#FFFFFF&#8220; text_font_size_tablet=&#8220;15px&#8220; text_font_size_phone=&#8220;14px&#8220; text_font_size_last_edited=&#8220;on|phone&#8220; header_font_size_tablet=&#8220;55px&#8220; header_font_size_last_edited=&#8220;off|desktop&#8220; locked=&#8220;off&#8220; global_colors_info=&#8220;{}&#8220;]<\/p>\n<p><strong>Anmeldeverfahren<\/strong><br \/>Paare, die sich f\u00fcr eine Hochzeit auf Schloss Bogen\u0161perk entscheiden, melden diese bei der Verwaltungsstelle in Litija an und vereinbaren dann mit der Koordinatorin der Hochzeitsprotokolle auf Bogen\u0161perk die Art des Protokolls und f\u00fcllen das Hochzeitsformular aus, das die Grundlage f\u00fcr das Angebot und den Vertrag bildet. <\/p>\n<p><strong>Zus\u00e4tzliches Angebot<\/strong><\/p>\n<ul>\n<li>M\u00f6glichkeit der Kutschenmiete<\/li>\n<li>Kirchliche Trauung in der Schlosskapelle<\/li>\n<li>Empfang und Hochzeitsfeier im Restaurant Kr\u010dma na gradu Bogen\u0161perk (Kontakt: restaurant@bogensperk.si, 051 307 413)<\/li>\n<\/ul>\n<p><strong>Kontakt:<\/strong><\/p>\n<p>\u00d6ffentliche Einrichtung Bogen\u0161perk, Staretov trg 12, 1275 \u0160martno pri Litiji, Telefon: 041 703 992, E-Mail: <a href=\"mailto:poroke@bogensperk.si\">poroke@bogensperk.si<\/a> <br \/>Kr\u010dma na gradu Bogen\u0161perk, Bogen\u0161perk 5, 1275 \u0160martno pri Litiji, Telefon: 051 307 413, E-Mail: <a href=\"mailto:restavracija@bogensperk.si\">restavracija@bogensperk.si<\/a><\/p>\n<p>&nbsp;<\/p>\n<p>&nbsp;<\/p>\n<p>[\/et_pb_text][\/et_pb_column][et_pb_column type=&#8220;1_2&#8243; _builder_version=&#8220;4.16&#8243; _module_preset=&#8220;default&#8220; global_colors_info=&#8220;{}&#8220;][et_pb_text _builder_version=&#8220;4.27.4&#8243; _module_preset=&#8220;default&#8220; text_text_color=&#8220;#FFFFFF&#8220; global_colors_info=&#8220;{}&#8220;]<\/p>\n<p><strong>Das Protokoll umfasst:<\/strong><\/p>\n<ul>\n<li>Miete, Vorbereitung und Reinigung des Raumes,<\/li>\n<li>Empfang und Leitung der Zeremonie,<\/li>\n<li>Musikalische Begleitung der Zeremonie mit Geige,<\/li>\n<li>Grundlegendes Blumenarrangement oder Mietbogen mit Blumen dekoriert,<\/li>\n<li>M\u00f6glichkeit des Fotografierens im Schloss und seiner Umgebung am Hochzeitstag oder vorher (nach Vereinbarung),<\/li>\n<li>Empfang mit Sekt f\u00fcr das Brautpaar und die Trauzeugen (\u00d6ffnen des Sekts und Servieren),<\/li>\n<li>Symbolisches Geschenk des Schlosses Bogen\u0161perk,<\/li>\n<li>Standesbeamten und staatlichen Angestellten, die die zivile Zeremonie durchf\u00fchren,<\/li>\n<li>Eventkoordination.<\/li>\n<\/ul>\n<p><strong>Preis:<\/strong><\/p>\n<p>Ab 450 \u20ac f\u00fcr Innenlocations<br \/>Ab 720 \u20ac f\u00fcr Au\u00dfenlocations<\/p>\n<p>Wenn die Zeremonie im Schloss in den Wintermonaten stattfindet, wird ein Aufpreis von 50 \u20ac f\u00fcr Heizkosten hinzugef\u00fcgt. <\/p>\n<p>[\/et_pb_text][et_pb_image src=&#8220;https:\/\/bogensperk.si\/wp-content\/uploads\/2025\/02\/3-Potek-porocnega.jpg&#8220; title_text=&#8220;3-Potek poro\u010dnega&#8220; _builder_version=&#8220;4.27.4&#8243; _module_preset=&#8220;default&#8220; global_colors_info=&#8220;{}&#8220;][\/et_pb_image][et_pb_text _builder_version=&#8220;4.27.4&#8243; _module_preset=&#8220;default&#8220; text_text_color=&#8220;#FFFFFF&#8220; global_colors_info=&#8220;{}&#8220;][\/et_pb_text][et_pb_text _builder_version=&#8220;4.27.4&#8243; _module_preset=&#8220;default&#8220; text_text_color=&#8220;#FFFFFF&#8220; global_colors_info=&#8220;{}&#8220;][\/et_pb_text][\/et_pb_column][\/et_pb_row][\/et_pb_section]<\/p>\n","protected":false},"excerpt":{"rendered":"<p>HochzeitenM\u00f6ge eure Geschichte auf Bogen\u0161perk beginnen,Das Renaissance-Schloss Bogen\u0161perk liegt an den nordwestlichen Ausl\u00e4ufern des Dolenjsko-H\u00fcgellands, an der Hauptstra\u00dfe, die Dolenjska mit Zasavje verbindet, und gilt als eines der sch\u00f6nsten Schl\u00f6sser in Slowenien. Als solches bietet es eine wundersch\u00f6ne Hochzeitslocation. Jedes Paar, das bei uns heiratet, ist f\u00fcr uns eine besondere Geschichte, die wir bereits an dem Tag beginnen zu schreiben, an dem wir uns zum ersten Mal treffen. Hochzeitslocations Die Trauungen finden im Freien statt, im Schatten einer Lindenallee, im Blumengarten, auf dem Platz \u201ePod skal&#8217;co\u201c oder im Renaissance-Arkadenflur. Sie k\u00f6nnen auch im Privatraum des Galerieturms oder im Hochzeitssaal durchgef\u00fchrt werden.AnmeldeverfahrenPaare, die sich f\u00fcr eine Hochzeit auf Schloss Bogen\u0161perk entscheiden, melden diese bei der Verwaltungsstelle in Litija an und vereinbaren dann mit der Koordinatorin der Hochzeitsprotokolle auf Bogen\u0161perk die Art des Protokolls und f\u00fcllen das Hochzeitsformular aus, das die Grundlage f\u00fcr das Angebot und den Vertrag bildet. Zus\u00e4tzliches Angebot M\u00f6glichkeit der Kutschenmiete Kirchliche Trauung in der Schlosskapelle Empfang und Hochzeitsfeier im Restaurant Kr\u010dma na gradu Bogen\u0161perk (Kontakt: restaurant@bogensperk.si, 051 307 413) Kontakt: \u00d6ffentliche Einrichtung Bogen\u0161perk, Staretov trg 12, 1275 \u0160martno pri Litiji, Telefon: 041 703 992, E-Mail: poroke@bogensperk.si Kr\u010dma na gradu Bogen\u0161perk, Bogen\u0161perk 5, 1275 \u0160martno pri Litiji, Telefon: 051 [&hellip;]<\/p>\n","protected":false},"author":1,"featured_media":0,"parent":0,"menu_order":0,"comment_status":"closed","ping_status":"closed","template":"","meta":{"_et_pb_use_builder":"on","_et_pb_old_content":"","_et_gb_content_width":"","inline_featured_image":false,"footnotes":""},"class_list":["post-4406202","page","type-page","status-publish","hentry"],"yoast_head":"<!-- This site is optimized with the Yoast SEO plugin v27.6 - https:\/\/yoast.com\/product\/yoast-seo-wordpress\/ -->\n<title>Hochzeiten - Grad Bogen\u0161perk<\/title>\n<meta name=\"description\" content=\"Die geschichtstr\u00e4chtigen Burgmauern, umgeben von wundersch\u00f6ner Natur, bieten ein unvergessliches Erlebnis f\u00fcr das Brautpaar und seine G\u00e4ste.\" \/>\n<meta name=\"robots\" content=\"index, follow, max-snippet:-1, max-image-preview:large, max-video-preview:-1\" \/>\n<link rel=\"canonical\" href=\"https:\/\/bogensperk.si\/de\/hochzeiten\/\" \/>\n<meta property=\"og:locale\" content=\"de_DE\" \/>\n<meta property=\"og:type\" content=\"article\" \/>\n<meta property=\"og:title\" content=\"Hochzeiten - Grad Bogen\u0161perk\" \/>\n<meta property=\"og:description\" content=\"Die geschichtstr\u00e4chtigen Burgmauern, umgeben von wundersch\u00f6ner Natur, bieten ein unvergessliches Erlebnis f\u00fcr das Brautpaar und seine G\u00e4ste.\" \/>\n<meta property=\"og:url\" content=\"https:\/\/bogensperk.si\/de\/hochzeiten\/\" \/>\n<meta property=\"og:site_name\" content=\"Grad Bogen\u0161perk\" \/>\n<meta property=\"article:modified_time\" content=\"2025-03-24T17:56:54+00:00\" \/>\n<meta property=\"og:image\" content=\"https:\/\/bogensperk.si\/wp-content\/uploads\/2024\/08\/bogensperk-poroke-01.webp\" \/>\n\t<meta property=\"og:image:width\" content=\"2000\" \/>\n\t<meta property=\"og:image:height\" content=\"1125\" \/>\n\t<meta property=\"og:image:type\" content=\"image\/webp\" \/>\n<meta name=\"twitter:card\" content=\"summary_large_image\" \/>\n<meta name=\"twitter:label1\" content=\"Gesch\u00e4tzte Lesezeit\" \/>\n\t<meta name=\"twitter:data1\" content=\"3\u00a0Minuten\" \/>\n<script type=\"application\/ld+json\" class=\"yoast-schema-graph\">{\"@context\":\"https:\\\/\\\/schema.org\",\"@graph\":[{\"@type\":\"WebPage\",\"@id\":\"https:\\\/\\\/bogensperk.si\\\/de\\\/hochzeiten\\\/\",\"url\":\"https:\\\/\\\/bogensperk.si\\\/de\\\/hochzeiten\\\/\",\"name\":\"Hochzeiten - Grad Bogen\u0161perk\",\"isPartOf\":{\"@id\":\"https:\\\/\\\/bogensperk.si\\\/de\\\/#website\"},\"datePublished\":\"2024-06-15T05:03:22+00:00\",\"dateModified\":\"2025-03-24T17:56:54+00:00\",\"description\":\"Die geschichtstr\u00e4chtigen Burgmauern, umgeben von wundersch\u00f6ner Natur, bieten ein unvergessliches Erlebnis f\u00fcr das Brautpaar und seine G\u00e4ste.\",\"breadcrumb\":{\"@id\":\"https:\\\/\\\/bogensperk.si\\\/de\\\/hochzeiten\\\/#breadcrumb\"},\"inLanguage\":\"de\",\"potentialAction\":[{\"@type\":\"ReadAction\",\"target\":[\"https:\\\/\\\/bogensperk.si\\\/de\\\/hochzeiten\\\/\"]}]},{\"@type\":\"BreadcrumbList\",\"@id\":\"https:\\\/\\\/bogensperk.si\\\/de\\\/hochzeiten\\\/#breadcrumb\",\"itemListElement\":[{\"@type\":\"ListItem\",\"position\":1,\"name\":\"Home\",\"item\":\"https:\\\/\\\/bogensperk.si\\\/de\\\/\"},{\"@type\":\"ListItem\",\"position\":2,\"name\":\"Hochzeiten\"}]},{\"@type\":\"WebSite\",\"@id\":\"https:\\\/\\\/bogensperk.si\\\/de\\\/#website\",\"url\":\"https:\\\/\\\/bogensperk.si\\\/de\\\/\",\"name\":\"Grad Bogen\u0161perk\",\"description\":\"Renesan\u010dni grad Bogen\u0161perk, prostor mnogih kulturnih dogodkov.\",\"potentialAction\":[{\"@type\":\"SearchAction\",\"target\":{\"@type\":\"EntryPoint\",\"urlTemplate\":\"https:\\\/\\\/bogensperk.si\\\/de\\\/?s={search_term_string}\"},\"query-input\":{\"@type\":\"PropertyValueSpecification\",\"valueRequired\":true,\"valueName\":\"search_term_string\"}}],\"inLanguage\":\"de\"}]}<\/script>\n<!-- \/ Yoast SEO plugin. -->","yoast_head_json":{"title":"Hochzeiten - Grad Bogen\u0161perk","description":"Die geschichtstr\u00e4chtigen Burgmauern, umgeben von wundersch\u00f6ner Natur, bieten ein unvergessliches Erlebnis f\u00fcr das Brautpaar und seine G\u00e4ste.","robots":{"index":"index","follow":"follow","max-snippet":"max-snippet:-1","max-image-preview":"max-image-preview:large","max-video-preview":"max-video-preview:-1"},"canonical":"https:\/\/bogensperk.si\/de\/hochzeiten\/","og_locale":"de_DE","og_type":"article","og_title":"Hochzeiten - Grad Bogen\u0161perk","og_description":"Die geschichtstr\u00e4chtigen Burgmauern, umgeben von wundersch\u00f6ner Natur, bieten ein unvergessliches Erlebnis f\u00fcr das Brautpaar und seine G\u00e4ste.","og_url":"https:\/\/bogensperk.si\/de\/hochzeiten\/","og_site_name":"Grad Bogen\u0161perk","article_modified_time":"2025-03-24T17:56:54+00:00","og_image":[{"width":2000,"height":1125,"url":"https:\/\/bogensperk.si\/wp-content\/uploads\/2024\/08\/bogensperk-poroke-01.webp","type":"image\/webp"}],"twitter_card":"summary_large_image","twitter_misc":{"Gesch\u00e4tzte Lesezeit":"3\u00a0Minuten"},"schema":{"@context":"https:\/\/schema.org","@graph":[{"@type":"WebPage","@id":"https:\/\/bogensperk.si\/de\/hochzeiten\/","url":"https:\/\/bogensperk.si\/de\/hochzeiten\/","name":"Hochzeiten - Grad Bogen\u0161perk","isPartOf":{"@id":"https:\/\/bogensperk.si\/de\/#website"},"datePublished":"2024-06-15T05:03:22+00:00","dateModified":"2025-03-24T17:56:54+00:00","description":"Die geschichtstr\u00e4chtigen Burgmauern, umgeben von wundersch\u00f6ner Natur, bieten ein unvergessliches Erlebnis f\u00fcr das Brautpaar und seine G\u00e4ste.","breadcrumb":{"@id":"https:\/\/bogensperk.si\/de\/hochzeiten\/#breadcrumb"},"inLanguage":"de","potentialAction":[{"@type":"ReadAction","target":["https:\/\/bogensperk.si\/de\/hochzeiten\/"]}]},{"@type":"BreadcrumbList","@id":"https:\/\/bogensperk.si\/de\/hochzeiten\/#breadcrumb","itemListElement":[{"@type":"ListItem","position":1,"name":"Home","item":"https:\/\/bogensperk.si\/de\/"},{"@type":"ListItem","position":2,"name":"Hochzeiten"}]},{"@type":"WebSite","@id":"https:\/\/bogensperk.si\/de\/#website","url":"https:\/\/bogensperk.si\/de\/","name":"Grad Bogen\u0161perk","description":"Renesan\u010dni grad Bogen\u0161perk, prostor mnogih kulturnih dogodkov.","potentialAction":[{"@type":"SearchAction","target":{"@type":"EntryPoint","urlTemplate":"https:\/\/bogensperk.si\/de\/?s={search_term_string}"},"query-input":{"@type":"PropertyValueSpecification","valueRequired":true,"valueName":"search_term_string"}}],"inLanguage":"de"}]}},"_links":{"self":[{"href":"https:\/\/bogensperk.si\/de\/wp-json\/wp\/v2\/pages\/4406202","targetHints":{"allow":["GET"]}}],"collection":[{"href":"https:\/\/bogensperk.si\/de\/wp-json\/wp\/v2\/pages"}],"about":[{"href":"https:\/\/bogensperk.si\/de\/wp-json\/wp\/v2\/types\/page"}],"author":[{"embeddable":true,"href":"https:\/\/bogensperk.si\/de\/wp-json\/wp\/v2\/users\/1"}],"replies":[{"embeddable":true,"href":"https:\/\/bogensperk.si\/de\/wp-json\/wp\/v2\/comments?post=4406202"}],"version-history":[{"count":4,"href":"https:\/\/bogensperk.si\/de\/wp-json\/wp\/v2\/pages\/4406202\/revisions"}],"predecessor-version":[{"id":4407170,"href":"https:\/\/bogensperk.si\/de\/wp-json\/wp\/v2\/pages\/4406202\/revisions\/4407170"}],"wp:attachment":[{"href":"https:\/\/bogensperk.si\/de\/wp-json\/wp\/v2\/media?parent=4406202"}],"curies":[{"name":"wp","href":"https:\/\/api.w.org\/{rel}","templated":true}]}}