{"id":4406184,"date":"2024-06-15T07:03:12","date_gmt":"2024-06-15T05:03:12","guid":{"rendered":"https:\/\/test.bogensperk.si\/pedagoski-programi\/"},"modified":"2025-03-25T05:01:54","modified_gmt":"2025-03-25T04:01:54","slug":"padagogische-programme","status":"publish","type":"page","link":"https:\/\/bogensperk.si\/de\/padagogische-programme\/","title":{"rendered":"P\u00e4dagogische programme"},"content":{"rendered":"<p>[et_pb_section fb_built=&#8220;1&#8243; custom_padding_last_edited=&#8220;off|desktop&#8220; admin_label=&#8220;Header&#8220; _builder_version=&#8220;4.27.4&#8243; _module_preset=&#8220;default&#8220; background_color=&#8220;#f6efe7&#8243; background_enable_color=&#8220;off&#8220; background_image=&#8220;https:\/\/bogensperk.si\/wp-content\/uploads\/2025\/02\/Grad-Bogensperk-25-of-33-scaled.jpg&#8220; min_height=&#8220;600px&#8220; overflow-x=&#8220;hidden&#8220; overflow-y=&#8220;hidden&#8220; custom_padding_tablet=&#8220;150px||150px||true|false&#8220; custom_padding_phone=&#8220;80px||80px||true|false&#8220; global_colors_info=&#8220;{}&#8220; da_is_popup=&#8220;off&#8220; da_exit_intent=&#8220;off&#8220; da_has_close=&#8220;on&#8220; da_alt_close=&#8220;off&#8220; da_dark_close=&#8220;off&#8220; da_not_modal=&#8220;on&#8220; da_is_singular=&#8220;off&#8220; da_with_loader=&#8220;off&#8220; da_has_shadow=&#8220;on&#8220; da_disable_devices=&#8220;off|off|off&#8220;][et_pb_row _builder_version=&#8220;4.27.4&#8243; _module_preset=&#8220;default&#8220; custom_padding=&#8220;|||5px||&#8220; global_colors_info=&#8220;{}&#8220;][et_pb_column type=&#8220;4_4&#8243; _builder_version=&#8220;4.16&#8243; _module_preset=&#8220;default&#8220; z_index=&#8220;10&#8243; global_colors_info=&#8220;{}&#8220;][et_pb_text _builder_version=&#8220;4.27.4&#8243; _module_preset=&#8220;d72c0383-6487-4f2c-ac5c-7d48a6376757&#8243; header_font=&#8220;&#8211;et_global_heading_font|300|||||||&#8220; header_text_color=&#8220;#FFFFFF&#8220; header_font_size=&#8220;100px&#8220; header_line_height=&#8220;1.1em&#8220; hover_enabled=&#8220;0&#8243; header_font_size_tablet=&#8220;60px&#8220; header_font_size_phone=&#8220;42px&#8220; header_font_size_last_edited=&#8220;on|phone&#8220; header_text_shadow_style=&#8220;preset1&#8243; locked=&#8220;off&#8220; global_colors_info=&#8220;{}&#8220; sticky_enabled=&#8220;0&#8243;]<\/p>\n<h1 style=\"text-align: left;\">P\u00e4dagogische programme<\/h1>\n<p>[\/et_pb_text][\/et_pb_column][\/et_pb_row][\/et_pb_section][et_pb_section fb_built=&#8220;1&#8243; admin_label=&#8220;Na kratko&#8220; _builder_version=&#8220;4.27.2&#8243; _module_preset=&#8220;default&#8220; background_color=&#8220;#5D201C&#8220; custom_margin=&#8220;||||false|false&#8220; custom_padding=&#8220;||||false|false&#8220; top_divider_color=&#8220;#FFFFFF&#8220; global_colors_info=&#8220;{}&#8220; da_is_popup=&#8220;off&#8220; da_exit_intent=&#8220;off&#8220; da_has_close=&#8220;on&#8220; da_alt_close=&#8220;off&#8220; da_dark_close=&#8220;off&#8220; da_not_modal=&#8220;on&#8220; da_is_singular=&#8220;off&#8220; da_with_loader=&#8220;off&#8220; da_has_shadow=&#8220;on&#8220; da_disable_devices=&#8220;off|off|off&#8220;][et_pb_row _builder_version=&#8220;4.16&#8243; _module_preset=&#8220;default&#8220; max_width=&#8220;1360px&#8220; global_colors_info=&#8220;{}&#8220;][et_pb_column type=&#8220;4_4&#8243; _builder_version=&#8220;4.16&#8243; _module_preset=&#8220;default&#8220; global_colors_info=&#8220;{}&#8220;][et_pb_divider color=&#8220;RGBA(0,0,0,0)&#8220; divider_weight=&#8220;30px&#8220; _builder_version=&#8220;4.27.0&#8243; _module_preset=&#8220;default&#8220; background_image=&#8220;https:\/\/bogensperk.si\/wp-content\/uploads\/2024\/07\/museum-12.png&#8220; background_size=&#8220;contain&#8220; background_repeat=&#8220;repeat-x&#8220; min_height=&#8220;30px&#8220; border_color_all=&#8220;#000000&#8243; global_colors_info=&#8220;{}&#8220;][\/et_pb_divider][et_pb_text _builder_version=&#8220;4.27.4&#8243; _module_preset=&#8220;c6d6f7af-6ac8-4ba6-9488-2a218606aaa8&#8243; text_text_color=&#8220;#FFFFFF&#8220; header_2_font=&#8220;Trirong|500|||||||&#8220; header_2_text_color=&#8220;#000000&#8243; header_2_font_size=&#8220;100px&#8220; header_2_line_height=&#8220;1.2em&#8220; text_orientation=&#8220;center&#8220; header_2_font_size_tablet=&#8220;65px&#8220; header_2_font_size_phone=&#8220;28px&#8220; header_2_font_size_last_edited=&#8220;on|phone&#8220; locked=&#8220;off&#8220; global_colors_info=&#8220;{}&#8220;]<\/p>\n<p>Das Schloss Bogen\u0161perk geh\u00f6rt zu den sch\u00f6nsten erhaltenen Renaissance-Schl\u00f6ssern in Slowenien. Die Geschichten, die es hinter seinen Mauern bewahrt, k\u00f6nnen die Besucher bei individuellen F\u00fchrungen durch die Museumsausstellungen oder durch die Teilnahme an Programmen entdecken, die wir f\u00fcr verschiedene Zielgruppen anbieten.<\/p>\n<p>[\/et_pb_text][\/et_pb_column][\/et_pb_row][\/et_pb_section][et_pb_section fb_built=&#8220;1&#8243; admin_label=&#8220;Odrasli, ki bodo zdaj \u0161ole&#8220; _builder_version=&#8220;4.27.4&#8243; _module_preset=&#8220;default&#8220; background_color=&#8220;#FFFFFF&#8220; custom_padding=&#8220;||0px|||&#8220; locked=&#8220;off&#8220; collapsed=&#8220;off&#8220; global_colors_info=&#8220;{}&#8220; da_is_popup=&#8220;off&#8220; da_exit_intent=&#8220;off&#8220; da_has_close=&#8220;on&#8220; da_alt_close=&#8220;off&#8220; da_dark_close=&#8220;off&#8220; da_not_modal=&#8220;on&#8220; da_is_singular=&#8220;off&#8220; da_with_loader=&#8220;off&#8220; da_has_shadow=&#8220;on&#8220; da_disable_devices=&#8220;off|off|off&#8220;][et_pb_row column_structure=&#8220;3_5,2_5&#8243; _builder_version=&#8220;4.27.0&#8243; _module_preset=&#8220;default&#8220; global_colors_info=&#8220;{}&#8220;][et_pb_column type=&#8220;3_5&#8243; _builder_version=&#8220;4.16&#8243; _module_preset=&#8220;default&#8220; global_colors_info=&#8220;{}&#8220;][et_pb_gallery gallery_ids=&#8220;4405799,4404818,4404814&#8243; fullwidth=&#8220;on&#8220; _builder_version=&#8220;4.27.4&#8243; _module_preset=&#8220;default&#8220; global_colors_info=&#8220;{}&#8220;][\/et_pb_gallery][\/et_pb_column][et_pb_column type=&#8220;2_5&#8243; _builder_version=&#8220;4.16&#8243; _module_preset=&#8220;default&#8220; global_colors_info=&#8220;{}&#8220;][et_pb_text _builder_version=&#8220;4.27.4&#8243; _module_preset=&#8220;c6d6f7af-6ac8-4ba6-9488-2a218606aaa8&#8243; text_text_color=&#8220;#000000&#8243; header_text_color=&#8220;#5D201C&#8220; header_2_font=&#8220;&#8211;et_global_heading_font|500|||||||&#8220; header_2_text_color=&#8220;#5D201C&#8220; header_2_font_size=&#8220;60px&#8220; header_2_line_height=&#8220;1.2em&#8220; custom_margin=&#8220;||0px||false|false&#8220; header_2_font_size_tablet=&#8220;65px&#8220; header_2_font_size_phone=&#8220;28px&#8220; header_2_font_size_last_edited=&#8220;on|phone&#8220; locked=&#8220;off&#8220; global_colors_info=&#8220;{}&#8220;]<\/p>\n<h2>Schulen<\/h2>\n<p>[\/et_pb_text][et_pb_text _builder_version=&#8220;4.27.4&#8243; _module_preset=&#8220;16a54059-cc81-4572-9c70-eda6a6c419bf&#8220; text_font=&#8220;&#8211;et_global_body_font||||||||&#8220; text_text_color=&#8220;#000000&#8243; custom_padding=&#8220;||0px|||&#8220; text_font_size_tablet=&#8220;15px&#8220; text_font_size_phone=&#8220;14px&#8220; text_font_size_last_edited=&#8220;on|phone&#8220; header_font_size_tablet=&#8220;55px&#8220; header_font_size_last_edited=&#8220;off|desktop&#8220; locked=&#8220;off&#8220; global_colors_info=&#8220;{}&#8220;]<\/p>\n<p>Im Schuljahr 2024\/2025 bieten wir f\u00fcr organisierte Gruppen von Kindergartenkindern, Grundsch\u00fclern und Gymnasiasten ein vielf\u00e4ltiges Angebot an p\u00e4dagogischen Programmen, die auf die Altersgruppen der Kinder und Jugendlichen abgestimmt sind. Mit den Sch\u00fclern k\u00f6nnen Sie thematische F\u00fchrungen durch das Schloss unternehmen, sich in der Grafikherstellung ausprobieren, die Schlossumgebung erkunden oder eine Reise in die Vergangenheit in Begleitung des Schlossadels unternehmen. Die Programme werden von P\u00e4dagogen und ausgebildeten Museumsf\u00fchrern geleitet.<\/p>\n<p>Bl\u00e4ttern Sie durch die <a href=\"https:\/\/bogensperk.si\/wp-content\/uploads\/2024\/12\/Brosura_Pedagoski-programi-2024.pdf\">Brosch\u00fcre der p\u00e4dagogischen Programme 2024\/2025<\/a> und w\u00e4hlen Sie das passende Programm f\u00fcr sich aus. F\u00fcr weitere Informationen und Beratung bei der Auswahl stehen wir Ihnen unter info@bogensperk.si zur Verf\u00fcgung<\/p>\n<p>Als Vorbereitung auf den Besuch, als Aktivit\u00e4t nach dem Besuch oder zur Bereicherung der individuellen F\u00fchrung durch das Schloss Bogen\u0161perk haben wir ein <a href=\"https:\/\/bogensperk.si\/wp-content\/uploads\/2024\/08\/Ucni-list-II-in-III-triada.pdf\">Arbeitsblatt (pdf)<\/a> f\u00fcr Sie vorbereitet.<\/p>\n<p>[\/et_pb_text][\/et_pb_column][\/et_pb_row][\/et_pb_section]<\/p>\n","protected":false},"excerpt":{"rendered":"<p>P\u00e4dagogische programmeDas Schloss Bogen\u0161perk geh\u00f6rt zu den sch\u00f6nsten erhaltenen Renaissance-Schl\u00f6ssern in Slowenien. Die Geschichten, die es hinter seinen Mauern bewahrt, k\u00f6nnen die Besucher bei individuellen F\u00fchrungen durch die Museumsausstellungen oder durch die Teilnahme an Programmen entdecken, die wir f\u00fcr verschiedene Zielgruppen anbieten.SchulenIm Schuljahr 2024\/2025 bieten wir f\u00fcr organisierte Gruppen von Kindergartenkindern, Grundsch\u00fclern und Gymnasiasten ein vielf\u00e4ltiges Angebot an p\u00e4dagogischen Programmen, die auf die Altersgruppen der Kinder und Jugendlichen abgestimmt sind. Mit den Sch\u00fclern k\u00f6nnen Sie thematische F\u00fchrungen durch das Schloss unternehmen, sich in der Grafikherstellung ausprobieren, die Schlossumgebung erkunden oder eine Reise in die Vergangenheit in Begleitung des Schlossadels unternehmen. Die Programme werden von P\u00e4dagogen und ausgebildeten Museumsf\u00fchrern geleitet. Bl\u00e4ttern Sie durch die Brosch\u00fcre der p\u00e4dagogischen Programme 2024\/2025 und w\u00e4hlen Sie das passende Programm f\u00fcr sich aus. F\u00fcr weitere Informationen und Beratung bei der Auswahl stehen wir Ihnen unter info@bogensperk.si zur Verf\u00fcgung Als Vorbereitung auf den Besuch, als Aktivit\u00e4t nach dem Besuch oder zur Bereicherung der individuellen F\u00fchrung durch das Schloss Bogen\u0161perk haben wir ein Arbeitsblatt (pdf) f\u00fcr Sie vorbereitet.<\/p>\n","protected":false},"author":1,"featured_media":0,"parent":0,"menu_order":0,"comment_status":"closed","ping_status":"closed","template":"","meta":{"_et_pb_use_builder":"on","_et_pb_old_content":"","_et_gb_content_width":"","inline_featured_image":false,"footnotes":""},"class_list":["post-4406184","page","type-page","status-publish","hentry"],"yoast_head":"<!-- This site is optimized with the Yoast SEO plugin v27.4 - https:\/\/yoast.com\/product\/yoast-seo-wordpress\/ -->\n<title>P\u00e4dagogische programme - Grad Bogen\u0161perk<\/title>\n<meta name=\"description\" content=\"Die Besucher k\u00f6nnen die Geschichten hinter den Mauern entdecken, indem sie die Ausstellungen des Museums einzeln besuchen oder an den Programmen teilnehmen.\" \/>\n<meta name=\"robots\" content=\"index, follow, max-snippet:-1, max-image-preview:large, max-video-preview:-1\" \/>\n<link rel=\"canonical\" href=\"https:\/\/bogensperk.si\/de\/padagogische-programme\/\" \/>\n<meta property=\"og:locale\" content=\"de_DE\" \/>\n<meta property=\"og:type\" content=\"article\" \/>\n<meta property=\"og:title\" content=\"P\u00e4dagogische programme - Grad Bogen\u0161perk\" \/>\n<meta property=\"og:description\" content=\"Die Besucher k\u00f6nnen die Geschichten hinter den Mauern entdecken, indem sie die Ausstellungen des Museums einzeln besuchen oder an den Programmen teilnehmen.\" \/>\n<meta property=\"og:url\" content=\"https:\/\/bogensperk.si\/de\/padagogische-programme\/\" \/>\n<meta property=\"og:site_name\" content=\"Grad Bogen\u0161perk\" \/>\n<meta property=\"article:modified_time\" content=\"2025-03-25T04:01:54+00:00\" \/>\n<meta name=\"twitter:card\" content=\"summary_large_image\" \/>\n<meta name=\"twitter:label1\" content=\"Gesch\u00e4tzte Lesezeit\" \/>\n\t<meta name=\"twitter:data1\" content=\"2\u00a0Minuten\" \/>\n<script type=\"application\/ld+json\" class=\"yoast-schema-graph\">{\"@context\":\"https:\\\/\\\/schema.org\",\"@graph\":[{\"@type\":\"WebPage\",\"@id\":\"https:\\\/\\\/bogensperk.si\\\/de\\\/padagogische-programme\\\/\",\"url\":\"https:\\\/\\\/bogensperk.si\\\/de\\\/padagogische-programme\\\/\",\"name\":\"P\u00e4dagogische programme - Grad Bogen\u0161perk\",\"isPartOf\":{\"@id\":\"https:\\\/\\\/bogensperk.si\\\/de\\\/#website\"},\"datePublished\":\"2024-06-15T05:03:12+00:00\",\"dateModified\":\"2025-03-25T04:01:54+00:00\",\"description\":\"Die Besucher k\u00f6nnen die Geschichten hinter den Mauern entdecken, indem sie die Ausstellungen des Museums einzeln besuchen oder an den Programmen teilnehmen.\",\"breadcrumb\":{\"@id\":\"https:\\\/\\\/bogensperk.si\\\/de\\\/padagogische-programme\\\/#breadcrumb\"},\"inLanguage\":\"de\",\"potentialAction\":[{\"@type\":\"ReadAction\",\"target\":[\"https:\\\/\\\/bogensperk.si\\\/de\\\/padagogische-programme\\\/\"]}]},{\"@type\":\"BreadcrumbList\",\"@id\":\"https:\\\/\\\/bogensperk.si\\\/de\\\/padagogische-programme\\\/#breadcrumb\",\"itemListElement\":[{\"@type\":\"ListItem\",\"position\":1,\"name\":\"Home\",\"item\":\"https:\\\/\\\/bogensperk.si\\\/de\\\/\"},{\"@type\":\"ListItem\",\"position\":2,\"name\":\"P\u00e4dagogische programme\"}]},{\"@type\":\"WebSite\",\"@id\":\"https:\\\/\\\/bogensperk.si\\\/de\\\/#website\",\"url\":\"https:\\\/\\\/bogensperk.si\\\/de\\\/\",\"name\":\"Grad Bogen\u0161perk\",\"description\":\"Renesan\u010dni grad Bogen\u0161perk, prostor mnogih kulturnih dogodkov.\",\"potentialAction\":[{\"@type\":\"SearchAction\",\"target\":{\"@type\":\"EntryPoint\",\"urlTemplate\":\"https:\\\/\\\/bogensperk.si\\\/de\\\/?s={search_term_string}\"},\"query-input\":{\"@type\":\"PropertyValueSpecification\",\"valueRequired\":true,\"valueName\":\"search_term_string\"}}],\"inLanguage\":\"de\"}]}<\/script>\n<!-- \/ Yoast SEO plugin. -->","yoast_head_json":{"title":"P\u00e4dagogische programme - Grad Bogen\u0161perk","description":"Die Besucher k\u00f6nnen die Geschichten hinter den Mauern entdecken, indem sie die Ausstellungen des Museums einzeln besuchen oder an den Programmen teilnehmen.","robots":{"index":"index","follow":"follow","max-snippet":"max-snippet:-1","max-image-preview":"max-image-preview:large","max-video-preview":"max-video-preview:-1"},"canonical":"https:\/\/bogensperk.si\/de\/padagogische-programme\/","og_locale":"de_DE","og_type":"article","og_title":"P\u00e4dagogische programme - Grad Bogen\u0161perk","og_description":"Die Besucher k\u00f6nnen die Geschichten hinter den Mauern entdecken, indem sie die Ausstellungen des Museums einzeln besuchen oder an den Programmen teilnehmen.","og_url":"https:\/\/bogensperk.si\/de\/padagogische-programme\/","og_site_name":"Grad Bogen\u0161perk","article_modified_time":"2025-03-25T04:01:54+00:00","twitter_card":"summary_large_image","twitter_misc":{"Gesch\u00e4tzte Lesezeit":"2\u00a0Minuten"},"schema":{"@context":"https:\/\/schema.org","@graph":[{"@type":"WebPage","@id":"https:\/\/bogensperk.si\/de\/padagogische-programme\/","url":"https:\/\/bogensperk.si\/de\/padagogische-programme\/","name":"P\u00e4dagogische programme - Grad Bogen\u0161perk","isPartOf":{"@id":"https:\/\/bogensperk.si\/de\/#website"},"datePublished":"2024-06-15T05:03:12+00:00","dateModified":"2025-03-25T04:01:54+00:00","description":"Die Besucher k\u00f6nnen die Geschichten hinter den Mauern entdecken, indem sie die Ausstellungen des Museums einzeln besuchen oder an den Programmen teilnehmen.","breadcrumb":{"@id":"https:\/\/bogensperk.si\/de\/padagogische-programme\/#breadcrumb"},"inLanguage":"de","potentialAction":[{"@type":"ReadAction","target":["https:\/\/bogensperk.si\/de\/padagogische-programme\/"]}]},{"@type":"BreadcrumbList","@id":"https:\/\/bogensperk.si\/de\/padagogische-programme\/#breadcrumb","itemListElement":[{"@type":"ListItem","position":1,"name":"Home","item":"https:\/\/bogensperk.si\/de\/"},{"@type":"ListItem","position":2,"name":"P\u00e4dagogische programme"}]},{"@type":"WebSite","@id":"https:\/\/bogensperk.si\/de\/#website","url":"https:\/\/bogensperk.si\/de\/","name":"Grad Bogen\u0161perk","description":"Renesan\u010dni grad Bogen\u0161perk, prostor mnogih kulturnih dogodkov.","potentialAction":[{"@type":"SearchAction","target":{"@type":"EntryPoint","urlTemplate":"https:\/\/bogensperk.si\/de\/?s={search_term_string}"},"query-input":{"@type":"PropertyValueSpecification","valueRequired":true,"valueName":"search_term_string"}}],"inLanguage":"de"}]}},"_links":{"self":[{"href":"https:\/\/bogensperk.si\/de\/wp-json\/wp\/v2\/pages\/4406184","targetHints":{"allow":["GET"]}}],"collection":[{"href":"https:\/\/bogensperk.si\/de\/wp-json\/wp\/v2\/pages"}],"about":[{"href":"https:\/\/bogensperk.si\/de\/wp-json\/wp\/v2\/types\/page"}],"author":[{"embeddable":true,"href":"https:\/\/bogensperk.si\/de\/wp-json\/wp\/v2\/users\/1"}],"replies":[{"embeddable":true,"href":"https:\/\/bogensperk.si\/de\/wp-json\/wp\/v2\/comments?post=4406184"}],"version-history":[{"count":4,"href":"https:\/\/bogensperk.si\/de\/wp-json\/wp\/v2\/pages\/4406184\/revisions"}],"predecessor-version":[{"id":4407178,"href":"https:\/\/bogensperk.si\/de\/wp-json\/wp\/v2\/pages\/4406184\/revisions\/4407178"}],"wp:attachment":[{"href":"https:\/\/bogensperk.si\/de\/wp-json\/wp\/v2\/media?parent=4406184"}],"curies":[{"name":"wp","href":"https:\/\/api.w.org\/{rel}","templated":true}]}}