{"id":4406164,"date":"2024-08-01T20:06:59","date_gmt":"2024-08-01T18:06:59","guid":{"rendered":"https:\/\/test.bogensperk.si\/muzej\/"},"modified":"2025-03-15T07:52:05","modified_gmt":"2025-03-15T06:52:05","slug":"museum","status":"publish","type":"page","link":"https:\/\/bogensperk.si\/de\/museum\/","title":{"rendered":"Museum"},"content":{"rendered":"<p>[et_pb_section fb_built=&#8220;1&#8243; custom_padding_last_edited=&#8220;off|desktop&#8220; admin_label=&#8220;Header&#8220; _builder_version=&#8220;4.27.4&#8243; _module_preset=&#8220;default&#8220; background_color=&#8220;#f6efe7&#8243; background_enable_color=&#8220;off&#8220; background_image=&#8220;https:\/\/bogensperk.si\/wp-content\/uploads\/2024\/12\/bogensperk-muzej.webp&#8220; min_height=&#8220;600px&#8220; overflow-x=&#8220;hidden&#8220; overflow-y=&#8220;hidden&#8220; custom_padding_tablet=&#8220;150px||150px||true|false&#8220; custom_padding_phone=&#8220;80px||80px||true|false&#8220; global_colors_info=&#8220;{}&#8220;][et_pb_row column_structure=&#8220;3_5,2_5&#8243; _builder_version=&#8220;4.27.0&#8243; _module_preset=&#8220;default&#8220; global_colors_info=&#8220;{}&#8220;][et_pb_column type=&#8220;3_5&#8243; _builder_version=&#8220;4.16&#8243; _module_preset=&#8220;default&#8220; z_index=&#8220;10&#8243; global_colors_info=&#8220;{}&#8220;][et_pb_text _builder_version=&#8220;4.27.4&#8243; _module_preset=&#8220;d72c0383-6487-4f2c-ac5c-7d48a6376757&#8243; header_font=&#8220;&#8211;et_global_heading_font||||||||&#8220; header_text_color=&#8220;#FFFFFF&#8220; header_font_size=&#8220;100px&#8220; header_line_height=&#8220;1.1em&#8220; header_font_size_tablet=&#8220;60px&#8220; header_font_size_phone=&#8220;42px&#8220; header_font_size_last_edited=&#8220;on|phone&#8220; header_text_shadow_style=&#8220;preset1&#8243; locked=&#8220;off&#8220; global_colors_info=&#8220;{}&#8220;]<\/p>\n<h1 style=\"text-align: center;\">Museum<\/h1>\n<p>[\/et_pb_text][\/et_pb_column][et_pb_column type=&#8220;2_5&#8243; _builder_version=&#8220;4.16&#8243; _module_preset=&#8220;default&#8220; global_colors_info=&#8220;{}&#8220;][\/et_pb_column][\/et_pb_row][\/et_pb_section][et_pb_section fb_built=&#8220;1&#8243; admin_label=&#8220;Na kratko&#8220; _builder_version=&#8220;4.27.2&#8243; _module_preset=&#8220;default&#8220; background_color=&#8220;#5D201C&#8220; custom_margin=&#8220;||||false|false&#8220; custom_padding=&#8220;||||false|false&#8220; top_divider_color=&#8220;#FFFFFF&#8220; global_colors_info=&#8220;{}&#8220;][et_pb_row _builder_version=&#8220;4.16&#8243; _module_preset=&#8220;default&#8220; max_width=&#8220;1360px&#8220; global_colors_info=&#8220;{}&#8220;][et_pb_column type=&#8220;4_4&#8243; _builder_version=&#8220;4.16&#8243; _module_preset=&#8220;default&#8220; global_colors_info=&#8220;{}&#8220;][et_pb_divider color=&#8220;RGBA(0,0,0,0)&#8220; divider_weight=&#8220;30px&#8220; _builder_version=&#8220;4.27.0&#8243; _module_preset=&#8220;default&#8220; background_image=&#8220;https:\/\/bogensperk.si\/wp-content\/uploads\/2024\/07\/museum-12.png&#8220; background_size=&#8220;contain&#8220; background_repeat=&#8220;repeat-x&#8220; min_height=&#8220;30px&#8220; border_color_all=&#8220;#000000&#8243; global_colors_info=&#8220;{}&#8220;][\/et_pb_divider][et_pb_text _builder_version=&#8220;4.27.4&#8243; _module_preset=&#8220;c6d6f7af-6ac8-4ba6-9488-2a218606aaa8&#8243; text_text_color=&#8220;#FFFFFF&#8220; header_2_font=&#8220;Trirong|500|||||||&#8220; header_2_text_color=&#8220;#000000&#8243; header_2_font_size=&#8220;100px&#8220; header_2_line_height=&#8220;1.2em&#8220; text_orientation=&#8220;center&#8220; hover_enabled=&#8220;0&#8243; header_2_font_size_tablet=&#8220;65px&#8220; header_2_font_size_phone=&#8220;28px&#8220; header_2_font_size_last_edited=&#8220;on|phone&#8220; locked=&#8220;off&#8220; global_colors_info=&#8220;{}&#8220; sticky_enabled=&#8220;0&#8243;]<\/p>\n<p>Bogen\u0161perk hat sich in die Geschichte und das slowenische nationale Bewusstsein eingeschrieben dank des ber\u00fchmten Krainer Polihistorikers Janez Vajkard Valvasor (1641\u20131693), der zwanzig Jahre auf der Burg lebte und arbeitete. Hinter den Burgmauern entstanden all seine ber\u00fchmten Werke, eine der gr\u00f6\u00dften Bibliotheken seiner Zeit wuchs heran, und die ersten Sammlungen seltener und interessanter Gegenst\u00e4nde wurden zusammengetragen. Valvasors Sammelaktivit\u00e4ten auf Bogen\u0161perk stellen die Anf\u00e4nge des slowenischen Museumswesens dar.<\/p>\n<p>[\/et_pb_text][\/et_pb_column][\/et_pb_row][\/et_pb_section][et_pb_section fb_built=&#8220;1&#8243; admin_label=&#8220;Texts&#8220; _builder_version=&#8220;4.27.0&#8243; _module_preset=&#8220;default&#8220; background_color=&#8220;RGBA(255,255,255,0)&#8220; global_colors_info=&#8220;{}&#8220;][et_pb_row _builder_version=&#8220;4.27.4&#8243; _module_preset=&#8220;default&#8220; global_colors_info=&#8220;{}&#8220;][et_pb_column type=&#8220;4_4&#8243; _builder_version=&#8220;4.16&#8243; _module_preset=&#8220;default&#8220; global_colors_info=&#8220;{}&#8220;][et_pb_text _builder_version=&#8220;4.27.4&#8243; _module_preset=&#8220;16a54059-cc81-4572-9c70-eda6a6c419bf&#8220; text_font=&#8220;&#8211;et_global_body_font|500|||||||&#8220; text_text_color=&#8220;#000000&#8243; text_line_height=&#8220;2em&#8220; hover_enabled=&#8220;0&#8243; text_font_size_tablet=&#8220;15px&#8220; text_font_size_phone=&#8220;14px&#8220; text_font_size_last_edited=&#8220;on|phone&#8220; header_font_size_tablet=&#8220;55px&#8220; header_font_size_last_edited=&#8220;off|desktop&#8220; locked=&#8220;off&#8220; global_colors_info=&#8220;{}&#8220; sticky_enabled=&#8220;0&#8243;]<\/p>\n<p>Im Museum werden das Leben und Werk von Janez Vajkard Valvasor sowie die Geschichte der Burg und der umliegenden Orte pr\u00e4sentiert. Zu sehen sind viele wertvolle Gegenst\u00e4nde, darunter vier Originalb\u00fccher des ber\u00fchmten Polihistorikers aus der letzten Viertel des 17. Jahrhunderts.<br \/>In seinem Arbeitszimmer bewahren wir auch das Original des Buches \u201eSlava vojvodine Kranjske\u201c aus dem Jahr 1689 auf. Im zweiten Stock ist die Schlossausstattung aus der Zeit der letzten Schlossbesitzer zu sehen.<\/p>\n<p>[\/et_pb_text][\/et_pb_column][\/et_pb_row][\/et_pb_section][et_pb_section fb_built=&#8220;1&#8243; _builder_version=&#8220;4.27.4&#8243; _module_preset=&#8220;default&#8220; global_colors_info=&#8220;{}&#8220;][et_pb_row column_structure=&#8220;1_2,1_2&#8243; _builder_version=&#8220;4.27.4&#8243; _module_preset=&#8220;default&#8220; global_colors_info=&#8220;{}&#8220;][et_pb_column type=&#8220;1_2&#8243; _builder_version=&#8220;4.27.4&#8243; _module_preset=&#8220;default&#8220; global_colors_info=&#8220;{}&#8220;][et_pb_text _builder_version=&#8220;4.27.4&#8243; _module_preset=&#8220;default&#8220; global_colors_info=&#8220;{}&#8220;]<\/p>\n<p><strong>Bogen\u0161perk im Laufe der Zeit<\/strong><br \/>Ein Blick in die reiche Geschichte des Schlosses Bogen\u0161perk \u2013 von den geheimnisvollen Anf\u00e4ngen unter der Familie Wagen, der Entwicklung zu einem echten kulturellen-wissenschaftlichen Zentrum zurzeit von Valvasor, dem eleganten Sommerpalast zur Zeit der Familie Windisch-Graetz, bis hin zur Umwandlung in eine \u00f6ffentliche kulturelle Einrichtung mit dem Status eines Denkmals von nationaler Bedeutung. <\/p>\n<p>[\/et_pb_text][\/et_pb_column][et_pb_column type=&#8220;1_2&#8243; _builder_version=&#8220;4.27.4&#8243; _module_preset=&#8220;default&#8220; global_colors_info=&#8220;{}&#8220;][et_pb_image src=&#8220;https:\/\/bogensperk.si\/wp-content\/uploads\/2024\/12\/Grad-Bogensperk-2-1024&#215;691.webp&#8220; title_text=&#8220;Grad-Bogensperk-2&#8243; _builder_version=&#8220;4.27.4&#8243; _module_preset=&#8220;default&#8220; global_colors_info=&#8220;{}&#8220;][\/et_pb_image][\/et_pb_column][\/et_pb_row][\/et_pb_section][et_pb_section fb_built=&#8220;1&#8243; _builder_version=&#8220;4.27.4&#8243; _module_preset=&#8220;default&#8220; background_color=&#8220;#5D201C&#8220; global_colors_info=&#8220;{}&#8220;][et_pb_row column_structure=&#8220;1_2,1_2&#8243; _builder_version=&#8220;4.27.4&#8243; _module_preset=&#8220;default&#8220; global_colors_info=&#8220;{}&#8220;][et_pb_column type=&#8220;1_2&#8243; _builder_version=&#8220;4.27.4&#8243; _module_preset=&#8220;default&#8220; global_colors_info=&#8220;{}&#8220;][et_pb_image src=&#8220;https:\/\/bogensperk.si\/wp-content\/uploads\/2024\/12\/Grad-Bogensperk-7-1024&#215;691.webp&#8220; title_text=&#8220;Grad-Bogensperk-7&#8243; _builder_version=&#8220;4.27.4&#8243; _module_preset=&#8220;default&#8220; global_colors_info=&#8220;{}&#8220;][\/et_pb_image][\/et_pb_column][et_pb_column type=&#8220;1_2&#8243; _builder_version=&#8220;4.27.4&#8243; _module_preset=&#8220;default&#8220; global_colors_info=&#8220;{}&#8220;][et_pb_text _builder_version=&#8220;4.27.4&#8243; _module_preset=&#8220;default&#8220; text_text_color=&#8220;#FFFFFF&#8220; hover_enabled=&#8220;0&#8243; global_colors_info=&#8220;{}&#8220; sticky_enabled=&#8220;0&#8243;]<\/p>\n<p><strong>Valvasoriana<br \/><\/strong>Die st\u00e4ndige Ausstellung \u00fcber das Leben und Werk von Janez Vajkard Valvasor, die neuen Erkenntnisse \u00fcber den ber\u00fchmten Polyhistoren hervorhebt und das Leben in Krain im 17. Jahrhundert beleuchtet.<\/p>\n<p>[\/et_pb_text][\/et_pb_column][\/et_pb_row][\/et_pb_section][et_pb_section fb_built=&#8220;1&#8243; _builder_version=&#8220;4.27.4&#8243; _module_preset=&#8220;default&#8220; global_colors_info=&#8220;{}&#8220;][et_pb_row column_structure=&#8220;1_2,1_2&#8243; _builder_version=&#8220;4.27.4&#8243; _module_preset=&#8220;default&#8220; global_colors_info=&#8220;{}&#8220;][et_pb_column type=&#8220;1_2&#8243; _builder_version=&#8220;4.27.4&#8243; _module_preset=&#8220;default&#8220; global_colors_info=&#8220;{}&#8220;][et_pb_text _builder_version=&#8220;4.27.4&#8243; _module_preset=&#8220;default&#8220; global_colors_info=&#8220;{}&#8220;]<\/p>\n<p><strong>Valvasors Arbeitszimmer mit Kupferdruckerei<\/strong><br \/>Rekonstruktion der ersten Kupferdruckerei auf slowenischem Boden und Valvasors Arbeitszimmer mit markanten schwarzen S\u00e4ulen sowie dem gr\u00f6\u00dften Schatz hinter den Schlossmauern \u2013 einem Exemplar der \u201eSlava vojvodine Kranjske\u201c aus dem Jahr 1689.<\/p>\n<p>[\/et_pb_text][\/et_pb_column][et_pb_column type=&#8220;1_2&#8243; _builder_version=&#8220;4.27.4&#8243; _module_preset=&#8220;default&#8220; global_colors_info=&#8220;{}&#8220;][et_pb_image src=&#8220;https:\/\/bogensperk.si\/wp-content\/uploads\/2024\/12\/bakrotiskarna.webp&#8220; title_text=&#8220;bakrotiskarna&#8220; _builder_version=&#8220;4.27.4&#8243; _module_preset=&#8220;default&#8220; global_colors_info=&#8220;{}&#8220;][\/et_pb_image][\/et_pb_column][\/et_pb_row][\/et_pb_section][et_pb_section fb_built=&#8220;1&#8243; _builder_version=&#8220;4.27.4&#8243; _module_preset=&#8220;default&#8220; background_color=&#8220;#5D201C&#8220; global_colors_info=&#8220;{}&#8220;][et_pb_row column_structure=&#8220;1_2,1_2&#8243; _builder_version=&#8220;4.27.4&#8243; _module_preset=&#8220;default&#8220; global_colors_info=&#8220;{}&#8220;][et_pb_column type=&#8220;1_2&#8243; _builder_version=&#8220;4.27.4&#8243; _module_preset=&#8220;default&#8220; global_colors_info=&#8220;{}&#8220;][et_pb_image src=&#8220;https:\/\/bogensperk.si\/wp-content\/uploads\/2024\/12\/Grad-Bogensperk-17-1024&#215;691.webp&#8220; title_text=&#8220;Grad-Bogensperk-17&#8243; _builder_version=&#8220;4.27.4&#8243; _module_preset=&#8220;default&#8220; global_colors_info=&#8220;{}&#8220;][\/et_pb_image][\/et_pb_column][et_pb_column type=&#8220;1_2&#8243; _builder_version=&#8220;4.27.4&#8243; _module_preset=&#8220;default&#8220; global_colors_info=&#8220;{}&#8220;][et_pb_text _builder_version=&#8220;4.27.4&#8243; _module_preset=&#8220;default&#8220; text_text_color=&#8220;#FFFFFF&#8220; global_colors_info=&#8220;{}&#8220;]<\/p>\n<p><strong>Der Schauplatz des menschlichen Todes in drei Teilen<\/strong><br \/>Valvasors k\u00fcnstlerisches Werk aus dem Jahr 1682, das das geistige Bild jener Zeit offenbart. Es handelt sich um das letzte polyhistorische Buchwerk, das auf Bogen\u0161perk gedruckt wurde.<\/p>\n<p>[\/et_pb_text][\/et_pb_column][\/et_pb_row][\/et_pb_section][et_pb_section fb_built=&#8220;1&#8243; _builder_version=&#8220;4.27.4&#8243; _module_preset=&#8220;default&#8220; global_colors_info=&#8220;{}&#8220;][et_pb_row column_structure=&#8220;1_2,1_2&#8243; _builder_version=&#8220;4.27.4&#8243; _module_preset=&#8220;default&#8220; global_colors_info=&#8220;{}&#8220;][et_pb_column type=&#8220;1_2&#8243; _builder_version=&#8220;4.27.4&#8243; _module_preset=&#8220;default&#8220; global_colors_info=&#8220;{}&#8220;][et_pb_text _builder_version=&#8220;4.27.4&#8243; _module_preset=&#8220;default&#8220; global_colors_info=&#8220;{}&#8220;]<\/p>\n<p><strong>Bibliothek<\/strong><br \/>Die ehemalige Schlossbibliothek ist heute im Stil der letzten privaten Besitzer eingerichtet. Sie enth\u00e4lt noch den Originalschrank aus der Zeit der Familie Windisch-Graetz, eine Kassettendecke aus der zweiten H\u00e4lfte des 18. Jahrhunderts und eine Orgel. Seit vielen Jahren finden hier auch Hochzeitszeremonien statt.<\/p>\n<p>[\/et_pb_text][\/et_pb_column][et_pb_column type=&#8220;1_2&#8243; _builder_version=&#8220;4.27.4&#8243; _module_preset=&#8220;default&#8220; global_colors_info=&#8220;{}&#8220;][et_pb_image src=&#8220;https:\/\/bogensperk.si\/wp-content\/uploads\/2024\/12\/Grad-Bogensperk-13.webp&#8220; title_text=&#8220;Grad-Bogensperk-13&#8243; _builder_version=&#8220;4.27.4&#8243; _module_preset=&#8220;default&#8220; global_colors_info=&#8220;{}&#8220;][\/et_pb_image][\/et_pb_column][\/et_pb_row][\/et_pb_section][et_pb_section fb_built=&#8220;1&#8243; _builder_version=&#8220;4.27.4&#8243; _module_preset=&#8220;default&#8220; background_color=&#8220;#5D201C&#8220; global_colors_info=&#8220;{}&#8220;][et_pb_row column_structure=&#8220;1_2,1_2&#8243; _builder_version=&#8220;4.27.4&#8243; _module_preset=&#8220;default&#8220; global_colors_info=&#8220;{}&#8220;][et_pb_column type=&#8220;1_2&#8243; _builder_version=&#8220;4.27.4&#8243; _module_preset=&#8220;default&#8220; global_colors_info=&#8220;{}&#8220;][et_pb_image src=&#8220;https:\/\/bogensperk.si\/wp-content\/uploads\/2025\/03\/Vrazeverje-in-carovnistvo-Bogensperk.jpg&#8220; title_text=&#8220;Vra\u017eeverje-in-\u010darovni\u0161tvo-Bogen\u0161perk&#8220; _builder_version=&#8220;4.27.4&#8243; _module_preset=&#8220;default&#8220; global_colors_info=&#8220;{}&#8220;][\/et_pb_image][\/et_pb_column][et_pb_column type=&#8220;1_2&#8243; _builder_version=&#8220;4.27.4&#8243; _module_preset=&#8220;default&#8220; global_colors_info=&#8220;{}&#8220;][et_pb_text _builder_version=&#8220;4.27.4&#8243; _module_preset=&#8220;default&#8220; text_text_color=&#8220;#FFFFFF&#8220; global_colors_info=&#8220;{}&#8220;]<\/p>\n<p><strong>Aberglaube und Hexerei in Slowenien<\/strong><br \/>Eine \u00dcberblicksausstellung \u00fcber eine der dunkelsten Perioden in der Geschichte der Menschheit. Sie enth\u00fcllt die Ursachen f\u00fcr das Auftreten der systematischen Verfolgung von Hexerei, die tragischen Geschichten der Angeklagten und die Auswirkungen der Hexenverfolgung bis in die heutige Zeit.<\/p>\n<p>[\/et_pb_text][\/et_pb_column][\/et_pb_row][\/et_pb_section][et_pb_section fb_built=&#8220;1&#8243; _builder_version=&#8220;4.27.4&#8243; _module_preset=&#8220;default&#8220; global_colors_info=&#8220;{}&#8220;][et_pb_row _builder_version=&#8220;4.27.4&#8243; _module_preset=&#8220;default&#8220; global_colors_info=&#8220;{}&#8220;][et_pb_column type=&#8220;4_4&#8243; _builder_version=&#8220;4.27.4&#8243; _module_preset=&#8220;default&#8220; global_colors_info=&#8220;{}&#8220;][et_pb_text _builder_version=&#8220;4.27.4&#8243; _module_preset=&#8220;default&#8220; hover_enabled=&#8220;0&#8243; global_colors_info=&#8220;{}&#8220; sticky_enabled=&#8220;0&#8243;]<\/p>\n<p><strong>Russisch-slowenisches Zentrum von Davorin Hostnik<\/strong><\/p>\n<p>Dem Autor des ersten russisch-slowenischen und slowenisch-russischen W\u00f6rterbuchs gewidmet. Die Mission des Zentrums RSCDH liegt in der St\u00e4rkung der kulturellen und wissenschaftlichen Verbindungen zwischen den slawischen V\u00f6lkern. Es entstand in Zusammenarbeit mit der Botschaft der Russischen F\u00f6deration in der Republik Slowenien, der Gemeinde \u0160martno pri Litiji und Der \u00f6ffentlichen Einrichtung Bogen\u0161perk.<\/p>\n<p>Die Museumssammlungen k\u00f6nnen individuell oder mit einem F\u00fchrer besichtigt werden. F\u00fcr angemeldete Gruppen ist eine F\u00fchrung in slowenischer, englischer, deutscher und kroatischer Sprache m\u00f6glich.<\/p>\n<p>[\/et_pb_text][\/et_pb_column][\/et_pb_row][\/et_pb_section]<\/p>\n","protected":false},"excerpt":{"rendered":"<p>MuseumBogen\u0161perk hat sich in die Geschichte und das slowenische nationale Bewusstsein eingeschrieben dank des ber\u00fchmten Krainer Polihistorikers Janez Vajkard Valvasor (1641\u20131693), der zwanzig Jahre auf der Burg lebte und arbeitete. Hinter den Burgmauern entstanden all seine ber\u00fchmten Werke, eine der gr\u00f6\u00dften Bibliotheken seiner Zeit wuchs heran, und die ersten Sammlungen seltener und interessanter Gegenst\u00e4nde wurden zusammengetragen. Valvasors Sammelaktivit\u00e4ten auf Bogen\u0161perk stellen die Anf\u00e4nge des slowenischen Museumswesens dar.Im Museum werden das Leben und Werk von Janez Vajkard Valvasor sowie die Geschichte der Burg und der umliegenden Orte pr\u00e4sentiert. Zu sehen sind viele wertvolle Gegenst\u00e4nde, darunter vier Originalb\u00fccher des ber\u00fchmten Polihistorikers aus der letzten Viertel des 17. Jahrhunderts.In seinem Arbeitszimmer bewahren wir auch das Original des Buches \u201eSlava vojvodine Kranjske\u201c aus dem Jahr 1689 auf. Im zweiten Stock ist die Schlossausstattung aus der Zeit der letzten Schlossbesitzer zu sehen.Bogen\u0161perk im Laufe der ZeitEin Blick in die reiche Geschichte des Schlosses Bogen\u0161perk \u2013 von den geheimnisvollen Anf\u00e4ngen unter der Familie Wagen, der Entwicklung zu einem echten kulturellen-wissenschaftlichen Zentrum zurzeit von Valvasor, dem eleganten Sommerpalast zur Zeit der Familie Windisch-Graetz, bis hin zur Umwandlung in eine \u00f6ffentliche kulturelle Einrichtung mit dem Status eines Denkmals von nationaler Bedeutung. ValvasorianaDie st\u00e4ndige Ausstellung \u00fcber das Leben und [&hellip;]<\/p>\n","protected":false},"author":1,"featured_media":0,"parent":0,"menu_order":0,"comment_status":"closed","ping_status":"closed","template":"","meta":{"_et_pb_use_builder":"on","_et_pb_old_content":"","_et_gb_content_width":"","inline_featured_image":false,"footnotes":""},"class_list":["post-4406164","page","type-page","status-publish","hentry"],"yoast_head":"<!-- This site is optimized with the Yoast SEO plugin v27.4 - https:\/\/yoast.com\/product\/yoast-seo-wordpress\/ -->\n<title>Museum - Grad Bogen\u0161perk<\/title>\n<meta name=\"description\" content=\"Bogen\u0161perk hat sich in die Geschichte und das slowenische nationale Bewusstsein eingeschrieben dank des ber\u00fchmten Krainer Polihistorikers Janez Vajkard Valvasor\" \/>\n<meta name=\"robots\" content=\"index, follow, max-snippet:-1, max-image-preview:large, max-video-preview:-1\" \/>\n<link rel=\"canonical\" href=\"https:\/\/bogensperk.si\/de\/museum\/\" \/>\n<meta property=\"og:locale\" content=\"de_DE\" \/>\n<meta property=\"og:type\" content=\"article\" \/>\n<meta property=\"og:title\" content=\"Museum - Grad Bogen\u0161perk\" \/>\n<meta property=\"og:description\" content=\"Bogen\u0161perk hat sich in die Geschichte und das slowenische nationale Bewusstsein eingeschrieben dank des ber\u00fchmten Krainer Polihistorikers Janez Vajkard Valvasor\" \/>\n<meta property=\"og:url\" content=\"https:\/\/bogensperk.si\/de\/museum\/\" \/>\n<meta property=\"og:site_name\" content=\"Grad Bogen\u0161perk\" \/>\n<meta property=\"article:modified_time\" content=\"2025-03-15T06:52:05+00:00\" \/>\n<meta property=\"og:image\" content=\"https:\/\/bogensperk.si\/wp-content\/uploads\/2024\/12\/bogensperk-muzej.webp\" \/>\n\t<meta property=\"og:image:width\" content=\"1772\" \/>\n\t<meta property=\"og:image:height\" content=\"591\" \/>\n\t<meta property=\"og:image:type\" content=\"image\/webp\" \/>\n<meta name=\"twitter:card\" content=\"summary_large_image\" \/>\n<meta name=\"twitter:label1\" content=\"Gesch\u00e4tzte Lesezeit\" \/>\n\t<meta name=\"twitter:data1\" content=\"4\u00a0Minuten\" \/>\n<script type=\"application\/ld+json\" class=\"yoast-schema-graph\">{\"@context\":\"https:\\\/\\\/schema.org\",\"@graph\":[{\"@type\":\"WebPage\",\"@id\":\"https:\\\/\\\/bogensperk.si\\\/de\\\/museum\\\/\",\"url\":\"https:\\\/\\\/bogensperk.si\\\/de\\\/museum\\\/\",\"name\":\"Museum - Grad Bogen\u0161perk\",\"isPartOf\":{\"@id\":\"https:\\\/\\\/bogensperk.si\\\/de\\\/#website\"},\"datePublished\":\"2024-08-01T18:06:59+00:00\",\"dateModified\":\"2025-03-15T06:52:05+00:00\",\"description\":\"Bogen\u0161perk hat sich in die Geschichte und das slowenische nationale Bewusstsein eingeschrieben dank des ber\u00fchmten Krainer Polihistorikers Janez Vajkard Valvasor\",\"breadcrumb\":{\"@id\":\"https:\\\/\\\/bogensperk.si\\\/de\\\/museum\\\/#breadcrumb\"},\"inLanguage\":\"de\",\"potentialAction\":[{\"@type\":\"ReadAction\",\"target\":[\"https:\\\/\\\/bogensperk.si\\\/de\\\/museum\\\/\"]}]},{\"@type\":\"BreadcrumbList\",\"@id\":\"https:\\\/\\\/bogensperk.si\\\/de\\\/museum\\\/#breadcrumb\",\"itemListElement\":[{\"@type\":\"ListItem\",\"position\":1,\"name\":\"Home\",\"item\":\"https:\\\/\\\/bogensperk.si\\\/de\\\/\"},{\"@type\":\"ListItem\",\"position\":2,\"name\":\"Museum\"}]},{\"@type\":\"WebSite\",\"@id\":\"https:\\\/\\\/bogensperk.si\\\/de\\\/#website\",\"url\":\"https:\\\/\\\/bogensperk.si\\\/de\\\/\",\"name\":\"Grad Bogen\u0161perk\",\"description\":\"Renesan\u010dni grad Bogen\u0161perk, prostor mnogih kulturnih dogodkov.\",\"potentialAction\":[{\"@type\":\"SearchAction\",\"target\":{\"@type\":\"EntryPoint\",\"urlTemplate\":\"https:\\\/\\\/bogensperk.si\\\/de\\\/?s={search_term_string}\"},\"query-input\":{\"@type\":\"PropertyValueSpecification\",\"valueRequired\":true,\"valueName\":\"search_term_string\"}}],\"inLanguage\":\"de\"}]}<\/script>\n<!-- \/ Yoast SEO plugin. -->","yoast_head_json":{"title":"Museum - Grad Bogen\u0161perk","description":"Bogen\u0161perk hat sich in die Geschichte und das slowenische nationale Bewusstsein eingeschrieben dank des ber\u00fchmten Krainer Polihistorikers Janez Vajkard Valvasor","robots":{"index":"index","follow":"follow","max-snippet":"max-snippet:-1","max-image-preview":"max-image-preview:large","max-video-preview":"max-video-preview:-1"},"canonical":"https:\/\/bogensperk.si\/de\/museum\/","og_locale":"de_DE","og_type":"article","og_title":"Museum - Grad Bogen\u0161perk","og_description":"Bogen\u0161perk hat sich in die Geschichte und das slowenische nationale Bewusstsein eingeschrieben dank des ber\u00fchmten Krainer Polihistorikers Janez Vajkard Valvasor","og_url":"https:\/\/bogensperk.si\/de\/museum\/","og_site_name":"Grad Bogen\u0161perk","article_modified_time":"2025-03-15T06:52:05+00:00","og_image":[{"width":1772,"height":591,"url":"https:\/\/bogensperk.si\/wp-content\/uploads\/2024\/12\/bogensperk-muzej.webp","type":"image\/webp"}],"twitter_card":"summary_large_image","twitter_misc":{"Gesch\u00e4tzte Lesezeit":"4\u00a0Minuten"},"schema":{"@context":"https:\/\/schema.org","@graph":[{"@type":"WebPage","@id":"https:\/\/bogensperk.si\/de\/museum\/","url":"https:\/\/bogensperk.si\/de\/museum\/","name":"Museum - Grad Bogen\u0161perk","isPartOf":{"@id":"https:\/\/bogensperk.si\/de\/#website"},"datePublished":"2024-08-01T18:06:59+00:00","dateModified":"2025-03-15T06:52:05+00:00","description":"Bogen\u0161perk hat sich in die Geschichte und das slowenische nationale Bewusstsein eingeschrieben dank des ber\u00fchmten Krainer Polihistorikers Janez Vajkard Valvasor","breadcrumb":{"@id":"https:\/\/bogensperk.si\/de\/museum\/#breadcrumb"},"inLanguage":"de","potentialAction":[{"@type":"ReadAction","target":["https:\/\/bogensperk.si\/de\/museum\/"]}]},{"@type":"BreadcrumbList","@id":"https:\/\/bogensperk.si\/de\/museum\/#breadcrumb","itemListElement":[{"@type":"ListItem","position":1,"name":"Home","item":"https:\/\/bogensperk.si\/de\/"},{"@type":"ListItem","position":2,"name":"Museum"}]},{"@type":"WebSite","@id":"https:\/\/bogensperk.si\/de\/#website","url":"https:\/\/bogensperk.si\/de\/","name":"Grad Bogen\u0161perk","description":"Renesan\u010dni grad Bogen\u0161perk, prostor mnogih kulturnih dogodkov.","potentialAction":[{"@type":"SearchAction","target":{"@type":"EntryPoint","urlTemplate":"https:\/\/bogensperk.si\/de\/?s={search_term_string}"},"query-input":{"@type":"PropertyValueSpecification","valueRequired":true,"valueName":"search_term_string"}}],"inLanguage":"de"}]}},"_links":{"self":[{"href":"https:\/\/bogensperk.si\/de\/wp-json\/wp\/v2\/pages\/4406164","targetHints":{"allow":["GET"]}}],"collection":[{"href":"https:\/\/bogensperk.si\/de\/wp-json\/wp\/v2\/pages"}],"about":[{"href":"https:\/\/bogensperk.si\/de\/wp-json\/wp\/v2\/types\/page"}],"author":[{"embeddable":true,"href":"https:\/\/bogensperk.si\/de\/wp-json\/wp\/v2\/users\/1"}],"replies":[{"embeddable":true,"href":"https:\/\/bogensperk.si\/de\/wp-json\/wp\/v2\/comments?post=4406164"}],"version-history":[{"count":4,"href":"https:\/\/bogensperk.si\/de\/wp-json\/wp\/v2\/pages\/4406164\/revisions"}],"predecessor-version":[{"id":4406237,"href":"https:\/\/bogensperk.si\/de\/wp-json\/wp\/v2\/pages\/4406164\/revisions\/4406237"}],"wp:attachment":[{"href":"https:\/\/bogensperk.si\/de\/wp-json\/wp\/v2\/media?parent=4406164"}],"curies":[{"name":"wp","href":"https:\/\/api.w.org\/{rel}","templated":true}]}}