{"id":4406141,"date":"2024-06-06T14:32:01","date_gmt":"2024-06-06T12:32:01","guid":{"rendered":"https:\/\/test.bogensperk.si\/kulturni-dom\/"},"modified":"2025-05-11T18:48:51","modified_gmt":"2025-05-11T16:48:51","slug":"kulturhaus","status":"publish","type":"page","link":"https:\/\/bogensperk.si\/de\/kulturhaus\/","title":{"rendered":"Kulturhaus"},"content":{"rendered":"<p>[et_pb_section fb_built=&#8220;1&#8243; custom_padding_last_edited=&#8220;off|desktop&#8220; admin_label=&#8220;Header&#8220; _builder_version=&#8220;4.27.2&#8243; _module_preset=&#8220;default&#8220; background_color=&#8220;#f6efe7&#8243; background_enable_color=&#8220;off&#8220; background_image=&#8220;https:\/\/bogensperk.si\/wp-content\/uploads\/2024\/08\/kulturni-dom-smartno-01.webp&#8220; min_height=&#8220;600px&#8220; overflow-x=&#8220;hidden&#8220; overflow-y=&#8220;hidden&#8220; custom_padding_tablet=&#8220;150px||150px||true|false&#8220; custom_padding_phone=&#8220;80px||80px||true|false&#8220; global_colors_info=&#8220;{}&#8220; da_is_popup=&#8220;off&#8220; da_exit_intent=&#8220;off&#8220; da_has_close=&#8220;on&#8220; da_alt_close=&#8220;off&#8220; da_dark_close=&#8220;off&#8220; da_not_modal=&#8220;on&#8220; da_is_singular=&#8220;off&#8220; da_with_loader=&#8220;off&#8220; da_has_shadow=&#8220;on&#8220; da_disable_devices=&#8220;off|off|off&#8220;][et_pb_row column_structure=&#8220;3_5,2_5&#8243; _builder_version=&#8220;4.27.0&#8243; _module_preset=&#8220;default&#8220; global_colors_info=&#8220;{}&#8220;][et_pb_column type=&#8220;3_5&#8243; _builder_version=&#8220;4.16&#8243; _module_preset=&#8220;default&#8220; z_index=&#8220;10&#8243; global_colors_info=&#8220;{}&#8220;][et_pb_text _builder_version=&#8220;4.27.4&#8243; _module_preset=&#8220;d72c0383-6487-4f2c-ac5c-7d48a6376757&#8243; header_font=&#8220;&#8211;et_global_heading_font||||||||&#8220; header_text_color=&#8220;#FFFFFF&#8220; header_font_size=&#8220;100px&#8220; header_line_height=&#8220;1.1em&#8220; header_font_size_tablet=&#8220;60px&#8220; header_font_size_phone=&#8220;42px&#8220; header_font_size_last_edited=&#8220;on|phone&#8220; header_text_shadow_style=&#8220;preset1&#8243; locked=&#8220;off&#8220; global_colors_info=&#8220;{}&#8220;]<\/p>\n<h1 style=\"text-align: left;\">Kulturhaus<\/h1>\n<p>[\/et_pb_text][\/et_pb_column][et_pb_column type=&#8220;2_5&#8243; _builder_version=&#8220;4.16&#8243; _module_preset=&#8220;default&#8220; global_colors_info=&#8220;{}&#8220;][\/et_pb_column][\/et_pb_row][\/et_pb_section][et_pb_section fb_built=&#8220;1&#8243; admin_label=&#8220;Na kratko&#8220; _builder_version=&#8220;4.27.2&#8243; _module_preset=&#8220;default&#8220; background_color=&#8220;#5D201C&#8220; custom_margin=&#8220;||||false|false&#8220; custom_padding=&#8220;||||false|false&#8220; top_divider_color=&#8220;#FFFFFF&#8220; global_colors_info=&#8220;{}&#8220; da_is_popup=&#8220;off&#8220; da_exit_intent=&#8220;off&#8220; da_has_close=&#8220;on&#8220; da_alt_close=&#8220;off&#8220; da_dark_close=&#8220;off&#8220; da_not_modal=&#8220;on&#8220; da_is_singular=&#8220;off&#8220; da_with_loader=&#8220;off&#8220; da_has_shadow=&#8220;on&#8220; da_disable_devices=&#8220;off|off|off&#8220;][et_pb_row _builder_version=&#8220;4.16&#8243; _module_preset=&#8220;default&#8220; max_width=&#8220;1360px&#8220; global_colors_info=&#8220;{}&#8220;][et_pb_column type=&#8220;4_4&#8243; _builder_version=&#8220;4.16&#8243; _module_preset=&#8220;default&#8220; global_colors_info=&#8220;{}&#8220;][et_pb_divider color=&#8220;RGBA(0,0,0,0)&#8220; divider_weight=&#8220;30px&#8220; _builder_version=&#8220;4.27.0&#8243; _module_preset=&#8220;default&#8220; background_image=&#8220;https:\/\/bogensperk.si\/wp-content\/uploads\/2024\/07\/museum-12.png&#8220; background_size=&#8220;contain&#8220; background_repeat=&#8220;repeat-x&#8220; min_height=&#8220;30px&#8220; border_color_all=&#8220;#000000&#8243; global_colors_info=&#8220;{}&#8220;][\/et_pb_divider][et_pb_text _builder_version=&#8220;4.27.4&#8243; _module_preset=&#8220;c6d6f7af-6ac8-4ba6-9488-2a218606aaa8&#8243; text_text_color=&#8220;#FFFFFF&#8220; header_2_font=&#8220;Trirong|500|||||||&#8220; header_2_text_color=&#8220;#000000&#8243; header_2_font_size=&#8220;100px&#8220; header_2_line_height=&#8220;1.2em&#8220; text_orientation=&#8220;center&#8220; header_2_font_size_tablet=&#8220;65px&#8220; header_2_font_size_phone=&#8220;28px&#8220; header_2_font_size_last_edited=&#8220;on|phone&#8220; locked=&#8220;off&#8220; global_colors_info=&#8220;{}&#8220;]<\/p>\n<p>Nicht weit vom Zentrum von \u0160martno, am Ustje, dominiert seit mehreren Jahrzehnten das Geb\u00e4ude des Kulturhauses. Es ist der Organisation von kulturellen, theater- und musikbezogenen Veranstaltungen gewidmet. Es ist mit einer Lautsprecheranlage, einem Projektor und einer Leinwand ausgestattet, was auch die Durchf\u00fchrung von Vortr\u00e4gen, Konferenzen und die Wiedergabe von Video-Inhalten erm\u00f6glicht.<\/p>\n<p>[\/et_pb_text][\/et_pb_column][\/et_pb_row][\/et_pb_section][et_pb_section fb_built=&#8220;1&#8243; admin_label=&#8220;Texts&#8220; _builder_version=&#8220;4.27.0&#8243; _module_preset=&#8220;default&#8220; background_color=&#8220;RGBA(255,255,255,0)&#8220; global_colors_info=&#8220;{}&#8220; da_is_popup=&#8220;off&#8220; da_exit_intent=&#8220;off&#8220; da_has_close=&#8220;on&#8220; da_alt_close=&#8220;off&#8220; da_dark_close=&#8220;off&#8220; da_not_modal=&#8220;on&#8220; da_is_singular=&#8220;off&#8220; da_with_loader=&#8220;off&#8220; da_has_shadow=&#8220;on&#8220; da_disable_devices=&#8220;off|off|off&#8220;][et_pb_row column_structure=&#8220;1_2,1_2&#8243; _builder_version=&#8220;4.16&#8243; _module_preset=&#8220;default&#8220; global_colors_info=&#8220;{}&#8220;][et_pb_column type=&#8220;1_2&#8243; _builder_version=&#8220;4.16&#8243; _module_preset=&#8220;default&#8220; global_colors_info=&#8220;{}&#8220;][\/et_pb_column][et_pb_column type=&#8220;1_2&#8243; _builder_version=&#8220;4.16&#8243; _module_preset=&#8220;default&#8220; global_colors_info=&#8220;{}&#8220;][et_pb_text _builder_version=&#8220;4.27.4&#8243; _module_preset=&#8220;c6d6f7af-6ac8-4ba6-9488-2a218606aaa8&#8243; header_2_font=&#8220;&#8211;et_global_heading_font|500|||||||&#8220; header_2_text_color=&#8220;#5D201C&#8220; header_2_font_size=&#8220;60px&#8220; header_2_line_height=&#8220;1.2em&#8220; custom_margin=&#8220;||0px||false|false&#8220; header_2_font_size_tablet=&#8220;65px&#8220; header_2_font_size_phone=&#8220;28px&#8220; header_2_font_size_last_edited=&#8220;on|phone&#8220; locked=&#8220;off&#8220; global_colors_info=&#8220;{}&#8220;]<\/p>\n<h2>\u00dcber das Kulturhaus<\/h2>\n<p>[\/et_pb_text][et_pb_text _builder_version=&#8220;4.27.4&#8243; _module_preset=&#8220;16a54059-cc81-4572-9c70-eda6a6c419bf&#8220; text_font=&#8220;&#8211;et_global_body_font||||||||&#8220; text_text_color=&#8220;#000000&#8243; text_line_height=&#8220;2em&#8220; text_font_size_tablet=&#8220;15px&#8220; text_font_size_phone=&#8220;14px&#8220; text_font_size_last_edited=&#8220;on|phone&#8220; header_font_size_tablet=&#8220;55px&#8220; header_font_size_last_edited=&#8220;off|desktop&#8220; locked=&#8220;off&#8220; global_colors_info=&#8220;{}&#8220;]<\/p>\n<p>Die R\u00e4umlichkeiten und Dienstleistungen des Kulturhauses werden regelm\u00e4\u00dfig von mehreren lokalen Vereinen genutzt, zu anderen Zeiten stehen sie auch externen Interessenten zur Verf\u00fcgung. Der Saal bietet Platz f\u00fcr 250 Besucher.<\/p>\n<p>F\u00fcr weitere Informationen k\u00f6nnen Sie uns eine E-Mail an die Adresse rezervacije@bogensperk.si senden oder uns unter der Telefonnummer 082 006 168 anrufen.<\/p>\n<p>[\/et_pb_text][\/et_pb_column][\/et_pb_row][\/et_pb_section][et_pb_section fb_built=&#8220;1&#8243; admin_label=&#8220;Schedule&#8220; _builder_version=&#8220;4.27.0&#8243; _module_preset=&#8220;default&#8220; background_color=&#8220;#5D201C&#8220; custom_padding=&#8220;||0px|||&#8220; locked=&#8220;off&#8220; global_colors_info=&#8220;{}&#8220; da_is_popup=&#8220;off&#8220; da_exit_intent=&#8220;off&#8220; da_has_close=&#8220;on&#8220; da_alt_close=&#8220;off&#8220; da_dark_close=&#8220;off&#8220; da_not_modal=&#8220;on&#8220; da_is_singular=&#8220;off&#8220; da_with_loader=&#8220;off&#8220; da_has_shadow=&#8220;on&#8220; da_disable_devices=&#8220;off|off|off&#8220;][et_pb_row column_structure=&#8220;1_2,1_2&#8243; _builder_version=&#8220;4.27.0&#8243; _module_preset=&#8220;default&#8220; global_colors_info=&#8220;{}&#8220;][et_pb_column type=&#8220;1_2&#8243; _builder_version=&#8220;4.16&#8243; _module_preset=&#8220;default&#8220; global_colors_info=&#8220;{}&#8220;][et_pb_image src=&#8220;https:\/\/bogensperk.si\/wp-content\/uploads\/2024\/12\/KD-nova-oprema.webp&#8220; alt=&#8220;Cerkev svetega Martina&#8220; title_text=&#8220;KD-nova oprema&#8220; _builder_version=&#8220;4.27.4&#8243; _module_preset=&#8220;default&#8220; background_color=&#8220;RGBA(255,255,255,0)&#8220; custom_margin=&#8220;-100%|||-20vw|false|false&#8220; custom_margin_tablet=&#8220;-80px|-10vw||-10vw|false|true&#8220; custom_margin_phone=&#8220;&#8220; custom_margin_last_edited=&#8220;on|phone&#8220; custom_padding=&#8220;100px|60px|100px|60px|true|true&#8220; custom_padding_tablet=&#8220;0px|0px|60px|0px|false|true&#8220; custom_padding_phone=&#8220;&#8220; custom_padding_last_edited=&#8220;on|tablet&#8220; locked=&#8220;off&#8220; global_colors_info=&#8220;{}&#8220;][\/et_pb_image][\/et_pb_column][et_pb_column type=&#8220;1_2&#8243; _builder_version=&#8220;4.27.0&#8243; _module_preset=&#8220;default&#8220; global_colors_info=&#8220;{}&#8220;][et_pb_text _builder_version=&#8220;4.27.4&#8243; _module_preset=&#8220;c6d6f7af-6ac8-4ba6-9488-2a218606aaa8&#8243; header_2_font=&#8220;&#8211;et_global_heading_font|500|||||||&#8220; header_2_text_color=&#8220;#FFFFFF&#8220; header_2_font_size=&#8220;40px&#8220; header_2_line_height=&#8220;1.2em&#8220; custom_margin=&#8220;||0px||false|false&#8220; custom_padding=&#8220;||40px||false|false&#8220; header_2_font_size_tablet=&#8220;65px&#8220; header_2_font_size_phone=&#8220;28px&#8220; header_2_font_size_last_edited=&#8220;on|phone&#8220; locked=&#8220;off&#8220; global_colors_info=&#8220;{}&#8220;]<\/p>\n<h2>Dokumente (auf Slowenisch)<\/h2>\n<p>[\/et_pb_text][dsm_icon_list _builder_version=&#8220;4.27.4&#8243; _module_preset=&#8220;default&#8220; hover_enabled=&#8220;0&#8243; global_colors_info=&#8220;{}&#8220; sticky_enabled=&#8220;0&#8243;][dsm_icon_list_child text=&#8220;Hi\u0161ni red KD \u0160martno&#8220; font_icon=&#8220;&#xf1c1;||fa||900&#8243; icon_color=&#8220;#FFFFFF&#8220; icon_font_size=&#8220;36px&#8220; url=&#8220;https:\/\/bogensperk.si\/wp-content\/uploads\/2024\/08\/Kulturni-dom-hisni-red.pdf&#8220; url_new_window=&#8220;on&#8220; _builder_version=&#8220;4.27.0&#8243; _module_preset=&#8220;default&#8220; text_text_color=&#8220;#FFFFFF&#8220; custom_margin=&#8220;||||false|false&#8220; custom_padding=&#8220;||20px||false|false&#8220; global_colors_info=&#8220;{}&#8220;][\/dsm_icon_list_child][dsm_icon_list_child text=&#8220;Cenik KD \u0160martno&#8220; font_icon=&#8220;&#xf1c1;||fa||900&#8243; icon_color=&#8220;#FFFFFF&#8220; icon_font_size=&#8220;36px&#8220; url=&#8220;https:\/\/bogensperk.si\/wp-content\/uploads\/2025\/05\/Cenik-KD-2025.pdf&#8220; url_new_window=&#8220;on&#8220; _builder_version=&#8220;4.27.4&#8243; _module_preset=&#8220;default&#8220; text_text_color=&#8220;#FFFFFF&#8220; custom_padding=&#8220;||20px||false|false&#8220; hover_enabled=&#8220;0&#8243; global_colors_info=&#8220;{}&#8220; sticky_enabled=&#8220;0&#8243;][\/dsm_icon_list_child][dsm_icon_list_child text=&#8220;Vloga za najem KD \u0160martno&#8220; font_icon=&#8220;&#xf1c1;||fa||900&#8243; icon_color=&#8220;#FFFFFF&#8220; icon_font_size=&#8220;36px&#8220; url=&#8220;https:\/\/bogensperk.si\/wp-content\/uploads\/2024\/08\/vloga-najem-KD-2020.pdf&#8220; url_new_window=&#8220;on&#8220; _builder_version=&#8220;4.27.0&#8243; _module_preset=&#8220;default&#8220; text_text_color=&#8220;#FFFFFF&#8220; custom_padding=&#8220;||20px||false|false&#8220; global_colors_info=&#8220;{}&#8220;][\/dsm_icon_list_child][dsm_icon_list_child text=&#8220;Vloga za najem inventarja KD \u0160martno&#8220; font_icon=&#8220;&#xf1c1;||fa||900&#8243; icon_color=&#8220;#FFFFFF&#8220; icon_font_size=&#8220;36px&#8220; url=&#8220;https:\/\/bogensperk.si\/wp-content\/uploads\/2024\/08\/vloga-najem-inventarja-KD-2020.pdf&#8220; url_new_window=&#8220;on&#8220; _builder_version=&#8220;4.27.0&#8243; _module_preset=&#8220;default&#8220; text_text_color=&#8220;#FFFFFF&#8220; global_colors_info=&#8220;{}&#8220;][\/dsm_icon_list_child][\/dsm_icon_list][et_pb_image src=&#8220;https:\/\/bogensperk.si\/wp-content\/uploads\/2024\/12\/KD-nova-oprema-1.webp&#8220; title_text=&#8220;KD-nova oprema-1&#8243; _builder_version=&#8220;4.27.4&#8243; _module_preset=&#8220;default&#8220; global_colors_info=&#8220;{}&#8220;][\/et_pb_image][\/et_pb_column][\/et_pb_row][\/et_pb_section]<\/p>\n","protected":false},"excerpt":{"rendered":"<p>KulturhausNicht weit vom Zentrum von \u0160martno, am Ustje, dominiert seit mehreren Jahrzehnten das Geb\u00e4ude des Kulturhauses. Es ist der Organisation von kulturellen, theater- und musikbezogenen Veranstaltungen gewidmet. Es ist mit einer Lautsprecheranlage, einem Projektor und einer Leinwand ausgestattet, was auch die Durchf\u00fchrung von Vortr\u00e4gen, Konferenzen und die Wiedergabe von Video-Inhalten erm\u00f6glicht.\u00dcber das KulturhausDie R\u00e4umlichkeiten und Dienstleistungen des Kulturhauses werden regelm\u00e4\u00dfig von mehreren lokalen Vereinen genutzt, zu anderen Zeiten stehen sie auch externen Interessenten zur Verf\u00fcgung. Der Saal bietet Platz f\u00fcr 250 Besucher. F\u00fcr weitere Informationen k\u00f6nnen Sie uns eine E-Mail an die Adresse rezervacije@bogensperk.si senden oder uns unter der Telefonnummer 082 006 168 anrufen.Dokumente (auf Slowenisch)<div class=\"et_pb_module dsm_icon_list dsm_icon_list_0\">\n\t\t\t\t\n\t\t\t\t\n\t\t\t\t\n\t\t\t\t\n\t\t\t\t\n\t\t\t\t\n\t\t\t\t<div class=\"et_pb_module_inner\">\n\t\t\t\t\t<ul class=\"dsm_icon_list_items dsm_icon_list_ltr_direction dsm_icon_list_layout_vertical\"><li class=\"dsm_icon_list_child dsm_icon_list_child_0\">\n\t\t\t\t\n\t\t\t\t\n\t\t\t\t\n\t\t\t\t\n\t\t\t\t<a href=\"https:\/\/bogensperk.si\/wp-content\/uploads\/2024\/08\/Kulturni-dom-hisni-red.pdf\" target=\"_blank\"><span class=\"dsm_icon_list_wrapper\"><span class=\"dsm_icon_list_icon\">\uf1c1<\/span><\/span><span class=\"dsm_icon_list_text\">Hi\u0161ni red KD \u0160martno<\/span><\/a>\n\t\t\t<\/li><li class=\"dsm_icon_list_child dsm_icon_list_child_1\">\n\t\t\t\t\n\t\t\t\t\n\t\t\t\t\n\t\t\t\t\n\t\t\t\t<a href=\"https:\/\/bogensperk.si\/wp-content\/uploads\/2025\/05\/Cenik-KD-2025.pdf\" target=\"_blank\"><span class=\"dsm_icon_list_wrapper\"><span class=\"dsm_icon_list_icon\">\uf1c1<\/span><\/span><span class=\"dsm_icon_list_text\">Cenik KD \u0160martno<\/span><\/a>\n\t\t\t<\/li><li class=\"dsm_icon_list_child dsm_icon_list_child_2\">\n\t\t\t\t\n\t\t\t\t\n\t\t\t\t\n\t\t\t\t\n\t\t\t\t<a href=\"https:\/\/bogensperk.si\/wp-content\/uploads\/2024\/08\/vloga-najem-KD-2020.pdf\" target=\"_blank\"><span class=\"dsm_icon_list_wrapper\"><span class=\"dsm_icon_list_icon\">\uf1c1<\/span><\/span><span class=\"dsm_icon_list_text\">Vloga za najem KD \u0160martno<\/span><\/a>\n\t\t\t<\/li><li class=\"dsm_icon_list_child dsm_icon_list_child_3\">\n\t\t\t\t\n\t\t\t\t\n\t\t\t\t\n\t\t\t\t\n\t\t\t\t<a href=\"https:\/\/bogensperk.si\/wp-content\/uploads\/2024\/08\/vloga-najem-inventarja-KD-2020.pdf\" target=\"_blank\"><span class=\"dsm_icon_list_wrapper\"><span class=\"dsm_icon_list_icon\">\uf1c1<\/span><\/span><span class=\"dsm_icon_list_text\">Vloga za najem inventarja KD \u0160martno<\/span><\/a>\n\t\t\t<\/li><\/ul>\n\t\t\t\t<\/div>\n\t\t\t<\/div><\/p>\n","protected":false},"author":1,"featured_media":0,"parent":0,"menu_order":0,"comment_status":"closed","ping_status":"closed","template":"","meta":{"_et_pb_use_builder":"on","_et_pb_old_content":"","_et_gb_content_width":"","inline_featured_image":false,"footnotes":""},"class_list":["post-4406141","page","type-page","status-publish","hentry"],"yoast_head":"<!-- This site is optimized with the Yoast SEO plugin v27.4 - https:\/\/yoast.com\/product\/yoast-seo-wordpress\/ -->\n<title>Kulturhaus - Grad Bogen\u0161perk<\/title>\n<meta name=\"description\" content=\"Die Einrichtungen und Dienstleistungen des Kulturzentrums werden regelm\u00e4\u00dfig von einigen lokalen Vereinen genutzt.\" \/>\n<meta name=\"robots\" content=\"index, follow, max-snippet:-1, max-image-preview:large, max-video-preview:-1\" \/>\n<link rel=\"canonical\" href=\"https:\/\/bogensperk.si\/de\/kulturhaus\/\" \/>\n<meta property=\"og:locale\" content=\"de_DE\" \/>\n<meta property=\"og:type\" content=\"article\" \/>\n<meta property=\"og:title\" content=\"Kulturhaus - Grad Bogen\u0161perk\" \/>\n<meta property=\"og:description\" content=\"Die Einrichtungen und Dienstleistungen des Kulturzentrums werden regelm\u00e4\u00dfig von einigen lokalen Vereinen genutzt.\" \/>\n<meta property=\"og:url\" content=\"https:\/\/bogensperk.si\/de\/kulturhaus\/\" \/>\n<meta property=\"og:site_name\" content=\"Grad Bogen\u0161perk\" \/>\n<meta property=\"article:modified_time\" content=\"2025-05-11T16:48:51+00:00\" \/>\n<meta property=\"og:image\" content=\"https:\/\/bogensperk.si\/wp-content\/uploads\/2024\/09\/Kulturni_dom_Smartno.webp\" \/>\n\t<meta property=\"og:image:width\" content=\"2000\" \/>\n\t<meta property=\"og:image:height\" content=\"1254\" \/>\n\t<meta property=\"og:image:type\" content=\"image\/webp\" \/>\n<meta name=\"twitter:card\" content=\"summary_large_image\" \/>\n<meta name=\"twitter:label1\" content=\"Gesch\u00e4tzte Lesezeit\" \/>\n\t<meta name=\"twitter:data1\" content=\"2\u00a0Minuten\" \/>\n<script type=\"application\/ld+json\" class=\"yoast-schema-graph\">{\"@context\":\"https:\\\/\\\/schema.org\",\"@graph\":[{\"@type\":\"WebPage\",\"@id\":\"https:\\\/\\\/bogensperk.si\\\/de\\\/kulturhaus\\\/\",\"url\":\"https:\\\/\\\/bogensperk.si\\\/de\\\/kulturhaus\\\/\",\"name\":\"Kulturhaus - Grad Bogen\u0161perk\",\"isPartOf\":{\"@id\":\"https:\\\/\\\/bogensperk.si\\\/de\\\/#website\"},\"datePublished\":\"2024-06-06T12:32:01+00:00\",\"dateModified\":\"2025-05-11T16:48:51+00:00\",\"description\":\"Die Einrichtungen und Dienstleistungen des Kulturzentrums werden regelm\u00e4\u00dfig von einigen lokalen Vereinen genutzt.\",\"breadcrumb\":{\"@id\":\"https:\\\/\\\/bogensperk.si\\\/de\\\/kulturhaus\\\/#breadcrumb\"},\"inLanguage\":\"de\",\"potentialAction\":[{\"@type\":\"ReadAction\",\"target\":[\"https:\\\/\\\/bogensperk.si\\\/de\\\/kulturhaus\\\/\"]}]},{\"@type\":\"BreadcrumbList\",\"@id\":\"https:\\\/\\\/bogensperk.si\\\/de\\\/kulturhaus\\\/#breadcrumb\",\"itemListElement\":[{\"@type\":\"ListItem\",\"position\":1,\"name\":\"Home\",\"item\":\"https:\\\/\\\/bogensperk.si\\\/de\\\/\"},{\"@type\":\"ListItem\",\"position\":2,\"name\":\"Kulturhaus\"}]},{\"@type\":\"WebSite\",\"@id\":\"https:\\\/\\\/bogensperk.si\\\/de\\\/#website\",\"url\":\"https:\\\/\\\/bogensperk.si\\\/de\\\/\",\"name\":\"Grad Bogen\u0161perk\",\"description\":\"Renesan\u010dni grad Bogen\u0161perk, prostor mnogih kulturnih dogodkov.\",\"potentialAction\":[{\"@type\":\"SearchAction\",\"target\":{\"@type\":\"EntryPoint\",\"urlTemplate\":\"https:\\\/\\\/bogensperk.si\\\/de\\\/?s={search_term_string}\"},\"query-input\":{\"@type\":\"PropertyValueSpecification\",\"valueRequired\":true,\"valueName\":\"search_term_string\"}}],\"inLanguage\":\"de\"}]}<\/script>\n<!-- \/ Yoast SEO plugin. -->","yoast_head_json":{"title":"Kulturhaus - Grad Bogen\u0161perk","description":"Die Einrichtungen und Dienstleistungen des Kulturzentrums werden regelm\u00e4\u00dfig von einigen lokalen Vereinen genutzt.","robots":{"index":"index","follow":"follow","max-snippet":"max-snippet:-1","max-image-preview":"max-image-preview:large","max-video-preview":"max-video-preview:-1"},"canonical":"https:\/\/bogensperk.si\/de\/kulturhaus\/","og_locale":"de_DE","og_type":"article","og_title":"Kulturhaus - Grad Bogen\u0161perk","og_description":"Die Einrichtungen und Dienstleistungen des Kulturzentrums werden regelm\u00e4\u00dfig von einigen lokalen Vereinen genutzt.","og_url":"https:\/\/bogensperk.si\/de\/kulturhaus\/","og_site_name":"Grad Bogen\u0161perk","article_modified_time":"2025-05-11T16:48:51+00:00","og_image":[{"width":2000,"height":1254,"url":"https:\/\/bogensperk.si\/wp-content\/uploads\/2024\/09\/Kulturni_dom_Smartno.webp","type":"image\/webp"}],"twitter_card":"summary_large_image","twitter_misc":{"Gesch\u00e4tzte Lesezeit":"2\u00a0Minuten"},"schema":{"@context":"https:\/\/schema.org","@graph":[{"@type":"WebPage","@id":"https:\/\/bogensperk.si\/de\/kulturhaus\/","url":"https:\/\/bogensperk.si\/de\/kulturhaus\/","name":"Kulturhaus - Grad Bogen\u0161perk","isPartOf":{"@id":"https:\/\/bogensperk.si\/de\/#website"},"datePublished":"2024-06-06T12:32:01+00:00","dateModified":"2025-05-11T16:48:51+00:00","description":"Die Einrichtungen und Dienstleistungen des Kulturzentrums werden regelm\u00e4\u00dfig von einigen lokalen Vereinen genutzt.","breadcrumb":{"@id":"https:\/\/bogensperk.si\/de\/kulturhaus\/#breadcrumb"},"inLanguage":"de","potentialAction":[{"@type":"ReadAction","target":["https:\/\/bogensperk.si\/de\/kulturhaus\/"]}]},{"@type":"BreadcrumbList","@id":"https:\/\/bogensperk.si\/de\/kulturhaus\/#breadcrumb","itemListElement":[{"@type":"ListItem","position":1,"name":"Home","item":"https:\/\/bogensperk.si\/de\/"},{"@type":"ListItem","position":2,"name":"Kulturhaus"}]},{"@type":"WebSite","@id":"https:\/\/bogensperk.si\/de\/#website","url":"https:\/\/bogensperk.si\/de\/","name":"Grad Bogen\u0161perk","description":"Renesan\u010dni grad Bogen\u0161perk, prostor mnogih kulturnih dogodkov.","potentialAction":[{"@type":"SearchAction","target":{"@type":"EntryPoint","urlTemplate":"https:\/\/bogensperk.si\/de\/?s={search_term_string}"},"query-input":{"@type":"PropertyValueSpecification","valueRequired":true,"valueName":"search_term_string"}}],"inLanguage":"de"}]}},"_links":{"self":[{"href":"https:\/\/bogensperk.si\/de\/wp-json\/wp\/v2\/pages\/4406141","targetHints":{"allow":["GET"]}}],"collection":[{"href":"https:\/\/bogensperk.si\/de\/wp-json\/wp\/v2\/pages"}],"about":[{"href":"https:\/\/bogensperk.si\/de\/wp-json\/wp\/v2\/types\/page"}],"author":[{"embeddable":true,"href":"https:\/\/bogensperk.si\/de\/wp-json\/wp\/v2\/users\/1"}],"replies":[{"embeddable":true,"href":"https:\/\/bogensperk.si\/de\/wp-json\/wp\/v2\/comments?post=4406141"}],"version-history":[{"count":5,"href":"https:\/\/bogensperk.si\/de\/wp-json\/wp\/v2\/pages\/4406141\/revisions"}],"predecessor-version":[{"id":4407519,"href":"https:\/\/bogensperk.si\/de\/wp-json\/wp\/v2\/pages\/4406141\/revisions\/4407519"}],"wp:attachment":[{"href":"https:\/\/bogensperk.si\/de\/wp-json\/wp\/v2\/media?parent=4406141"}],"curies":[{"name":"wp","href":"https:\/\/api.w.org\/{rel}","templated":true}]}}