{"id":4406125,"date":"2024-06-06T14:33:22","date_gmt":"2024-06-06T12:33:22","guid":{"rendered":"https:\/\/test.bogensperk.si\/javni-zavod-bogensperk\/"},"modified":"2025-03-14T18:24:41","modified_gmt":"2025-03-14T17:24:41","slug":"offentliche-einrichtung-bogensperk","status":"publish","type":"page","link":"https:\/\/bogensperk.si\/de\/offentliche-einrichtung-bogensperk\/","title":{"rendered":"\u00d6ffentliche Einrichtung Bogen\u0161perk"},"content":{"rendered":"<p>[et_pb_section fb_built=&#8220;1&#8243; custom_padding_last_edited=&#8220;off|desktop&#8220; admin_label=&#8220;Header&#8220; _builder_version=&#8220;4.27.4&#8243; _module_preset=&#8220;default&#8220; background_color=&#8220;#f6efe7&#8243; background_enable_color=&#8220;off&#8220; background_image=&#8220;https:\/\/bogensperk.si\/wp-content\/uploads\/2025\/02\/Smartno-15-scaled.jpg&#8220; min_height=&#8220;500px&#8220; overflow-x=&#8220;hidden&#8220; overflow-y=&#8220;hidden&#8220; custom_padding_tablet=&#8220;150px||150px||true|false&#8220; custom_padding_phone=&#8220;80px||80px||true|false&#8220; global_colors_info=&#8220;{}&#8220;][et_pb_row column_structure=&#8220;3_5,2_5&#8243; _builder_version=&#8220;4.27.0&#8243; _module_preset=&#8220;default&#8220; global_colors_info=&#8220;{}&#8220;][et_pb_column type=&#8220;3_5&#8243; _builder_version=&#8220;4.16&#8243; _module_preset=&#8220;default&#8220; z_index=&#8220;10&#8243; global_colors_info=&#8220;{}&#8220;][et_pb_text _builder_version=&#8220;4.27.4&#8243; _module_preset=&#8220;d72c0383-6487-4f2c-ac5c-7d48a6376757&#8243; header_font=&#8220;&#8211;et_global_heading_font||||||||&#8220; header_text_color=&#8220;#FFFFFF&#8220; header_font_size=&#8220;100px&#8220; header_line_height=&#8220;1.1em&#8220; hover_enabled=&#8220;0&#8243; header_font_size_tablet=&#8220;60px&#8220; header_font_size_phone=&#8220;42px&#8220; header_font_size_last_edited=&#8220;on|phone&#8220; header_text_shadow_style=&#8220;preset1&#8243; locked=&#8220;off&#8220; global_colors_info=&#8220;{}&#8220; sticky_enabled=&#8220;0&#8243;]<\/p>\n<h1>\u00d6ffentliche Einrichtung Bogen\u0161perk<\/h1>\n<p>[\/et_pb_text][\/et_pb_column][et_pb_column type=&#8220;2_5&#8243; _builder_version=&#8220;4.16&#8243; _module_preset=&#8220;default&#8220; global_colors_info=&#8220;{}&#8220;][\/et_pb_column][\/et_pb_row][\/et_pb_section][et_pb_section fb_built=&#8220;1&#8243; admin_label=&#8220;Na kratko&#8220; _builder_version=&#8220;4.27.0&#8243; _module_preset=&#8220;default&#8220; background_color=&#8220;#5D201C&#8220; custom_margin=&#8220;||||false|false&#8220; custom_padding=&#8220;0px||0px||false|false&#8220; top_divider_color=&#8220;#FFFFFF&#8220; global_colors_info=&#8220;{}&#8220;][et_pb_row _builder_version=&#8220;4.16&#8243; _module_preset=&#8220;default&#8220; max_width=&#8220;1360px&#8220; global_colors_info=&#8220;{}&#8220;][et_pb_column type=&#8220;4_4&#8243; _builder_version=&#8220;4.16&#8243; _module_preset=&#8220;default&#8220; global_colors_info=&#8220;{}&#8220;][et_pb_divider color=&#8220;RGBA(0,0,0,0)&#8220; divider_weight=&#8220;30px&#8220; _builder_version=&#8220;4.27.0&#8243; _module_preset=&#8220;default&#8220; background_image=&#8220;https:\/\/bogensperk.si\/wp-content\/uploads\/2024\/07\/museum-12.png&#8220; background_size=&#8220;contain&#8220; background_repeat=&#8220;repeat-x&#8220; min_height=&#8220;30px&#8220; border_color_all=&#8220;#000000&#8243; global_colors_info=&#8220;{}&#8220;][\/et_pb_divider][et_pb_text _builder_version=&#8220;4.27.4&#8243; _module_preset=&#8220;c6d6f7af-6ac8-4ba6-9488-2a218606aaa8&#8243; text_text_color=&#8220;#FFFFFF&#8220; header_2_font=&#8220;Trirong|500|||||||&#8220; header_2_text_color=&#8220;#000000&#8243; header_2_font_size=&#8220;100px&#8220; header_2_line_height=&#8220;1.2em&#8220; text_orientation=&#8220;center&#8220; hover_enabled=&#8220;0&#8243; header_2_font_size_tablet=&#8220;65px&#8220; header_2_font_size_phone=&#8220;28px&#8220; header_2_font_size_last_edited=&#8220;on|phone&#8220; locked=&#8220;off&#8220; global_colors_info=&#8220;{}&#8220; sticky_enabled=&#8220;0&#8243;]<\/p>\n<p>Die \u00f6ffentliche Einrichtung Bogen\u0161perk wurde von der Gemeinde \u0160martno pri Litiji gegr\u00fcndet, um das Schloss Bogen\u0161perk, eines der wichtigsten Kulturdenkm\u00e4ler in Slowenien, zu verwalten und verschiedene Aktivit\u00e4ten sowie deren F\u00f6rderung durchzuf\u00fchren. Im Laufe der Zeit \u00fcbernahm die Einrichtung auch andere Aufgaben im Gebiet der Muttergemeinde und verwaltet heute das Kulturhaus \u0160martno, bereitet eigene Programme vor, k\u00fcmmert sich um die Gestaltung, F\u00f6rderung und Durchf\u00fchrung touristischer Aktivit\u00e4ten in der Region, informiert Besucher im Rahmen des Tourist-Informationszentrums und des F\u00fchrerdienstes, gibt das lokale Mitteilungsblatt \u201eKrajevne novice\u201c heraus und entwickelt das Angebot an Jugendinhalten auf Gemeindeebene.<\/p>\n<p>[\/et_pb_text][\/et_pb_column][\/et_pb_row][\/et_pb_section][et_pb_section fb_built=&#8220;1&#8243; _builder_version=&#8220;4.27.0&#8243; _module_preset=&#8220;default&#8220; global_colors_info=&#8220;{}&#8220;][et_pb_row column_structure=&#8220;1_3,1_3,1_3&#8243; _builder_version=&#8220;4.27.0&#8243; _module_preset=&#8220;default&#8220; global_colors_info=&#8220;{}&#8220;][et_pb_column type=&#8220;1_3&#8243; _builder_version=&#8220;4.27.0&#8243; _module_preset=&#8220;default&#8220; global_colors_info=&#8220;{}&#8220;][et_pb_blurb title=&#8220;Schloss Bogen\u0161perk&#8220; image=&#8220;https:\/\/bogensperk.si\/wp-content\/uploads\/2024\/09\/Javni_zavod_Bogensperk-grad_Bogensperk.webp&#8220; _builder_version=&#8220;4.27.4&#8243; _dynamic_attributes=&#8220;link_option_url&#8220; _module_preset=&#8220;default&#8220; header_level=&#8220;h2&#8243; header_text_color=&#8220;#5D201C&#8220; link_option_url=&#8220;@ET-DC@eyJkeW5hbWljIjp0cnVlLCJjb250ZW50IjoicG9zdF9saW5rX3VybF9wYWdlIiwic2V0dGluZ3MiOnsicG9zdF9pZCI6IjQ0MDM5MTEifX0=@&#8220; hover_enabled=&#8220;0&#8243; global_colors_info=&#8220;{}&#8220; sticky_enabled=&#8220;0&#8243;]<\/p>\n<p>Im Bewusstsein der Mission, ein Kulturdenkmal von nationaler Bedeutung der breiten interessierten \u00d6ffentlichkeit zu pr\u00e4sentieren, verbessern wir st\u00e4ndig unser Angebot mit neuen, aktuellen und qualitativ hochwertigen Inhalten. Die Einrichtung f\u00fchrt am Schloss museale, galeristische und protokollarische Aktivit\u00e4ten durch, bereitet kulturelle und andere Veranstaltungen vor, bietet verschiedene Formen von Bildungs- und Erziehungsprogrammen an, vermietet R\u00e4ume f\u00fcr Ausstellungen, kulturelle und andere Veranstaltungen sowie Dienstleistungen und betreibt gleichzeitig Forschungsaktivit\u00e4ten im Bereich der Geisteswissenschaften und k\u00fcmmert sich um die Gestaltung eines breiteren touristischen Angebots f\u00fcr das Reiseziel.<\/p>\n<p>[\/et_pb_blurb][\/et_pb_column][et_pb_column type=&#8220;1_3&#8243; _builder_version=&#8220;4.27.0&#8243; _module_preset=&#8220;default&#8220; global_colors_info=&#8220;{}&#8220;][et_pb_blurb title=&#8220;Kulturhaus \u0160martno&#8220; image=&#8220;https:\/\/bogensperk.si\/wp-content\/uploads\/2024\/09\/Kulturni_dom_Smartno_small.webp&#8220; _builder_version=&#8220;4.27.4&#8243; _dynamic_attributes=&#8220;link_option_url&#8220; _module_preset=&#8220;default&#8220; header_level=&#8220;h2&#8243; header_text_color=&#8220;#5D201C&#8220; link_option_url=&#8220;@ET-DC@eyJkeW5hbWljIjp0cnVlLCJjb250ZW50IjoicG9zdF9saW5rX3VybF9wYWdlIiwic2V0dGluZ3MiOnsicG9zdF9pZCI6IjQ0MDM5MDcifX0=@&#8220; hover_enabled=&#8220;0&#8243; global_colors_info=&#8220;{}&#8220; sticky_enabled=&#8220;0&#8243;]<\/p>\n<p>Das Kulturhaus \u0160martno in seiner heutigen Form entstand nach 1948 und wurde in den Jahrzehnten seit seiner Gr\u00fcndung zu einem Treffpunkt f\u00fcr lokale kulturelle Sch\u00f6pfung, das sich mit Auftritten von Gastk\u00fcnstlern aus Slowenien und dem Ausland erg\u00e4nzt. Die \u00f6ffentliche Einrichtung Bogen\u0161perk setzt diese Mission als Verwalter in dem letzten Jahrzehnt fort. Jedes Jahr finden eine gr\u00f6\u00dfere Anzahl \u00f6ffentlicher und kostenpflichtiger Kulturveranstaltungen sowie andere Ereignisse von \u00f6ffentlichem Interesse statt.<\/p>\n<p>[\/et_pb_blurb][\/et_pb_column][et_pb_column type=&#8220;1_3&#8243; _builder_version=&#8220;4.27.0&#8243; _module_preset=&#8220;default&#8220; global_colors_info=&#8220;{}&#8220;][et_pb_blurb title=&#8220;Festival Bogen\u0161perk &#8220; image=&#8220;https:\/\/bogensperk.si\/wp-content\/uploads\/2024\/09\/Festival-Bogensperk.webp&#8220; _builder_version=&#8220;4.27.4&#8243; _dynamic_attributes=&#8220;link_option_url&#8220; _module_preset=&#8220;default&#8220; header_level=&#8220;h2&#8243; header_text_color=&#8220;#5D201C&#8220; link_option_url=&#8220;@ET-DC@eyJkeW5hbWljIjp0cnVlLCJjb250ZW50IjoicG9zdF9saW5rX3VybF9wYWdlIiwic2V0dGluZ3MiOnsicG9zdF9pZCI6IjQ0MDQwMzIifX0=@&#8220; hover_enabled=&#8220;0&#8243; global_colors_info=&#8220;{}&#8220; sticky_enabled=&#8220;0&#8243;]<\/p>\n<p>Die Idee, Kultur, Kulinarik und Freizeit zu verbinden, f\u00fchrte vor einigen Jahren zur Organisation eines eigenen Festivals, das nach seinem Hauptveranstaltungsort \u2013 Schloss Bogen\u0161perk \u2013 benannt wurde. In seinen bisherigen Ausgaben hat es die lokale mit der breiteren slowenischen und europ\u00e4ischen Region verbunden. Es hat sich sowohl bei heimischen als auch bei ausl\u00e4ndischen K\u00fcnstlern etabliert. Heute ist das Festival ein Promoter und verbindendes Element der lokalen Umgebung, und sowohl Einheimische als auch Besucher aus anderen Regionen entdecken das Schloss und seine Umgebung wieder. Mit jeder Ausgabe bem\u00fchen sich die Organisatoren, eine Vielfalt an Genres zu bieten und den Geschmack unserer Besucher m\u00f6glichst breit zu treffen, sei es bei musikalischen Darbietungen oder kulinarischen Gen\u00fcssen.<\/p>\n<p>[\/et_pb_blurb][\/et_pb_column][\/et_pb_row][et_pb_row column_structure=&#8220;1_3,1_3,1_3&#8243; _builder_version=&#8220;4.27.0&#8243; _module_preset=&#8220;default&#8220; global_colors_info=&#8220;{}&#8220;][et_pb_column type=&#8220;1_3&#8243; _builder_version=&#8220;4.27.0&#8243; _module_preset=&#8220;default&#8220; global_colors_info=&#8220;{}&#8220;][et_pb_blurb title=&#8220;Mitteilungsblatt \u201eKrajevne novice\u201c&#8220; image=&#8220;https:\/\/bogensperk.si\/wp-content\/uploads\/2024\/09\/Krajevne-novice.webp&#8220; _builder_version=&#8220;4.27.4&#8243; _module_preset=&#8220;default&#8220; header_level=&#8220;h2&#8243; header_text_color=&#8220;#5D201C&#8220; link_option_url=&#8220;https:\/\/obcina.smartno.si\/mediji\/krajevne-novice\/&#8220; link_option_url_new_window=&#8220;on&#8220; hover_enabled=&#8220;0&#8243; global_colors_info=&#8220;{}&#8220; sticky_enabled=&#8220;0&#8243;]<\/p>\n<p>Die Gemeinde \u0160martno pri Litiji hat die Herausgeberschaft der Gemeindebl\u00e4tter \u201eKrajevne novice\u201c auf die \u00f6ffentliche Einrichtung Bogen\u0161perk \u00fcbertragen. Alle Haushalte in der Gemeinde erhalten es kostenlos, und es erscheint zehnmal im Jahr in einer Auflage von 1800 Exemplaren. Das Mitteilungsblatt bietet eine Mischung aus Nachrichten \u00fcber das Geschehen in der Gemeinde und interessante Lekt\u00fcre zu Themen, die mit der lokalen Gemeinschaft und dar\u00fcber hinaus in Verbindung stehen.<br \/>Der verantwortliche Redakteur des Mitteilungsblatts ist Dr. Jernej Kotar. Kontakt: krajevnenovice@bogensperk.si. <\/p>\n<p>[\/et_pb_blurb][\/et_pb_column][et_pb_column type=&#8220;1_3&#8243; _builder_version=&#8220;4.27.0&#8243; _module_preset=&#8220;default&#8220; global_colors_info=&#8220;{}&#8220;][et_pb_blurb title=&#8220;TIC \u0160martno &#8220; image=&#8220;https:\/\/bogensperk.si\/wp-content\/uploads\/2024\/09\/Javni-zavod-Bogensperk-1-e1740558769833.webp&#8220; alt=&#8220;Javni zavod Bogen\u0161perk&#8220; _builder_version=&#8220;4.27.4&#8243; _module_preset=&#8220;default&#8220; header_level=&#8220;h2&#8243; header_text_color=&#8220;#5D201C&#8220; link_option_url=&#8220;https:\/\/www.smartno.si\/&#8220; hover_enabled=&#8220;0&#8243; global_colors_info=&#8220;{}&#8220; sticky_enabled=&#8220;0&#8243;]<\/p>\n<p>Im Gemeindezentrum, wo die Einrichtung ihren Sitz hat, k\u00fcmmern wir uns im Rahmen des Tourismusinformationszentrums um die Information der Besucher \u00fcber das touristische Angebot der Gemeinde und gestalten, organisieren und f\u00fchren nat\u00fcrlich auch touristische und kulturelle Veranstaltungen in der gesamten Gemeinde durch.<\/p>\n<p>[\/et_pb_blurb][\/et_pb_column][et_pb_column type=&#8220;1_3&#8243; _builder_version=&#8220;4.27.0&#8243; _module_preset=&#8220;default&#8220; global_colors_info=&#8220;{}&#8220;][\/et_pb_column][\/et_pb_row][\/et_pb_section][et_pb_section fb_built=&#8220;1&#8243; _builder_version=&#8220;4.27.2&#8243; _module_preset=&#8220;default&#8220; background_color=&#8220;rgba(93,32,28,0.14)&#8220; global_colors_info=&#8220;{}&#8220;][et_pb_row column_structure=&#8220;3_5,2_5&#8243; _builder_version=&#8220;4.27.2&#8243; _module_preset=&#8220;default&#8220; global_colors_info=&#8220;{}&#8220;][et_pb_column type=&#8220;3_5&#8243; _builder_version=&#8220;4.27.2&#8243; _module_preset=&#8220;default&#8220; global_colors_info=&#8220;{}&#8220;][et_pb_text _builder_version=&#8220;4.27.4&#8243; _module_preset=&#8220;default&#8220; hover_enabled=&#8220;0&#8243; global_colors_info=&#8220;{}&#8220; sticky_enabled=&#8220;0&#8243;]<\/p>\n<p>Verantwortliche Person: <strong>Peter Avbelj<\/strong>, Gesch\u00e4ftsf\u00fchrer<br \/>Name der Einrichtung: <strong>\u00d6ffentliche Einrichtung Bogen\u0161perk<\/strong><br \/>Sitz der Einrichtung: Staretov trg 12, 1275 \u0160martno pri Litiji<br \/>Interne Einheit der Einrichtung &#8211; TIC: Staretov trg 25, 1275 \u0160martno pri Litiji<br \/>\u00d6ffnungszeiten: jeden Werktag von 9.00 bis 12.00 Uhr und von 13.00 bis 15.00 Uhr<br \/>T: 082 006 168<br \/>E: info@bogensperk.si<\/p>\n<p>Steuernummer: 45055572<br \/>Unternehmensnummer: 1305336000<\/p>\n<p>[\/et_pb_text][et_pb_button button_url=&#8220;\/razpisi&#8220; button_text=&#8220;Ausschreibungen&#8220; _builder_version=&#8220;4.27.4&#8243; _module_preset=&#8220;default&#8220; hover_enabled=&#8220;0&#8243; global_colors_info=&#8220;{}&#8220; sticky_enabled=&#8220;0&#8243;][\/et_pb_button][\/et_pb_column][et_pb_column type=&#8220;2_5&#8243; _builder_version=&#8220;4.27.2&#8243; _module_preset=&#8220;default&#8220; global_colors_info=&#8220;{}&#8220;][et_pb_image src=&#8220;https:\/\/bogensperk.si\/wp-content\/uploads\/2024\/12\/javni-zavod-bogensperk-02.webp&#8220; title_text=&#8220;javni-zavod-bogensperk-02&#8243; _builder_version=&#8220;4.27.4&#8243; _module_preset=&#8220;default&#8220; global_colors_info=&#8220;{}&#8220;][\/et_pb_image][\/et_pb_column][\/et_pb_row][\/et_pb_section]<\/p>\n","protected":false},"excerpt":{"rendered":"<p>\u00d6ffentliche Einrichtung Bogen\u0161perkDie \u00f6ffentliche Einrichtung Bogen\u0161perk wurde von der Gemeinde \u0160martno pri Litiji gegr\u00fcndet, um das Schloss Bogen\u0161perk, eines der wichtigsten Kulturdenkm\u00e4ler in Slowenien, zu verwalten und verschiedene Aktivit\u00e4ten sowie deren F\u00f6rderung durchzuf\u00fchren. Im Laufe der Zeit \u00fcbernahm die Einrichtung auch andere Aufgaben im Gebiet der Muttergemeinde und verwaltet heute das Kulturhaus \u0160martno, bereitet eigene Programme vor, k\u00fcmmert sich um die Gestaltung, F\u00f6rderung und Durchf\u00fchrung touristischer Aktivit\u00e4ten in der Region, informiert Besucher im Rahmen des Tourist-Informationszentrums und des F\u00fchrerdienstes, gibt das lokale Mitteilungsblatt \u201eKrajevne novice\u201c heraus und entwickelt das Angebot an Jugendinhalten auf Gemeindeebene.Im Bewusstsein der Mission, ein Kulturdenkmal von nationaler Bedeutung der breiten interessierten \u00d6ffentlichkeit zu pr\u00e4sentieren, verbessern wir st\u00e4ndig unser Angebot mit neuen, aktuellen und qualitativ hochwertigen Inhalten. Die Einrichtung f\u00fchrt am Schloss museale, galeristische und protokollarische Aktivit\u00e4ten durch, bereitet kulturelle und andere Veranstaltungen vor, bietet verschiedene Formen von Bildungs- und Erziehungsprogrammen an, vermietet R\u00e4ume f\u00fcr Ausstellungen, kulturelle und andere Veranstaltungen sowie Dienstleistungen und betreibt gleichzeitig Forschungsaktivit\u00e4ten im Bereich der Geisteswissenschaften und k\u00fcmmert sich um die Gestaltung eines breiteren touristischen Angebots f\u00fcr das Reiseziel.Das Kulturhaus \u0160martno in seiner heutigen Form entstand nach 1948 und wurde in den Jahrzehnten seit seiner Gr\u00fcndung zu einem Treffpunkt f\u00fcr lokale kulturelle Sch\u00f6pfung, [&hellip;]<\/p>\n","protected":false},"author":1,"featured_media":0,"parent":0,"menu_order":0,"comment_status":"closed","ping_status":"closed","template":"","meta":{"_et_pb_use_builder":"on","_et_pb_old_content":"","_et_gb_content_width":"","inline_featured_image":false,"footnotes":""},"class_list":["post-4406125","page","type-page","status-publish","hentry"],"yoast_head":"<!-- This site is optimized with the Yoast SEO plugin v27.5 - https:\/\/yoast.com\/product\/yoast-seo-wordpress\/ -->\n<title>\u00d6ffentliche Einrichtung Bogen\u0161perk - Grad Bogen\u0161perk<\/title>\n<meta name=\"description\" content=\"Die \u00f6ffentliche Einrichtung Bogen\u0161perk wurde von der Gemeinde \u0160martno pri Litiji gegr\u00fcndet, um das Schloss Bogen\u0161perk.\" \/>\n<meta name=\"robots\" content=\"index, follow, max-snippet:-1, max-image-preview:large, max-video-preview:-1\" \/>\n<link rel=\"canonical\" href=\"https:\/\/bogensperk.si\/de\/offentliche-einrichtung-bogensperk\/\" \/>\n<meta property=\"og:locale\" content=\"de_DE\" \/>\n<meta property=\"og:type\" content=\"article\" \/>\n<meta property=\"og:title\" content=\"\u00d6ffentliche Einrichtung Bogen\u0161perk - Grad Bogen\u0161perk\" \/>\n<meta property=\"og:description\" content=\"Die \u00f6ffentliche Einrichtung Bogen\u0161perk wurde von der Gemeinde \u0160martno pri Litiji gegr\u00fcndet, um das Schloss Bogen\u0161perk.\" \/>\n<meta property=\"og:url\" content=\"https:\/\/bogensperk.si\/de\/offentliche-einrichtung-bogensperk\/\" \/>\n<meta property=\"og:site_name\" content=\"Grad Bogen\u0161perk\" \/>\n<meta property=\"article:modified_time\" content=\"2025-03-14T17:24:41+00:00\" \/>\n<meta property=\"og:image\" content=\"https:\/\/bogensperk.si\/wp-content\/uploads\/2025\/02\/Smartno-15-scaled.jpg\" \/>\n\t<meta property=\"og:image:width\" content=\"2560\" \/>\n\t<meta property=\"og:image:height\" content=\"1702\" \/>\n\t<meta property=\"og:image:type\" content=\"image\/jpeg\" \/>\n<meta name=\"twitter:card\" content=\"summary_large_image\" \/>\n<meta name=\"twitter:label1\" content=\"Gesch\u00e4tzte Lesezeit\" \/>\n\t<meta name=\"twitter:data1\" content=\"5\u00a0Minuten\" \/>\n<script type=\"application\/ld+json\" class=\"yoast-schema-graph\">{\"@context\":\"https:\\\/\\\/schema.org\",\"@graph\":[{\"@type\":\"WebPage\",\"@id\":\"https:\\\/\\\/bogensperk.si\\\/de\\\/offentliche-einrichtung-bogensperk\\\/\",\"url\":\"https:\\\/\\\/bogensperk.si\\\/de\\\/offentliche-einrichtung-bogensperk\\\/\",\"name\":\"\u00d6ffentliche Einrichtung Bogen\u0161perk - Grad Bogen\u0161perk\",\"isPartOf\":{\"@id\":\"https:\\\/\\\/bogensperk.si\\\/de\\\/#website\"},\"datePublished\":\"2024-06-06T12:33:22+00:00\",\"dateModified\":\"2025-03-14T17:24:41+00:00\",\"description\":\"Die \u00f6ffentliche Einrichtung Bogen\u0161perk wurde von der Gemeinde \u0160martno pri Litiji gegr\u00fcndet, um das Schloss Bogen\u0161perk.\",\"breadcrumb\":{\"@id\":\"https:\\\/\\\/bogensperk.si\\\/de\\\/offentliche-einrichtung-bogensperk\\\/#breadcrumb\"},\"inLanguage\":\"de\",\"potentialAction\":[{\"@type\":\"ReadAction\",\"target\":[\"https:\\\/\\\/bogensperk.si\\\/de\\\/offentliche-einrichtung-bogensperk\\\/\"]}]},{\"@type\":\"BreadcrumbList\",\"@id\":\"https:\\\/\\\/bogensperk.si\\\/de\\\/offentliche-einrichtung-bogensperk\\\/#breadcrumb\",\"itemListElement\":[{\"@type\":\"ListItem\",\"position\":1,\"name\":\"Home\",\"item\":\"https:\\\/\\\/bogensperk.si\\\/de\\\/\"},{\"@type\":\"ListItem\",\"position\":2,\"name\":\"\u00d6ffentliche Einrichtung Bogen\u0161perk\"}]},{\"@type\":\"WebSite\",\"@id\":\"https:\\\/\\\/bogensperk.si\\\/de\\\/#website\",\"url\":\"https:\\\/\\\/bogensperk.si\\\/de\\\/\",\"name\":\"Grad Bogen\u0161perk\",\"description\":\"Renesan\u010dni grad Bogen\u0161perk, prostor mnogih kulturnih dogodkov.\",\"potentialAction\":[{\"@type\":\"SearchAction\",\"target\":{\"@type\":\"EntryPoint\",\"urlTemplate\":\"https:\\\/\\\/bogensperk.si\\\/de\\\/?s={search_term_string}\"},\"query-input\":{\"@type\":\"PropertyValueSpecification\",\"valueRequired\":true,\"valueName\":\"search_term_string\"}}],\"inLanguage\":\"de\"}]}<\/script>\n<!-- \/ Yoast SEO plugin. -->","yoast_head_json":{"title":"\u00d6ffentliche Einrichtung Bogen\u0161perk - Grad Bogen\u0161perk","description":"Die \u00f6ffentliche Einrichtung Bogen\u0161perk wurde von der Gemeinde \u0160martno pri Litiji gegr\u00fcndet, um das Schloss Bogen\u0161perk.","robots":{"index":"index","follow":"follow","max-snippet":"max-snippet:-1","max-image-preview":"max-image-preview:large","max-video-preview":"max-video-preview:-1"},"canonical":"https:\/\/bogensperk.si\/de\/offentliche-einrichtung-bogensperk\/","og_locale":"de_DE","og_type":"article","og_title":"\u00d6ffentliche Einrichtung Bogen\u0161perk - Grad Bogen\u0161perk","og_description":"Die \u00f6ffentliche Einrichtung Bogen\u0161perk wurde von der Gemeinde \u0160martno pri Litiji gegr\u00fcndet, um das Schloss Bogen\u0161perk.","og_url":"https:\/\/bogensperk.si\/de\/offentliche-einrichtung-bogensperk\/","og_site_name":"Grad Bogen\u0161perk","article_modified_time":"2025-03-14T17:24:41+00:00","og_image":[{"width":2560,"height":1702,"url":"https:\/\/bogensperk.si\/wp-content\/uploads\/2025\/02\/Smartno-15-scaled.jpg","type":"image\/jpeg"}],"twitter_card":"summary_large_image","twitter_misc":{"Gesch\u00e4tzte Lesezeit":"5\u00a0Minuten"},"schema":{"@context":"https:\/\/schema.org","@graph":[{"@type":"WebPage","@id":"https:\/\/bogensperk.si\/de\/offentliche-einrichtung-bogensperk\/","url":"https:\/\/bogensperk.si\/de\/offentliche-einrichtung-bogensperk\/","name":"\u00d6ffentliche Einrichtung Bogen\u0161perk - Grad Bogen\u0161perk","isPartOf":{"@id":"https:\/\/bogensperk.si\/de\/#website"},"datePublished":"2024-06-06T12:33:22+00:00","dateModified":"2025-03-14T17:24:41+00:00","description":"Die \u00f6ffentliche Einrichtung Bogen\u0161perk wurde von der Gemeinde \u0160martno pri Litiji gegr\u00fcndet, um das Schloss Bogen\u0161perk.","breadcrumb":{"@id":"https:\/\/bogensperk.si\/de\/offentliche-einrichtung-bogensperk\/#breadcrumb"},"inLanguage":"de","potentialAction":[{"@type":"ReadAction","target":["https:\/\/bogensperk.si\/de\/offentliche-einrichtung-bogensperk\/"]}]},{"@type":"BreadcrumbList","@id":"https:\/\/bogensperk.si\/de\/offentliche-einrichtung-bogensperk\/#breadcrumb","itemListElement":[{"@type":"ListItem","position":1,"name":"Home","item":"https:\/\/bogensperk.si\/de\/"},{"@type":"ListItem","position":2,"name":"\u00d6ffentliche Einrichtung Bogen\u0161perk"}]},{"@type":"WebSite","@id":"https:\/\/bogensperk.si\/de\/#website","url":"https:\/\/bogensperk.si\/de\/","name":"Grad Bogen\u0161perk","description":"Renesan\u010dni grad Bogen\u0161perk, prostor mnogih kulturnih dogodkov.","potentialAction":[{"@type":"SearchAction","target":{"@type":"EntryPoint","urlTemplate":"https:\/\/bogensperk.si\/de\/?s={search_term_string}"},"query-input":{"@type":"PropertyValueSpecification","valueRequired":true,"valueName":"search_term_string"}}],"inLanguage":"de"}]}},"_links":{"self":[{"href":"https:\/\/bogensperk.si\/de\/wp-json\/wp\/v2\/pages\/4406125","targetHints":{"allow":["GET"]}}],"collection":[{"href":"https:\/\/bogensperk.si\/de\/wp-json\/wp\/v2\/pages"}],"about":[{"href":"https:\/\/bogensperk.si\/de\/wp-json\/wp\/v2\/types\/page"}],"author":[{"embeddable":true,"href":"https:\/\/bogensperk.si\/de\/wp-json\/wp\/v2\/users\/1"}],"replies":[{"embeddable":true,"href":"https:\/\/bogensperk.si\/de\/wp-json\/wp\/v2\/comments?post=4406125"}],"version-history":[{"count":3,"href":"https:\/\/bogensperk.si\/de\/wp-json\/wp\/v2\/pages\/4406125\/revisions"}],"predecessor-version":[{"id":4406136,"href":"https:\/\/bogensperk.si\/de\/wp-json\/wp\/v2\/pages\/4406125\/revisions\/4406136"}],"wp:attachment":[{"href":"https:\/\/bogensperk.si\/de\/wp-json\/wp\/v2\/media?parent=4406125"}],"curies":[{"name":"wp","href":"https:\/\/api.w.org\/{rel}","templated":true}]}}